{"id":13,"date":"2022-03-01T10:14:02","date_gmt":"2022-03-01T10:14:02","guid":{"rendered":"https:\/\/healthwing.fi\/?page_id=13"},"modified":"2026-01-23T15:47:48","modified_gmt":"2026-01-23T13:47:48","slug":"home","status":"publish","type":"page","link":"https:\/\/healthwing.fi\/fi\/","title":{"rendered":"Kotisivulle"},"content":{"rendered":"<section class=\"section\" id=\"section_36242827\">\n\t\t<div class=\"bg section-bg fill bg-fill  bg-loaded\" >\n\n\t\t\t\n\t\t\t\n\t\t\t\n\n\t\t<\/div>\n\n\t\t\n\n\t\t<div class=\"section-content relative\">\n\t\t\t\n\n\t<div class=\"img has-hover x md-x lg-x y md-y lg-y\" id=\"image_128374236\">\n\t\t<a class=\"\" href=\"https:\/\/healthwing.fi\/fi\/tuote\/hw-sars-cov-2-flua-flub-adv-rsv-antigen-combo-rapid-test-kit-lfia\/\"  >\t\t\t\t\t\t<div class=\"img-inner dark\" >\n\t\t\t<img decoding=\"async\" width=\"1\" height=\"1\" src=\"https:\/\/healthwing.fi\/wp-content\/uploads\/2026\/01\/Website-Banner-for-5-Combo.svg\" class=\"attachment-large size-large\" alt=\"\" \/>\t\t\t\t\t\t\n\t\t\t\t\t<\/div>\n\t\t\t\t\t\t<\/a>\t\t\n<style>\n#image_128374236 {\n  width: 100%;\n}\n<\/style>\n\t<\/div>\n\t\n\n\n\t\t<\/div>\n\n\t\t\n<style>\n#section_36242827 {\n  padding-top: 0px;\n  padding-bottom: 0px;\n}\n#section_36242827 .ux-shape-divider--top svg {\n  height: 150px;\n  --divider-top-width: 100%;\n}\n#section_36242827 .ux-shape-divider--bottom svg {\n  height: 150px;\n  --divider-width: 100%;\n}\n<\/style>\n\t<\/section>\n\t\n\t<section class=\"section dark\" id=\"section_46445006\">\n\t\t<div class=\"bg section-bg fill bg-fill\" >\n\n\t\t\t\n\t\t\t<div class=\"section-bg-overlay absolute fill\"><\/div><button class=\"scroll-for-more z-5 icon absolute bottom h-center\" aria-label=\"Selaa lis\u00e4\u00e4\"><i class=\"icon-angle-down\" style=\"font-size:42px;\"><\/i><\/button>\n\t\t\t\n\n\t\t<\/div>\n\n\t\t\n\n\t\t<div class=\"section-content relative\">\n\t\t\t\n\n<div class=\"row align-middle\"  id=\"row-1959868158\">\n\n\n\t<div id=\"col-517252569\" class=\"col medium-8 small-12 large-10\"  >\n\t\t\t\t<div class=\"col-inner\"  >\n\t\t\t\n\t\t\t\n\n\t<div id=\"text-2006574183\" class=\"text\">\n\t\t\n\n<h1 style=\"text-align: left;\"><span style=\"font-size: 150%;\">Parempaa el\u00e4m\u00e4nlaatua ammattimaisilla l\u00e4\u00e4kinn\u00e4llisill\u00e4 laitteilla.<\/span><\/h1>\n\t\t\n<style>\n#text-2006574183 {\n  font-size: 1rem;\n}\n<\/style>\n\t<\/div>\n\t\n\t<div id=\"gap-212954898\" class=\"gap-element clearfix\" style=\"display:block; height:auto;\">\n\t\t\n<style>\n#gap-212954898 {\n  padding-top: 5px;\n}\n<\/style>\n\t<\/div>\n\t\n\n<div class=\"row row-collapse\"  id=\"row-395192092\">\n\n\n\t<div id=\"col-1621778527\" class=\"col medium-6 small-12 large-6\"  >\n\t\t\t\t<div class=\"col-inner\"  >\n\t\t\t\n\t\t\t\n\n\n\n<!DOCTYPE html>\n<html lang=\"en\">\n<head>\n<meta charset=\"UTF-8\">\n<meta name=\"viewport\" content=\"width=device-width, initial-scale=1.0\">\n<title>Button Example<\/title>\n<style>\n#myCustomButton {\n    background-color: rgba(57, 130, 124,0.8);\n    color: white;\n    border: none;\n    padding: 5px 25px;\n    text-align: center;\n    text-decoration: none;\n    display: inline-block;\n    font-size: 14px;\n    border-radius: 10px;\n    cursor: pointer;\n    transition: background-color 0.3s ease, box-shadow 0.3s ease, transform 0.3s ease;\n    box-shadow: 0px 4px 8px rgba(0,0,0,0.2); \/* Adds shadow effect *\/\n}\n\n#myCustomButton:hover {\n    background-color: rgba(2,112,103,0.8);\n    box-shadow: 0px 6px 12px rgba(0,0,0,0.3); \/* Enhances shadow effect on hover *\/\n    transform: translateY(-5px); \/* Moves the button up by 5 pixels *\/\n}\n<\/style>\n<\/head>\n<body>\n\n<button id=\"myCustomButton\">Katso tuotteet<\/button>\n\n<script>\ndocument.getElementById('myCustomButton').addEventListener('click', function() {\n    window.location.href = 'https:\/\/healthwing.fi\/product-category\/professional-devices-tests\/';\n});\n<\/script>\n\n<\/body>\n<\/html>\n\n\n\t\t<\/div>\n\t\t\t\t\t<\/div>\n\n\t\n\n\t<div id=\"col-1353301747\" class=\"col medium-6 small-12 large-6\"  >\n\t\t\t\t<div class=\"col-inner\"  >\n\t\t\t\n\t\t\t\n\n\n\t\t<\/div>\n\t\t\t\t\t<\/div>\n\n\t\n\n\n<style>\n#row-395192092 > .col > .col-inner {\n  padding: 0px 5px 0px 5px;\n}\n<\/style>\n<\/div>\n\n\t\t<\/div>\n\t\t\t\t\t<\/div>\n\n\t\n\n<\/div>\n<div class=\"row align-middle\"  id=\"row-1079397720\">\n\n\n\t<div id=\"col-681439827\" class=\"col medium-8 small-12 large-11\"  >\n\t\t\t\t<div class=\"col-inner\"  >\n\t\t\t\n\t\t\t\n\n\t<div id=\"text-2865832876\" class=\"text\">\n\t\t\n\n<h2 style=\"text-align: left;\"><span style=\"font-size: 150%;\">Itsesuoritettavat pikatestit kuluttajille, testit ovat saatavilla hyvinvarustetuista apteekeista.<\/span><\/h2>\n\t\t\n<style>\n#text-2865832876 {\n  font-size: 1rem;\n}\n<\/style>\n\t<\/div>\n\t\n\t<div id=\"gap-230873346\" class=\"gap-element clearfix\" style=\"display:block; height:auto;\">\n\t\t\n<style>\n#gap-230873346 {\n  padding-top: 5px;\n}\n<\/style>\n\t<\/div>\n\t\n\n<div class=\"row row-collapse\"  id=\"row-1949360698\">\n\n\n\t<div id=\"col-1761312217\" class=\"col medium-6 small-12 large-6\"  >\n\t\t\t\t<div class=\"col-inner\"  >\n\t\t\t\n\t\t\t\n\n\n\n<!DOCTYPE html>\n<html lang=\"en\">\n<head>\n<meta charset=\"UTF-8\">\n<meta name=\"viewport\" content=\"width=device-width, initial-scale=1.0\">\n<title>Button Example<\/title>\n<style>\n#myCustomButton2 {\n    background-color: rgba(78, 181, 173,0.8);\n    color: white;\n    border: none;\n    padding: 5px 25px;\n    text-align: center;\n    text-decoration: none;\n    display: inline-block;\n    font-size: 14px;\n    border-radius: 10px;\n    cursor: pointer;\n    transition: background-color 0.3s ease, box-shadow 0.3s ease, transform 0.3s ease;\n    box-shadow: 0px 4px 8px rgba(0,0,0,0.2); \/* Adds shadow effect *\/\n}\n\n#myCustomButton2:hover {\n    background-color: rgba(78, 181, 173,0.8);\n    box-shadow: 0px 6px 12px rgba(0,0,0,0.3); \/* Enhances shadow effect on hover *\/\n    transform: translateY(-5px); \/* Moves the button up by 5 pixels *\/\n}\n<\/style>\n<\/head>\n<body>\n\n<button id=\"myCustomButton2\">Katso tuotteet<\/button>\n\n<script>\ndocument.getElementById('myCustomButton2').addEventListener('click', function() {\n    window.location.href = 'https:\/\/healthwing.fi\/product-category\/home-test\/';\n});\n<\/script>\n\n<\/body>\n<\/html>\n\n\n\t\t<\/div>\n\t\t\t\t\t<\/div>\n\n\t\n\n\t<div id=\"col-1302168899\" class=\"col medium-6 small-12 large-6\"  >\n\t\t\t\t<div class=\"col-inner\"  >\n\t\t\t\n\t\t\t\n\n\n\t\t<\/div>\n\t\t\t\t\t<\/div>\n\n\t\n\n\n<style>\n#row-1949360698 > .col > .col-inner {\n  padding: 0px 5px 0px 5px;\n}\n<\/style>\n<\/div>\n\n\t\t<\/div>\n\t\t\t\t\t<\/div>\n\n\t\n\n<\/div>\n<div class=\"row align-middle\"  id=\"row-1178190051\">\n\n\n\t<div id=\"col-2050502978\" class=\"col medium-8 small-12 large-11\"  >\n\t\t\t\t<div class=\"col-inner\"  >\n\t\t\t\n\t\t\t\n\n\t<div id=\"text-2558665295\" class=\"text\">\n\t\t\n\n<h2 style=\"text-align: left;\"><span style=\"font-size: 150%;\">Korkealaatuiset tuotteet yliopistoissa, tutkimuslaitoksissa ja laboratorioissa ty\u00f6skenteleville tutkijoille<\/span><\/h2>\n\t\t\n<style>\n#text-2558665295 {\n  font-size: 1rem;\n}\n<\/style>\n\t<\/div>\n\t\n\t<div id=\"gap-353437889\" class=\"gap-element clearfix\" style=\"display:block; height:auto;\">\n\t\t\n<style>\n#gap-353437889 {\n  padding-top: 5px;\n}\n<\/style>\n\t<\/div>\n\t\n\n<div class=\"row row-collapse\"  id=\"row-923274535\">\n\n\n\t<div id=\"col-2119838297\" class=\"col medium-6 small-12 large-6\"  >\n\t\t\t\t<div class=\"col-inner\"  >\n\t\t\t\n\t\t\t\n\n\n\n<!DOCTYPE html>\n<html lang=\"en\">\n<head>\n<meta charset=\"UTF-8\">\n<meta name=\"viewport\" content=\"width=device-width, initial-scale=1.0\">\n<title>Button Example<\/title>\n<style>\n#myCustomButton3 {\n    background-color: rgba(78, 181, 173,0.8);\n    color: white;\n    border: none;\n    padding: 5px 25px;\n    text-align: center;\n    text-decoration: none;\n    display: inline-block;\n    font-size: 14px;\n    border-radius: 10px;\n    cursor: pointer;\n    transition: background-color 0.3s ease, box-shadow 0.3s ease, transform 0.3s ease;\n    box-shadow: 0px 4px 8px rgba(0,0,0,0.2); \/* Adds shadow effect *\/\n}\n\n#myCustomButton3:hover {\n    background-color: rgba(78, 181, 173,0.8);\n    box-shadow: 0px 6px 12px rgba(0,0,0,0.3); \/* Enhances shadow effect on hover *\/\n    transform: translateY(-5px); \/* Moves the button up by 5 pixels *\/\n}\n<\/style>\n<\/head>\n<body>\n\n<button id=\"myCustomButton3\">Katso tuotteet<\/button>\n\n<script>\ndocument.getElementById('myCustomButton3').addEventListener('click', function() {\n    window.location.href = 'https:\/\/healthwing.fi\/fi\/tuote-osasto\/products-for-researching-use\/';\n});\n<\/script>\n\n<\/body>\n<\/html>\n\n\n\t\t<\/div>\n\t\t\t\t\t<\/div>\n\n\t\n\n\t<div id=\"col-270963854\" class=\"col medium-6 small-12 large-6\"  >\n\t\t\t\t<div class=\"col-inner\"  >\n\t\t\t\n\t\t\t\n\n\n\t\t<\/div>\n\t\t\t\t\t<\/div>\n\n\t\n\n\n<style>\n#row-923274535 > .col > .col-inner {\n  padding: 0px 5px 0px 5px;\n}\n<\/style>\n<\/div>\n\n\t\t<\/div>\n\t\t\t\t\t<\/div>\n\n\t\n\n<\/div>\n\n\t\t<\/div>\n\n\t\t\n<style>\n#section_46445006 {\n  padding-top: 60px;\n  padding-bottom: 60px;\n  min-height: 636px;\n  background-color: rgba(12, 95, 157, 0.57);\n}\n#section_46445006 .section-bg-overlay {\n  background-color: rgba(0, 0, 0, 0.16);\n}\n#section_46445006 .section-bg.bg-loaded {\n  background-image: url(https:\/\/healthwing.fi\/wp-content\/uploads\/2024\/03\/Hands-with-blue-background-2.jpeg);\n}\n#section_46445006 .section-bg {\n  background-position: 48% 56%;\n}\n#section_46445006 .ux-shape-divider--top svg {\n  height: 150px;\n  --divider-top-width: 100%;\n}\n#section_46445006 .ux-shape-divider--bottom svg {\n  height: 150px;\n  --divider-width: 100%;\n}\n@media (min-width:550px) {\n  #section_46445006 {\n    min-height: 706px;\n  }\n  #section_46445006 .section-bg-overlay {\n    background-color: rgba(0, 0, 0, 0.5);\n  }\n}\n@media (min-width:850px) {\n  #section_46445006 .section-bg-overlay {\n    background-color: rgba(0, 0, 0, 0.16);\n  }\n}\n<\/style>\n\t<\/section>\n\t\n\t<section class=\"section\" id=\"section_701192095\">\n\t\t<div class=\"bg section-bg fill bg-fill  bg-loaded\" >\n\n\t\t\t\n\t\t\t\n\t\t\t\n\n\t\t<\/div>\n\n\t\t\n\n\t\t<div class=\"section-content relative\">\n\t\t\t\n\n<div class=\"row\"  id=\"row-739822720\">\n\n\n\t<div id=\"col-54974098\" class=\"col medium-8 small-12 large-8\"  >\n\t\t\t\t<div class=\"col-inner\"  >\n\t\t\t\n\t\t\t\n\n<p><span style=\"font-weight: 400;\">Keskell\u00e4 COVID-19 pandemiaa syntyi jotain ainutlaatuista: terveysteknologiaan keskittyv\u00e4 H&amp;W Biotech Oy. Yritys, jonka p\u00e4\u00e4m\u00e4\u00e4r\u00e4n\u00e4 on rohkaista ihmisi\u00e4 ottamaan vastuuta omasta terveydest\u00e4\u00e4n, samalla v\u00e4hent\u00e4en terveydenhuollon painetta. Tarinamme kertoo sinnikkyydest\u00e4, innovaatiosta ja tinkim\u00e4tt\u00f6m\u00e4st\u00e4 sitoutumisesta laatuun.<\/span><\/p>\n<p><span style=\"font-weight: 400;\">Yrityksemme H&amp;W Biotech Oy syntyi tarpeesta, joka sai alkunsa maailmaa j\u00e4risytt\u00e4neest\u00e4 globaalista terveyskriisist\u00e4. COVID-19-pandemiasta aiheutuneen sekasorron ja pelon keskell\u00e4 ymm\u00e4rsimme kiireellisen tarpeen ja poikkeuksellisen mahdollisuuden: kasvavan kysynn\u00e4n helppok\u00e4ytt\u00f6isille itsesuoritettaville pikatesteille. Aluksi toimintamme keskittyi <strong><span style=\"color: #027067;\"><a style=\"color: #027067;\" href=\"https:\/\/healthwing.fi\/fi\/tuote\/hw-covid-19sars-cov-2-antigen-test-kit-1-pack\/\">COVID-19-testien<\/a><\/span><\/strong>maahantuontiin ja myyntiin. T\u00e4m\u00e4 mahdollisti ihmisille nopean, turvallisen, luotettavan ja k\u00e4ytt\u00e4j\u00e4yst\u00e4v\u00e4llisen testauksen kotona. <strong><span style=\"color: #027067;\"><a style=\"color: #027067;\" href=\"https:\/\/healthwing.fi\/fi\/tuote-osasto\/home-test\/infection-tests\/\">Testien<\/a><\/span><\/strong> avulla ihmiset saivat ottaa vastuuta terveydest\u00e4\u00e4n ja auttoivat samalla lievitt\u00e4m\u00e4\u00e4n sit\u00e4 valtavaa painetta, mik\u00e4 kohdistui terveydenhuoltoon n\u00e4in\u00e4 haastavina aikoina.<\/span><\/p>\n<p><span style=\"font-weight: 400;\">Myyntitoimintamme alkoi Saksassa ja It\u00e4vallassa, sill\u00e4 pandemian alussa n\u00e4iss\u00e4 maissa haluttiin tuoda itsesuoritettavat pikatestit kaikkien saataville, jotta pandemia saataisiin kuriin laajan testauksen avulla. Pandemian edetess\u00e4 my\u00f6s Suomen huippuasiantuntijat n\u00e4kiv\u00e4t<strong><span style=\"color: #027067;\"> <a style=\"color: #027067;\" href=\"https:\/\/healthwing.fi\/fi\/tuote-osasto\/home-test\/\">itsesuoritettavan pikatestauksen<\/a><\/span><\/strong> sek\u00e4 mahdollisuutena hillit\u00e4 pandemian etenemist\u00e4 ett\u00e4 v\u00e4hent\u00e4\u00e4 terveydenhuollon kuormitusta.<\/span><\/p>\n<p><span style=\"font-weight: 400;\">Pandemia muutti ihmisten terveysk\u00e4ytt\u00e4ytymist\u00e4 selv\u00e4sti, tuoden terveyden ja hyvinvoinnin kaikkien tietoisuuteen. Ymm\u00e4rsimme, ett\u00e4 t\u00e4m\u00e4 merkitt\u00e4v\u00e4 muutos ei ollut tilap\u00e4ist\u00e4: yhteiskuntamme l\u00e4hestymistapa terveydenhuoltoon oli muuttunut pysyv\u00e4sti ja yh\u00e4 useampi haluaa huolehtia terveydest\u00e4\u00e4n entist\u00e4 paremmin. T\u00e4m\u00e4 oivallus johti meid\u00e4t laajentamaan tarjontaamme COVID-19-testauksen ulkopuolelle ja tuomaan markkinoille kattavan valikoiman erilaisia itsesuoritettavia pikatestej\u00e4. Kroonisten sairauksien hallinnasta, terveysongelmien varhaiseen havaitsemiseen - tavoitteemme on tehd\u00e4 terveyden seurannasta helposti saatavaa ja tehokasta, lievitt\u00e4en samalla terveydenhuollon kuormitusta.<\/span><\/p>\n<p><span style=\"font-weight: 400;\">H&amp;W-br\u00e4ndimme on todiste sitoutumisestamme laatuun ja k\u00e4ytt\u00e4j\u00e4yst\u00e4v\u00e4llisiin tuotteisiin. Tuotteemme toimivat terveyden edist\u00e4misen v\u00e4linein\u00e4, jotka puolustavat yksil\u00f6it\u00e4 ja heid\u00e4n terveytt\u00e4\u00e4n: juuri t\u00e4t\u00e4 symboloi Healthwing -logomme. Healthwing -logo kuvastaa missiotamme turvata kuluttajiemme hyvinvointi tarjoamalla heille ty\u00f6kaluja terveytens\u00e4 vaalimiseen koko el\u00e4m\u00e4ns\u00e4 ajan.<\/span><\/p>\n<p><span style=\"font-weight: 400;\">Jokainen tuotteemme noudattaa korkean laadun, k\u00e4ytt\u00e4j\u00e4yst\u00e4v\u00e4llisyyden ja tehokkuuden standardeja, jotka samalla my\u00f6s m\u00e4\u00e4rittelev\u00e4t br\u00e4ndimme. N\u00e4iden ominaisuuksien lis\u00e4ksi pyrimme her\u00e4tt\u00e4m\u00e4\u00e4n luottamusta ja voimaannuttamaan yksil\u00f6it\u00e4 huolehtimaan omasta terveydest\u00e4\u00e4n. Tavoitteenamme on muistuttaa ihmisi\u00e4 siit\u00e4, ett\u00e4 he eiv\u00e4t ole avuttomia terveysongelmiensa suhteen. Heill\u00e4 on kyky ja mahdollisuus seurata terveytt\u00e4\u00e4n sek\u00e4 mahdollisesti edist\u00e4\u00e4 sit\u00e4 k\u00e4ytt\u00e4en tarjoamiamme ty\u00f6kaluja.<\/span><\/p>\n<p><span style=\"font-weight: 400;\">Pandemia-aika ei ollut pelkk\u00e4\u00e4 kaaosta ja ep\u00e4toivoa, sill\u00e4 se raivasi tien innovaatiolle ja terveystietoisuuden vallankumoukselle. Yh\u00e4 useampi ajattelee omaa terveytt\u00e4\u00e4n kokonaisvaltaisesti ja haluaa tehd\u00e4 sen eteen tehokkaasti t\u00f6it\u00e4. H&amp;W Biotech Oy:ss\u00e4 olemme tarttuneet t\u00e4h\u00e4n tilaisuuteen ja luoneet br\u00e4ndin, joka seisoo terveysteknologian ja henkil\u00f6kohtaisen voimaannuttamisen risteyksess\u00e4.<\/span><\/p>\n<p><span style=\"font-weight: 400;\">Kun katseemme suuntautuu tulevaisuuteen, teht\u00e4v\u00e4mme on selke\u00e4: haluamme tarjota korkealaatuisia ja <strong><span style=\"color: #027067;\"><a style=\"color: #027067;\" href=\"https:\/\/healthwing.fi\/fi\/tuote-osasto\/home-test\/\">k\u00e4ytt\u00e4j\u00e4yst\u00e4v\u00e4llisi\u00e4 itsesuoritettavia pikatestej\u00e4<\/a><\/span><\/strong> (mukaan lukien <strong><span style=\"color: #027067;\"><a style=\"color: #027067;\" href=\"https:\/\/healthwing.fi\/fi\/tuote-osasto\/home-test\/infection-tests\/\">infektioluokka<\/a><\/span><\/strong>, <strong><span style=\"color: #027067;\"><a style=\"color: #027067;\" href=\"https:\/\/healthwing.fi\/fi\/tuote-osasto\/home-test\/ladys-health-tests\/\">naisen terveyskategoria<\/a><\/span><\/strong>,<span style=\"color: #027067;\"><strong> <a style=\"color: #027067;\" href=\"https:\/\/healthwing.fi\/fi\/tuote-osasto\/home-test\/stomach-and-bowel-disease-tests\/\">maha- ja suolistoluokka<\/a><\/strong><\/span>\u00a0ja <strong><span style=\"color: #027067;\"><a style=\"color: #027067;\" href=\"https:\/\/healthwing.fi\/fi\/tuote-osasto\/home-test\/mens-health-tests\/\">perusterveysluokka<\/a><\/span><\/strong>) <\/span><span style=\"font-weight: 400;\">kuluttajille ja <strong><span style=\"color: #027067;\"><a style=\"color: #027067;\" href=\"https:\/\/healthwing.fi\/fi\/tuote-osasto\/professional-devices-tests\/\">diagnostiikkalaitteet ammattilaisille<\/a><\/span><\/strong> jotka parantavat ihmisten el\u00e4m\u00e4nlaatua. Uskomme yksil\u00f6iden mahdollisuuteen ottaa enemm\u00e4n vastuuta omasta terveydest\u00e4\u00e4n. T\u00e4m\u00e4 on tarinamme, ja kutsumme sinut mukaan kohti terveemp\u00e4\u00e4 ja voimaantuneempaa yhteiskuntaa. Siipemme ovat aina avoinna.<\/span><\/p>\n\n\t\t<\/div>\n\t\t\t\t\t<\/div>\n\n\t\n\n\t<div id=\"col-1669085698\" class=\"col medium-4 small-12 large-4\"  >\n\t\t\t\t<div class=\"col-inner\"  >\n\t\t\t\n\t\t\t\n\n\t<div class=\"img has-hover x md-x lg-x y md-y lg-y\" id=\"image_1823696434\">\n\t\t\t\t\t\t\t\t<div class=\"img-inner dark\" >\n\t\t\t<img decoding=\"async\" width=\"416\" height=\"600\" src=\"https:\/\/healthwing.fi\/wp-content\/uploads\/2022\/03\/nurse-min.png\" class=\"attachment-large size-large\" alt=\"\" srcset=\"https:\/\/healthwing.fi\/wp-content\/uploads\/2022\/03\/nurse-min.png 416w, https:\/\/healthwing.fi\/wp-content\/uploads\/2022\/03\/nurse-min-208x300.png 208w, https:\/\/healthwing.fi\/wp-content\/uploads\/2022\/03\/nurse-min-8x12.png 8w, https:\/\/healthwing.fi\/wp-content\/uploads\/2022\/03\/nurse-min-300x433.png 300w\" sizes=\"(max-width: 416px) 100vw, 416px\" \/>\t\t\t\t\t\t\n\t\t\t\t\t<\/div>\n\t\t\t\t\t\t\t\t\n<style>\n#image_1823696434 {\n  width: 100%;\n}\n<\/style>\n\t<\/div>\n\t\n\n\n\n<iframe width=\"560\" height=\"315\" src=\"https:\/\/www.youtube.com\/embed\/a4pAl2GhJRE?autoplay=1\" frameborder=\"0\" allow=\"accelerometer; autoplay; clipboard-write; encrypted-media; gyroscope; picture-in-picture\" allowfullscreen><\/iframe>\n\n\n\t\t<\/div>\n\t\t\t\t\t<\/div>\n\n\t\n\n<\/div>\n\n\t\t<\/div>\n\n\t\t\n<style>\n#section_701192095 {\n  padding-top: 30px;\n  padding-bottom: 30px;\n}\n#section_701192095 .ux-shape-divider--top svg {\n  height: 150px;\n  --divider-top-width: 100%;\n}\n#section_701192095 .ux-shape-divider--bottom svg {\n  height: 150px;\n  --divider-width: 100%;\n}\n<\/style>\n\t<\/section>\n\t\n\t<div id=\"gap-1559247896\" class=\"gap-element clearfix\" style=\"display:block; height:auto;\">\n\t\t\n<style>\n#gap-1559247896 {\n  padding-top: 30px;\n}\n<\/style>\n\t<\/div>","protected":false},"excerpt":{"rendered":"","protected":false},"author":1,"featured_media":0,"parent":0,"menu_order":0,"comment_status":"closed","ping_status":"closed","template":"page-blank.php","meta":{"_monsterinsights_skip_tracking":false,"_monsterinsights_sitenote_active":false,"_monsterinsights_sitenote_note":"","_monsterinsights_sitenote_category":0,"footnotes":""},"class_list":["post-13","page","type-page","status-publish","hentry"],"yoast_head":"<!-- This site is optimized with the Yoast SEO Premium plugin v27.5 (Yoast SEO v27.5) - https:\/\/yoast.com\/product\/yoast-seo-premium-wordpress\/ -->\n<title>The Story of H&amp;W Biotech Oy: Innovating Home Testing - H&amp;W Biotech<\/title>\n<meta name=\"description\" content=\"Discover innovative home test solutions from H&amp;W Biotech Oy. Empower yourself with convenient and reliable health technology products.\" \/>\n<meta name=\"robots\" content=\"index, follow, max-snippet:-1, max-image-preview:large, max-video-preview:-1\" \/>\n<link rel=\"canonical\" href=\"https:\/\/healthwing.fi\/fi\/\" \/>\n<meta property=\"og:locale\" content=\"fi_FI\" \/>\n<meta property=\"og:type\" content=\"article\" \/>\n<meta property=\"og:title\" content=\"Home\" \/>\n<meta property=\"og:description\" content=\"Discover innovative home test solutions from H&amp;W Biotech Oy. Empower yourself with convenient and reliable health technology products.\" \/>\n<meta property=\"og:url\" content=\"https:\/\/healthwing.fi\/fi\/\" \/>\n<meta property=\"og:site_name\" content=\"H&amp;W Biotech\" \/>\n<meta property=\"article:publisher\" content=\"https:\/\/www.facebook.com\/HWBiotechOy\" \/>\n<meta property=\"article:modified_time\" content=\"2026-01-23T13:47:48+00:00\" \/>\n<meta name=\"twitter:card\" content=\"summary_large_image\" \/>\n<meta name=\"twitter:label1\" content=\"Arvioitu lukuaika\" \/>\n\t<meta name=\"twitter:data1\" content=\"4 minuuttia\" \/>\n<script type=\"application\/ld+json\" class=\"yoast-schema-graph\">{\"@context\":\"https:\\\/\\\/schema.org\",\"@graph\":[{\"@type\":\"WebPage\",\"@id\":\"https:\\\/\\\/healthwing.fi\\\/\",\"url\":\"https:\\\/\\\/healthwing.fi\\\/\",\"name\":\"The Story of H&W Biotech Oy: Innovating Home Testing - H&amp;W Biotech\",\"isPartOf\":{\"@id\":\"https:\\\/\\\/healthwing.fi\\\/#website\"},\"datePublished\":\"2022-03-01T10:14:02+00:00\",\"dateModified\":\"2026-01-23T13:47:48+00:00\",\"description\":\"Discover innovative home test solutions from H&W Biotech Oy. Empower yourself with convenient and reliable health technology products.\",\"breadcrumb\":{\"@id\":\"https:\\\/\\\/healthwing.fi\\\/#breadcrumb\"},\"inLanguage\":\"fi\",\"potentialAction\":[{\"@type\":\"ReadAction\",\"target\":[\"https:\\\/\\\/healthwing.fi\\\/\"]}]},{\"@type\":\"BreadcrumbList\",\"@id\":\"https:\\\/\\\/healthwing.fi\\\/#breadcrumb\",\"itemListElement\":[{\"@type\":\"ListItem\",\"position\":1,\"name\":\"Home\",\"item\":\"https:\\\/\\\/healthwing.fi\\\/\"},{\"@type\":\"ListItem\",\"position\":2,\"name\":\"Home\"}]},{\"@type\":\"WebSite\",\"@id\":\"https:\\\/\\\/healthwing.fi\\\/#website\",\"url\":\"https:\\\/\\\/healthwing.fi\\\/\",\"name\":\"H&W Biotech\",\"description\":\"H&amp;W Biotech\",\"publisher\":{\"@id\":\"https:\\\/\\\/healthwing.fi\\\/#organization\"},\"potentialAction\":[{\"@type\":\"SearchAction\",\"target\":{\"@type\":\"EntryPoint\",\"urlTemplate\":\"https:\\\/\\\/healthwing.fi\\\/?s={search_term_string}\"},\"query-input\":{\"@type\":\"PropertyValueSpecification\",\"valueRequired\":true,\"valueName\":\"search_term_string\"}}],\"inLanguage\":\"fi\"},{\"@type\":\"Organization\",\"@id\":\"https:\\\/\\\/healthwing.fi\\\/#organization\",\"name\":\"H&W Biotech\",\"url\":\"https:\\\/\\\/healthwing.fi\\\/\",\"logo\":{\"@type\":\"ImageObject\",\"inLanguage\":\"fi\",\"@id\":\"https:\\\/\\\/healthwing.fi\\\/#\\\/schema\\\/logo\\\/image\\\/\",\"url\":\"https:\\\/\\\/healthwing.fi\\\/wp-content\\\/uploads\\\/2022\\\/03\\\/HW-Biotech-logo.png\",\"contentUrl\":\"https:\\\/\\\/healthwing.fi\\\/wp-content\\\/uploads\\\/2022\\\/03\\\/HW-Biotech-logo.png\",\"width\":275,\"height\":122,\"caption\":\"H&W Biotech\"},\"image\":{\"@id\":\"https:\\\/\\\/healthwing.fi\\\/#\\\/schema\\\/logo\\\/image\\\/\"},\"sameAs\":[\"https:\\\/\\\/www.facebook.com\\\/HWBiotechOy\",\"https:\\\/\\\/www.linkedin.com\\\/company\\\/h-w-biotech-oy\"]}]}<\/script>\n<!-- \/ Yoast SEO Premium plugin. -->","yoast_head_json":{"title":"The Story of H&W Biotech Oy: Innovating Home Testing - H&amp;W Biotech","description":"Discover innovative home test solutions from H&W Biotech Oy. Empower yourself with convenient and reliable health technology products.","robots":{"index":"index","follow":"follow","max-snippet":"max-snippet:-1","max-image-preview":"max-image-preview:large","max-video-preview":"max-video-preview:-1"},"canonical":"https:\/\/healthwing.fi\/fi\/","og_locale":"fi_FI","og_type":"article","og_title":"Home","og_description":"Discover innovative home test solutions from H&W Biotech Oy. Empower yourself with convenient and reliable health technology products.","og_url":"https:\/\/healthwing.fi\/fi\/","og_site_name":"H&amp;W Biotech","article_publisher":"https:\/\/www.facebook.com\/HWBiotechOy","article_modified_time":"2026-01-23T13:47:48+00:00","twitter_card":"summary_large_image","twitter_misc":{"Arvioitu lukuaika":"4 minuuttia"},"schema":{"@context":"https:\/\/schema.org","@graph":[{"@type":"WebPage","@id":"https:\/\/healthwing.fi\/","url":"https:\/\/healthwing.fi\/","name":"The Story of H&W Biotech Oy: Innovating Home Testing - H&amp;W Biotech","isPartOf":{"@id":"https:\/\/healthwing.fi\/#website"},"datePublished":"2022-03-01T10:14:02+00:00","dateModified":"2026-01-23T13:47:48+00:00","description":"Discover innovative home test solutions from H&W Biotech Oy. Empower yourself with convenient and reliable health technology products.","breadcrumb":{"@id":"https:\/\/healthwing.fi\/#breadcrumb"},"inLanguage":"fi","potentialAction":[{"@type":"ReadAction","target":["https:\/\/healthwing.fi\/"]}]},{"@type":"BreadcrumbList","@id":"https:\/\/healthwing.fi\/#breadcrumb","itemListElement":[{"@type":"ListItem","position":1,"name":"Home","item":"https:\/\/healthwing.fi\/"},{"@type":"ListItem","position":2,"name":"Home"}]},{"@type":"WebSite","@id":"https:\/\/healthwing.fi\/#website","url":"https:\/\/healthwing.fi\/","name":"H&W Biotech","description":"H&amp;W Biotech","publisher":{"@id":"https:\/\/healthwing.fi\/#organization"},"potentialAction":[{"@type":"SearchAction","target":{"@type":"EntryPoint","urlTemplate":"https:\/\/healthwing.fi\/?s={search_term_string}"},"query-input":{"@type":"PropertyValueSpecification","valueRequired":true,"valueName":"search_term_string"}}],"inLanguage":"fi"},{"@type":"Organization","@id":"https:\/\/healthwing.fi\/#organization","name":"H&W Biotech","url":"https:\/\/healthwing.fi\/","logo":{"@type":"ImageObject","inLanguage":"fi","@id":"https:\/\/healthwing.fi\/#\/schema\/logo\/image\/","url":"https:\/\/healthwing.fi\/wp-content\/uploads\/2022\/03\/HW-Biotech-logo.png","contentUrl":"https:\/\/healthwing.fi\/wp-content\/uploads\/2022\/03\/HW-Biotech-logo.png","width":275,"height":122,"caption":"H&W Biotech"},"image":{"@id":"https:\/\/healthwing.fi\/#\/schema\/logo\/image\/"},"sameAs":["https:\/\/www.facebook.com\/HWBiotechOy","https:\/\/www.linkedin.com\/company\/h-w-biotech-oy"]}]}},"_links":{"self":[{"href":"https:\/\/healthwing.fi\/fi\/wp-json\/wp\/v2\/pages\/13","targetHints":{"allow":["GET"]}}],"collection":[{"href":"https:\/\/healthwing.fi\/fi\/wp-json\/wp\/v2\/pages"}],"about":[{"href":"https:\/\/healthwing.fi\/fi\/wp-json\/wp\/v2\/types\/page"}],"author":[{"embeddable":true,"href":"https:\/\/healthwing.fi\/fi\/wp-json\/wp\/v2\/users\/1"}],"replies":[{"embeddable":true,"href":"https:\/\/healthwing.fi\/fi\/wp-json\/wp\/v2\/comments?post=13"}],"version-history":[{"count":94,"href":"https:\/\/healthwing.fi\/fi\/wp-json\/wp\/v2\/pages\/13\/revisions"}],"predecessor-version":[{"id":1043,"href":"https:\/\/healthwing.fi\/fi\/wp-json\/wp\/v2\/pages\/13\/revisions\/1043"}],"wp:attachment":[{"href":"https:\/\/healthwing.fi\/fi\/wp-json\/wp\/v2\/media?parent=13"}],"curies":[{"name":"wp","href":"https:\/\/api.w.org\/{rel}","templated":true}]}}