{"id":1037,"date":"2025-11-20T10:13:03","date_gmt":"2025-11-20T08:13:03","guid":{"rendered":"https:\/\/healthwing.fi\/?post_type=product&#038;p=1037"},"modified":"2025-11-20T10:13:07","modified_gmt":"2025-11-20T08:13:07","slug":"sars-cov-2-influenza-a-b-antigen-combo-rapid-test-kit-lfia","status":"publish","type":"product","link":"https:\/\/healthwing.fi\/fi\/tuote\/sars-cov-2-influenza-a-b-antigen-combo-rapid-test-kit-lfia\/","title":{"rendered":"SARS-CoV-2- ja Influenssa A\/B- virusten antigeenien yhdistelm\u00e4- pikatesti- paketti (LFIA)"},"content":{"rendered":"","protected":false},"excerpt":{"rendered":"<p>T\u00e4m\u00e4 pikatesti on tarkoitettu SARS-CoV-2- sek\u00e4 A- ja B-influenssavirusten kvalitatiiviseen havaitsemiseen. Testi otetaan nen\u00e4st\u00e4 steriilill\u00e4 vanupuikolla. Jokaiselle virukselle saadaan erillinen tulos. Tulos voidaan lukea 15 minuutin kuluttua, eik\u00e4 sit\u00e4 tule lukea yli 30 minuutin kuluttua.<\/p>\n<p>Tuote on CE-merkitty (1434) In vitro -diagnostiikkaan tarkoitettu l\u00e4\u00e4kinn\u00e4llinen laite, ja soveltuu kotik\u00e4ytt\u00f6\u00f6n.<\/p>\n<p>Valmistaja: Jiangsu Medomics Medical Technology Co., Ltd.<\/p>","protected":false},"featured_media":1038,"template":"","meta":{"_monsterinsights_skip_tracking":false,"_monsterinsights_sitenote_active":false,"_monsterinsights_sitenote_note":"","_monsterinsights_sitenote_category":0},"product_brand":[],"product_cat":[30,38],"product_tag":[],"class_list":{"0":"post-1037","1":"product","2":"type-product","3":"status-publish","4":"has-post-thumbnail","6":"product_cat-home-test","7":"product_cat-infection-tests","9":"first","10":"instock","11":"taxable","12":"shipping-taxable","13":"product-type-simple"},"yoast_head":"<!-- This site is optimized with the Yoast SEO Premium plugin v22.8 (Yoast SEO v27.2) - https:\/\/yoast.com\/product\/yoast-seo-premium-wordpress\/ -->\n<title>SARS-CoV-2 &amp; Influenza A\/B Antigen Combo Rapid Test Kit (LFIA) - H&amp;W Biotech<\/title>\n<meta name=\"robots\" content=\"index, follow, max-snippet:-1, max-image-preview:large, max-video-preview:-1\" \/>\n<link rel=\"canonical\" href=\"https:\/\/healthwing.fi\/fi\/tuote\/sars-cov-2-influenza-a-b-antigen-combo-rapid-test-kit-lfia\/\" \/>\n<meta property=\"og:locale\" content=\"fi_FI\" \/>\n<meta property=\"og:type\" content=\"article\" \/>\n<meta property=\"og:title\" content=\"SARS-CoV-2 &amp; Influenza A\/B Antigen Combo Rapid Test Kit (LFIA)\" \/>\n<meta property=\"og:description\" content=\"The rapid test is intended for self-testing and for the qualitative detection of SARS-CoV-2 and influenza A and B viruses. The test is performed as a nasal sample using a sterile swab. The result for each virus is shown separately. The result can be read after 15 minutes and should not be read after more than 30 minutes.  The product is an in vitro diagnostic medical device (IVD) that is intended for self-testing by a layperson, CE-marked (1434).  Manufacturer: Jiangsu Medomics Medical Technology Co., Ltd.\" \/>\n<meta property=\"og:url\" content=\"https:\/\/healthwing.fi\/fi\/tuote\/sars-cov-2-influenza-a-b-antigen-combo-rapid-test-kit-lfia\/\" \/>\n<meta property=\"og:site_name\" content=\"H&amp;W Biotech\" \/>\n<meta property=\"article:publisher\" content=\"https:\/\/www.facebook.com\/HWBiotechOy\" \/>\n<meta property=\"article:modified_time\" content=\"2025-11-20T08:13:07+00:00\" \/>\n<meta property=\"og:image\" content=\"https:\/\/healthwing.fi\/wp-content\/uploads\/2025\/11\/Screenshot-2025-11-20-at-10.03.58-1.png\" \/>\n\t<meta property=\"og:image:width\" content=\"1122\" \/>\n\t<meta property=\"og:image:height\" content=\"1120\" \/>\n\t<meta property=\"og:image:type\" content=\"image\/png\" \/>\n<meta name=\"twitter:card\" content=\"summary_large_image\" \/>\n<meta name=\"twitter:label1\" content=\"Arvioitu lukuaika\" \/>\n\t<meta name=\"twitter:data1\" content=\"1 minuutti\" \/>\n<script type=\"application\/ld+json\" class=\"yoast-schema-graph\">{\"@context\":\"https:\/\/schema.org\",\"@graph\":[{\"@type\":\"WebPage\",\"@id\":\"https:\/\/healthwing.fi\/product\/sars-cov-2-influenza-a-b-antigen-combo-rapid-test-kit-lfia\/\",\"url\":\"https:\/\/healthwing.fi\/product\/sars-cov-2-influenza-a-b-antigen-combo-rapid-test-kit-lfia\/\",\"name\":\"SARS-CoV-2 & Influenza A\/B Antigen Combo Rapid Test Kit (LFIA) - H&amp;W Biotech\",\"isPartOf\":{\"@id\":\"https:\/\/healthwing.fi\/#website\"},\"primaryImageOfPage\":{\"@id\":\"https:\/\/healthwing.fi\/product\/sars-cov-2-influenza-a-b-antigen-combo-rapid-test-kit-lfia\/#primaryimage\"},\"image\":{\"@id\":\"https:\/\/healthwing.fi\/product\/sars-cov-2-influenza-a-b-antigen-combo-rapid-test-kit-lfia\/#primaryimage\"},\"thumbnailUrl\":\"https:\/\/healthwing.fi\/wp-content\/uploads\/2025\/11\/Screenshot-2025-11-20-at-10.03.58-1.png\",\"datePublished\":\"2025-11-20T08:13:03+00:00\",\"dateModified\":\"2025-11-20T08:13:07+00:00\",\"breadcrumb\":{\"@id\":\"https:\/\/healthwing.fi\/product\/sars-cov-2-influenza-a-b-antigen-combo-rapid-test-kit-lfia\/#breadcrumb\"},\"inLanguage\":\"fi\",\"potentialAction\":[{\"@type\":\"ReadAction\",\"target\":[\"https:\/\/healthwing.fi\/product\/sars-cov-2-influenza-a-b-antigen-combo-rapid-test-kit-lfia\/\"]}]},{\"@type\":\"ImageObject\",\"inLanguage\":\"fi\",\"@id\":\"https:\/\/healthwing.fi\/product\/sars-cov-2-influenza-a-b-antigen-combo-rapid-test-kit-lfia\/#primaryimage\",\"url\":\"https:\/\/healthwing.fi\/wp-content\/uploads\/2025\/11\/Screenshot-2025-11-20-at-10.03.58-1.png\",\"contentUrl\":\"https:\/\/healthwing.fi\/wp-content\/uploads\/2025\/11\/Screenshot-2025-11-20-at-10.03.58-1.png\",\"width\":1122,\"height\":1120},{\"@type\":\"BreadcrumbList\",\"@id\":\"https:\/\/healthwing.fi\/product\/sars-cov-2-influenza-a-b-antigen-combo-rapid-test-kit-lfia\/#breadcrumb\",\"itemListElement\":[{\"@type\":\"ListItem\",\"position\":1,\"name\":\"Home\",\"item\":\"https:\/\/healthwing.fi\/\"},{\"@type\":\"ListItem\",\"position\":2,\"name\":\"Products\",\"item\":\"https:\/\/healthwing.fi\/products\/\"},{\"@type\":\"ListItem\",\"position\":3,\"name\":\"SARS-CoV-2 &#038; Influenza A\/B Antigen Combo Rapid Test Kit (LFIA)\"}]},{\"@type\":\"WebSite\",\"@id\":\"https:\/\/healthwing.fi\/#website\",\"url\":\"https:\/\/healthwing.fi\/\",\"name\":\"H&W Biotech\",\"description\":\"H&amp;W Biotech\",\"publisher\":{\"@id\":\"https:\/\/healthwing.fi\/#organization\"},\"potentialAction\":[{\"@type\":\"SearchAction\",\"target\":{\"@type\":\"EntryPoint\",\"urlTemplate\":\"https:\/\/healthwing.fi\/?s={search_term_string}\"},\"query-input\":{\"@type\":\"PropertyValueSpecification\",\"valueRequired\":true,\"valueName\":\"search_term_string\"}}],\"inLanguage\":\"fi\"},{\"@type\":\"Organization\",\"@id\":\"https:\/\/healthwing.fi\/#organization\",\"name\":\"H&W Biotech\",\"url\":\"https:\/\/healthwing.fi\/\",\"logo\":{\"@type\":\"ImageObject\",\"inLanguage\":\"fi\",\"@id\":\"https:\/\/healthwing.fi\/#\/schema\/logo\/image\/\",\"url\":\"https:\/\/healthwing.fi\/wp-content\/uploads\/2022\/03\/HW-Biotech-logo.png\",\"contentUrl\":\"https:\/\/healthwing.fi\/wp-content\/uploads\/2022\/03\/HW-Biotech-logo.png\",\"width\":275,\"height\":122,\"caption\":\"H&W Biotech\"},\"image\":{\"@id\":\"https:\/\/healthwing.fi\/#\/schema\/logo\/image\/\"},\"sameAs\":[\"https:\/\/www.facebook.com\/HWBiotechOy\",\"https:\/\/www.linkedin.com\/company\/h-w-biotech-oy\"]}]}<\/script>\n<!-- \/ Yoast SEO Premium plugin. -->","yoast_head_json":{"title":"SARS-CoV-2 & Influenza A\/B Antigen Combo Rapid Test Kit (LFIA) - H&amp;W Biotech","robots":{"index":"index","follow":"follow","max-snippet":"max-snippet:-1","max-image-preview":"max-image-preview:large","max-video-preview":"max-video-preview:-1"},"canonical":"https:\/\/healthwing.fi\/fi\/tuote\/sars-cov-2-influenza-a-b-antigen-combo-rapid-test-kit-lfia\/","og_locale":"fi_FI","og_type":"article","og_title":"SARS-CoV-2 & Influenza A\/B Antigen Combo Rapid Test Kit (LFIA)","og_description":"The rapid test is intended for self-testing and for the qualitative detection of SARS-CoV-2 and influenza A and B viruses. The test is performed as a nasal sample using a sterile swab. The result for each virus is shown separately. The result can be read after 15 minutes and should not be read after more than 30 minutes.  The product is an in vitro diagnostic medical device (IVD) that is intended for self-testing by a layperson, CE-marked (1434).  Manufacturer: Jiangsu Medomics Medical Technology Co., Ltd.","og_url":"https:\/\/healthwing.fi\/fi\/tuote\/sars-cov-2-influenza-a-b-antigen-combo-rapid-test-kit-lfia\/","og_site_name":"H&amp;W Biotech","article_publisher":"https:\/\/www.facebook.com\/HWBiotechOy","article_modified_time":"2025-11-20T08:13:07+00:00","og_image":[{"width":1122,"height":1120,"url":"https:\/\/healthwing.fi\/wp-content\/uploads\/2025\/11\/Screenshot-2025-11-20-at-10.03.58-1.png","type":"image\/png"}],"twitter_card":"summary_large_image","twitter_misc":{"Arvioitu lukuaika":"1 minuutti"},"schema":{"@context":"https:\/\/schema.org","@graph":[{"@type":"WebPage","@id":"https:\/\/healthwing.fi\/product\/sars-cov-2-influenza-a-b-antigen-combo-rapid-test-kit-lfia\/","url":"https:\/\/healthwing.fi\/product\/sars-cov-2-influenza-a-b-antigen-combo-rapid-test-kit-lfia\/","name":"SARS-CoV-2 & Influenza A\/B Antigen Combo Rapid Test Kit (LFIA) - H&amp;W Biotech","isPartOf":{"@id":"https:\/\/healthwing.fi\/#website"},"primaryImageOfPage":{"@id":"https:\/\/healthwing.fi\/product\/sars-cov-2-influenza-a-b-antigen-combo-rapid-test-kit-lfia\/#primaryimage"},"image":{"@id":"https:\/\/healthwing.fi\/product\/sars-cov-2-influenza-a-b-antigen-combo-rapid-test-kit-lfia\/#primaryimage"},"thumbnailUrl":"https:\/\/healthwing.fi\/wp-content\/uploads\/2025\/11\/Screenshot-2025-11-20-at-10.03.58-1.png","datePublished":"2025-11-20T08:13:03+00:00","dateModified":"2025-11-20T08:13:07+00:00","breadcrumb":{"@id":"https:\/\/healthwing.fi\/product\/sars-cov-2-influenza-a-b-antigen-combo-rapid-test-kit-lfia\/#breadcrumb"},"inLanguage":"fi","potentialAction":[{"@type":"ReadAction","target":["https:\/\/healthwing.fi\/product\/sars-cov-2-influenza-a-b-antigen-combo-rapid-test-kit-lfia\/"]}]},{"@type":"ImageObject","inLanguage":"fi","@id":"https:\/\/healthwing.fi\/product\/sars-cov-2-influenza-a-b-antigen-combo-rapid-test-kit-lfia\/#primaryimage","url":"https:\/\/healthwing.fi\/wp-content\/uploads\/2025\/11\/Screenshot-2025-11-20-at-10.03.58-1.png","contentUrl":"https:\/\/healthwing.fi\/wp-content\/uploads\/2025\/11\/Screenshot-2025-11-20-at-10.03.58-1.png","width":1122,"height":1120},{"@type":"BreadcrumbList","@id":"https:\/\/healthwing.fi\/product\/sars-cov-2-influenza-a-b-antigen-combo-rapid-test-kit-lfia\/#breadcrumb","itemListElement":[{"@type":"ListItem","position":1,"name":"Home","item":"https:\/\/healthwing.fi\/"},{"@type":"ListItem","position":2,"name":"Products","item":"https:\/\/healthwing.fi\/products\/"},{"@type":"ListItem","position":3,"name":"SARS-CoV-2 &#038; Influenza A\/B Antigen Combo Rapid Test Kit (LFIA)"}]},{"@type":"WebSite","@id":"https:\/\/healthwing.fi\/#website","url":"https:\/\/healthwing.fi\/","name":"H&W Biotech","description":"H&amp;W Biotech","publisher":{"@id":"https:\/\/healthwing.fi\/#organization"},"potentialAction":[{"@type":"SearchAction","target":{"@type":"EntryPoint","urlTemplate":"https:\/\/healthwing.fi\/?s={search_term_string}"},"query-input":{"@type":"PropertyValueSpecification","valueRequired":true,"valueName":"search_term_string"}}],"inLanguage":"fi"},{"@type":"Organization","@id":"https:\/\/healthwing.fi\/#organization","name":"H&W Biotech","url":"https:\/\/healthwing.fi\/","logo":{"@type":"ImageObject","inLanguage":"fi","@id":"https:\/\/healthwing.fi\/#\/schema\/logo\/image\/","url":"https:\/\/healthwing.fi\/wp-content\/uploads\/2022\/03\/HW-Biotech-logo.png","contentUrl":"https:\/\/healthwing.fi\/wp-content\/uploads\/2022\/03\/HW-Biotech-logo.png","width":275,"height":122,"caption":"H&W Biotech"},"image":{"@id":"https:\/\/healthwing.fi\/#\/schema\/logo\/image\/"},"sameAs":["https:\/\/www.facebook.com\/HWBiotechOy","https:\/\/www.linkedin.com\/company\/h-w-biotech-oy"]}]}},"_links":{"self":[{"href":"https:\/\/healthwing.fi\/fi\/wp-json\/wp\/v2\/product\/1037","targetHints":{"allow":["GET"]}}],"collection":[{"href":"https:\/\/healthwing.fi\/fi\/wp-json\/wp\/v2\/product"}],"about":[{"href":"https:\/\/healthwing.fi\/fi\/wp-json\/wp\/v2\/types\/product"}],"wp:featuredmedia":[{"embeddable":true,"href":"https:\/\/healthwing.fi\/fi\/wp-json\/wp\/v2\/media\/1038"}],"wp:attachment":[{"href":"https:\/\/healthwing.fi\/fi\/wp-json\/wp\/v2\/media?parent=1037"}],"wp:term":[{"taxonomy":"product_brand","embeddable":true,"href":"https:\/\/healthwing.fi\/fi\/wp-json\/wp\/v2\/product_brand?post=1037"},{"taxonomy":"product_cat","embeddable":true,"href":"https:\/\/healthwing.fi\/fi\/wp-json\/wp\/v2\/product_cat?post=1037"},{"taxonomy":"product_tag","embeddable":true,"href":"https:\/\/healthwing.fi\/fi\/wp-json\/wp\/v2\/product_tag?post=1037"}],"curies":[{"name":"wp","href":"https:\/\/api.w.org\/{rel}","templated":true}]}}