{"id":118,"date":"2022-03-04T12:24:47","date_gmt":"2022-03-04T10:24:47","guid":{"rendered":"https:\/\/healthwing.fi\/?post_type=product&#038;p=118"},"modified":"2024-08-22T14:32:32","modified_gmt":"2024-08-22T12:32:32","slug":"nano-coulomb-breath-analyzer-ca2122","status":"publish","type":"product","link":"https:\/\/healthwing.fi\/fi\/tuote\/nano-coulomb-breath-analyzer-ca2122\/","title":{"rendered":"Nano Coulomb hengityskaasujen Analysaattori \u2013 Tyyppi CA2122"},"content":{"rendered":"<div id=\"id1631689558353\" class=\"design-element element-size-box has-rich-content user-selectable-element clickable-element has-rich-content has-text is-section-child\" data-element-id=\"id1631689558353\">\n<div class=\"element-main-box design-element-main-box has-rich-content user-selectable-element clickable-element has-rich-content has-text\" data-element-id=\"id1631689558353\">\n<div class=\"element-border-box element-border-target element-padding-box design-element-border-box has-rich-content user-selectable-element clickable-element has-rich-content has-text\" data-element-id=\"id1631689558353\">\n<div class=\"element-content-box design-element-content-box has-rich-content user-selectable-element clickable-element has-rich-content has-text\" data-element-id=\"id1631689558353\">\n<div class=\"content-container content-container-type element-size-box element-size-target has-rich-content user-selectable-element clickable-element has-rich-content has-text\" data-element-id=\"id1631689558353\">\n<div class=\"rich-text-element-content absolute-fill element-content dir-ltr\">\n<div class=\"rich-text-positioning-wrapper vertical-alignment-top\">\n<div class=\"rich-text-content common-rich-content-style has-content\">\n<p>CA2122 mittaa typpioksidin (NO) pitoisuutta ihmisen hengityksest\u00e4. Typpioksidin m\u00e4\u00e4r\u00e4 nousee usein joissain tulehduksissa ja esimerkiksi astmassa. NO-pitoisuus uloshengityshengityskaasussa (FeNO) voidaan mitata CA2122:lla maailman johtavan l\u00e4\u00e4ketieteellisen yhdistyksen (American Thoracic Society) vahvistamien NO-mittausohjeiden mukaisesti.<\/p>\n<p>FeNO:n mittaus laitteella on yksinkertainen ja turvallinen kvantitatiivinen menetelm\u00e4. Sill\u00e4 voidaan seurata esimerkiksi astmapotilaiden kohonneen FeNO-tason laskua tulehdusta rauhoittavan l\u00e4\u00e4kehoidon j\u00e4lkeen ja saadaan arvioitua hoidon vaikutusta.<\/p>\n<p>CA2122 mittaus sopii lapsille ja aikuisille. Laitteen k\u00e4yt\u00f6ss\u00e4 tulee tarvittaessa avustaa henkil\u00f6it\u00e4 (esim. lapset ja vanhukset), jotka eiv\u00e4t pysty itsen\u00e4isesti suoriutumaan testist\u00e4 kuten my\u00f6s tehohoidossa, ensiavussa tai anestesiologiassa uusilla offline n\u00e4ytteenottok\u00e4yt\u00e4nn\u00f6ill\u00e4.<\/p>\n<p>FeNO-mittaukset antavat l\u00e4\u00e4k\u00e4rille keinot arvioida astmapotilaan vastetta anti-inflammatoriseen hoitoon vakiintuneiden kliinisten ja laboratoriotutkimusten lis\u00e4ksi. CA2122 mittaa my\u00f6s hiilimonoksidia (CO), joka on NICE-ohjeiston suosittelema biomarkkeri tupakoinnin lopettamisen seurantaan.<\/p>\n<p>CE-merkitty In vitro -diagnostinen l\u00e4\u00e4kinn\u00e4llinen laite ammattik\u00e4ytt\u00f6\u00f6n.<\/p>\n<p>Valmistaja: Sunvou Medical Electronics Co., Ltd.<\/p>\n<\/div>\n<\/div>\n<\/div>\n<\/div>\n<\/div>\n<\/div>\n<\/div>\n<\/div>\n<div id=\"id1631689558354\" class=\"design-element element-size-box user-selectable-element clickable-element has-popup image-element is-section-child\" data-element-id=\"id1631689558354\"><\/div>","protected":false},"excerpt":{"rendered":"<p>Sunvou-CA2122 mittaa typpioksidin (NO), rikkivedyn (H\u2082S) sek\u00e4 hiilimonoksidin (CO) osittaispitoisuutta ihmisen uloshengityksest\u00e4. NO ja H\u2082S ovat t\u00e4rkeit\u00e4 biologisia indikaattoreita tulehdukselle hengitysteiss\u00e4, kun taas CO on indikoi tupakoinnin lopettamisesta. Mittaus sujuu helposti ja turvallisesti, ja soveltuu n\u00e4in sek\u00e4 aikuisten ett\u00e4 lasten hengityksen mittaukseen. Laitetta voidaan k\u00e4ytt\u00e4\u00e4 koko hengitysteiden analysointiin.<\/p>\n<p>Laite on CE-merkitty. Laitteen valmistaa Sunvou Medical Electronics Co., Ltd.<\/p>","protected":false},"featured_media":491,"template":"","meta":{"_monsterinsights_skip_tracking":false,"_monsterinsights_sitenote_active":false,"_monsterinsights_sitenote_note":"","_monsterinsights_sitenote_category":0},"product_brand":[],"product_cat":[31,43],"product_tag":[],"class_list":{"0":"post-118","1":"product","2":"type-product","3":"status-publish","4":"has-post-thumbnail","6":"product_cat-professional-devices-tests","7":"product_cat-products-for-researching-use","9":"first","10":"instock","11":"taxable","12":"shipping-taxable","13":"product-type-simple"},"yoast_head":"<!-- This site is optimized with the Yoast SEO Premium plugin v22.8 (Yoast SEO v27.2) - https:\/\/yoast.com\/product\/yoast-seo-premium-wordpress\/ -->\n<title>Nano Coulomb Breath Analyzer CA2122 - H&amp;W Biotech<\/title>\n<meta name=\"robots\" content=\"index, follow, max-snippet:-1, max-image-preview:large, max-video-preview:-1\" \/>\n<link rel=\"canonical\" href=\"https:\/\/healthwing.fi\/fi\/tuote\/nano-coulomb-breath-analyzer-ca2122\/\" \/>\n<meta property=\"og:locale\" content=\"fi_FI\" \/>\n<meta property=\"og:type\" content=\"article\" \/>\n<meta property=\"og:title\" content=\"Nano Coulomb Breath Analyzer CA2122\" \/>\n<meta property=\"og:description\" content=\"Sunvou-CA2122 measures fractional Nitric Oxide (NO), Hydrogen Sulfide (H2S) and Carbon Monoxide (CO) in expired breath. NO and H2S are important biomarkers of Type-2 airway inflammation, while CO is a marker of smoking cessation. Measurement using the device is very user-friendly, non-invasive and safe, suitable for both adults and children. It can be used for analysis of all airways (upper, large and small airways).  The device is CE-marked. The device is manufactured by Sunvou Medical Electronics Co., Ltd.\" \/>\n<meta property=\"og:url\" content=\"https:\/\/healthwing.fi\/fi\/tuote\/nano-coulomb-breath-analyzer-ca2122\/\" \/>\n<meta property=\"og:site_name\" content=\"H&amp;W Biotech\" \/>\n<meta property=\"article:publisher\" content=\"https:\/\/www.facebook.com\/HWBiotechOy\" \/>\n<meta property=\"article:modified_time\" content=\"2024-08-22T12:32:32+00:00\" \/>\n<meta property=\"og:image\" content=\"https:\/\/healthwing.fi\/wp-content\/uploads\/2022\/03\/CA2122.jpeg\" \/>\n\t<meta property=\"og:image:width\" content=\"1417\" \/>\n\t<meta property=\"og:image:height\" content=\"916\" \/>\n\t<meta property=\"og:image:type\" content=\"image\/jpeg\" \/>\n<meta name=\"twitter:card\" content=\"summary_large_image\" \/>\n<meta name=\"twitter:label1\" content=\"Arvioitu lukuaika\" \/>\n\t<meta name=\"twitter:data1\" content=\"2 minuuttia\" \/>\n<script type=\"application\/ld+json\" class=\"yoast-schema-graph\">{\"@context\":\"https:\/\/schema.org\",\"@graph\":[{\"@type\":\"WebPage\",\"@id\":\"https:\/\/healthwing.fi\/product\/nano-coulomb-breath-analyzer-ca2122\/\",\"url\":\"https:\/\/healthwing.fi\/product\/nano-coulomb-breath-analyzer-ca2122\/\",\"name\":\"Nano Coulomb Breath Analyzer CA2122 - H&amp;W Biotech\",\"isPartOf\":{\"@id\":\"https:\/\/healthwing.fi\/#website\"},\"primaryImageOfPage\":{\"@id\":\"https:\/\/healthwing.fi\/product\/nano-coulomb-breath-analyzer-ca2122\/#primaryimage\"},\"image\":{\"@id\":\"https:\/\/healthwing.fi\/product\/nano-coulomb-breath-analyzer-ca2122\/#primaryimage\"},\"thumbnailUrl\":\"https:\/\/healthwing.fi\/wp-content\/uploads\/2022\/03\/CA2122.jpeg\",\"datePublished\":\"2022-03-04T10:24:47+00:00\",\"dateModified\":\"2024-08-22T12:32:32+00:00\",\"breadcrumb\":{\"@id\":\"https:\/\/healthwing.fi\/product\/nano-coulomb-breath-analyzer-ca2122\/#breadcrumb\"},\"inLanguage\":\"fi\",\"potentialAction\":[{\"@type\":\"ReadAction\",\"target\":[\"https:\/\/healthwing.fi\/product\/nano-coulomb-breath-analyzer-ca2122\/\"]}]},{\"@type\":\"ImageObject\",\"inLanguage\":\"fi\",\"@id\":\"https:\/\/healthwing.fi\/product\/nano-coulomb-breath-analyzer-ca2122\/#primaryimage\",\"url\":\"https:\/\/healthwing.fi\/wp-content\/uploads\/2022\/03\/CA2122.jpeg\",\"contentUrl\":\"https:\/\/healthwing.fi\/wp-content\/uploads\/2022\/03\/CA2122.jpeg\",\"width\":1417,\"height\":916},{\"@type\":\"BreadcrumbList\",\"@id\":\"https:\/\/healthwing.fi\/product\/nano-coulomb-breath-analyzer-ca2122\/#breadcrumb\",\"itemListElement\":[{\"@type\":\"ListItem\",\"position\":1,\"name\":\"Home\",\"item\":\"https:\/\/healthwing.fi\/\"},{\"@type\":\"ListItem\",\"position\":2,\"name\":\"Products\",\"item\":\"https:\/\/healthwing.fi\/products\/\"},{\"@type\":\"ListItem\",\"position\":3,\"name\":\"Nano Coulomb Breath Analyzer CA2122\"}]},{\"@type\":\"WebSite\",\"@id\":\"https:\/\/healthwing.fi\/#website\",\"url\":\"https:\/\/healthwing.fi\/\",\"name\":\"H&W Biotech\",\"description\":\"H&amp;W Biotech\",\"publisher\":{\"@id\":\"https:\/\/healthwing.fi\/#organization\"},\"potentialAction\":[{\"@type\":\"SearchAction\",\"target\":{\"@type\":\"EntryPoint\",\"urlTemplate\":\"https:\/\/healthwing.fi\/?s={search_term_string}\"},\"query-input\":{\"@type\":\"PropertyValueSpecification\",\"valueRequired\":true,\"valueName\":\"search_term_string\"}}],\"inLanguage\":\"fi\"},{\"@type\":\"Organization\",\"@id\":\"https:\/\/healthwing.fi\/#organization\",\"name\":\"H&W Biotech\",\"url\":\"https:\/\/healthwing.fi\/\",\"logo\":{\"@type\":\"ImageObject\",\"inLanguage\":\"fi\",\"@id\":\"https:\/\/healthwing.fi\/#\/schema\/logo\/image\/\",\"url\":\"https:\/\/healthwing.fi\/wp-content\/uploads\/2022\/03\/HW-Biotech-logo.png\",\"contentUrl\":\"https:\/\/healthwing.fi\/wp-content\/uploads\/2022\/03\/HW-Biotech-logo.png\",\"width\":275,\"height\":122,\"caption\":\"H&W Biotech\"},\"image\":{\"@id\":\"https:\/\/healthwing.fi\/#\/schema\/logo\/image\/\"},\"sameAs\":[\"https:\/\/www.facebook.com\/HWBiotechOy\",\"https:\/\/www.linkedin.com\/company\/h-w-biotech-oy\"]}]}<\/script>\n<!-- \/ Yoast SEO Premium plugin. -->","yoast_head_json":{"title":"Nano Coulomb Breath Analyzer CA2122 - H&amp;W Biotech","robots":{"index":"index","follow":"follow","max-snippet":"max-snippet:-1","max-image-preview":"max-image-preview:large","max-video-preview":"max-video-preview:-1"},"canonical":"https:\/\/healthwing.fi\/fi\/tuote\/nano-coulomb-breath-analyzer-ca2122\/","og_locale":"fi_FI","og_type":"article","og_title":"Nano Coulomb Breath Analyzer CA2122","og_description":"Sunvou-CA2122 measures fractional Nitric Oxide (NO), Hydrogen Sulfide (H2S) and Carbon Monoxide (CO) in expired breath. NO and H2S are important biomarkers of Type-2 airway inflammation, while CO is a marker of smoking cessation. Measurement using the device is very user-friendly, non-invasive and safe, suitable for both adults and children. It can be used for analysis of all airways (upper, large and small airways).  The device is CE-marked. The device is manufactured by Sunvou Medical Electronics Co., Ltd.","og_url":"https:\/\/healthwing.fi\/fi\/tuote\/nano-coulomb-breath-analyzer-ca2122\/","og_site_name":"H&amp;W Biotech","article_publisher":"https:\/\/www.facebook.com\/HWBiotechOy","article_modified_time":"2024-08-22T12:32:32+00:00","og_image":[{"width":1417,"height":916,"url":"https:\/\/healthwing.fi\/wp-content\/uploads\/2022\/03\/CA2122.jpeg","type":"image\/jpeg"}],"twitter_card":"summary_large_image","twitter_misc":{"Arvioitu lukuaika":"2 minuuttia"},"schema":{"@context":"https:\/\/schema.org","@graph":[{"@type":"WebPage","@id":"https:\/\/healthwing.fi\/product\/nano-coulomb-breath-analyzer-ca2122\/","url":"https:\/\/healthwing.fi\/product\/nano-coulomb-breath-analyzer-ca2122\/","name":"Nano Coulomb Breath Analyzer CA2122 - H&amp;W Biotech","isPartOf":{"@id":"https:\/\/healthwing.fi\/#website"},"primaryImageOfPage":{"@id":"https:\/\/healthwing.fi\/product\/nano-coulomb-breath-analyzer-ca2122\/#primaryimage"},"image":{"@id":"https:\/\/healthwing.fi\/product\/nano-coulomb-breath-analyzer-ca2122\/#primaryimage"},"thumbnailUrl":"https:\/\/healthwing.fi\/wp-content\/uploads\/2022\/03\/CA2122.jpeg","datePublished":"2022-03-04T10:24:47+00:00","dateModified":"2024-08-22T12:32:32+00:00","breadcrumb":{"@id":"https:\/\/healthwing.fi\/product\/nano-coulomb-breath-analyzer-ca2122\/#breadcrumb"},"inLanguage":"fi","potentialAction":[{"@type":"ReadAction","target":["https:\/\/healthwing.fi\/product\/nano-coulomb-breath-analyzer-ca2122\/"]}]},{"@type":"ImageObject","inLanguage":"fi","@id":"https:\/\/healthwing.fi\/product\/nano-coulomb-breath-analyzer-ca2122\/#primaryimage","url":"https:\/\/healthwing.fi\/wp-content\/uploads\/2022\/03\/CA2122.jpeg","contentUrl":"https:\/\/healthwing.fi\/wp-content\/uploads\/2022\/03\/CA2122.jpeg","width":1417,"height":916},{"@type":"BreadcrumbList","@id":"https:\/\/healthwing.fi\/product\/nano-coulomb-breath-analyzer-ca2122\/#breadcrumb","itemListElement":[{"@type":"ListItem","position":1,"name":"Home","item":"https:\/\/healthwing.fi\/"},{"@type":"ListItem","position":2,"name":"Products","item":"https:\/\/healthwing.fi\/products\/"},{"@type":"ListItem","position":3,"name":"Nano Coulomb Breath Analyzer CA2122"}]},{"@type":"WebSite","@id":"https:\/\/healthwing.fi\/#website","url":"https:\/\/healthwing.fi\/","name":"H&W Biotech","description":"H&amp;W Biotech","publisher":{"@id":"https:\/\/healthwing.fi\/#organization"},"potentialAction":[{"@type":"SearchAction","target":{"@type":"EntryPoint","urlTemplate":"https:\/\/healthwing.fi\/?s={search_term_string}"},"query-input":{"@type":"PropertyValueSpecification","valueRequired":true,"valueName":"search_term_string"}}],"inLanguage":"fi"},{"@type":"Organization","@id":"https:\/\/healthwing.fi\/#organization","name":"H&W Biotech","url":"https:\/\/healthwing.fi\/","logo":{"@type":"ImageObject","inLanguage":"fi","@id":"https:\/\/healthwing.fi\/#\/schema\/logo\/image\/","url":"https:\/\/healthwing.fi\/wp-content\/uploads\/2022\/03\/HW-Biotech-logo.png","contentUrl":"https:\/\/healthwing.fi\/wp-content\/uploads\/2022\/03\/HW-Biotech-logo.png","width":275,"height":122,"caption":"H&W Biotech"},"image":{"@id":"https:\/\/healthwing.fi\/#\/schema\/logo\/image\/"},"sameAs":["https:\/\/www.facebook.com\/HWBiotechOy","https:\/\/www.linkedin.com\/company\/h-w-biotech-oy"]}]}},"_links":{"self":[{"href":"https:\/\/healthwing.fi\/fi\/wp-json\/wp\/v2\/product\/118","targetHints":{"allow":["GET"]}}],"collection":[{"href":"https:\/\/healthwing.fi\/fi\/wp-json\/wp\/v2\/product"}],"about":[{"href":"https:\/\/healthwing.fi\/fi\/wp-json\/wp\/v2\/types\/product"}],"wp:featuredmedia":[{"embeddable":true,"href":"https:\/\/healthwing.fi\/fi\/wp-json\/wp\/v2\/media\/491"}],"wp:attachment":[{"href":"https:\/\/healthwing.fi\/fi\/wp-json\/wp\/v2\/media?parent=118"}],"wp:term":[{"taxonomy":"product_brand","embeddable":true,"href":"https:\/\/healthwing.fi\/fi\/wp-json\/wp\/v2\/product_brand?post=118"},{"taxonomy":"product_cat","embeddable":true,"href":"https:\/\/healthwing.fi\/fi\/wp-json\/wp\/v2\/product_cat?post=118"},{"taxonomy":"product_tag","embeddable":true,"href":"https:\/\/healthwing.fi\/fi\/wp-json\/wp\/v2\/product_tag?post=118"}],"curies":[{"name":"wp","href":"https:\/\/api.w.org\/{rel}","templated":true}]}}