{"id":121,"date":"2022-03-04T12:25:58","date_gmt":"2022-03-04T10:25:58","guid":{"rendered":"https:\/\/healthwing.fi\/?post_type=product&#038;p=121"},"modified":"2022-12-09T11:34:48","modified_gmt":"2022-12-09T09:34:48","slug":"nano-coulomb-breath-analyzer-ca4458","status":"publish","type":"product","link":"https:\/\/healthwing.fi\/fi\/tuote\/nano-coulomb-breath-analyzer-ca4458\/","title":{"rendered":"Nano Coulomb hengityskaasujen Analysaattori - Tyyppi CA4458"},"content":{"rendered":"","protected":false},"excerpt":{"rendered":"<div id=\"id1637761599833\" class=\"design-element element-size-box has-rich-content user-selectable-element clickable-element has-rich-content has-text is-section-child\" data-element-id=\"id1637761599833\">\n<div class=\"element-main-box design-element-main-box has-rich-content user-selectable-element clickable-element has-rich-content has-text\" data-element-id=\"id1637761599833\">\n<div class=\"element-border-box element-border-target element-padding-box design-element-border-box has-rich-content user-selectable-element clickable-element has-rich-content has-text\" data-element-id=\"id1637761599833\">\n<div class=\"element-content-box design-element-content-box has-rich-content user-selectable-element clickable-element has-rich-content has-text\" data-element-id=\"id1637761599833\">\n<div class=\"content-container content-container-type element-size-box element-size-target has-rich-content user-selectable-element clickable-element has-rich-content has-text\" data-element-id=\"id1637761599833\">\n<div class=\"rich-text-element-content absolute-fill element-content dir-ltr\">\n<div class=\"rich-text-positioning-wrapper vertical-alignment-top\">\n<div class=\"rich-text-content common-rich-content-style has-content\">\n<p>CA4458 mittaa H2\/CH4\/CO2-kaasuja ihmisen hengityksest\u00e4 seuraaviin kliinisiin tarkoituksiin:<\/p>\n<ul>\n<li>Laktuloosi\/glukoosi hengitystesti: ohutsuolen bakteerien liikakasvun (SIBO) diagnosointiin;<\/li>\n<li>Laktoosi\/fruktoosi hengitystesti: hiilihydraattien ruoansulatush\u00e4iri\u00f6n diagnosointiin.<\/li>\n<\/ul>\n<div id=\"id1631689558353\" class=\"design-element element-size-box has-rich-content user-selectable-element clickable-element has-rich-content has-text is-section-child\" data-element-id=\"id1631689558353\">\n<div class=\"element-main-box design-element-main-box has-rich-content user-selectable-element clickable-element has-rich-content has-text\" data-element-id=\"id1631689558353\">\n<div class=\"element-border-box element-border-target element-padding-box design-element-border-box has-rich-content user-selectable-element clickable-element has-rich-content has-text\" data-element-id=\"id1631689558353\">\n<div class=\"element-content-box design-element-content-box has-rich-content user-selectable-element clickable-element has-rich-content has-text\" data-element-id=\"id1631689558353\">\n<div class=\"content-container content-container-type element-size-box element-size-target has-rich-content user-selectable-element clickable-element has-rich-content has-text\" data-element-id=\"id1631689558353\">\n<div class=\"rich-text-element-content absolute-fill element-content dir-ltr\">\n<div class=\"rich-text-positioning-wrapper vertical-alignment-top\">\n<div class=\"rich-text-content common-rich-content-style has-content\">\n<p>CE-merkitty In vitro -diagnostinen l\u00e4\u00e4kinn\u00e4llinen laite ammattik\u00e4ytt\u00f6\u00f6n.<\/p>\n<p>Valmistaja: Sunvou Medical Electronics Co., Ltd.<\/p>\n<\/div>\n<\/div>\n<\/div>\n<\/div>\n<\/div>\n<\/div>\n<\/div>\n<\/div>\n<p>&nbsp;<\/p>\n<\/div>\n<\/div>\n<\/div>\n<\/div>\n<\/div>\n<\/div>\n<\/div>\n<\/div>","protected":false},"featured_media":302,"template":"","meta":{"_monsterinsights_skip_tracking":false,"_monsterinsights_sitenote_active":false,"_monsterinsights_sitenote_note":"","_monsterinsights_sitenote_category":0},"product_brand":[],"product_cat":[31,33],"product_tag":[],"class_list":{"0":"post-121","1":"product","2":"type-product","3":"status-publish","4":"has-post-thumbnail","6":"product_cat-professional-devices-tests","7":"product_cat-professional-devices","9":"first","10":"instock","11":"taxable","12":"shipping-taxable","13":"product-type-simple"},"yoast_head":"<!-- This site is optimized with the Yoast SEO Premium plugin v22.8 (Yoast SEO v27.2) - https:\/\/yoast.com\/product\/yoast-seo-premium-wordpress\/ -->\n<title>Nano Coulomb Breath Analyzer CA4458 - H&amp;W Biotech<\/title>\n<meta name=\"robots\" content=\"index, follow, max-snippet:-1, max-image-preview:large, max-video-preview:-1\" \/>\n<link rel=\"canonical\" href=\"https:\/\/healthwing.fi\/fi\/tuote\/nano-coulomb-breath-analyzer-ca4458\/\" \/>\n<meta property=\"og:locale\" content=\"fi_FI\" \/>\n<meta property=\"og:type\" content=\"article\" \/>\n<meta property=\"og:title\" content=\"Nano Coulomb Breath Analyzer CA4458\" \/>\n<meta property=\"og:description\" content=\"CA4458 measures H2\/CH4\/CO2 in human breath, for the clinical purpose of the following:   Lactulose\/glucose breath test: diagnose small intestinal bacterial overgrowth(SIBO) ;  Lactose\/fructose breath test: diagnose carbohydrate maldigestion.           CE marked In vitro diagnostic medical device for professional use.  Manufacturer: Sunvou Medical Electronics Co., Ltd.          &nbsp;\" \/>\n<meta property=\"og:url\" content=\"https:\/\/healthwing.fi\/fi\/tuote\/nano-coulomb-breath-analyzer-ca4458\/\" \/>\n<meta property=\"og:site_name\" content=\"H&amp;W Biotech\" \/>\n<meta property=\"article:publisher\" content=\"https:\/\/www.facebook.com\/HWBiotechOy\" \/>\n<meta property=\"article:modified_time\" content=\"2022-12-09T09:34:48+00:00\" \/>\n<meta property=\"og:image\" content=\"https:\/\/healthwing.fi\/wp-content\/uploads\/2022\/03\/Nano-Coulomb-Analyzers.png\" \/>\n\t<meta property=\"og:image:width\" content=\"1922\" \/>\n\t<meta property=\"og:image:height\" content=\"1594\" \/>\n\t<meta property=\"og:image:type\" content=\"image\/png\" \/>\n<meta name=\"twitter:card\" content=\"summary_large_image\" \/>\n<script type=\"application\/ld+json\" class=\"yoast-schema-graph\">{\"@context\":\"https:\/\/schema.org\",\"@graph\":[{\"@type\":\"WebPage\",\"@id\":\"https:\/\/healthwing.fi\/product\/nano-coulomb-breath-analyzer-ca4458\/\",\"url\":\"https:\/\/healthwing.fi\/product\/nano-coulomb-breath-analyzer-ca4458\/\",\"name\":\"Nano Coulomb Breath Analyzer CA4458 - H&amp;W Biotech\",\"isPartOf\":{\"@id\":\"https:\/\/healthwing.fi\/#website\"},\"primaryImageOfPage\":{\"@id\":\"https:\/\/healthwing.fi\/product\/nano-coulomb-breath-analyzer-ca4458\/#primaryimage\"},\"image\":{\"@id\":\"https:\/\/healthwing.fi\/product\/nano-coulomb-breath-analyzer-ca4458\/#primaryimage\"},\"thumbnailUrl\":\"https:\/\/healthwing.fi\/wp-content\/uploads\/2022\/03\/nano_coulomb_analyzer.jpg\",\"datePublished\":\"2022-03-04T10:25:58+00:00\",\"dateModified\":\"2022-12-09T09:34:48+00:00\",\"breadcrumb\":{\"@id\":\"https:\/\/healthwing.fi\/product\/nano-coulomb-breath-analyzer-ca4458\/#breadcrumb\"},\"inLanguage\":\"fi\",\"potentialAction\":[{\"@type\":\"ReadAction\",\"target\":[\"https:\/\/healthwing.fi\/product\/nano-coulomb-breath-analyzer-ca4458\/\"]}]},{\"@type\":\"ImageObject\",\"inLanguage\":\"fi\",\"@id\":\"https:\/\/healthwing.fi\/product\/nano-coulomb-breath-analyzer-ca4458\/#primaryimage\",\"url\":\"https:\/\/healthwing.fi\/wp-content\/uploads\/2022\/03\/nano_coulomb_analyzer.jpg\",\"contentUrl\":\"https:\/\/healthwing.fi\/wp-content\/uploads\/2022\/03\/nano_coulomb_analyzer.jpg\",\"width\":1922,\"height\":1594},{\"@type\":\"BreadcrumbList\",\"@id\":\"https:\/\/healthwing.fi\/product\/nano-coulomb-breath-analyzer-ca4458\/#breadcrumb\",\"itemListElement\":[{\"@type\":\"ListItem\",\"position\":1,\"name\":\"Home\",\"item\":\"https:\/\/healthwing.fi\/\"},{\"@type\":\"ListItem\",\"position\":2,\"name\":\"Products\",\"item\":\"https:\/\/healthwing.fi\/products\/\"},{\"@type\":\"ListItem\",\"position\":3,\"name\":\"Nano Coulomb Breath Analyzer CA4458\"}]},{\"@type\":\"WebSite\",\"@id\":\"https:\/\/healthwing.fi\/#website\",\"url\":\"https:\/\/healthwing.fi\/\",\"name\":\"H&W Biotech\",\"description\":\"H&amp;W Biotech\",\"publisher\":{\"@id\":\"https:\/\/healthwing.fi\/#organization\"},\"potentialAction\":[{\"@type\":\"SearchAction\",\"target\":{\"@type\":\"EntryPoint\",\"urlTemplate\":\"https:\/\/healthwing.fi\/?s={search_term_string}\"},\"query-input\":{\"@type\":\"PropertyValueSpecification\",\"valueRequired\":true,\"valueName\":\"search_term_string\"}}],\"inLanguage\":\"fi\"},{\"@type\":\"Organization\",\"@id\":\"https:\/\/healthwing.fi\/#organization\",\"name\":\"H&W Biotech\",\"url\":\"https:\/\/healthwing.fi\/\",\"logo\":{\"@type\":\"ImageObject\",\"inLanguage\":\"fi\",\"@id\":\"https:\/\/healthwing.fi\/#\/schema\/logo\/image\/\",\"url\":\"https:\/\/healthwing.fi\/wp-content\/uploads\/2022\/03\/HW-Biotech-logo.png\",\"contentUrl\":\"https:\/\/healthwing.fi\/wp-content\/uploads\/2022\/03\/HW-Biotech-logo.png\",\"width\":275,\"height\":122,\"caption\":\"H&W Biotech\"},\"image\":{\"@id\":\"https:\/\/healthwing.fi\/#\/schema\/logo\/image\/\"},\"sameAs\":[\"https:\/\/www.facebook.com\/HWBiotechOy\",\"https:\/\/www.linkedin.com\/company\/h-w-biotech-oy\"]}]}<\/script>\n<!-- \/ Yoast SEO Premium plugin. -->","yoast_head_json":{"title":"Nano Coulomb Breath Analyzer CA4458 - H&amp;W Biotech","robots":{"index":"index","follow":"follow","max-snippet":"max-snippet:-1","max-image-preview":"max-image-preview:large","max-video-preview":"max-video-preview:-1"},"canonical":"https:\/\/healthwing.fi\/fi\/tuote\/nano-coulomb-breath-analyzer-ca4458\/","og_locale":"fi_FI","og_type":"article","og_title":"Nano Coulomb Breath Analyzer CA4458","og_description":"CA4458 measures H2\/CH4\/CO2 in human breath, for the clinical purpose of the following:   Lactulose\/glucose breath test: diagnose small intestinal bacterial overgrowth(SIBO) ;  Lactose\/fructose breath test: diagnose carbohydrate maldigestion.           CE marked In vitro diagnostic medical device for professional use.  Manufacturer: Sunvou Medical Electronics Co., Ltd.          &nbsp;","og_url":"https:\/\/healthwing.fi\/fi\/tuote\/nano-coulomb-breath-analyzer-ca4458\/","og_site_name":"H&amp;W Biotech","article_publisher":"https:\/\/www.facebook.com\/HWBiotechOy","article_modified_time":"2022-12-09T09:34:48+00:00","og_image":[{"width":1922,"height":1594,"url":"https:\/\/healthwing.fi\/wp-content\/uploads\/2022\/03\/Nano-Coulomb-Analyzers.png","type":"image\/png"}],"twitter_card":"summary_large_image","schema":{"@context":"https:\/\/schema.org","@graph":[{"@type":"WebPage","@id":"https:\/\/healthwing.fi\/product\/nano-coulomb-breath-analyzer-ca4458\/","url":"https:\/\/healthwing.fi\/product\/nano-coulomb-breath-analyzer-ca4458\/","name":"Nano Coulomb Breath Analyzer CA4458 - H&amp;W Biotech","isPartOf":{"@id":"https:\/\/healthwing.fi\/#website"},"primaryImageOfPage":{"@id":"https:\/\/healthwing.fi\/product\/nano-coulomb-breath-analyzer-ca4458\/#primaryimage"},"image":{"@id":"https:\/\/healthwing.fi\/product\/nano-coulomb-breath-analyzer-ca4458\/#primaryimage"},"thumbnailUrl":"https:\/\/healthwing.fi\/wp-content\/uploads\/2022\/03\/nano_coulomb_analyzer.jpg","datePublished":"2022-03-04T10:25:58+00:00","dateModified":"2022-12-09T09:34:48+00:00","breadcrumb":{"@id":"https:\/\/healthwing.fi\/product\/nano-coulomb-breath-analyzer-ca4458\/#breadcrumb"},"inLanguage":"fi","potentialAction":[{"@type":"ReadAction","target":["https:\/\/healthwing.fi\/product\/nano-coulomb-breath-analyzer-ca4458\/"]}]},{"@type":"ImageObject","inLanguage":"fi","@id":"https:\/\/healthwing.fi\/product\/nano-coulomb-breath-analyzer-ca4458\/#primaryimage","url":"https:\/\/healthwing.fi\/wp-content\/uploads\/2022\/03\/nano_coulomb_analyzer.jpg","contentUrl":"https:\/\/healthwing.fi\/wp-content\/uploads\/2022\/03\/nano_coulomb_analyzer.jpg","width":1922,"height":1594},{"@type":"BreadcrumbList","@id":"https:\/\/healthwing.fi\/product\/nano-coulomb-breath-analyzer-ca4458\/#breadcrumb","itemListElement":[{"@type":"ListItem","position":1,"name":"Home","item":"https:\/\/healthwing.fi\/"},{"@type":"ListItem","position":2,"name":"Products","item":"https:\/\/healthwing.fi\/products\/"},{"@type":"ListItem","position":3,"name":"Nano Coulomb Breath Analyzer CA4458"}]},{"@type":"WebSite","@id":"https:\/\/healthwing.fi\/#website","url":"https:\/\/healthwing.fi\/","name":"H&W Biotech","description":"H&amp;W Biotech","publisher":{"@id":"https:\/\/healthwing.fi\/#organization"},"potentialAction":[{"@type":"SearchAction","target":{"@type":"EntryPoint","urlTemplate":"https:\/\/healthwing.fi\/?s={search_term_string}"},"query-input":{"@type":"PropertyValueSpecification","valueRequired":true,"valueName":"search_term_string"}}],"inLanguage":"fi"},{"@type":"Organization","@id":"https:\/\/healthwing.fi\/#organization","name":"H&W Biotech","url":"https:\/\/healthwing.fi\/","logo":{"@type":"ImageObject","inLanguage":"fi","@id":"https:\/\/healthwing.fi\/#\/schema\/logo\/image\/","url":"https:\/\/healthwing.fi\/wp-content\/uploads\/2022\/03\/HW-Biotech-logo.png","contentUrl":"https:\/\/healthwing.fi\/wp-content\/uploads\/2022\/03\/HW-Biotech-logo.png","width":275,"height":122,"caption":"H&W Biotech"},"image":{"@id":"https:\/\/healthwing.fi\/#\/schema\/logo\/image\/"},"sameAs":["https:\/\/www.facebook.com\/HWBiotechOy","https:\/\/www.linkedin.com\/company\/h-w-biotech-oy"]}]}},"_links":{"self":[{"href":"https:\/\/healthwing.fi\/fi\/wp-json\/wp\/v2\/product\/121","targetHints":{"allow":["GET"]}}],"collection":[{"href":"https:\/\/healthwing.fi\/fi\/wp-json\/wp\/v2\/product"}],"about":[{"href":"https:\/\/healthwing.fi\/fi\/wp-json\/wp\/v2\/types\/product"}],"wp:featuredmedia":[{"embeddable":true,"href":"https:\/\/healthwing.fi\/fi\/wp-json\/wp\/v2\/media\/302"}],"wp:attachment":[{"href":"https:\/\/healthwing.fi\/fi\/wp-json\/wp\/v2\/media?parent=121"}],"wp:term":[{"taxonomy":"product_brand","embeddable":true,"href":"https:\/\/healthwing.fi\/fi\/wp-json\/wp\/v2\/product_brand?post=121"},{"taxonomy":"product_cat","embeddable":true,"href":"https:\/\/healthwing.fi\/fi\/wp-json\/wp\/v2\/product_cat?post=121"},{"taxonomy":"product_tag","embeddable":true,"href":"https:\/\/healthwing.fi\/fi\/wp-json\/wp\/v2\/product_tag?post=121"}],"curies":[{"name":"wp","href":"https:\/\/api.w.org\/{rel}","templated":true}]}}