{"id":413,"date":"2022-06-15T14:37:46","date_gmt":"2022-06-15T12:37:46","guid":{"rendered":"https:\/\/healthwing.fi\/?post_type=product&#038;p=413"},"modified":"2025-07-24T21:51:01","modified_gmt":"2025-07-24T19:51:01","slug":"vitamin-d-rapid-test-cassette","status":"publish","type":"product","link":"https:\/\/healthwing.fi\/fi\/tuote\/vitamin-d-rapid-test-cassette\/","title":{"rendered":"D-vitamiini pikatesti"},"content":{"rendered":"<p><a style=\"display: inline-flex; align-items: center; justify-content: center; padding: 12px 25px; background-color: rgba(78, 181, 173, 0.8); color: white; text-decoration: none; border-radius: 12px; cursor: pointer; box-shadow: 0px 4px 8px rgba(0,0,0,0.2); transition: background-color 0.3s ease, box-shadow 0.3s ease, transform 0.3s ease; font-size: 16px; line-height: 1.2; height: 48px;\" href=\"https:\/\/healthwing.fi\/wp-content\/uploads\/2022\/10\/IFU-Vitamin-D.pdf\" target=\"_blank\" rel=\"noopener\"><strong>K\u00e4ytt\u00f6ohjeet<\/strong><\/a><\/p>\n<div style=\"width: 1020px;\" class=\"wp-video\"><video class=\"wp-video-shortcode\" id=\"video-413-1\" width=\"1020\" height=\"574\" preload=\"metadata\" controls=\"controls\"><source type=\"video\/mp4\" src=\"https:\/\/healthwing.fi\/wp-content\/uploads\/2022\/06\/Na\u0308in-ka\u0308yta\u0308t-HW-D-vitamiini-pikatesti-pa\u0308ivitetty-29.6.2022.mp4?_=1\" \/><a href=\"https:\/\/healthwing.fi\/wp-content\/uploads\/2022\/06\/N\u00e4in-k\u00e4yt\u00e4t-HW-D-vitamiini-pikatesti-p\u00e4ivitetty-29.6.2022.mp4\">https:\/\/healthwing.fi\/wp-content\/uploads\/2022\/06\/N\u00e4in-k\u00e4yt\u00e4t-HW-D-vitamiini-pikatesti-p\u00e4ivitetty-29.6.2022.mp4<\/a><\/video><\/div>","protected":false},"excerpt":{"rendered":"<p>D-vitamiini pikatesti itsesuoritettavaan testaukseen.<\/p>\n<p>CE-merkitty (0123) In vitro -diagnostinen l\u00e4\u00e4kinn\u00e4llinen laite itsesuoritettavaan testaukseen.<\/p>\n<p>Pikatesti D-vitamiinin m\u00e4\u00e4ritykseen sormenp\u00e4\u00e4verin\u00e4ytteest\u00e4. D-vitamiinin puutos on tunnetusti yleist\u00e4 suomalaisessa aikuisv\u00e4est\u00f6ss\u00e4 ja puutoksen riski lis\u00e4\u00e4ntyy vanhetessa, ihon D-vitamiinin tuotannon heikentyess\u00e4.<\/p>\n<p>Terveyden ja hyvinvoinnin kannalta on t\u00e4rke\u00e4\u00e4 yll\u00e4pit\u00e4\u00e4 riitt\u00e4v\u00e4\u00e4 D-vitamiinitasoa. D-vitamiinin puutos saattaa aiheuttaa luuston heikkenemist\u00e4 ja lis\u00e4ksi se on yhdistetty useisiin vakaviin sairauksiin. D-vitamiinitason seurantaa pidet\u00e4\u00e4n l\u00e4hes v\u00e4ltt\u00e4m\u00e4tt\u00f6m\u00e4n\u00e4.<\/p>\n<p>Testill\u00e4 saadaan D-vitamiinin kokonaistilanne koska se mittaa 25-OH-D-vitamiinia. N\u00e4in ollen mitataan paitsi D-vitamiinin saatavuus, my\u00f6s varastom\u00e4\u00e4r\u00e4. Pakkauksessa olevaan v\u00e4rikorttiin vertaamalla saadaan tulos: 25-OH-D-vitamiinin puute, riitt\u00e4m\u00e4t\u00f6n taso tai riitt\u00e4v\u00e4 taso. Kun 25-OH- D-vitamiinin pitoisuus on 30 ng\/ml tai v\u00e4hemm\u00e4n, testin tuloksena on puutos tai riitt\u00e4m\u00e4t\u00f6n taso. N\u00e4iss\u00e4 tapauksissa voidaan suositella D-vitamiinilisien k\u00e4ytt\u00f6\u00e4.<\/p>\n<ul>\n<li>Vastaus 10 minuutissa<\/li>\n<li>Luotettava ja helppo<\/li>\n<li>Kaikki testaukseen tarvittava mukana<\/li>\n<li>N\u00e4yte helposti sormenp\u00e4\u00e4n kokoverest\u00e4<\/li>\n<li>Tulosvaihtoehdot: riitt\u00e4v\u00e4 taso, riitt\u00e4m\u00e4t\u00f6n taso ja puutos<\/li>\n<\/ul>\n<p>Tuote on helposti saatavilla laajasta valikoimasta suomalaisia apteekkeja, terveyskauppoja ja verkkokauppoja.<\/p>\n<p>D-vitamiini pikatestin viitealueet ovat seuraavat:<\/p>\n<ul>\n<li>alle 25 nmol\/l: puutos<\/li>\n<li>25\u201375 nmol\/l: riitt\u00e4m\u00e4t\u00f6n taso<\/li>\n<li>75\u2013250 nmol\/l: riitt\u00e4v\u00e4 taso<\/li>\n<li>yli 250 nmol\/l: liiallinen pitoisuus<\/li>\n<\/ul>\n<p>Testitulokset tulkitaan pakkauksen mukana tulevan v\u00e4rikortin avulla.<br \/>\nValmistaja: Hangzhou AllTest Biotech Co., Ltd<\/p>","protected":false},"featured_media":764,"template":"","meta":{"_monsterinsights_skip_tracking":false,"_monsterinsights_sitenote_active":false,"_monsterinsights_sitenote_note":"","_monsterinsights_sitenote_category":0},"product_brand":[],"product_cat":[30,39,41],"product_tag":[],"class_list":{"0":"post-413","1":"product","2":"type-product","3":"status-publish","4":"has-post-thumbnail","6":"product_cat-home-test","7":"product_cat-ladys-health-tests","8":"product_cat-mens-health-tests","10":"first","11":"instock","12":"taxable","13":"shipping-taxable","14":"product-type-simple"},"yoast_head":"<!-- This site is optimized with the Yoast SEO Premium plugin v22.8 (Yoast SEO v27.2) - https:\/\/yoast.com\/product\/yoast-seo-premium-wordpress\/ -->\n<title>Vitamin D Rapid Test Cassette - H&amp;W Biotech<\/title>\n<meta name=\"robots\" content=\"index, follow, max-snippet:-1, max-image-preview:large, max-video-preview:-1\" \/>\n<link rel=\"canonical\" href=\"https:\/\/healthwing.fi\/fi\/tuote\/vitamin-d-rapid-test-cassette\/\" \/>\n<meta property=\"og:locale\" content=\"fi_FI\" \/>\n<meta property=\"og:type\" content=\"article\" \/>\n<meta property=\"og:title\" content=\"Vitamin D Rapid Test Cassette\" \/>\n<meta property=\"og:description\" content=\"Vitamin D Rapid Test Cassette for self-testing.  CE marked (0123) In vitro diagnostic medical device for self-testing.  Rapid test for the determination of Vitamin D in fingertip blood sample. Vitamin D deficiency is common in the adult population and the risk of deficiency increases with age, as Vitamin D synthesis decreases in the skin.  Adequate levels of Vitamin D are crucial for health and well-being, since Vitamin D deficiency can cause bone loss and is associated to various serious diseases. Monitoring of Vitamin D levels is, therefore, considered essential.  The test measures 25-OH Vitamin D and, thus, gives the total Vitamin D status. Both the available form of Vitamin D and its stored form are measured. The result is obtained by comparison with a color card: Deficient, Insufficient, or Sufficient level of 25-OH Vitamin D. When 25-OH Vitamin D concentration is 30 ng\/ml or less, the test reveals a deficiency or an insufficient level. In these cases, use of Vitamin D supplements may be recommended.   Result available in 10 minutes  Reliable and Easy  Everything you need for testing included  Easy sampling of fingertip blood  Result options: Sufficient, Insufficient or Deficient 25-OH Vitamin D level  The product can be conveniently found in an extensive range of Finnish pharmacies, health stores, and online shopping platforms.  The reference values for the Vitamin D Rapid Test Casette are as following:   under 25 nmol\/l: deficient  25\u201375 nmol\/l: insufficient  75\u2013250 nmol\/l: sufficient  over 250 nmol\/l: excess  The test results are interpreted by use of a color card provided in the test package. Manufacturer: Hangzhou AllTest Biotech Co., Ltd\" \/>\n<meta property=\"og:url\" content=\"https:\/\/healthwing.fi\/fi\/tuote\/vitamin-d-rapid-test-cassette\/\" \/>\n<meta property=\"og:site_name\" content=\"H&amp;W Biotech\" \/>\n<meta property=\"article:publisher\" content=\"https:\/\/www.facebook.com\/HWBiotechOy\" \/>\n<meta property=\"article:modified_time\" content=\"2025-07-24T19:51:01+00:00\" \/>\n<meta property=\"og:image\" content=\"https:\/\/healthwing.fi\/wp-content\/uploads\/2022\/06\/VD-test-new-photo.jpg\" \/>\n\t<meta property=\"og:image:width\" content=\"1067\" \/>\n\t<meta property=\"og:image:height\" content=\"800\" \/>\n\t<meta property=\"og:image:type\" content=\"image\/jpeg\" \/>\n<meta name=\"twitter:card\" content=\"summary_large_image\" \/>\n<meta name=\"twitter:label1\" content=\"Arvioitu lukuaika\" \/>\n\t<meta name=\"twitter:data1\" content=\"1 minuutti\" \/>\n<script type=\"application\/ld+json\" class=\"yoast-schema-graph\">{\"@context\":\"https:\/\/schema.org\",\"@graph\":[{\"@type\":\"WebPage\",\"@id\":\"https:\/\/healthwing.fi\/product\/vitamin-d-rapid-test-cassette\/\",\"url\":\"https:\/\/healthwing.fi\/product\/vitamin-d-rapid-test-cassette\/\",\"name\":\"Vitamin D Rapid Test Cassette - H&amp;W Biotech\",\"isPartOf\":{\"@id\":\"https:\/\/healthwing.fi\/#website\"},\"primaryImageOfPage\":{\"@id\":\"https:\/\/healthwing.fi\/product\/vitamin-d-rapid-test-cassette\/#primaryimage\"},\"image\":{\"@id\":\"https:\/\/healthwing.fi\/product\/vitamin-d-rapid-test-cassette\/#primaryimage\"},\"thumbnailUrl\":\"https:\/\/healthwing.fi\/wp-content\/uploads\/2022\/06\/VD-test-new-photo.jpg\",\"datePublished\":\"2022-06-15T12:37:46+00:00\",\"dateModified\":\"2025-07-24T19:51:01+00:00\",\"breadcrumb\":{\"@id\":\"https:\/\/healthwing.fi\/product\/vitamin-d-rapid-test-cassette\/#breadcrumb\"},\"inLanguage\":\"fi\",\"potentialAction\":[{\"@type\":\"ReadAction\",\"target\":[\"https:\/\/healthwing.fi\/product\/vitamin-d-rapid-test-cassette\/\"]}]},{\"@type\":\"ImageObject\",\"inLanguage\":\"fi\",\"@id\":\"https:\/\/healthwing.fi\/product\/vitamin-d-rapid-test-cassette\/#primaryimage\",\"url\":\"https:\/\/healthwing.fi\/wp-content\/uploads\/2022\/06\/VD-test-new-photo.jpg\",\"contentUrl\":\"https:\/\/healthwing.fi\/wp-content\/uploads\/2022\/06\/VD-test-new-photo.jpg\",\"width\":1067,\"height\":800},{\"@type\":\"BreadcrumbList\",\"@id\":\"https:\/\/healthwing.fi\/product\/vitamin-d-rapid-test-cassette\/#breadcrumb\",\"itemListElement\":[{\"@type\":\"ListItem\",\"position\":1,\"name\":\"Home\",\"item\":\"https:\/\/healthwing.fi\/\"},{\"@type\":\"ListItem\",\"position\":2,\"name\":\"Products\",\"item\":\"https:\/\/healthwing.fi\/products\/\"},{\"@type\":\"ListItem\",\"position\":3,\"name\":\"Vitamin D Rapid Test Cassette\"}]},{\"@type\":\"WebSite\",\"@id\":\"https:\/\/healthwing.fi\/#website\",\"url\":\"https:\/\/healthwing.fi\/\",\"name\":\"H&W Biotech\",\"description\":\"H&amp;W Biotech\",\"publisher\":{\"@id\":\"https:\/\/healthwing.fi\/#organization\"},\"potentialAction\":[{\"@type\":\"SearchAction\",\"target\":{\"@type\":\"EntryPoint\",\"urlTemplate\":\"https:\/\/healthwing.fi\/?s={search_term_string}\"},\"query-input\":{\"@type\":\"PropertyValueSpecification\",\"valueRequired\":true,\"valueName\":\"search_term_string\"}}],\"inLanguage\":\"fi\"},{\"@type\":\"Organization\",\"@id\":\"https:\/\/healthwing.fi\/#organization\",\"name\":\"H&W Biotech\",\"url\":\"https:\/\/healthwing.fi\/\",\"logo\":{\"@type\":\"ImageObject\",\"inLanguage\":\"fi\",\"@id\":\"https:\/\/healthwing.fi\/#\/schema\/logo\/image\/\",\"url\":\"https:\/\/healthwing.fi\/wp-content\/uploads\/2022\/03\/HW-Biotech-logo.png\",\"contentUrl\":\"https:\/\/healthwing.fi\/wp-content\/uploads\/2022\/03\/HW-Biotech-logo.png\",\"width\":275,\"height\":122,\"caption\":\"H&W Biotech\"},\"image\":{\"@id\":\"https:\/\/healthwing.fi\/#\/schema\/logo\/image\/\"},\"sameAs\":[\"https:\/\/www.facebook.com\/HWBiotechOy\",\"https:\/\/www.linkedin.com\/company\/h-w-biotech-oy\"]}]}<\/script>\n<!-- \/ Yoast SEO Premium plugin. -->","yoast_head_json":{"title":"Vitamin D Rapid Test Cassette - H&amp;W Biotech","robots":{"index":"index","follow":"follow","max-snippet":"max-snippet:-1","max-image-preview":"max-image-preview:large","max-video-preview":"max-video-preview:-1"},"canonical":"https:\/\/healthwing.fi\/fi\/tuote\/vitamin-d-rapid-test-cassette\/","og_locale":"fi_FI","og_type":"article","og_title":"Vitamin D Rapid Test Cassette","og_description":"Vitamin D Rapid Test Cassette for self-testing.  CE marked (0123) In vitro diagnostic medical device for self-testing.  Rapid test for the determination of Vitamin D in fingertip blood sample. Vitamin D deficiency is common in the adult population and the risk of deficiency increases with age, as Vitamin D synthesis decreases in the skin.  Adequate levels of Vitamin D are crucial for health and well-being, since Vitamin D deficiency can cause bone loss and is associated to various serious diseases. Monitoring of Vitamin D levels is, therefore, considered essential.  The test measures 25-OH Vitamin D and, thus, gives the total Vitamin D status. Both the available form of Vitamin D and its stored form are measured. The result is obtained by comparison with a color card: Deficient, Insufficient, or Sufficient level of 25-OH Vitamin D. When 25-OH Vitamin D concentration is 30 ng\/ml or less, the test reveals a deficiency or an insufficient level. In these cases, use of Vitamin D supplements may be recommended.   Result available in 10 minutes  Reliable and Easy  Everything you need for testing included  Easy sampling of fingertip blood  Result options: Sufficient, Insufficient or Deficient 25-OH Vitamin D level  The product can be conveniently found in an extensive range of Finnish pharmacies, health stores, and online shopping platforms.  The reference values for the Vitamin D Rapid Test Casette are as following:   under 25 nmol\/l: deficient  25\u201375 nmol\/l: insufficient  75\u2013250 nmol\/l: sufficient  over 250 nmol\/l: excess  The test results are interpreted by use of a color card provided in the test package. Manufacturer: Hangzhou AllTest Biotech Co., Ltd","og_url":"https:\/\/healthwing.fi\/fi\/tuote\/vitamin-d-rapid-test-cassette\/","og_site_name":"H&amp;W Biotech","article_publisher":"https:\/\/www.facebook.com\/HWBiotechOy","article_modified_time":"2025-07-24T19:51:01+00:00","og_image":[{"width":1067,"height":800,"url":"https:\/\/healthwing.fi\/wp-content\/uploads\/2022\/06\/VD-test-new-photo.jpg","type":"image\/jpeg"}],"twitter_card":"summary_large_image","twitter_misc":{"Arvioitu lukuaika":"1 minuutti"},"schema":{"@context":"https:\/\/schema.org","@graph":[{"@type":"WebPage","@id":"https:\/\/healthwing.fi\/product\/vitamin-d-rapid-test-cassette\/","url":"https:\/\/healthwing.fi\/product\/vitamin-d-rapid-test-cassette\/","name":"Vitamin D Rapid Test Cassette - H&amp;W Biotech","isPartOf":{"@id":"https:\/\/healthwing.fi\/#website"},"primaryImageOfPage":{"@id":"https:\/\/healthwing.fi\/product\/vitamin-d-rapid-test-cassette\/#primaryimage"},"image":{"@id":"https:\/\/healthwing.fi\/product\/vitamin-d-rapid-test-cassette\/#primaryimage"},"thumbnailUrl":"https:\/\/healthwing.fi\/wp-content\/uploads\/2022\/06\/VD-test-new-photo.jpg","datePublished":"2022-06-15T12:37:46+00:00","dateModified":"2025-07-24T19:51:01+00:00","breadcrumb":{"@id":"https:\/\/healthwing.fi\/product\/vitamin-d-rapid-test-cassette\/#breadcrumb"},"inLanguage":"fi","potentialAction":[{"@type":"ReadAction","target":["https:\/\/healthwing.fi\/product\/vitamin-d-rapid-test-cassette\/"]}]},{"@type":"ImageObject","inLanguage":"fi","@id":"https:\/\/healthwing.fi\/product\/vitamin-d-rapid-test-cassette\/#primaryimage","url":"https:\/\/healthwing.fi\/wp-content\/uploads\/2022\/06\/VD-test-new-photo.jpg","contentUrl":"https:\/\/healthwing.fi\/wp-content\/uploads\/2022\/06\/VD-test-new-photo.jpg","width":1067,"height":800},{"@type":"BreadcrumbList","@id":"https:\/\/healthwing.fi\/product\/vitamin-d-rapid-test-cassette\/#breadcrumb","itemListElement":[{"@type":"ListItem","position":1,"name":"Home","item":"https:\/\/healthwing.fi\/"},{"@type":"ListItem","position":2,"name":"Products","item":"https:\/\/healthwing.fi\/products\/"},{"@type":"ListItem","position":3,"name":"Vitamin D Rapid Test Cassette"}]},{"@type":"WebSite","@id":"https:\/\/healthwing.fi\/#website","url":"https:\/\/healthwing.fi\/","name":"H&W Biotech","description":"H&amp;W Biotech","publisher":{"@id":"https:\/\/healthwing.fi\/#organization"},"potentialAction":[{"@type":"SearchAction","target":{"@type":"EntryPoint","urlTemplate":"https:\/\/healthwing.fi\/?s={search_term_string}"},"query-input":{"@type":"PropertyValueSpecification","valueRequired":true,"valueName":"search_term_string"}}],"inLanguage":"fi"},{"@type":"Organization","@id":"https:\/\/healthwing.fi\/#organization","name":"H&W Biotech","url":"https:\/\/healthwing.fi\/","logo":{"@type":"ImageObject","inLanguage":"fi","@id":"https:\/\/healthwing.fi\/#\/schema\/logo\/image\/","url":"https:\/\/healthwing.fi\/wp-content\/uploads\/2022\/03\/HW-Biotech-logo.png","contentUrl":"https:\/\/healthwing.fi\/wp-content\/uploads\/2022\/03\/HW-Biotech-logo.png","width":275,"height":122,"caption":"H&W Biotech"},"image":{"@id":"https:\/\/healthwing.fi\/#\/schema\/logo\/image\/"},"sameAs":["https:\/\/www.facebook.com\/HWBiotechOy","https:\/\/www.linkedin.com\/company\/h-w-biotech-oy"]}]}},"_links":{"self":[{"href":"https:\/\/healthwing.fi\/fi\/wp-json\/wp\/v2\/product\/413","targetHints":{"allow":["GET"]}}],"collection":[{"href":"https:\/\/healthwing.fi\/fi\/wp-json\/wp\/v2\/product"}],"about":[{"href":"https:\/\/healthwing.fi\/fi\/wp-json\/wp\/v2\/types\/product"}],"wp:featuredmedia":[{"embeddable":true,"href":"https:\/\/healthwing.fi\/fi\/wp-json\/wp\/v2\/media\/764"}],"wp:attachment":[{"href":"https:\/\/healthwing.fi\/fi\/wp-json\/wp\/v2\/media?parent=413"}],"wp:term":[{"taxonomy":"product_brand","embeddable":true,"href":"https:\/\/healthwing.fi\/fi\/wp-json\/wp\/v2\/product_brand?post=413"},{"taxonomy":"product_cat","embeddable":true,"href":"https:\/\/healthwing.fi\/fi\/wp-json\/wp\/v2\/product_cat?post=413"},{"taxonomy":"product_tag","embeddable":true,"href":"https:\/\/healthwing.fi\/fi\/wp-json\/wp\/v2\/product_tag?post=413"}],"curies":[{"name":"wp","href":"https:\/\/api.w.org\/{rel}","templated":true}]}}