{"id":416,"date":"2022-06-15T14:46:59","date_gmt":"2022-06-15T12:46:59","guid":{"rendered":"https:\/\/healthwing.fi\/?post_type=product&#038;p=416"},"modified":"2025-07-24T21:50:41","modified_gmt":"2025-07-24T19:50:41","slug":"ferritin-rapid-test-cassette","status":"publish","type":"product","link":"https:\/\/healthwing.fi\/fi\/tuote\/ferritin-rapid-test-cassette\/","title":{"rendered":"Ferritiini pikatesti"},"content":{"rendered":"<p><a style=\"display: inline-flex; align-items: center; justify-content: center; padding: 12px 25px; background-color: rgba(78, 181, 173, 0.8); color: white; text-decoration: none; border-radius: 12px; cursor: pointer; box-shadow: 0px 4px 8px rgba(0,0,0,0.2); transition: background-color 0.3s ease, box-shadow 0.3s ease, transform 0.3s ease; font-size: 16px; line-height: 1.2; height: 48px;\" href=\"https:\/\/healthwing.fi\/wp-content\/uploads\/2025\/06\/HW-OFE-402H-IFU.pdf\" target=\"_blank\" rel=\"noopener\"><strong>K\u00e4ytt\u00f6ohjeet<\/strong><\/a><\/p>\n<div style=\"width: 1020px;\" class=\"wp-video\"><video class=\"wp-video-shortcode\" id=\"video-416-1\" width=\"1020\" height=\"574\" preload=\"metadata\" controls=\"controls\"><source type=\"video\/mp4\" src=\"https:\/\/healthwing.fi\/wp-content\/uploads\/2022\/06\/N\u00e4in-k\u00e4yt\u00e4t-HW-Ferritiini-pikatesti-p\u00e4ivitetty-29.6.2022.mp4?_=1\" \/><a href=\"https:\/\/healthwing.fi\/wp-content\/uploads\/2022\/06\/N\u00e4in-k\u00e4yt\u00e4t-HW-Ferritiini-pikatesti-p\u00e4ivitetty-29.6.2022.mp4\">https:\/\/healthwing.fi\/wp-content\/uploads\/2022\/06\/N\u00e4in-k\u00e4yt\u00e4t-HW-Ferritiini-pikatesti-p\u00e4ivitetty-29.6.2022.mp4<\/a><\/video><\/div>","protected":false},"excerpt":{"rendered":"<p>Ferritiini pikatesti itsesuoritettavaan testaukseen.<\/p>\n<p>CE-merkitty (0123) In vitro -diagnostinen l\u00e4\u00e4kinn\u00e4llinen laite itsesuoritettavaan testaukseen.<\/p>\n<p>Raudanpuuteanemian varhaiseen toteamiseen.<\/p>\n<p>Ferritiinin m\u00e4\u00e4r\u00e4 kuvaa elimist\u00f6n rautavarastoa. Ferritiinin taso laskee aikaisemmin kuin hemoglobiinin. Siten ferritiinin arvioinnilla on ratkaiseva rooli raudanpuuteanemian varhaisessa toteamisessa. Raudanpuutteen syy tulisi kuitenkin aina selvitt\u00e4\u00e4. Mik\u00e4li testi antaa negatiivisen tuloksen eli ferritiinin m\u00e4\u00e4r\u00e4 on alle 30 ng\/ml, kannattaa asiasta keskustella l\u00e4\u00e4k\u00e4rin kanssa.<\/p>\n<ul>\n<li>Vastaus 5 minuutissa<\/li>\n<li>Luotettava ja helppo<\/li>\n<li>Kaikki testaukseen tarvittava mukana<\/li>\n<li>N\u00e4yte helposti sormenp\u00e4\u00e4n kokoverest\u00e4<\/li>\n<li>Tulos on joko negatiivinen, eli alhainen ferritiinitaso, tai positiivinen, eli ferritiini\u00e4 on riitt\u00e4v\u00e4sti<\/li>\n<\/ul>\n<p>Tuote on helposti saatavilla laajasta valikoimasta suomalaisia apteekkeja, terveyskauppoja ja verkkokauppoja.<br \/>\nValmistaja: Hangzhou AllTest Biotech Co., Ltd<\/p>","protected":false},"featured_media":562,"template":"","meta":{"_monsterinsights_skip_tracking":false,"_monsterinsights_sitenote_active":false,"_monsterinsights_sitenote_note":"","_monsterinsights_sitenote_category":0},"product_brand":[],"product_cat":[30,39],"product_tag":[],"class_list":{"0":"post-416","1":"product","2":"type-product","3":"status-publish","4":"has-post-thumbnail","6":"product_cat-home-test","7":"product_cat-ladys-health-tests","9":"first","10":"instock","11":"taxable","12":"shipping-taxable","13":"product-type-simple"},"yoast_head":"<!-- This site is optimized with the Yoast SEO Premium plugin v22.8 (Yoast SEO v27.2) - https:\/\/yoast.com\/product\/yoast-seo-premium-wordpress\/ -->\n<title>Ferritin Rapid Test Cassette - H&amp;W Biotech<\/title>\n<meta name=\"robots\" content=\"index, follow, max-snippet:-1, max-image-preview:large, max-video-preview:-1\" \/>\n<link rel=\"canonical\" href=\"https:\/\/healthwing.fi\/fi\/tuote\/ferritin-rapid-test-cassette\/\" \/>\n<meta property=\"og:locale\" content=\"fi_FI\" \/>\n<meta property=\"og:type\" content=\"article\" \/>\n<meta property=\"og:title\" content=\"Ferritin Rapid Test Cassette\" \/>\n<meta property=\"og:description\" content=\"Ferritin Rapid Test Cassette for self-testing.  CE marked (0123) In vitro diagnostic medical device for self-testing.  For Early Screening of lron Deficiency Anemia (IDA).  Ferritin is a protein that stores iron in the body. The amount of ferritin reflects the amount of iron stored in the body. Ferritin levels decline earlier than hemoglobin levels and, thus, the determination of ferritin plays a crucial role in the early detection of iron deficiency anemia. The cause of the iron deficiency should, however, always be investigated. If the test result is negative, i.e. the ferritin level is less than 30 ng\/ml, consulting a physician is recommended.   Result available in 5 minutes  Reliable and Easy  Everything you need for testing included  Easy sampling of fingertip blood  The result is either negative, indicating low level of ferritin, or positive, indicating sufficient level of ferritin  The product can be conveniently found in an extensive range of Finnish pharmacies, health stores, and online shopping platforms. Manufacturer: Hangzhou AllTest Biotech Co., Ltd\" \/>\n<meta property=\"og:url\" content=\"https:\/\/healthwing.fi\/fi\/tuote\/ferritin-rapid-test-cassette\/\" \/>\n<meta property=\"og:site_name\" content=\"H&amp;W Biotech\" \/>\n<meta property=\"article:publisher\" content=\"https:\/\/www.facebook.com\/HWBiotechOy\" \/>\n<meta property=\"article:modified_time\" content=\"2025-07-24T19:50:41+00:00\" \/>\n<meta property=\"og:image\" content=\"https:\/\/healthwing.fi\/wp-content\/uploads\/2022\/06\/Ferritin-test-product-image.jpeg\" \/>\n\t<meta property=\"og:image:width\" content=\"1067\" \/>\n\t<meta property=\"og:image:height\" content=\"800\" \/>\n\t<meta property=\"og:image:type\" content=\"image\/jpeg\" \/>\n<meta name=\"twitter:card\" content=\"summary_large_image\" \/>\n<meta name=\"twitter:label1\" content=\"Arvioitu lukuaika\" \/>\n\t<meta name=\"twitter:data1\" content=\"1 minuutti\" \/>\n<script type=\"application\/ld+json\" class=\"yoast-schema-graph\">{\"@context\":\"https:\/\/schema.org\",\"@graph\":[{\"@type\":\"WebPage\",\"@id\":\"https:\/\/healthwing.fi\/product\/ferritin-rapid-test-cassette\/\",\"url\":\"https:\/\/healthwing.fi\/product\/ferritin-rapid-test-cassette\/\",\"name\":\"Ferritin Rapid Test Cassette - H&amp;W Biotech\",\"isPartOf\":{\"@id\":\"https:\/\/healthwing.fi\/#website\"},\"primaryImageOfPage\":{\"@id\":\"https:\/\/healthwing.fi\/product\/ferritin-rapid-test-cassette\/#primaryimage\"},\"image\":{\"@id\":\"https:\/\/healthwing.fi\/product\/ferritin-rapid-test-cassette\/#primaryimage\"},\"thumbnailUrl\":\"https:\/\/healthwing.fi\/wp-content\/uploads\/2022\/06\/Ferritin-test-product-image.jpeg\",\"datePublished\":\"2022-06-15T12:46:59+00:00\",\"dateModified\":\"2025-07-24T19:50:41+00:00\",\"breadcrumb\":{\"@id\":\"https:\/\/healthwing.fi\/product\/ferritin-rapid-test-cassette\/#breadcrumb\"},\"inLanguage\":\"fi\",\"potentialAction\":[{\"@type\":\"ReadAction\",\"target\":[\"https:\/\/healthwing.fi\/product\/ferritin-rapid-test-cassette\/\"]}]},{\"@type\":\"ImageObject\",\"inLanguage\":\"fi\",\"@id\":\"https:\/\/healthwing.fi\/product\/ferritin-rapid-test-cassette\/#primaryimage\",\"url\":\"https:\/\/healthwing.fi\/wp-content\/uploads\/2022\/06\/Ferritin-test-product-image.jpeg\",\"contentUrl\":\"https:\/\/healthwing.fi\/wp-content\/uploads\/2022\/06\/Ferritin-test-product-image.jpeg\",\"width\":1067,\"height\":800},{\"@type\":\"BreadcrumbList\",\"@id\":\"https:\/\/healthwing.fi\/product\/ferritin-rapid-test-cassette\/#breadcrumb\",\"itemListElement\":[{\"@type\":\"ListItem\",\"position\":1,\"name\":\"Home\",\"item\":\"https:\/\/healthwing.fi\/\"},{\"@type\":\"ListItem\",\"position\":2,\"name\":\"Products\",\"item\":\"https:\/\/healthwing.fi\/products\/\"},{\"@type\":\"ListItem\",\"position\":3,\"name\":\"Ferritin Rapid Test Cassette\"}]},{\"@type\":\"WebSite\",\"@id\":\"https:\/\/healthwing.fi\/#website\",\"url\":\"https:\/\/healthwing.fi\/\",\"name\":\"H&W Biotech\",\"description\":\"H&amp;W Biotech\",\"publisher\":{\"@id\":\"https:\/\/healthwing.fi\/#organization\"},\"potentialAction\":[{\"@type\":\"SearchAction\",\"target\":{\"@type\":\"EntryPoint\",\"urlTemplate\":\"https:\/\/healthwing.fi\/?s={search_term_string}\"},\"query-input\":{\"@type\":\"PropertyValueSpecification\",\"valueRequired\":true,\"valueName\":\"search_term_string\"}}],\"inLanguage\":\"fi\"},{\"@type\":\"Organization\",\"@id\":\"https:\/\/healthwing.fi\/#organization\",\"name\":\"H&W Biotech\",\"url\":\"https:\/\/healthwing.fi\/\",\"logo\":{\"@type\":\"ImageObject\",\"inLanguage\":\"fi\",\"@id\":\"https:\/\/healthwing.fi\/#\/schema\/logo\/image\/\",\"url\":\"https:\/\/healthwing.fi\/wp-content\/uploads\/2022\/03\/HW-Biotech-logo.png\",\"contentUrl\":\"https:\/\/healthwing.fi\/wp-content\/uploads\/2022\/03\/HW-Biotech-logo.png\",\"width\":275,\"height\":122,\"caption\":\"H&W Biotech\"},\"image\":{\"@id\":\"https:\/\/healthwing.fi\/#\/schema\/logo\/image\/\"},\"sameAs\":[\"https:\/\/www.facebook.com\/HWBiotechOy\",\"https:\/\/www.linkedin.com\/company\/h-w-biotech-oy\"]}]}<\/script>\n<!-- \/ Yoast SEO Premium plugin. -->","yoast_head_json":{"title":"Ferritin Rapid Test Cassette - H&amp;W Biotech","robots":{"index":"index","follow":"follow","max-snippet":"max-snippet:-1","max-image-preview":"max-image-preview:large","max-video-preview":"max-video-preview:-1"},"canonical":"https:\/\/healthwing.fi\/fi\/tuote\/ferritin-rapid-test-cassette\/","og_locale":"fi_FI","og_type":"article","og_title":"Ferritin Rapid Test Cassette","og_description":"Ferritin Rapid Test Cassette for self-testing.  CE marked (0123) In vitro diagnostic medical device for self-testing.  For Early Screening of lron Deficiency Anemia (IDA).  Ferritin is a protein that stores iron in the body. The amount of ferritin reflects the amount of iron stored in the body. Ferritin levels decline earlier than hemoglobin levels and, thus, the determination of ferritin plays a crucial role in the early detection of iron deficiency anemia. The cause of the iron deficiency should, however, always be investigated. If the test result is negative, i.e. the ferritin level is less than 30 ng\/ml, consulting a physician is recommended.   Result available in 5 minutes  Reliable and Easy  Everything you need for testing included  Easy sampling of fingertip blood  The result is either negative, indicating low level of ferritin, or positive, indicating sufficient level of ferritin  The product can be conveniently found in an extensive range of Finnish pharmacies, health stores, and online shopping platforms. Manufacturer: Hangzhou AllTest Biotech Co., Ltd","og_url":"https:\/\/healthwing.fi\/fi\/tuote\/ferritin-rapid-test-cassette\/","og_site_name":"H&amp;W Biotech","article_publisher":"https:\/\/www.facebook.com\/HWBiotechOy","article_modified_time":"2025-07-24T19:50:41+00:00","og_image":[{"width":1067,"height":800,"url":"https:\/\/healthwing.fi\/wp-content\/uploads\/2022\/06\/Ferritin-test-product-image.jpeg","type":"image\/jpeg"}],"twitter_card":"summary_large_image","twitter_misc":{"Arvioitu lukuaika":"1 minuutti"},"schema":{"@context":"https:\/\/schema.org","@graph":[{"@type":"WebPage","@id":"https:\/\/healthwing.fi\/product\/ferritin-rapid-test-cassette\/","url":"https:\/\/healthwing.fi\/product\/ferritin-rapid-test-cassette\/","name":"Ferritin Rapid Test Cassette - H&amp;W Biotech","isPartOf":{"@id":"https:\/\/healthwing.fi\/#website"},"primaryImageOfPage":{"@id":"https:\/\/healthwing.fi\/product\/ferritin-rapid-test-cassette\/#primaryimage"},"image":{"@id":"https:\/\/healthwing.fi\/product\/ferritin-rapid-test-cassette\/#primaryimage"},"thumbnailUrl":"https:\/\/healthwing.fi\/wp-content\/uploads\/2022\/06\/Ferritin-test-product-image.jpeg","datePublished":"2022-06-15T12:46:59+00:00","dateModified":"2025-07-24T19:50:41+00:00","breadcrumb":{"@id":"https:\/\/healthwing.fi\/product\/ferritin-rapid-test-cassette\/#breadcrumb"},"inLanguage":"fi","potentialAction":[{"@type":"ReadAction","target":["https:\/\/healthwing.fi\/product\/ferritin-rapid-test-cassette\/"]}]},{"@type":"ImageObject","inLanguage":"fi","@id":"https:\/\/healthwing.fi\/product\/ferritin-rapid-test-cassette\/#primaryimage","url":"https:\/\/healthwing.fi\/wp-content\/uploads\/2022\/06\/Ferritin-test-product-image.jpeg","contentUrl":"https:\/\/healthwing.fi\/wp-content\/uploads\/2022\/06\/Ferritin-test-product-image.jpeg","width":1067,"height":800},{"@type":"BreadcrumbList","@id":"https:\/\/healthwing.fi\/product\/ferritin-rapid-test-cassette\/#breadcrumb","itemListElement":[{"@type":"ListItem","position":1,"name":"Home","item":"https:\/\/healthwing.fi\/"},{"@type":"ListItem","position":2,"name":"Products","item":"https:\/\/healthwing.fi\/products\/"},{"@type":"ListItem","position":3,"name":"Ferritin Rapid Test Cassette"}]},{"@type":"WebSite","@id":"https:\/\/healthwing.fi\/#website","url":"https:\/\/healthwing.fi\/","name":"H&W Biotech","description":"H&amp;W Biotech","publisher":{"@id":"https:\/\/healthwing.fi\/#organization"},"potentialAction":[{"@type":"SearchAction","target":{"@type":"EntryPoint","urlTemplate":"https:\/\/healthwing.fi\/?s={search_term_string}"},"query-input":{"@type":"PropertyValueSpecification","valueRequired":true,"valueName":"search_term_string"}}],"inLanguage":"fi"},{"@type":"Organization","@id":"https:\/\/healthwing.fi\/#organization","name":"H&W Biotech","url":"https:\/\/healthwing.fi\/","logo":{"@type":"ImageObject","inLanguage":"fi","@id":"https:\/\/healthwing.fi\/#\/schema\/logo\/image\/","url":"https:\/\/healthwing.fi\/wp-content\/uploads\/2022\/03\/HW-Biotech-logo.png","contentUrl":"https:\/\/healthwing.fi\/wp-content\/uploads\/2022\/03\/HW-Biotech-logo.png","width":275,"height":122,"caption":"H&W Biotech"},"image":{"@id":"https:\/\/healthwing.fi\/#\/schema\/logo\/image\/"},"sameAs":["https:\/\/www.facebook.com\/HWBiotechOy","https:\/\/www.linkedin.com\/company\/h-w-biotech-oy"]}]}},"_links":{"self":[{"href":"https:\/\/healthwing.fi\/fi\/wp-json\/wp\/v2\/product\/416","targetHints":{"allow":["GET"]}}],"collection":[{"href":"https:\/\/healthwing.fi\/fi\/wp-json\/wp\/v2\/product"}],"about":[{"href":"https:\/\/healthwing.fi\/fi\/wp-json\/wp\/v2\/types\/product"}],"wp:featuredmedia":[{"embeddable":true,"href":"https:\/\/healthwing.fi\/fi\/wp-json\/wp\/v2\/media\/562"}],"wp:attachment":[{"href":"https:\/\/healthwing.fi\/fi\/wp-json\/wp\/v2\/media?parent=416"}],"wp:term":[{"taxonomy":"product_brand","embeddable":true,"href":"https:\/\/healthwing.fi\/fi\/wp-json\/wp\/v2\/product_brand?post=416"},{"taxonomy":"product_cat","embeddable":true,"href":"https:\/\/healthwing.fi\/fi\/wp-json\/wp\/v2\/product_cat?post=416"},{"taxonomy":"product_tag","embeddable":true,"href":"https:\/\/healthwing.fi\/fi\/wp-json\/wp\/v2\/product_tag?post=416"}],"curies":[{"name":"wp","href":"https:\/\/api.w.org\/{rel}","templated":true}]}}