{"id":435,"date":"2022-07-20T16:48:10","date_gmt":"2022-07-20T14:48:10","guid":{"rendered":"https:\/\/healthwing.fi\/?post_type=product&#038;p=435"},"modified":"2022-12-09T11:35:34","modified_gmt":"2022-12-09T09:35:34","slug":"covid-19-influenza-a-b-nucleic-acid-test-kit","status":"publish","type":"product","link":"https:\/\/healthwing.fi\/fi\/tuote\/covid-19-influenza-a-b-nucleic-acid-test-kit\/","title":{"rendered":"COVID-19 &amp; Influenssa A\/B PCR-testi"},"content":{"rendered":"","protected":false},"excerpt":{"rendered":"<p>CE-merkitty In vitro -diagnostinen l\u00e4\u00e4kinn\u00e4llinen laite ammattik\u00e4ytt\u00f6\u00f6n.<\/p>\n<p>Valmistaja: Wuhan EasyDiagnosis Biomedicine Co., Ltd.<\/p>\n<p>Testi\u00e4 k\u00e4ytet\u00e4\u00e4n influenssa A-viruksen M-geenin, influenssa B-viruksen NS-geenin ja 2019-nCoV- (SARS-CoV-2) ORF1ab-geenin kvalitatiiviseen in vitro testaukseen tapauksissa, joissa ep\u00e4ill\u00e4\u00e4n influenssa A\/B-viruksen tai COVID.-19 tautia aiheuttavan viruksen tartuntaa.<\/p>\n<p>Testin tulokset ovat viitteellisi\u00e4, eik\u00e4 niit\u00e4 tule k\u00e4ytt\u00e4\u00e4 ainoana kliinisen diagnoosin perustana. On suositeltavaa suorittaa kattava analyysi potilaan tilasta yhdess\u00e4 kliinisen tautikuvan ja muiden laboratoriotutkimusten kanssa.<\/p>\n<p>Testiss\u00e4 k\u00e4ytet\u00e4\u00e4n PCR-fluoresoivia koettimia yhdistettyn\u00e4 yksivaiheiseen RT-PCR-tekniikkaan, jolla tunnistetaan 2019-nCoV- (SARS-CoV-2) ORF1ab-geenin, influenssa A-viruksen (FA) M-geenin ja influenssa B-viruksen (FB) NS-geenin konservoituneet sekvenssit. Arvioi tulokset reaktion j\u00e4lkeen analysoimalla jokaisen kanavan syklin kynnysarvo (Ct-arvo). Sis\u00e4isen\u00e4 kontrollina on RnaseP-geeni, jolla seurataan n\u00e4ytteenottoa, uuttamista, templaatin lis\u00e4yst\u00e4, monistusta ja muita vaiheita. Kontrollin avulla estet\u00e4\u00e4n tehokkaasti v\u00e4\u00e4ri\u00e4 positiivisia ja v\u00e4\u00e4ri\u00e4 negatiivisia tuloksia.<\/p>","protected":false},"featured_media":436,"template":"","meta":{"_monsterinsights_skip_tracking":false,"_monsterinsights_sitenote_active":false,"_monsterinsights_sitenote_note":"","_monsterinsights_sitenote_category":0},"product_brand":[],"product_cat":[31,32],"product_tag":[],"class_list":{"0":"post-435","1":"product","2":"type-product","3":"status-publish","4":"has-post-thumbnail","6":"product_cat-professional-devices-tests","7":"product_cat-professional-tests","9":"first","10":"instock","11":"taxable","12":"shipping-taxable","13":"product-type-simple"},"yoast_head":"<!-- This site is optimized with the Yoast SEO Premium plugin v22.8 (Yoast SEO v27.2) - https:\/\/yoast.com\/product\/yoast-seo-premium-wordpress\/ -->\n<title>COVID-19 &amp; Influenza A\/B Nucleic Acid Test Kit - H&amp;W Biotech<\/title>\n<meta name=\"robots\" content=\"index, follow, max-snippet:-1, max-image-preview:large, max-video-preview:-1\" \/>\n<link rel=\"canonical\" href=\"https:\/\/healthwing.fi\/fi\/tuote\/covid-19-influenza-a-b-nucleic-acid-test-kit\/\" \/>\n<meta property=\"og:locale\" content=\"fi_FI\" \/>\n<meta property=\"og:type\" content=\"article\" \/>\n<meta property=\"og:title\" content=\"COVID-19 &amp; Influenza A\/B Nucleic Acid Test Kit\" \/>\n<meta property=\"og:description\" content=\"CE marked In vitro diagnostic medical device for professional use.  Manufacturer: Wuhan EasyDiagnosis Biomedicine Co., Ltd.  The kit is used for in vitro qualitative test of influenza A virus M gene, influenza B virus NS gene and 2019-nCoV (SARS-CoV-2) ORF1ab gene in suspected cases infected by influenza A\/B virus and 2019-nCoV (SARS-CoV-2).  The test results of the kit are for clinical reference only and shall not be used as the only standard for clinical diagnosis, it is recommended to conduct a comprehensive analysis of the patient&#039;s condition in combination with clinical manifestations and other laboratory tests.  The kit applies multiple PCR-fluorescent probe technique for test. It is combined with one-step RT-PCR technique, respectively takes the specificity conserved sequence of 2019-nCoV (SARS-CoV-2) ORF1ab gene, Influenza A virus (FA) M gene and Influenza B virus (FB) NS gene as target region, designed with target gene detection primer probe and equipped with RT-PCR reaction system for testing. After reaction, judge the results by analyzing the cycle threshold value (Ct value) of every channel. In addition, the kit is designed with the human housekeeping gene RNaseP as internal standard for monitoring, sampling, extracting, adding specimen and amplification to effectively prevent the occurrence of false positives.\" \/>\n<meta property=\"og:url\" content=\"https:\/\/healthwing.fi\/fi\/tuote\/covid-19-influenza-a-b-nucleic-acid-test-kit\/\" \/>\n<meta property=\"og:site_name\" content=\"H&amp;W Biotech\" \/>\n<meta property=\"article:publisher\" content=\"https:\/\/www.facebook.com\/HWBiotechOy\" \/>\n<meta property=\"article:modified_time\" content=\"2022-12-09T09:35:34+00:00\" \/>\n<meta property=\"og:image\" content=\"https:\/\/healthwing.fi\/wp-content\/uploads\/2022\/07\/COVID-19-Flu-AB-Nucleic-Acid.jpeg\" \/>\n\t<meta property=\"og:image:width\" content=\"1280\" \/>\n\t<meta property=\"og:image:height\" content=\"840\" \/>\n\t<meta property=\"og:image:type\" content=\"image\/jpeg\" \/>\n<meta name=\"twitter:card\" content=\"summary_large_image\" \/>\n<script type=\"application\/ld+json\" class=\"yoast-schema-graph\">{\"@context\":\"https:\/\/schema.org\",\"@graph\":[{\"@type\":\"WebPage\",\"@id\":\"https:\/\/healthwing.fi\/product\/covid-19-influenza-a-b-nucleic-acid-test-kit\/\",\"url\":\"https:\/\/healthwing.fi\/product\/covid-19-influenza-a-b-nucleic-acid-test-kit\/\",\"name\":\"COVID-19 & Influenza A\/B Nucleic Acid Test Kit - H&amp;W Biotech\",\"isPartOf\":{\"@id\":\"https:\/\/healthwing.fi\/#website\"},\"primaryImageOfPage\":{\"@id\":\"https:\/\/healthwing.fi\/product\/covid-19-influenza-a-b-nucleic-acid-test-kit\/#primaryimage\"},\"image\":{\"@id\":\"https:\/\/healthwing.fi\/product\/covid-19-influenza-a-b-nucleic-acid-test-kit\/#primaryimage\"},\"thumbnailUrl\":\"https:\/\/healthwing.fi\/wp-content\/uploads\/2022\/07\/COVID-19-Flu-AB-Nucleic-Acid.jpeg\",\"datePublished\":\"2022-07-20T14:48:10+00:00\",\"dateModified\":\"2022-12-09T09:35:34+00:00\",\"breadcrumb\":{\"@id\":\"https:\/\/healthwing.fi\/product\/covid-19-influenza-a-b-nucleic-acid-test-kit\/#breadcrumb\"},\"inLanguage\":\"fi\",\"potentialAction\":[{\"@type\":\"ReadAction\",\"target\":[\"https:\/\/healthwing.fi\/product\/covid-19-influenza-a-b-nucleic-acid-test-kit\/\"]}]},{\"@type\":\"ImageObject\",\"inLanguage\":\"fi\",\"@id\":\"https:\/\/healthwing.fi\/product\/covid-19-influenza-a-b-nucleic-acid-test-kit\/#primaryimage\",\"url\":\"https:\/\/healthwing.fi\/wp-content\/uploads\/2022\/07\/COVID-19-Flu-AB-Nucleic-Acid.jpeg\",\"contentUrl\":\"https:\/\/healthwing.fi\/wp-content\/uploads\/2022\/07\/COVID-19-Flu-AB-Nucleic-Acid.jpeg\",\"width\":1280,\"height\":840},{\"@type\":\"BreadcrumbList\",\"@id\":\"https:\/\/healthwing.fi\/product\/covid-19-influenza-a-b-nucleic-acid-test-kit\/#breadcrumb\",\"itemListElement\":[{\"@type\":\"ListItem\",\"position\":1,\"name\":\"Home\",\"item\":\"https:\/\/healthwing.fi\/\"},{\"@type\":\"ListItem\",\"position\":2,\"name\":\"Products\",\"item\":\"https:\/\/healthwing.fi\/products\/\"},{\"@type\":\"ListItem\",\"position\":3,\"name\":\"COVID-19 &#038; Influenza A\/B Nucleic Acid Test Kit\"}]},{\"@type\":\"WebSite\",\"@id\":\"https:\/\/healthwing.fi\/#website\",\"url\":\"https:\/\/healthwing.fi\/\",\"name\":\"H&W Biotech\",\"description\":\"H&amp;W Biotech\",\"publisher\":{\"@id\":\"https:\/\/healthwing.fi\/#organization\"},\"potentialAction\":[{\"@type\":\"SearchAction\",\"target\":{\"@type\":\"EntryPoint\",\"urlTemplate\":\"https:\/\/healthwing.fi\/?s={search_term_string}\"},\"query-input\":{\"@type\":\"PropertyValueSpecification\",\"valueRequired\":true,\"valueName\":\"search_term_string\"}}],\"inLanguage\":\"fi\"},{\"@type\":\"Organization\",\"@id\":\"https:\/\/healthwing.fi\/#organization\",\"name\":\"H&W Biotech\",\"url\":\"https:\/\/healthwing.fi\/\",\"logo\":{\"@type\":\"ImageObject\",\"inLanguage\":\"fi\",\"@id\":\"https:\/\/healthwing.fi\/#\/schema\/logo\/image\/\",\"url\":\"https:\/\/healthwing.fi\/wp-content\/uploads\/2022\/03\/HW-Biotech-logo.png\",\"contentUrl\":\"https:\/\/healthwing.fi\/wp-content\/uploads\/2022\/03\/HW-Biotech-logo.png\",\"width\":275,\"height\":122,\"caption\":\"H&W Biotech\"},\"image\":{\"@id\":\"https:\/\/healthwing.fi\/#\/schema\/logo\/image\/\"},\"sameAs\":[\"https:\/\/www.facebook.com\/HWBiotechOy\",\"https:\/\/www.linkedin.com\/company\/h-w-biotech-oy\"]}]}<\/script>\n<!-- \/ Yoast SEO Premium plugin. -->","yoast_head_json":{"title":"COVID-19 & Influenza A\/B Nucleic Acid Test Kit - H&amp;W Biotech","robots":{"index":"index","follow":"follow","max-snippet":"max-snippet:-1","max-image-preview":"max-image-preview:large","max-video-preview":"max-video-preview:-1"},"canonical":"https:\/\/healthwing.fi\/fi\/tuote\/covid-19-influenza-a-b-nucleic-acid-test-kit\/","og_locale":"fi_FI","og_type":"article","og_title":"COVID-19 & Influenza A\/B Nucleic Acid Test Kit","og_description":"CE marked In vitro diagnostic medical device for professional use.  Manufacturer: Wuhan EasyDiagnosis Biomedicine Co., Ltd.  The kit is used for in vitro qualitative test of influenza A virus M gene, influenza B virus NS gene and 2019-nCoV (SARS-CoV-2) ORF1ab gene in suspected cases infected by influenza A\/B virus and 2019-nCoV (SARS-CoV-2).  The test results of the kit are for clinical reference only and shall not be used as the only standard for clinical diagnosis, it is recommended to conduct a comprehensive analysis of the patient's condition in combination with clinical manifestations and other laboratory tests.  The kit applies multiple PCR-fluorescent probe technique for test. It is combined with one-step RT-PCR technique, respectively takes the specificity conserved sequence of 2019-nCoV (SARS-CoV-2) ORF1ab gene, Influenza A virus (FA) M gene and Influenza B virus (FB) NS gene as target region, designed with target gene detection primer probe and equipped with RT-PCR reaction system for testing. After reaction, judge the results by analyzing the cycle threshold value (Ct value) of every channel. In addition, the kit is designed with the human housekeeping gene RNaseP as internal standard for monitoring, sampling, extracting, adding specimen and amplification to effectively prevent the occurrence of false positives.","og_url":"https:\/\/healthwing.fi\/fi\/tuote\/covid-19-influenza-a-b-nucleic-acid-test-kit\/","og_site_name":"H&amp;W Biotech","article_publisher":"https:\/\/www.facebook.com\/HWBiotechOy","article_modified_time":"2022-12-09T09:35:34+00:00","og_image":[{"width":1280,"height":840,"url":"https:\/\/healthwing.fi\/wp-content\/uploads\/2022\/07\/COVID-19-Flu-AB-Nucleic-Acid.jpeg","type":"image\/jpeg"}],"twitter_card":"summary_large_image","schema":{"@context":"https:\/\/schema.org","@graph":[{"@type":"WebPage","@id":"https:\/\/healthwing.fi\/product\/covid-19-influenza-a-b-nucleic-acid-test-kit\/","url":"https:\/\/healthwing.fi\/product\/covid-19-influenza-a-b-nucleic-acid-test-kit\/","name":"COVID-19 & Influenza A\/B Nucleic Acid Test Kit - H&amp;W Biotech","isPartOf":{"@id":"https:\/\/healthwing.fi\/#website"},"primaryImageOfPage":{"@id":"https:\/\/healthwing.fi\/product\/covid-19-influenza-a-b-nucleic-acid-test-kit\/#primaryimage"},"image":{"@id":"https:\/\/healthwing.fi\/product\/covid-19-influenza-a-b-nucleic-acid-test-kit\/#primaryimage"},"thumbnailUrl":"https:\/\/healthwing.fi\/wp-content\/uploads\/2022\/07\/COVID-19-Flu-AB-Nucleic-Acid.jpeg","datePublished":"2022-07-20T14:48:10+00:00","dateModified":"2022-12-09T09:35:34+00:00","breadcrumb":{"@id":"https:\/\/healthwing.fi\/product\/covid-19-influenza-a-b-nucleic-acid-test-kit\/#breadcrumb"},"inLanguage":"fi","potentialAction":[{"@type":"ReadAction","target":["https:\/\/healthwing.fi\/product\/covid-19-influenza-a-b-nucleic-acid-test-kit\/"]}]},{"@type":"ImageObject","inLanguage":"fi","@id":"https:\/\/healthwing.fi\/product\/covid-19-influenza-a-b-nucleic-acid-test-kit\/#primaryimage","url":"https:\/\/healthwing.fi\/wp-content\/uploads\/2022\/07\/COVID-19-Flu-AB-Nucleic-Acid.jpeg","contentUrl":"https:\/\/healthwing.fi\/wp-content\/uploads\/2022\/07\/COVID-19-Flu-AB-Nucleic-Acid.jpeg","width":1280,"height":840},{"@type":"BreadcrumbList","@id":"https:\/\/healthwing.fi\/product\/covid-19-influenza-a-b-nucleic-acid-test-kit\/#breadcrumb","itemListElement":[{"@type":"ListItem","position":1,"name":"Home","item":"https:\/\/healthwing.fi\/"},{"@type":"ListItem","position":2,"name":"Products","item":"https:\/\/healthwing.fi\/products\/"},{"@type":"ListItem","position":3,"name":"COVID-19 &#038; Influenza A\/B Nucleic Acid Test Kit"}]},{"@type":"WebSite","@id":"https:\/\/healthwing.fi\/#website","url":"https:\/\/healthwing.fi\/","name":"H&W Biotech","description":"H&amp;W Biotech","publisher":{"@id":"https:\/\/healthwing.fi\/#organization"},"potentialAction":[{"@type":"SearchAction","target":{"@type":"EntryPoint","urlTemplate":"https:\/\/healthwing.fi\/?s={search_term_string}"},"query-input":{"@type":"PropertyValueSpecification","valueRequired":true,"valueName":"search_term_string"}}],"inLanguage":"fi"},{"@type":"Organization","@id":"https:\/\/healthwing.fi\/#organization","name":"H&W Biotech","url":"https:\/\/healthwing.fi\/","logo":{"@type":"ImageObject","inLanguage":"fi","@id":"https:\/\/healthwing.fi\/#\/schema\/logo\/image\/","url":"https:\/\/healthwing.fi\/wp-content\/uploads\/2022\/03\/HW-Biotech-logo.png","contentUrl":"https:\/\/healthwing.fi\/wp-content\/uploads\/2022\/03\/HW-Biotech-logo.png","width":275,"height":122,"caption":"H&W Biotech"},"image":{"@id":"https:\/\/healthwing.fi\/#\/schema\/logo\/image\/"},"sameAs":["https:\/\/www.facebook.com\/HWBiotechOy","https:\/\/www.linkedin.com\/company\/h-w-biotech-oy"]}]}},"_links":{"self":[{"href":"https:\/\/healthwing.fi\/fi\/wp-json\/wp\/v2\/product\/435","targetHints":{"allow":["GET"]}}],"collection":[{"href":"https:\/\/healthwing.fi\/fi\/wp-json\/wp\/v2\/product"}],"about":[{"href":"https:\/\/healthwing.fi\/fi\/wp-json\/wp\/v2\/types\/product"}],"wp:featuredmedia":[{"embeddable":true,"href":"https:\/\/healthwing.fi\/fi\/wp-json\/wp\/v2\/media\/436"}],"wp:attachment":[{"href":"https:\/\/healthwing.fi\/fi\/wp-json\/wp\/v2\/media?parent=435"}],"wp:term":[{"taxonomy":"product_brand","embeddable":true,"href":"https:\/\/healthwing.fi\/fi\/wp-json\/wp\/v2\/product_brand?post=435"},{"taxonomy":"product_cat","embeddable":true,"href":"https:\/\/healthwing.fi\/fi\/wp-json\/wp\/v2\/product_cat?post=435"},{"taxonomy":"product_tag","embeddable":true,"href":"https:\/\/healthwing.fi\/fi\/wp-json\/wp\/v2\/product_tag?post=435"}],"curies":[{"name":"wp","href":"https:\/\/api.w.org\/{rel}","templated":true}]}}