{"id":438,"date":"2022-07-25T13:39:29","date_gmt":"2022-07-25T11:39:29","guid":{"rendered":"https:\/\/healthwing.fi\/?post_type=product&#038;p=438"},"modified":"2022-12-09T11:29:33","modified_gmt":"2022-12-09T09:29:33","slug":"monkeypox-virus-dna-real-time-diagnostic-kit-freeze-dried","status":"publish","type":"product","link":"https:\/\/healthwing.fi\/fi\/tuote\/monkeypox-virus-dna-real-time-diagnostic-kit-freeze-dried\/","title":{"rendered":"Monkeypox Virus DNA Real Time Diagnostic Kit (kylm\u00e4kuivattu)"},"content":{"rendered":"","protected":false},"excerpt":{"rendered":"<p>CE-merkitty In vitro -diagnostinen l\u00e4\u00e4kinn\u00e4llinen laite ammattik\u00e4ytt\u00f6\u00f6n.<\/p>\n<p>Valmistaja: Wuhan EasyDiagnosis Biomedicine Co., Ltd.<\/p>\n<p>Monkeypox Virus DNA Real Time Diagnostic Kit (kylm\u00e4kuivattu) k\u00e4ytet\u00e4\u00e4n apinarokkoviruksen kvalitatiiviseen havaitsemiseen ihmisen seerumista, kokoverest\u00e4 tai ihovaurion\u00e4ytteist\u00e4, mukaan lukien vanupuikoilla otettavat n\u00e4ytteet vaurion pinnasta ja\/tai eritteest\u00e4, yhdistetyist\u00e4 eritteist\u00e4 useammasta vauriosta tai arpeutuneesta ihosta. Apinarokko on viruksen aiheuttama, ensisijaisesti el\u00e4imist\u00e4 ihmisiin tarttuva tauti. Apinarokkovirus on DNA-virus, joka kuuluu Poxviridae-heimon Orthopoxvirus-sukuun. Alkuoireita ovat kuume, p\u00e4\u00e4ns\u00e4rky, suurentuneet imusolmukkeet, lihaskipu ja voimakas v\u00e4symys. Muutaman kuumep\u00e4iv\u00e4n j\u00e4lkeen ilmenee ihottumaa kasvoilla ja muissa kehon osissa ja voi my\u00f6s aiheutua toissijaisia infektioita kuten keuhkoputkentulehdusta ja verenmyrkytyst\u00e4. T\u00e4m\u00e4n testin tuloksia voidaan k\u00e4ytt\u00e4\u00e4 apuna apinarokkovirusinfektion diagnostiikkaan ja perustana apinarokkovirusinfektion molekyylidiagnostiikalle.<\/p>\n<p>Huomioitavaa: Testi ei pysty tunnistamaan apinarokkoviruksen tyyppi\u00e4. Testitulokset ovat viitteellisi\u00e4, eik\u00e4 niit\u00e4 voida k\u00e4ytt\u00e4\u00e4 yksin\u00e4\u00e4n diagnoosin vahvistamisen tai taudin poissulkemisen perustana. On suositeltavaa, ett\u00e4 potilaan terveydentila analysoidaan kattavasti potilaan kliinisten oireiden ja muiden laboratoriotutkimusten perusteella.<\/p>\n<p>Tuotteen hy\u00f6dynt\u00e4mi\u00e4 teknologioita ovat multiplex PCR fluoresoivalla koettimella ja reagenssien kylm\u00e4kuivaus. PCR:n kohteena ovat apinarokkovirusspesifiset konservoituneet geenialueet, jotka tunnistetaan geenispesifisill\u00e4 alukkeilla ja koettimilla. Testin tulos arvioidaan PCR-syklien lukum\u00e4\u00e4r\u00e4n (Ct-arvon) perusteella.<\/p>\n<p>Testipakkaus sis\u00e4lt\u00e4\u00e4 my\u00f6s UNG-entsyymi\u00e4 ja dUTP:t\u00e4, jotka auttavat v\u00e4hent\u00e4m\u00e4\u00e4n kontaminaatioriski\u00e4 ja v\u00e4\u00e4rien positiivisten tulosten muodostumista. Pakkaus sis\u00e4lt\u00e4\u00e4 my\u00f6s kaikissa ihmissoluissa esiintyv\u00e4n geenin, jota k\u00e4ytet\u00e4\u00e4n testin sis\u00e4isen\u00e4 kontrollina n\u00e4ytteenoton, uuton, n\u00e4ytteen lis\u00e4\u00e4misen, monistamisen ja muiden prosessien seurantaan. N\u00e4in voidaan tehokkaasti varmistaa testitulosten spesifisyys ja tarkkuus.<\/p>\n<p>8 putken PCR-stripit: 48 testi\u00e4\/kitti ja 96 testi\u00e4\/kitti.<\/p>\n<p>1 putken PCR-stripit: 48 testi\u00e4\/kitti, 50 testi\u00e4\/ kitti, 96 testi\u00e4\/ kitti ja 100 testi\u00e4\/ kitti.<\/p>","protected":false},"featured_media":439,"template":"","meta":{"_monsterinsights_skip_tracking":false,"_monsterinsights_sitenote_active":false,"_monsterinsights_sitenote_note":"","_monsterinsights_sitenote_category":0},"product_brand":[],"product_cat":[31,32],"product_tag":[],"class_list":{"0":"post-438","1":"product","2":"type-product","3":"status-publish","4":"has-post-thumbnail","6":"product_cat-professional-devices-tests","7":"product_cat-professional-tests","9":"first","10":"instock","11":"taxable","12":"shipping-taxable","13":"product-type-simple"},"yoast_head":"<!-- This site is optimized with the Yoast SEO Premium plugin v22.8 (Yoast SEO v27.2) - https:\/\/yoast.com\/product\/yoast-seo-premium-wordpress\/ -->\n<title>Monkeypox Virus DNA Real Time Diagnostic Kit (Freeze-dried) - H&amp;W Biotech<\/title>\n<meta name=\"robots\" content=\"index, follow, max-snippet:-1, max-image-preview:large, max-video-preview:-1\" \/>\n<link rel=\"canonical\" href=\"https:\/\/healthwing.fi\/fi\/tuote\/monkeypox-virus-dna-real-time-diagnostic-kit-freeze-dried\/\" \/>\n<meta property=\"og:locale\" content=\"fi_FI\" \/>\n<meta property=\"og:type\" content=\"article\" \/>\n<meta property=\"og:title\" content=\"Monkeypox Virus DNA Real Time Diagnostic Kit (Freeze-dried)\" \/>\n<meta property=\"og:description\" content=\"CE marked In vitro diagnostic medical device for professional use.  Manufacturer: Wuhan EasyDiagnosis Biomedicine Co., Ltd.  The Monkeypox Virus DNA Real Time Diagnostic Kit (Freeze-dried) is used for the qualitative detection of Monkeypox Virus in serum, whole blood or skin lesion material from human, including swabs of lesion surface and\/or exudate, roofs from more than one lesion, or lesion crusts. Monkeypox is a viral zoonotic disease caused by the monkeypox virus. Monkeypox virus is a DNA virus that belongs to the genus Orthopoxvirus in the family Poxviridae. The initial symptoms include fever, headache, lymphadenopathy, muscle soreness, and severe fatigue. After a few days of fever, it develops into a large skin rash on the face and other parts of the body, and may cause secondary infections, bronchitis, and septicemia.  The test results of this kit can be used for the auxiliary diagnosis of monkeypox virus infections and provide the basis for molecular diagnosis of monkeypox virus infection. This kit cannot identify the specific type of monkeypox virus. The test results only serve as clinical references and cannot be used alone as a basis for confirming the diagnosis or excluding the disease. It&#039;s recommended that the patient&#039;s medical condition should be comprehensively analyzed based on the patient&#039;s clinical manifestations and other laboratory tests.  The kit adopts the multiplex PCR-fluorescent probe technology and regent freeze-drying technology and takes monkeypox virus-specific conserved sequences as target regions. It uses target gene detection primers and probes, and the PCR reaction system for detection. The threshold cycle number (Ct value) is used to judge the result.  The kit contains UNG enzyme and dUTP, which can help reduce the possible contamination and avoid false positive results. At the same time, the kit contains human housekeeping genes, which are used to monitor sampling, extraction, sample addition, amplification, and other processes as an internal control. This can effectively ensure the specificity and accuracy of test results.  8-tube strip packages: 48 tests\/kit and 96 tests\/kit.  Single-tube single-test packages: 48 tests\/kit, 50 tests\/kit, 96 tests\/kit, and 100 tests\/kit.\" \/>\n<meta property=\"og:url\" content=\"https:\/\/healthwing.fi\/fi\/tuote\/monkeypox-virus-dna-real-time-diagnostic-kit-freeze-dried\/\" \/>\n<meta property=\"og:site_name\" content=\"H&amp;W Biotech\" \/>\n<meta property=\"article:publisher\" content=\"https:\/\/www.facebook.com\/HWBiotechOy\" \/>\n<meta property=\"article:modified_time\" content=\"2022-12-09T09:29:33+00:00\" \/>\n<meta property=\"og:image\" content=\"https:\/\/healthwing.fi\/wp-content\/uploads\/2022\/07\/Monkeypox-scaled.jpg\" \/>\n\t<meta property=\"og:image:width\" content=\"2560\" \/>\n\t<meta property=\"og:image:height\" content=\"1469\" \/>\n\t<meta property=\"og:image:type\" content=\"image\/jpeg\" \/>\n<meta name=\"twitter:card\" content=\"summary_large_image\" \/>\n<script type=\"application\/ld+json\" class=\"yoast-schema-graph\">{\"@context\":\"https:\/\/schema.org\",\"@graph\":[{\"@type\":\"WebPage\",\"@id\":\"https:\/\/healthwing.fi\/product\/monkeypox-virus-dna-real-time-diagnostic-kit-freeze-dried\/\",\"url\":\"https:\/\/healthwing.fi\/product\/monkeypox-virus-dna-real-time-diagnostic-kit-freeze-dried\/\",\"name\":\"Monkeypox Virus DNA Real Time Diagnostic Kit (Freeze-dried) - H&amp;W Biotech\",\"isPartOf\":{\"@id\":\"https:\/\/healthwing.fi\/#website\"},\"primaryImageOfPage\":{\"@id\":\"https:\/\/healthwing.fi\/product\/monkeypox-virus-dna-real-time-diagnostic-kit-freeze-dried\/#primaryimage\"},\"image\":{\"@id\":\"https:\/\/healthwing.fi\/product\/monkeypox-virus-dna-real-time-diagnostic-kit-freeze-dried\/#primaryimage\"},\"thumbnailUrl\":\"https:\/\/healthwing.fi\/wp-content\/uploads\/2022\/07\/Monkeypox-scaled.jpg\",\"datePublished\":\"2022-07-25T11:39:29+00:00\",\"dateModified\":\"2022-12-09T09:29:33+00:00\",\"breadcrumb\":{\"@id\":\"https:\/\/healthwing.fi\/product\/monkeypox-virus-dna-real-time-diagnostic-kit-freeze-dried\/#breadcrumb\"},\"inLanguage\":\"fi\",\"potentialAction\":[{\"@type\":\"ReadAction\",\"target\":[\"https:\/\/healthwing.fi\/product\/monkeypox-virus-dna-real-time-diagnostic-kit-freeze-dried\/\"]}]},{\"@type\":\"ImageObject\",\"inLanguage\":\"fi\",\"@id\":\"https:\/\/healthwing.fi\/product\/monkeypox-virus-dna-real-time-diagnostic-kit-freeze-dried\/#primaryimage\",\"url\":\"https:\/\/healthwing.fi\/wp-content\/uploads\/2022\/07\/Monkeypox-scaled.jpg\",\"contentUrl\":\"https:\/\/healthwing.fi\/wp-content\/uploads\/2022\/07\/Monkeypox-scaled.jpg\",\"width\":2560,\"height\":1469},{\"@type\":\"BreadcrumbList\",\"@id\":\"https:\/\/healthwing.fi\/product\/monkeypox-virus-dna-real-time-diagnostic-kit-freeze-dried\/#breadcrumb\",\"itemListElement\":[{\"@type\":\"ListItem\",\"position\":1,\"name\":\"Home\",\"item\":\"https:\/\/healthwing.fi\/\"},{\"@type\":\"ListItem\",\"position\":2,\"name\":\"Products\",\"item\":\"https:\/\/healthwing.fi\/products\/\"},{\"@type\":\"ListItem\",\"position\":3,\"name\":\"Monkeypox Virus DNA Real Time Diagnostic Kit (Freeze-dried)\"}]},{\"@type\":\"WebSite\",\"@id\":\"https:\/\/healthwing.fi\/#website\",\"url\":\"https:\/\/healthwing.fi\/\",\"name\":\"H&W Biotech\",\"description\":\"H&amp;W Biotech\",\"publisher\":{\"@id\":\"https:\/\/healthwing.fi\/#organization\"},\"potentialAction\":[{\"@type\":\"SearchAction\",\"target\":{\"@type\":\"EntryPoint\",\"urlTemplate\":\"https:\/\/healthwing.fi\/?s={search_term_string}\"},\"query-input\":{\"@type\":\"PropertyValueSpecification\",\"valueRequired\":true,\"valueName\":\"search_term_string\"}}],\"inLanguage\":\"fi\"},{\"@type\":\"Organization\",\"@id\":\"https:\/\/healthwing.fi\/#organization\",\"name\":\"H&W Biotech\",\"url\":\"https:\/\/healthwing.fi\/\",\"logo\":{\"@type\":\"ImageObject\",\"inLanguage\":\"fi\",\"@id\":\"https:\/\/healthwing.fi\/#\/schema\/logo\/image\/\",\"url\":\"https:\/\/healthwing.fi\/wp-content\/uploads\/2022\/03\/HW-Biotech-logo.png\",\"contentUrl\":\"https:\/\/healthwing.fi\/wp-content\/uploads\/2022\/03\/HW-Biotech-logo.png\",\"width\":275,\"height\":122,\"caption\":\"H&W Biotech\"},\"image\":{\"@id\":\"https:\/\/healthwing.fi\/#\/schema\/logo\/image\/\"},\"sameAs\":[\"https:\/\/www.facebook.com\/HWBiotechOy\",\"https:\/\/www.linkedin.com\/company\/h-w-biotech-oy\"]}]}<\/script>\n<!-- \/ Yoast SEO Premium plugin. -->","yoast_head_json":{"title":"Monkeypox Virus DNA Real Time Diagnostic Kit (Freeze-dried) - H&amp;W Biotech","robots":{"index":"index","follow":"follow","max-snippet":"max-snippet:-1","max-image-preview":"max-image-preview:large","max-video-preview":"max-video-preview:-1"},"canonical":"https:\/\/healthwing.fi\/fi\/tuote\/monkeypox-virus-dna-real-time-diagnostic-kit-freeze-dried\/","og_locale":"fi_FI","og_type":"article","og_title":"Monkeypox Virus DNA Real Time Diagnostic Kit (Freeze-dried)","og_description":"CE marked In vitro diagnostic medical device for professional use.  Manufacturer: Wuhan EasyDiagnosis Biomedicine Co., Ltd.  The Monkeypox Virus DNA Real Time Diagnostic Kit (Freeze-dried) is used for the qualitative detection of Monkeypox Virus in serum, whole blood or skin lesion material from human, including swabs of lesion surface and\/or exudate, roofs from more than one lesion, or lesion crusts. Monkeypox is a viral zoonotic disease caused by the monkeypox virus. Monkeypox virus is a DNA virus that belongs to the genus Orthopoxvirus in the family Poxviridae. The initial symptoms include fever, headache, lymphadenopathy, muscle soreness, and severe fatigue. After a few days of fever, it develops into a large skin rash on the face and other parts of the body, and may cause secondary infections, bronchitis, and septicemia.  The test results of this kit can be used for the auxiliary diagnosis of monkeypox virus infections and provide the basis for molecular diagnosis of monkeypox virus infection. This kit cannot identify the specific type of monkeypox virus. The test results only serve as clinical references and cannot be used alone as a basis for confirming the diagnosis or excluding the disease. It's recommended that the patient's medical condition should be comprehensively analyzed based on the patient's clinical manifestations and other laboratory tests.  The kit adopts the multiplex PCR-fluorescent probe technology and regent freeze-drying technology and takes monkeypox virus-specific conserved sequences as target regions. It uses target gene detection primers and probes, and the PCR reaction system for detection. The threshold cycle number (Ct value) is used to judge the result.  The kit contains UNG enzyme and dUTP, which can help reduce the possible contamination and avoid false positive results. At the same time, the kit contains human housekeeping genes, which are used to monitor sampling, extraction, sample addition, amplification, and other processes as an internal control. This can effectively ensure the specificity and accuracy of test results.  8-tube strip packages: 48 tests\/kit and 96 tests\/kit.  Single-tube single-test packages: 48 tests\/kit, 50 tests\/kit, 96 tests\/kit, and 100 tests\/kit.","og_url":"https:\/\/healthwing.fi\/fi\/tuote\/monkeypox-virus-dna-real-time-diagnostic-kit-freeze-dried\/","og_site_name":"H&amp;W Biotech","article_publisher":"https:\/\/www.facebook.com\/HWBiotechOy","article_modified_time":"2022-12-09T09:29:33+00:00","og_image":[{"width":2560,"height":1469,"url":"https:\/\/healthwing.fi\/wp-content\/uploads\/2022\/07\/Monkeypox-scaled.jpg","type":"image\/jpeg"}],"twitter_card":"summary_large_image","schema":{"@context":"https:\/\/schema.org","@graph":[{"@type":"WebPage","@id":"https:\/\/healthwing.fi\/product\/monkeypox-virus-dna-real-time-diagnostic-kit-freeze-dried\/","url":"https:\/\/healthwing.fi\/product\/monkeypox-virus-dna-real-time-diagnostic-kit-freeze-dried\/","name":"Monkeypox Virus DNA Real Time Diagnostic Kit (Freeze-dried) - H&amp;W Biotech","isPartOf":{"@id":"https:\/\/healthwing.fi\/#website"},"primaryImageOfPage":{"@id":"https:\/\/healthwing.fi\/product\/monkeypox-virus-dna-real-time-diagnostic-kit-freeze-dried\/#primaryimage"},"image":{"@id":"https:\/\/healthwing.fi\/product\/monkeypox-virus-dna-real-time-diagnostic-kit-freeze-dried\/#primaryimage"},"thumbnailUrl":"https:\/\/healthwing.fi\/wp-content\/uploads\/2022\/07\/Monkeypox-scaled.jpg","datePublished":"2022-07-25T11:39:29+00:00","dateModified":"2022-12-09T09:29:33+00:00","breadcrumb":{"@id":"https:\/\/healthwing.fi\/product\/monkeypox-virus-dna-real-time-diagnostic-kit-freeze-dried\/#breadcrumb"},"inLanguage":"fi","potentialAction":[{"@type":"ReadAction","target":["https:\/\/healthwing.fi\/product\/monkeypox-virus-dna-real-time-diagnostic-kit-freeze-dried\/"]}]},{"@type":"ImageObject","inLanguage":"fi","@id":"https:\/\/healthwing.fi\/product\/monkeypox-virus-dna-real-time-diagnostic-kit-freeze-dried\/#primaryimage","url":"https:\/\/healthwing.fi\/wp-content\/uploads\/2022\/07\/Monkeypox-scaled.jpg","contentUrl":"https:\/\/healthwing.fi\/wp-content\/uploads\/2022\/07\/Monkeypox-scaled.jpg","width":2560,"height":1469},{"@type":"BreadcrumbList","@id":"https:\/\/healthwing.fi\/product\/monkeypox-virus-dna-real-time-diagnostic-kit-freeze-dried\/#breadcrumb","itemListElement":[{"@type":"ListItem","position":1,"name":"Home","item":"https:\/\/healthwing.fi\/"},{"@type":"ListItem","position":2,"name":"Products","item":"https:\/\/healthwing.fi\/products\/"},{"@type":"ListItem","position":3,"name":"Monkeypox Virus DNA Real Time Diagnostic Kit (Freeze-dried)"}]},{"@type":"WebSite","@id":"https:\/\/healthwing.fi\/#website","url":"https:\/\/healthwing.fi\/","name":"H&W Biotech","description":"H&amp;W Biotech","publisher":{"@id":"https:\/\/healthwing.fi\/#organization"},"potentialAction":[{"@type":"SearchAction","target":{"@type":"EntryPoint","urlTemplate":"https:\/\/healthwing.fi\/?s={search_term_string}"},"query-input":{"@type":"PropertyValueSpecification","valueRequired":true,"valueName":"search_term_string"}}],"inLanguage":"fi"},{"@type":"Organization","@id":"https:\/\/healthwing.fi\/#organization","name":"H&W Biotech","url":"https:\/\/healthwing.fi\/","logo":{"@type":"ImageObject","inLanguage":"fi","@id":"https:\/\/healthwing.fi\/#\/schema\/logo\/image\/","url":"https:\/\/healthwing.fi\/wp-content\/uploads\/2022\/03\/HW-Biotech-logo.png","contentUrl":"https:\/\/healthwing.fi\/wp-content\/uploads\/2022\/03\/HW-Biotech-logo.png","width":275,"height":122,"caption":"H&W Biotech"},"image":{"@id":"https:\/\/healthwing.fi\/#\/schema\/logo\/image\/"},"sameAs":["https:\/\/www.facebook.com\/HWBiotechOy","https:\/\/www.linkedin.com\/company\/h-w-biotech-oy"]}]}},"_links":{"self":[{"href":"https:\/\/healthwing.fi\/fi\/wp-json\/wp\/v2\/product\/438","targetHints":{"allow":["GET"]}}],"collection":[{"href":"https:\/\/healthwing.fi\/fi\/wp-json\/wp\/v2\/product"}],"about":[{"href":"https:\/\/healthwing.fi\/fi\/wp-json\/wp\/v2\/types\/product"}],"wp:featuredmedia":[{"embeddable":true,"href":"https:\/\/healthwing.fi\/fi\/wp-json\/wp\/v2\/media\/439"}],"wp:attachment":[{"href":"https:\/\/healthwing.fi\/fi\/wp-json\/wp\/v2\/media?parent=438"}],"wp:term":[{"taxonomy":"product_brand","embeddable":true,"href":"https:\/\/healthwing.fi\/fi\/wp-json\/wp\/v2\/product_brand?post=438"},{"taxonomy":"product_cat","embeddable":true,"href":"https:\/\/healthwing.fi\/fi\/wp-json\/wp\/v2\/product_cat?post=438"},{"taxonomy":"product_tag","embeddable":true,"href":"https:\/\/healthwing.fi\/fi\/wp-json\/wp\/v2\/product_tag?post=438"}],"curies":[{"name":"wp","href":"https:\/\/api.w.org\/{rel}","templated":true}]}}