{"id":53,"date":"2022-03-01T12:59:04","date_gmt":"2022-03-01T10:59:04","guid":{"rendered":"https:\/\/healthwing.fi\/?post_type=product&#038;p=53"},"modified":"2025-07-24T21:52:35","modified_gmt":"2025-07-24T19:52:35","slug":"hw-covid-19sars-cov-2-antigen-test-kit-1-pack","status":"publish","type":"product","link":"https:\/\/healthwing.fi\/fi\/tuote\/hw-covid-19sars-cov-2-antigen-test-kit-1-pack\/","title":{"rendered":"COVID-19(SARS-CoV-2) antigeeni pikatesti, 1-testin paketti"},"content":{"rendered":"<p><a style=\"display: inline-flex; align-items: center; justify-content: center; padding: 12px 25px; background-color: rgba(78, 181, 173, 0.8); color: white; text-decoration: none; border-radius: 12px; cursor: pointer; box-shadow: 0px 4px 8px rgba(0,0,0,0.2); transition: background-color 0.3s ease, box-shadow 0.3s ease, transform 0.3s ease; font-size: 16px; line-height: 1.2; height: 48px;\" href=\"https:\/\/healthwing.fi\/wp-content\/uploads\/2025\/06\/HW-COVID-1-pack-IFU-updated.pdf\" target=\"_blank\" rel=\"noopener\"><strong>K\u00e4ytt\u00f6ohjeet<\/strong><\/a><\/p>\n<div style=\"width: 1020px;\" class=\"wp-video\"><video class=\"wp-video-shortcode\" id=\"video-53-1\" width=\"1020\" height=\"574\" preload=\"metadata\" controls=\"controls\"><source type=\"video\/mp4\" src=\"https:\/\/healthwing.fi\/wp-content\/uploads\/2022\/03\/HW-COVID-19-SARS-CoV-2-antigeenien-testipakkauksen-ka\u0308ytto\u0308ohjeet-pa\u0308ivitetty-14.12.2021.mp4?_=1\" \/><a href=\"https:\/\/healthwing.fi\/wp-content\/uploads\/2022\/03\/HW-COVID-19-SARS-CoV-2-antigeenien-testipakkauksen-k\u00e4ytt\u00f6ohjeet-p\u00e4ivitetty-14.12.2021.mp4\">https:\/\/healthwing.fi\/wp-content\/uploads\/2022\/03\/HW-COVID-19-SARS-CoV-2-antigeenien-testipakkauksen-k\u00e4ytt\u00f6ohjeet-p\u00e4ivitetty-14.12.2021.mp4<\/a><\/video><\/div>","protected":false},"excerpt":{"rendered":"<p>H&amp;W COVID-19(SARS-CoV-2) antigeeni pikatesti itsesuoritettavaan testaukseen (1-testin paketti).<\/p>\n<p>CE-merkitty (1434) In vitro -diagnostinen l\u00e4\u00e4kinn\u00e4llinen laite itsesuoritettavaan testaukseen.<\/p>\n<p>SARS-CoV-2-viruksen antigeenin nopeaan havaitsemiseen nena\u0308n etuosan sivelyna\u0308ytteesta\u0308.<\/p>\n<ul>\n<li>NOPEA (15 min)<\/li>\n<li>HELPPO (96,5 % ka\u0308ytta\u0308jista\u0308 pystyy tekema\u0308a\u0308n ilman ohjausta)<\/li>\n<li>KIVUTON (na\u0308yte nena\u0308n etuosasta)<\/li>\n<li>LUOTETTAVA (Herkkyys: 96,1 % Spesifiisisyys: 100,0 % Tarkkuus: 98,0 %,)<\/li>\n<\/ul>\n<p>Valmistaja: Wuhan EasyDiagnosis Biomedicine Co., Ltd<\/p>","protected":false},"featured_media":607,"template":"","meta":{"_monsterinsights_skip_tracking":false,"_monsterinsights_sitenote_active":false,"_monsterinsights_sitenote_note":"","_monsterinsights_sitenote_category":0},"product_brand":[],"product_cat":[30,38],"product_tag":[],"class_list":{"0":"post-53","1":"product","2":"type-product","3":"status-publish","4":"has-post-thumbnail","6":"product_cat-home-test","7":"product_cat-infection-tests","9":"first","10":"instock","11":"shipping-taxable","12":"product-type-simple"},"yoast_head":"<!-- This site is optimized with the Yoast SEO Premium plugin v22.8 (Yoast SEO v27.2) - https:\/\/yoast.com\/product\/yoast-seo-premium-wordpress\/ -->\n<title>COVID-19(SARS-CoV-2) Antigen Test Kit, 1 test\/pack - H&amp;W Biotech<\/title>\n<meta name=\"robots\" content=\"index, follow, max-snippet:-1, max-image-preview:large, max-video-preview:-1\" \/>\n<link rel=\"canonical\" href=\"https:\/\/healthwing.fi\/fi\/tuote\/hw-covid-19sars-cov-2-antigen-test-kit-1-pack\/\" \/>\n<meta property=\"og:locale\" content=\"fi_FI\" \/>\n<meta property=\"og:type\" content=\"article\" \/>\n<meta property=\"og:title\" content=\"COVID-19(SARS-CoV-2) Antigen Test Kit, 1 test\/pack\" \/>\n<meta property=\"og:description\" content=\"H&amp;W COVID-19(SARS-CoV-2) Antigen Test Kit for Home Use (1 test\/pack).  CE marked (1434) In vitro diagnostic medical device for self-testing.  A home test for the rapid qualitative detection of SARS-CoV-2 virus antigen in anterior nasal swabs.   Time to result: 15 min  Easy to use (96.5% of non-professionals carried out the test without requiring assistance)  Painless (sample from the front of the nose)  Reliable (Sensitivity: 96.1% Specificity: 100.0% Accuracy: 98.0%)  Manufacturer: Wuhan EasyDiagnosis Biomedicine Co., Ltd\" \/>\n<meta property=\"og:url\" content=\"https:\/\/healthwing.fi\/fi\/tuote\/hw-covid-19sars-cov-2-antigen-test-kit-1-pack\/\" \/>\n<meta property=\"og:site_name\" content=\"H&amp;W Biotech\" \/>\n<meta property=\"article:publisher\" content=\"https:\/\/www.facebook.com\/HWBiotechOy\" \/>\n<meta property=\"article:modified_time\" content=\"2025-07-24T19:52:35+00:00\" \/>\n<meta property=\"og:image\" content=\"https:\/\/healthwing.fi\/wp-content\/uploads\/2022\/03\/hw-1pack-contents.jpg\" \/>\n\t<meta property=\"og:image:width\" content=\"925\" \/>\n\t<meta property=\"og:image:height\" content=\"614\" \/>\n\t<meta property=\"og:image:type\" content=\"image\/jpeg\" \/>\n<meta name=\"twitter:card\" content=\"summary_large_image\" \/>\n<meta name=\"twitter:label1\" content=\"Arvioitu lukuaika\" \/>\n\t<meta name=\"twitter:data1\" content=\"1 minuutti\" \/>\n<script type=\"application\/ld+json\" class=\"yoast-schema-graph\">{\"@context\":\"https:\/\/schema.org\",\"@graph\":[{\"@type\":\"WebPage\",\"@id\":\"https:\/\/healthwing.fi\/product\/hw-covid-19sars-cov-2-antigen-test-kit-1-pack\/\",\"url\":\"https:\/\/healthwing.fi\/product\/hw-covid-19sars-cov-2-antigen-test-kit-1-pack\/\",\"name\":\"COVID-19(SARS-CoV-2) Antigen Test Kit, 1 test\/pack - H&amp;W Biotech\",\"isPartOf\":{\"@id\":\"https:\/\/healthwing.fi\/#website\"},\"primaryImageOfPage\":{\"@id\":\"https:\/\/healthwing.fi\/product\/hw-covid-19sars-cov-2-antigen-test-kit-1-pack\/#primaryimage\"},\"image\":{\"@id\":\"https:\/\/healthwing.fi\/product\/hw-covid-19sars-cov-2-antigen-test-kit-1-pack\/#primaryimage\"},\"thumbnailUrl\":\"https:\/\/healthwing.fi\/wp-content\/uploads\/2022\/03\/hw-1pack-contents.jpg\",\"datePublished\":\"2022-03-01T10:59:04+00:00\",\"dateModified\":\"2025-07-24T19:52:35+00:00\",\"breadcrumb\":{\"@id\":\"https:\/\/healthwing.fi\/product\/hw-covid-19sars-cov-2-antigen-test-kit-1-pack\/#breadcrumb\"},\"inLanguage\":\"fi\",\"potentialAction\":[{\"@type\":\"ReadAction\",\"target\":[\"https:\/\/healthwing.fi\/product\/hw-covid-19sars-cov-2-antigen-test-kit-1-pack\/\"]}]},{\"@type\":\"ImageObject\",\"inLanguage\":\"fi\",\"@id\":\"https:\/\/healthwing.fi\/product\/hw-covid-19sars-cov-2-antigen-test-kit-1-pack\/#primaryimage\",\"url\":\"https:\/\/healthwing.fi\/wp-content\/uploads\/2022\/03\/hw-1pack-contents.jpg\",\"contentUrl\":\"https:\/\/healthwing.fi\/wp-content\/uploads\/2022\/03\/hw-1pack-contents.jpg\",\"width\":925,\"height\":614},{\"@type\":\"BreadcrumbList\",\"@id\":\"https:\/\/healthwing.fi\/product\/hw-covid-19sars-cov-2-antigen-test-kit-1-pack\/#breadcrumb\",\"itemListElement\":[{\"@type\":\"ListItem\",\"position\":1,\"name\":\"Home\",\"item\":\"https:\/\/healthwing.fi\/\"},{\"@type\":\"ListItem\",\"position\":2,\"name\":\"Products\",\"item\":\"https:\/\/healthwing.fi\/products\/\"},{\"@type\":\"ListItem\",\"position\":3,\"name\":\"COVID-19(SARS-CoV-2) Antigen Test Kit, 1 test\/pack\"}]},{\"@type\":\"WebSite\",\"@id\":\"https:\/\/healthwing.fi\/#website\",\"url\":\"https:\/\/healthwing.fi\/\",\"name\":\"H&W Biotech\",\"description\":\"H&amp;W Biotech\",\"publisher\":{\"@id\":\"https:\/\/healthwing.fi\/#organization\"},\"potentialAction\":[{\"@type\":\"SearchAction\",\"target\":{\"@type\":\"EntryPoint\",\"urlTemplate\":\"https:\/\/healthwing.fi\/?s={search_term_string}\"},\"query-input\":{\"@type\":\"PropertyValueSpecification\",\"valueRequired\":true,\"valueName\":\"search_term_string\"}}],\"inLanguage\":\"fi\"},{\"@type\":\"Organization\",\"@id\":\"https:\/\/healthwing.fi\/#organization\",\"name\":\"H&W Biotech\",\"url\":\"https:\/\/healthwing.fi\/\",\"logo\":{\"@type\":\"ImageObject\",\"inLanguage\":\"fi\",\"@id\":\"https:\/\/healthwing.fi\/#\/schema\/logo\/image\/\",\"url\":\"https:\/\/healthwing.fi\/wp-content\/uploads\/2022\/03\/HW-Biotech-logo.png\",\"contentUrl\":\"https:\/\/healthwing.fi\/wp-content\/uploads\/2022\/03\/HW-Biotech-logo.png\",\"width\":275,\"height\":122,\"caption\":\"H&W Biotech\"},\"image\":{\"@id\":\"https:\/\/healthwing.fi\/#\/schema\/logo\/image\/\"},\"sameAs\":[\"https:\/\/www.facebook.com\/HWBiotechOy\",\"https:\/\/www.linkedin.com\/company\/h-w-biotech-oy\"]}]}<\/script>\n<!-- \/ Yoast SEO Premium plugin. -->","yoast_head_json":{"title":"COVID-19(SARS-CoV-2) Antigen Test Kit, 1 test\/pack - H&amp;W Biotech","robots":{"index":"index","follow":"follow","max-snippet":"max-snippet:-1","max-image-preview":"max-image-preview:large","max-video-preview":"max-video-preview:-1"},"canonical":"https:\/\/healthwing.fi\/fi\/tuote\/hw-covid-19sars-cov-2-antigen-test-kit-1-pack\/","og_locale":"fi_FI","og_type":"article","og_title":"COVID-19(SARS-CoV-2) Antigen Test Kit, 1 test\/pack","og_description":"H&amp;W COVID-19(SARS-CoV-2) Antigen Test Kit for Home Use (1 test\/pack).  CE marked (1434) In vitro diagnostic medical device for self-testing.  A home test for the rapid qualitative detection of SARS-CoV-2 virus antigen in anterior nasal swabs.   Time to result: 15 min  Easy to use (96.5% of non-professionals carried out the test without requiring assistance)  Painless (sample from the front of the nose)  Reliable (Sensitivity: 96.1% Specificity: 100.0% Accuracy: 98.0%)  Manufacturer: Wuhan EasyDiagnosis Biomedicine Co., Ltd","og_url":"https:\/\/healthwing.fi\/fi\/tuote\/hw-covid-19sars-cov-2-antigen-test-kit-1-pack\/","og_site_name":"H&amp;W Biotech","article_publisher":"https:\/\/www.facebook.com\/HWBiotechOy","article_modified_time":"2025-07-24T19:52:35+00:00","og_image":[{"width":925,"height":614,"url":"https:\/\/healthwing.fi\/wp-content\/uploads\/2022\/03\/hw-1pack-contents.jpg","type":"image\/jpeg"}],"twitter_card":"summary_large_image","twitter_misc":{"Arvioitu lukuaika":"1 minuutti"},"schema":{"@context":"https:\/\/schema.org","@graph":[{"@type":"WebPage","@id":"https:\/\/healthwing.fi\/product\/hw-covid-19sars-cov-2-antigen-test-kit-1-pack\/","url":"https:\/\/healthwing.fi\/product\/hw-covid-19sars-cov-2-antigen-test-kit-1-pack\/","name":"COVID-19(SARS-CoV-2) Antigen Test Kit, 1 test\/pack - H&amp;W Biotech","isPartOf":{"@id":"https:\/\/healthwing.fi\/#website"},"primaryImageOfPage":{"@id":"https:\/\/healthwing.fi\/product\/hw-covid-19sars-cov-2-antigen-test-kit-1-pack\/#primaryimage"},"image":{"@id":"https:\/\/healthwing.fi\/product\/hw-covid-19sars-cov-2-antigen-test-kit-1-pack\/#primaryimage"},"thumbnailUrl":"https:\/\/healthwing.fi\/wp-content\/uploads\/2022\/03\/hw-1pack-contents.jpg","datePublished":"2022-03-01T10:59:04+00:00","dateModified":"2025-07-24T19:52:35+00:00","breadcrumb":{"@id":"https:\/\/healthwing.fi\/product\/hw-covid-19sars-cov-2-antigen-test-kit-1-pack\/#breadcrumb"},"inLanguage":"fi","potentialAction":[{"@type":"ReadAction","target":["https:\/\/healthwing.fi\/product\/hw-covid-19sars-cov-2-antigen-test-kit-1-pack\/"]}]},{"@type":"ImageObject","inLanguage":"fi","@id":"https:\/\/healthwing.fi\/product\/hw-covid-19sars-cov-2-antigen-test-kit-1-pack\/#primaryimage","url":"https:\/\/healthwing.fi\/wp-content\/uploads\/2022\/03\/hw-1pack-contents.jpg","contentUrl":"https:\/\/healthwing.fi\/wp-content\/uploads\/2022\/03\/hw-1pack-contents.jpg","width":925,"height":614},{"@type":"BreadcrumbList","@id":"https:\/\/healthwing.fi\/product\/hw-covid-19sars-cov-2-antigen-test-kit-1-pack\/#breadcrumb","itemListElement":[{"@type":"ListItem","position":1,"name":"Home","item":"https:\/\/healthwing.fi\/"},{"@type":"ListItem","position":2,"name":"Products","item":"https:\/\/healthwing.fi\/products\/"},{"@type":"ListItem","position":3,"name":"COVID-19(SARS-CoV-2) Antigen Test Kit, 1 test\/pack"}]},{"@type":"WebSite","@id":"https:\/\/healthwing.fi\/#website","url":"https:\/\/healthwing.fi\/","name":"H&W Biotech","description":"H&amp;W Biotech","publisher":{"@id":"https:\/\/healthwing.fi\/#organization"},"potentialAction":[{"@type":"SearchAction","target":{"@type":"EntryPoint","urlTemplate":"https:\/\/healthwing.fi\/?s={search_term_string}"},"query-input":{"@type":"PropertyValueSpecification","valueRequired":true,"valueName":"search_term_string"}}],"inLanguage":"fi"},{"@type":"Organization","@id":"https:\/\/healthwing.fi\/#organization","name":"H&W Biotech","url":"https:\/\/healthwing.fi\/","logo":{"@type":"ImageObject","inLanguage":"fi","@id":"https:\/\/healthwing.fi\/#\/schema\/logo\/image\/","url":"https:\/\/healthwing.fi\/wp-content\/uploads\/2022\/03\/HW-Biotech-logo.png","contentUrl":"https:\/\/healthwing.fi\/wp-content\/uploads\/2022\/03\/HW-Biotech-logo.png","width":275,"height":122,"caption":"H&W Biotech"},"image":{"@id":"https:\/\/healthwing.fi\/#\/schema\/logo\/image\/"},"sameAs":["https:\/\/www.facebook.com\/HWBiotechOy","https:\/\/www.linkedin.com\/company\/h-w-biotech-oy"]}]}},"_links":{"self":[{"href":"https:\/\/healthwing.fi\/fi\/wp-json\/wp\/v2\/product\/53","targetHints":{"allow":["GET"]}}],"collection":[{"href":"https:\/\/healthwing.fi\/fi\/wp-json\/wp\/v2\/product"}],"about":[{"href":"https:\/\/healthwing.fi\/fi\/wp-json\/wp\/v2\/types\/product"}],"wp:featuredmedia":[{"embeddable":true,"href":"https:\/\/healthwing.fi\/fi\/wp-json\/wp\/v2\/media\/607"}],"wp:attachment":[{"href":"https:\/\/healthwing.fi\/fi\/wp-json\/wp\/v2\/media?parent=53"}],"wp:term":[{"taxonomy":"product_brand","embeddable":true,"href":"https:\/\/healthwing.fi\/fi\/wp-json\/wp\/v2\/product_brand?post=53"},{"taxonomy":"product_cat","embeddable":true,"href":"https:\/\/healthwing.fi\/fi\/wp-json\/wp\/v2\/product_cat?post=53"},{"taxonomy":"product_tag","embeddable":true,"href":"https:\/\/healthwing.fi\/fi\/wp-json\/wp\/v2\/product_tag?post=53"}],"curies":[{"name":"wp","href":"https:\/\/api.w.org\/{rel}","templated":true}]}}