{"id":557,"date":"2023-04-04T09:03:54","date_gmt":"2023-04-04T07:03:54","guid":{"rendered":"https:\/\/healthwing.fi\/?post_type=product&#038;p=557"},"modified":"2025-07-24T21:48:21","modified_gmt":"2025-07-24T19:48:21","slug":"sp-10-male-fertility-rapid-test-cassette","status":"publish","type":"product","link":"https:\/\/healthwing.fi\/fi\/tuote\/sp-10-male-fertility-rapid-test-cassette\/","title":{"rendered":"H&amp;W Miehen hedelm\u00e4llisyyden SP-10 pikatesti (sperma)"},"content":{"rendered":"<p><a style=\"display: inline-flex; align-items: center; justify-content: center; padding: 12px 25px; background-color: rgba(78, 181, 173, 0.8); color: white; text-decoration: none; border-radius: 12px; cursor: pointer; box-shadow: 0px 4px 8px rgba(0,0,0,0.2); transition: background-color 0.3s ease, box-shadow 0.3s ease, transform 0.3s ease; font-size: 16px; line-height: 1.2; height: 48px;\" href=\"https:\/\/healthwing.fi\/wp-content\/uploads\/2025\/06\/OSP-902H-IFU.pdf\" target=\"_blank\" rel=\"noopener\"><strong>K\u00e4ytt\u00f6ohjeet<\/strong><\/a><\/p>\n<p><iframe title=\"Tuotteen esittely - H&amp;W Miehen hedelm\u00e4llisyyden SP-10 pikatesti (sperma)\" width=\"1020\" height=\"574\" src=\"https:\/\/www.youtube.com\/embed\/m-r-FiXMr5Q?feature=oembed\" frameborder=\"0\" allow=\"accelerometer; autoplay; clipboard-write; encrypted-media; gyroscope; picture-in-picture; web-share\" referrerpolicy=\"strict-origin-when-cross-origin\" allowfullscreen><\/iframe><\/p>\n<p>Miehen hedelm\u00e4tt\u00f6myys johtuu useimmiten siemennesteen matalasta siitti\u00f6pitoisuudesta tai -liikkuvuudesta. SP-10 on miehen sukusoluille spesifinen proteiini jota k\u00e4ytet\u00e4\u00e4n siitti\u00f6pitoisuuden arvioimiseen.<\/p>\n<p>Miehen hedelm\u00e4llisyyden SP-10 pikatesti on nopea kromatografinen immunom\u00e4\u00e4ritys siitti\u00f6iden SP-10-proteiinin kvalitatiiviseen m\u00e4\u00e4ritt\u00e4miseen. Positiivinen testitulos tarkoittaa, ett\u00e4 siitti\u00f6pitoisuus on v\u00e4hint\u00e4\u00e4n 15 miljoonaa\/ml (kansainv\u00e4lisesti hyv\u00e4ksytty normaalin hedelm\u00e4llisyyden alaraja).<\/p>\n<p>Riskeihin kuuluvat \/ Ihmiset, jotka saattavat tarvita t\u00e4t\u00e4 testi\u00e4:<br \/>\n\u25cf Ihmiset, joilla on ollut ep\u00e4onnistuneita raskausyrityksi\u00e4<br \/>\n\u25cf Tupakoitsijat tai pitk\u00e4aikaisesti runsaasti alkoholia k\u00e4ytt\u00e4v\u00e4t henkil\u00f6t<br \/>\n\u25cf Ihmiset, jotka ty\u00f6skentelev\u00e4t tietokoneella pitki\u00e4 tunteja tai joilla on istumaty\u00f6<\/p>\n<p>Sis\u00e4ltyv\u00e4t materiaalit<br \/>\n\u2022 Testikasetti<br \/>\n\u2022 N\u00e4ytteenottokuppi<br \/>\n\u2022 Pakkausseloste<br \/>\n\u2022 Teline<br \/>\n\u2022 Ruisku<br \/>\n\u2022 N\u00e4ytteen laimennuspuskuri<\/p>","protected":false},"excerpt":{"rendered":"<p>Miehen hedelm\u00e4llisyyden SP-10 pikatesti on nopea kromatografinen immuunim\u00e4\u00e4ritys siitti\u00f6iden akrosomien SP-10-proteiinin kvalitatiiviseen m\u00e4\u00e4ritt\u00e4miseen in vitro. Sill\u00e4 arvioidaan, onko spermassa yli vai alle 15 miljoonaa siitti\u00f6t\u00e4\/ml. Siitti\u00f6pitoisuutta k\u00e4ytet\u00e4\u00e4n apuna miehen hedelm\u00e4tt\u00f6myyden diagnosoinnissa ja hoitovaikutusten tarkastelussa. Testitulos voi helpottaa pariskuntia lasten hankinnan suunnittelussa.<\/p>\n<p>CE-merkitty (0123) In vitro -diagnostinen l\u00e4\u00e4kinn\u00e4llinen laite itsesuoritettavaan testaukseen.<\/p>\n<p>\u221a Luotettava: herkkyys: 98,1%; spesifisyys: 98,3%<br \/>\n\u221a Helppo testata kotona ja milloin haluat<br \/>\n\u221a Edullinen ja nopea<\/p>\n<p>Valmistaja: Hangzhou AllTest Biotech Co., Ltd<\/p>","protected":false},"featured_media":559,"template":"","meta":{"_monsterinsights_skip_tracking":false,"_monsterinsights_sitenote_active":false,"_monsterinsights_sitenote_note":"","_monsterinsights_sitenote_category":0},"product_brand":[],"product_cat":[30,41],"product_tag":[],"class_list":{"0":"post-557","1":"product","2":"type-product","3":"status-publish","4":"has-post-thumbnail","6":"product_cat-home-test","7":"product_cat-mens-health-tests","9":"first","10":"instock","11":"taxable","12":"shipping-taxable","13":"product-type-simple"},"yoast_head":"<!-- This site is optimized with the Yoast SEO Premium plugin v22.8 (Yoast SEO v27.2) - https:\/\/yoast.com\/product\/yoast-seo-premium-wordpress\/ -->\n<title>H&amp;W SP-10 Male Fertility Rapid Test Cassette (Semen) - H&amp;W Biotech<\/title>\n<meta name=\"robots\" content=\"index, follow, max-snippet:-1, max-image-preview:large, max-video-preview:-1\" \/>\n<link rel=\"canonical\" href=\"https:\/\/healthwing.fi\/fi\/tuote\/sp-10-male-fertility-rapid-test-cassette\/\" \/>\n<meta property=\"og:locale\" content=\"fi_FI\" \/>\n<meta property=\"og:type\" content=\"article\" \/>\n<meta property=\"og:title\" content=\"H&amp;W SP-10 Male Fertility Rapid Test Cassette (Semen)\" \/>\n<meta property=\"og:description\" content=\"The SP-10 Male Fertility Rapid Test Cassette is a rapid chromatographic immunoassay for in vitro qualitative detection of Acrosomal Protein SP-10 found on sperms to estimate of sperm concentration in human semen above or below 15 million\/mL. Sperm concentration can be used for assistant diagnosis and curative effect observation of male infertility, and provide guidance for reproductive planning of the eligible couples.  CE marked (0123) In vitro diagnostic medical device for self-testing.  \u221a Reliable: Sensitivity: 98.1% ; Specificity: 98.3% \u221a Easy: Can be performed in simple steps \u221a Confidentiality: Can be performed in the privacy  Manufacturer: Hangzhou AllTest Biotech Co., Ltd\" \/>\n<meta property=\"og:url\" content=\"https:\/\/healthwing.fi\/fi\/tuote\/sp-10-male-fertility-rapid-test-cassette\/\" \/>\n<meta property=\"og:site_name\" content=\"H&amp;W Biotech\" \/>\n<meta property=\"article:publisher\" content=\"https:\/\/www.facebook.com\/HWBiotechOy\" \/>\n<meta property=\"article:modified_time\" content=\"2025-07-24T19:48:21+00:00\" \/>\n<meta property=\"og:image\" content=\"https:\/\/healthwing.fi\/wp-content\/uploads\/2023\/04\/Male-Fertility-test.jpg\" \/>\n\t<meta property=\"og:image:width\" content=\"1067\" \/>\n\t<meta property=\"og:image:height\" content=\"800\" \/>\n\t<meta property=\"og:image:type\" content=\"image\/jpeg\" \/>\n<meta name=\"twitter:card\" content=\"summary_large_image\" \/>\n<meta name=\"twitter:label1\" content=\"Arvioitu lukuaika\" \/>\n\t<meta name=\"twitter:data1\" content=\"1 minuutti\" \/>\n<script type=\"application\/ld+json\" class=\"yoast-schema-graph\">{\"@context\":\"https:\/\/schema.org\",\"@graph\":[{\"@type\":\"WebPage\",\"@id\":\"https:\/\/healthwing.fi\/product\/sp-10-male-fertility-rapid-test-cassette\/\",\"url\":\"https:\/\/healthwing.fi\/product\/sp-10-male-fertility-rapid-test-cassette\/\",\"name\":\"H&W SP-10 Male Fertility Rapid Test Cassette (Semen) - H&amp;W Biotech\",\"isPartOf\":{\"@id\":\"https:\/\/healthwing.fi\/#website\"},\"primaryImageOfPage\":{\"@id\":\"https:\/\/healthwing.fi\/product\/sp-10-male-fertility-rapid-test-cassette\/#primaryimage\"},\"image\":{\"@id\":\"https:\/\/healthwing.fi\/product\/sp-10-male-fertility-rapid-test-cassette\/#primaryimage\"},\"thumbnailUrl\":\"https:\/\/healthwing.fi\/wp-content\/uploads\/2023\/04\/Male-Fertility-test.jpg\",\"datePublished\":\"2023-04-04T07:03:54+00:00\",\"dateModified\":\"2025-07-24T19:48:21+00:00\",\"breadcrumb\":{\"@id\":\"https:\/\/healthwing.fi\/product\/sp-10-male-fertility-rapid-test-cassette\/#breadcrumb\"},\"inLanguage\":\"fi\",\"potentialAction\":[{\"@type\":\"ReadAction\",\"target\":[\"https:\/\/healthwing.fi\/product\/sp-10-male-fertility-rapid-test-cassette\/\"]}]},{\"@type\":\"ImageObject\",\"inLanguage\":\"fi\",\"@id\":\"https:\/\/healthwing.fi\/product\/sp-10-male-fertility-rapid-test-cassette\/#primaryimage\",\"url\":\"https:\/\/healthwing.fi\/wp-content\/uploads\/2023\/04\/Male-Fertility-test.jpg\",\"contentUrl\":\"https:\/\/healthwing.fi\/wp-content\/uploads\/2023\/04\/Male-Fertility-test.jpg\",\"width\":1067,\"height\":800},{\"@type\":\"BreadcrumbList\",\"@id\":\"https:\/\/healthwing.fi\/product\/sp-10-male-fertility-rapid-test-cassette\/#breadcrumb\",\"itemListElement\":[{\"@type\":\"ListItem\",\"position\":1,\"name\":\"Home\",\"item\":\"https:\/\/healthwing.fi\/\"},{\"@type\":\"ListItem\",\"position\":2,\"name\":\"Products\",\"item\":\"https:\/\/healthwing.fi\/products\/\"},{\"@type\":\"ListItem\",\"position\":3,\"name\":\"H&#038;W SP-10 Male Fertility Rapid Test Cassette (Semen)\"}]},{\"@type\":\"WebSite\",\"@id\":\"https:\/\/healthwing.fi\/#website\",\"url\":\"https:\/\/healthwing.fi\/\",\"name\":\"H&W Biotech\",\"description\":\"H&amp;W Biotech\",\"publisher\":{\"@id\":\"https:\/\/healthwing.fi\/#organization\"},\"potentialAction\":[{\"@type\":\"SearchAction\",\"target\":{\"@type\":\"EntryPoint\",\"urlTemplate\":\"https:\/\/healthwing.fi\/?s={search_term_string}\"},\"query-input\":{\"@type\":\"PropertyValueSpecification\",\"valueRequired\":true,\"valueName\":\"search_term_string\"}}],\"inLanguage\":\"fi\"},{\"@type\":\"Organization\",\"@id\":\"https:\/\/healthwing.fi\/#organization\",\"name\":\"H&W Biotech\",\"url\":\"https:\/\/healthwing.fi\/\",\"logo\":{\"@type\":\"ImageObject\",\"inLanguage\":\"fi\",\"@id\":\"https:\/\/healthwing.fi\/#\/schema\/logo\/image\/\",\"url\":\"https:\/\/healthwing.fi\/wp-content\/uploads\/2022\/03\/HW-Biotech-logo.png\",\"contentUrl\":\"https:\/\/healthwing.fi\/wp-content\/uploads\/2022\/03\/HW-Biotech-logo.png\",\"width\":275,\"height\":122,\"caption\":\"H&W Biotech\"},\"image\":{\"@id\":\"https:\/\/healthwing.fi\/#\/schema\/logo\/image\/\"},\"sameAs\":[\"https:\/\/www.facebook.com\/HWBiotechOy\",\"https:\/\/www.linkedin.com\/company\/h-w-biotech-oy\"]}]}<\/script>\n<!-- \/ Yoast SEO Premium plugin. -->","yoast_head_json":{"title":"H&W SP-10 Male Fertility Rapid Test Cassette (Semen) - H&amp;W Biotech","robots":{"index":"index","follow":"follow","max-snippet":"max-snippet:-1","max-image-preview":"max-image-preview:large","max-video-preview":"max-video-preview:-1"},"canonical":"https:\/\/healthwing.fi\/fi\/tuote\/sp-10-male-fertility-rapid-test-cassette\/","og_locale":"fi_FI","og_type":"article","og_title":"H&W SP-10 Male Fertility Rapid Test Cassette (Semen)","og_description":"The SP-10 Male Fertility Rapid Test Cassette is a rapid chromatographic immunoassay for in vitro qualitative detection of Acrosomal Protein SP-10 found on sperms to estimate of sperm concentration in human semen above or below 15 million\/mL. Sperm concentration can be used for assistant diagnosis and curative effect observation of male infertility, and provide guidance for reproductive planning of the eligible couples.  CE marked (0123) In vitro diagnostic medical device for self-testing.  \u221a Reliable: Sensitivity: 98.1% ; Specificity: 98.3% \u221a Easy: Can be performed in simple steps \u221a Confidentiality: Can be performed in the privacy  Manufacturer: Hangzhou AllTest Biotech Co., Ltd","og_url":"https:\/\/healthwing.fi\/fi\/tuote\/sp-10-male-fertility-rapid-test-cassette\/","og_site_name":"H&amp;W Biotech","article_publisher":"https:\/\/www.facebook.com\/HWBiotechOy","article_modified_time":"2025-07-24T19:48:21+00:00","og_image":[{"width":1067,"height":800,"url":"https:\/\/healthwing.fi\/wp-content\/uploads\/2023\/04\/Male-Fertility-test.jpg","type":"image\/jpeg"}],"twitter_card":"summary_large_image","twitter_misc":{"Arvioitu lukuaika":"1 minuutti"},"schema":{"@context":"https:\/\/schema.org","@graph":[{"@type":"WebPage","@id":"https:\/\/healthwing.fi\/product\/sp-10-male-fertility-rapid-test-cassette\/","url":"https:\/\/healthwing.fi\/product\/sp-10-male-fertility-rapid-test-cassette\/","name":"H&W SP-10 Male Fertility Rapid Test Cassette (Semen) - H&amp;W Biotech","isPartOf":{"@id":"https:\/\/healthwing.fi\/#website"},"primaryImageOfPage":{"@id":"https:\/\/healthwing.fi\/product\/sp-10-male-fertility-rapid-test-cassette\/#primaryimage"},"image":{"@id":"https:\/\/healthwing.fi\/product\/sp-10-male-fertility-rapid-test-cassette\/#primaryimage"},"thumbnailUrl":"https:\/\/healthwing.fi\/wp-content\/uploads\/2023\/04\/Male-Fertility-test.jpg","datePublished":"2023-04-04T07:03:54+00:00","dateModified":"2025-07-24T19:48:21+00:00","breadcrumb":{"@id":"https:\/\/healthwing.fi\/product\/sp-10-male-fertility-rapid-test-cassette\/#breadcrumb"},"inLanguage":"fi","potentialAction":[{"@type":"ReadAction","target":["https:\/\/healthwing.fi\/product\/sp-10-male-fertility-rapid-test-cassette\/"]}]},{"@type":"ImageObject","inLanguage":"fi","@id":"https:\/\/healthwing.fi\/product\/sp-10-male-fertility-rapid-test-cassette\/#primaryimage","url":"https:\/\/healthwing.fi\/wp-content\/uploads\/2023\/04\/Male-Fertility-test.jpg","contentUrl":"https:\/\/healthwing.fi\/wp-content\/uploads\/2023\/04\/Male-Fertility-test.jpg","width":1067,"height":800},{"@type":"BreadcrumbList","@id":"https:\/\/healthwing.fi\/product\/sp-10-male-fertility-rapid-test-cassette\/#breadcrumb","itemListElement":[{"@type":"ListItem","position":1,"name":"Home","item":"https:\/\/healthwing.fi\/"},{"@type":"ListItem","position":2,"name":"Products","item":"https:\/\/healthwing.fi\/products\/"},{"@type":"ListItem","position":3,"name":"H&#038;W SP-10 Male Fertility Rapid Test Cassette (Semen)"}]},{"@type":"WebSite","@id":"https:\/\/healthwing.fi\/#website","url":"https:\/\/healthwing.fi\/","name":"H&W Biotech","description":"H&amp;W Biotech","publisher":{"@id":"https:\/\/healthwing.fi\/#organization"},"potentialAction":[{"@type":"SearchAction","target":{"@type":"EntryPoint","urlTemplate":"https:\/\/healthwing.fi\/?s={search_term_string}"},"query-input":{"@type":"PropertyValueSpecification","valueRequired":true,"valueName":"search_term_string"}}],"inLanguage":"fi"},{"@type":"Organization","@id":"https:\/\/healthwing.fi\/#organization","name":"H&W Biotech","url":"https:\/\/healthwing.fi\/","logo":{"@type":"ImageObject","inLanguage":"fi","@id":"https:\/\/healthwing.fi\/#\/schema\/logo\/image\/","url":"https:\/\/healthwing.fi\/wp-content\/uploads\/2022\/03\/HW-Biotech-logo.png","contentUrl":"https:\/\/healthwing.fi\/wp-content\/uploads\/2022\/03\/HW-Biotech-logo.png","width":275,"height":122,"caption":"H&W Biotech"},"image":{"@id":"https:\/\/healthwing.fi\/#\/schema\/logo\/image\/"},"sameAs":["https:\/\/www.facebook.com\/HWBiotechOy","https:\/\/www.linkedin.com\/company\/h-w-biotech-oy"]}]}},"_links":{"self":[{"href":"https:\/\/healthwing.fi\/fi\/wp-json\/wp\/v2\/product\/557","targetHints":{"allow":["GET"]}}],"collection":[{"href":"https:\/\/healthwing.fi\/fi\/wp-json\/wp\/v2\/product"}],"about":[{"href":"https:\/\/healthwing.fi\/fi\/wp-json\/wp\/v2\/types\/product"}],"wp:featuredmedia":[{"embeddable":true,"href":"https:\/\/healthwing.fi\/fi\/wp-json\/wp\/v2\/media\/559"}],"wp:attachment":[{"href":"https:\/\/healthwing.fi\/fi\/wp-json\/wp\/v2\/media?parent=557"}],"wp:term":[{"taxonomy":"product_brand","embeddable":true,"href":"https:\/\/healthwing.fi\/fi\/wp-json\/wp\/v2\/product_brand?post=557"},{"taxonomy":"product_cat","embeddable":true,"href":"https:\/\/healthwing.fi\/fi\/wp-json\/wp\/v2\/product_cat?post=557"},{"taxonomy":"product_tag","embeddable":true,"href":"https:\/\/healthwing.fi\/fi\/wp-json\/wp\/v2\/product_tag?post=557"}],"curies":[{"name":"wp","href":"https:\/\/api.w.org\/{rel}","templated":true}]}}