{"id":594,"date":"2023-05-09T21:57:19","date_gmt":"2023-05-09T19:57:19","guid":{"rendered":"https:\/\/healthwing.fi\/?post_type=product&#038;p=594"},"modified":"2025-07-24T21:46:33","modified_gmt":"2025-07-24T19:46:33","slug":"hw-urinary-tract-infections-test","status":"publish","type":"product","link":"https:\/\/healthwing.fi\/fi\/tuote\/hw-urinary-tract-infections-test\/","title":{"rendered":"H&amp;W Virtsatietulehdustesti"},"content":{"rendered":"<p><a style=\"display: inline-flex; align-items: center; justify-content: center; padding: 12px 25px; background-color: rgba(78, 181, 173, 0.8); color: white; text-decoration: none; border-radius: 12px; cursor: pointer; box-shadow: 0px 4px 8px rgba(0,0,0,0.2); transition: background-color 0.3s ease, box-shadow 0.3s ease, transform 0.3s ease; font-size: 16px; line-height: 1.2; height: 48px;\" href=\"https:\/\/healthwing.fi\/wp-content\/uploads\/2025\/06\/U031-04H-IFU.pdf\" target=\"_blank\" rel=\"noopener\"><strong>K\u00e4ytt\u00f6ohjeet<\/strong><\/a><\/p>\n<p><iframe title=\"Tuotteen esittely - H&amp;W Virtsatietolehdustesti\" width=\"1020\" height=\"574\" src=\"https:\/\/www.youtube.com\/embed\/22Q4fxc3_Ik?feature=oembed\" frameborder=\"0\" allow=\"accelerometer; autoplay; clipboard-write; encrypted-media; gyroscope; picture-in-picture; web-share\" referrerpolicy=\"strict-origin-when-cross-origin\" allowfullscreen><\/iframe><\/p>","protected":false},"excerpt":{"rendered":"<div class=\"page\" title=\"Sivu 1\">\n<div class=\"layoutArea\">\n<div class=\"column\">\n<p>Virtsatietulehdustesti sis\u00e4lt\u00e4\u00e4 kovamuovisen liuskan, johon on kiinnitetty useita erillisi\u00e4 reagenssialueita. Testi on tarkoitettu seuraavien analyyttien kvalitatiiviseen m\u00e4\u00e4ritt\u00e4miseen virtsasta: veri, proteiini, nitriitti ja leukosyytit. Virtsatietulehdustesti on kertak\u00e4ytt\u00f6inen ja itsesuoritettava.<\/p>\n<p>CE-merkitty (0123) In vitro -diagnostinen l\u00e4\u00e4kinn\u00e4llinen laite itsesuoritettavaan testaukseen.<\/p>\n<p>Valmistaja: Hangzhou AllTest Biotech Co., Ltd<\/p>\n<\/div>\n<\/div>\n<\/div>","protected":false},"featured_media":593,"template":"","meta":{"_monsterinsights_skip_tracking":false,"_monsterinsights_sitenote_active":false,"_monsterinsights_sitenote_note":"","_monsterinsights_sitenote_category":0},"product_brand":[],"product_cat":[30,39],"product_tag":[],"class_list":{"0":"post-594","1":"product","2":"type-product","3":"status-publish","4":"has-post-thumbnail","6":"product_cat-home-test","7":"product_cat-ladys-health-tests","9":"first","10":"instock","11":"taxable","12":"shipping-taxable","13":"product-type-simple"},"yoast_head":"<!-- This site is optimized with the Yoast SEO Premium plugin v22.8 (Yoast SEO v27.2) - https:\/\/yoast.com\/product\/yoast-seo-premium-wordpress\/ -->\n<title>H&amp;W Urinary Tract Infections Test - H&amp;W Biotech<\/title>\n<meta name=\"robots\" content=\"index, follow, max-snippet:-1, max-image-preview:large, max-video-preview:-1\" \/>\n<link rel=\"canonical\" href=\"https:\/\/healthwing.fi\/fi\/tuote\/hw-urinary-tract-infections-test\/\" \/>\n<meta property=\"og:locale\" content=\"fi_FI\" \/>\n<meta property=\"og:type\" content=\"article\" \/>\n<meta property=\"og:title\" content=\"H&amp;W Urinary Tract Infections Test\" \/>\n<meta property=\"og:description\" content=\"The Urinary Tract Infections Test (Urine) is firm plastic strips onto which several separate reagent areas are affixed. The test is for the qualitative detection of the following analytes in urine: Leukocytes, Blood, Nitrite and Protein. The Urinary Tract Infections Test (Urine) is for single use in self-testing.  CE marked (0123) In vitro diagnostic medical device for self-testing.  Manufacturer: Hangzhou AllTest Biotech Co., Ltd\" \/>\n<meta property=\"og:url\" content=\"https:\/\/healthwing.fi\/fi\/tuote\/hw-urinary-tract-infections-test\/\" \/>\n<meta property=\"og:site_name\" content=\"H&amp;W Biotech\" \/>\n<meta property=\"article:publisher\" content=\"https:\/\/www.facebook.com\/HWBiotechOy\" \/>\n<meta property=\"article:modified_time\" content=\"2025-07-24T19:46:33+00:00\" \/>\n<meta property=\"og:image\" content=\"https:\/\/healthwing.fi\/wp-content\/uploads\/2023\/05\/U031-1.jpg\" \/>\n\t<meta property=\"og:image:width\" content=\"1\" \/>\n\t<meta property=\"og:image:height\" content=\"1\" \/>\n\t<meta property=\"og:image:type\" content=\"image\/jpeg\" \/>\n<meta name=\"twitter:card\" content=\"summary_large_image\" \/>\n<meta name=\"twitter:label1\" content=\"Arvioitu lukuaika\" \/>\n\t<meta name=\"twitter:data1\" content=\"1 minuutti\" \/>\n<script type=\"application\/ld+json\" class=\"yoast-schema-graph\">{\"@context\":\"https:\/\/schema.org\",\"@graph\":[{\"@type\":\"WebPage\",\"@id\":\"https:\/\/healthwing.fi\/product\/hw-urinary-tract-infections-test\/\",\"url\":\"https:\/\/healthwing.fi\/product\/hw-urinary-tract-infections-test\/\",\"name\":\"H&W Urinary Tract Infections Test - H&amp;W Biotech\",\"isPartOf\":{\"@id\":\"https:\/\/healthwing.fi\/#website\"},\"primaryImageOfPage\":{\"@id\":\"https:\/\/healthwing.fi\/product\/hw-urinary-tract-infections-test\/#primaryimage\"},\"image\":{\"@id\":\"https:\/\/healthwing.fi\/product\/hw-urinary-tract-infections-test\/#primaryimage\"},\"thumbnailUrl\":\"https:\/\/healthwing.fi\/wp-content\/uploads\/2023\/05\/U031-1.jpg\",\"datePublished\":\"2023-05-09T19:57:19+00:00\",\"dateModified\":\"2025-07-24T19:46:33+00:00\",\"breadcrumb\":{\"@id\":\"https:\/\/healthwing.fi\/product\/hw-urinary-tract-infections-test\/#breadcrumb\"},\"inLanguage\":\"fi\",\"potentialAction\":[{\"@type\":\"ReadAction\",\"target\":[\"https:\/\/healthwing.fi\/product\/hw-urinary-tract-infections-test\/\"]}]},{\"@type\":\"ImageObject\",\"inLanguage\":\"fi\",\"@id\":\"https:\/\/healthwing.fi\/product\/hw-urinary-tract-infections-test\/#primaryimage\",\"url\":\"https:\/\/healthwing.fi\/wp-content\/uploads\/2023\/05\/U031-1.jpg\",\"contentUrl\":\"https:\/\/healthwing.fi\/wp-content\/uploads\/2023\/05\/U031-1.jpg\"},{\"@type\":\"BreadcrumbList\",\"@id\":\"https:\/\/healthwing.fi\/product\/hw-urinary-tract-infections-test\/#breadcrumb\",\"itemListElement\":[{\"@type\":\"ListItem\",\"position\":1,\"name\":\"Home\",\"item\":\"https:\/\/healthwing.fi\/\"},{\"@type\":\"ListItem\",\"position\":2,\"name\":\"Products\",\"item\":\"https:\/\/healthwing.fi\/products\/\"},{\"@type\":\"ListItem\",\"position\":3,\"name\":\"H&#038;W Urinary Tract Infections Test\"}]},{\"@type\":\"WebSite\",\"@id\":\"https:\/\/healthwing.fi\/#website\",\"url\":\"https:\/\/healthwing.fi\/\",\"name\":\"H&W Biotech\",\"description\":\"H&amp;W Biotech\",\"publisher\":{\"@id\":\"https:\/\/healthwing.fi\/#organization\"},\"potentialAction\":[{\"@type\":\"SearchAction\",\"target\":{\"@type\":\"EntryPoint\",\"urlTemplate\":\"https:\/\/healthwing.fi\/?s={search_term_string}\"},\"query-input\":{\"@type\":\"PropertyValueSpecification\",\"valueRequired\":true,\"valueName\":\"search_term_string\"}}],\"inLanguage\":\"fi\"},{\"@type\":\"Organization\",\"@id\":\"https:\/\/healthwing.fi\/#organization\",\"name\":\"H&W Biotech\",\"url\":\"https:\/\/healthwing.fi\/\",\"logo\":{\"@type\":\"ImageObject\",\"inLanguage\":\"fi\",\"@id\":\"https:\/\/healthwing.fi\/#\/schema\/logo\/image\/\",\"url\":\"https:\/\/healthwing.fi\/wp-content\/uploads\/2022\/03\/HW-Biotech-logo.png\",\"contentUrl\":\"https:\/\/healthwing.fi\/wp-content\/uploads\/2022\/03\/HW-Biotech-logo.png\",\"width\":275,\"height\":122,\"caption\":\"H&W Biotech\"},\"image\":{\"@id\":\"https:\/\/healthwing.fi\/#\/schema\/logo\/image\/\"},\"sameAs\":[\"https:\/\/www.facebook.com\/HWBiotechOy\",\"https:\/\/www.linkedin.com\/company\/h-w-biotech-oy\"]}]}<\/script>\n<!-- \/ Yoast SEO Premium plugin. -->","yoast_head_json":{"title":"H&W Urinary Tract Infections Test - H&amp;W Biotech","robots":{"index":"index","follow":"follow","max-snippet":"max-snippet:-1","max-image-preview":"max-image-preview:large","max-video-preview":"max-video-preview:-1"},"canonical":"https:\/\/healthwing.fi\/fi\/tuote\/hw-urinary-tract-infections-test\/","og_locale":"fi_FI","og_type":"article","og_title":"H&W Urinary Tract Infections Test","og_description":"The Urinary Tract Infections Test (Urine) is firm plastic strips onto which several separate reagent areas are affixed. The test is for the qualitative detection of the following analytes in urine: Leukocytes, Blood, Nitrite and Protein. The Urinary Tract Infections Test (Urine) is for single use in self-testing.  CE marked (0123) In vitro diagnostic medical device for self-testing.  Manufacturer: Hangzhou AllTest Biotech Co., Ltd","og_url":"https:\/\/healthwing.fi\/fi\/tuote\/hw-urinary-tract-infections-test\/","og_site_name":"H&amp;W Biotech","article_publisher":"https:\/\/www.facebook.com\/HWBiotechOy","article_modified_time":"2025-07-24T19:46:33+00:00","og_image":[{"url":"https:\/\/healthwing.fi\/wp-content\/uploads\/2023\/05\/U031-1.jpg","width":1,"height":1,"type":"image\/jpeg"}],"twitter_card":"summary_large_image","twitter_misc":{"Arvioitu lukuaika":"1 minuutti"},"schema":{"@context":"https:\/\/schema.org","@graph":[{"@type":"WebPage","@id":"https:\/\/healthwing.fi\/product\/hw-urinary-tract-infections-test\/","url":"https:\/\/healthwing.fi\/product\/hw-urinary-tract-infections-test\/","name":"H&W Urinary Tract Infections Test - H&amp;W Biotech","isPartOf":{"@id":"https:\/\/healthwing.fi\/#website"},"primaryImageOfPage":{"@id":"https:\/\/healthwing.fi\/product\/hw-urinary-tract-infections-test\/#primaryimage"},"image":{"@id":"https:\/\/healthwing.fi\/product\/hw-urinary-tract-infections-test\/#primaryimage"},"thumbnailUrl":"https:\/\/healthwing.fi\/wp-content\/uploads\/2023\/05\/U031-1.jpg","datePublished":"2023-05-09T19:57:19+00:00","dateModified":"2025-07-24T19:46:33+00:00","breadcrumb":{"@id":"https:\/\/healthwing.fi\/product\/hw-urinary-tract-infections-test\/#breadcrumb"},"inLanguage":"fi","potentialAction":[{"@type":"ReadAction","target":["https:\/\/healthwing.fi\/product\/hw-urinary-tract-infections-test\/"]}]},{"@type":"ImageObject","inLanguage":"fi","@id":"https:\/\/healthwing.fi\/product\/hw-urinary-tract-infections-test\/#primaryimage","url":"https:\/\/healthwing.fi\/wp-content\/uploads\/2023\/05\/U031-1.jpg","contentUrl":"https:\/\/healthwing.fi\/wp-content\/uploads\/2023\/05\/U031-1.jpg"},{"@type":"BreadcrumbList","@id":"https:\/\/healthwing.fi\/product\/hw-urinary-tract-infections-test\/#breadcrumb","itemListElement":[{"@type":"ListItem","position":1,"name":"Home","item":"https:\/\/healthwing.fi\/"},{"@type":"ListItem","position":2,"name":"Products","item":"https:\/\/healthwing.fi\/products\/"},{"@type":"ListItem","position":3,"name":"H&#038;W Urinary Tract Infections Test"}]},{"@type":"WebSite","@id":"https:\/\/healthwing.fi\/#website","url":"https:\/\/healthwing.fi\/","name":"H&W Biotech","description":"H&amp;W Biotech","publisher":{"@id":"https:\/\/healthwing.fi\/#organization"},"potentialAction":[{"@type":"SearchAction","target":{"@type":"EntryPoint","urlTemplate":"https:\/\/healthwing.fi\/?s={search_term_string}"},"query-input":{"@type":"PropertyValueSpecification","valueRequired":true,"valueName":"search_term_string"}}],"inLanguage":"fi"},{"@type":"Organization","@id":"https:\/\/healthwing.fi\/#organization","name":"H&W Biotech","url":"https:\/\/healthwing.fi\/","logo":{"@type":"ImageObject","inLanguage":"fi","@id":"https:\/\/healthwing.fi\/#\/schema\/logo\/image\/","url":"https:\/\/healthwing.fi\/wp-content\/uploads\/2022\/03\/HW-Biotech-logo.png","contentUrl":"https:\/\/healthwing.fi\/wp-content\/uploads\/2022\/03\/HW-Biotech-logo.png","width":275,"height":122,"caption":"H&W Biotech"},"image":{"@id":"https:\/\/healthwing.fi\/#\/schema\/logo\/image\/"},"sameAs":["https:\/\/www.facebook.com\/HWBiotechOy","https:\/\/www.linkedin.com\/company\/h-w-biotech-oy"]}]}},"_links":{"self":[{"href":"https:\/\/healthwing.fi\/fi\/wp-json\/wp\/v2\/product\/594","targetHints":{"allow":["GET"]}}],"collection":[{"href":"https:\/\/healthwing.fi\/fi\/wp-json\/wp\/v2\/product"}],"about":[{"href":"https:\/\/healthwing.fi\/fi\/wp-json\/wp\/v2\/types\/product"}],"wp:featuredmedia":[{"embeddable":true,"href":"https:\/\/healthwing.fi\/fi\/wp-json\/wp\/v2\/media\/593"}],"wp:attachment":[{"href":"https:\/\/healthwing.fi\/fi\/wp-json\/wp\/v2\/media?parent=594"}],"wp:term":[{"taxonomy":"product_brand","embeddable":true,"href":"https:\/\/healthwing.fi\/fi\/wp-json\/wp\/v2\/product_brand?post=594"},{"taxonomy":"product_cat","embeddable":true,"href":"https:\/\/healthwing.fi\/fi\/wp-json\/wp\/v2\/product_cat?post=594"},{"taxonomy":"product_tag","embeddable":true,"href":"https:\/\/healthwing.fi\/fi\/wp-json\/wp\/v2\/product_tag?post=594"}],"curies":[{"name":"wp","href":"https:\/\/api.w.org\/{rel}","templated":true}]}}