{"id":670,"date":"2023-08-09T20:28:10","date_gmt":"2023-08-09T18:28:10","guid":{"rendered":"https:\/\/healthwing.fi\/?post_type=product&#038;p=670"},"modified":"2025-07-24T21:45:59","modified_gmt":"2025-07-24T19:45:59","slug":"hw-h-pylori-antigen-rapid-test-cassette-feces","status":"publish","type":"product","link":"https:\/\/healthwing.fi\/fi\/tuote\/hw-h-pylori-antigen-rapid-test-cassette-feces\/","title":{"rendered":"H&amp;W Helikobakteeri vatsatulehdus pikatesti, 1 kpl"},"content":{"rendered":"<p><a style=\"display: inline-flex; align-items: center; justify-content: center; padding: 12px 25px; background-color: rgba(78, 181, 173, 0.8); color: white; text-decoration: none; border-radius: 12px; cursor: pointer; box-shadow: 0px 4px 8px rgba(0,0,0,0.2); transition: background-color 0.3s ease, box-shadow 0.3s ease, transform 0.3s ease; font-size: 16px; line-height: 1.2; height: 48px;\" href=\"https:\/\/healthwing.fi\/wp-content\/uploads\/2025\/06\/IHP-602H-IFU.pdf\" target=\"_blank\" rel=\"noopener\"><strong>K\u00e4ytt\u00f6ohjeet<\/strong><\/a><\/p>\n<p><iframe title=\"Tuotteen esittely - H&amp;W Helikobakteeri vatsatulehdus pikatesti\" width=\"1020\" height=\"574\" src=\"https:\/\/www.youtube.com\/embed\/8EytZLdL-gc?feature=oembed\" frameborder=\"0\" allow=\"accelerometer; autoplay; clipboard-write; encrypted-media; gyroscope; picture-in-picture; web-share\" referrerpolicy=\"strict-origin-when-cross-origin\" allowfullscreen><\/iframe><\/p>\n<p><strong>K\u00e4ytt\u00f6tarkoitus:<\/strong><\/p>\n<p>Helikobakteeri (H. pylori) -antigeenin kvalitatiivinen m\u00e4\u00e4ritt\u00e4minen ihmisen ulosten\u00e4ytteest\u00e4.<\/p>\n<p>H. pylori on pieni, spiraalinmuotoinen bakteeri, joka voi el\u00e4\u00e4 mahalaukun ja suolen pinnalla. Helikobakteeri pikatesti havaitsee spesifisesti H. pylori -antigeenej\u00e4 ulosteessa ja osoittaa bakteerin esiintymisen.<\/p>\n<p>H. pylori -infektio aiheuttaa mahatulehduksen (gastriitin) joka voi johtaa pohjukaissuoli- tai mahahaavan kehittymiseen. H. pylori -infektio my\u00f6s lis\u00e4\u00e4 mahasy\u00f6v\u00e4n vaaraa. Tutkimukset osoittavat, ett\u00e4 yli 90% potilaista, joilla on pohjukaissuolihaava, ja 80% potilaista, joilla on mahahaava, ovat saaneet H. pylori -infektion. Ulosteen antigeenim\u00e4\u00e4ritys kasvattaa suosiotaan H. pylori -infektioiden diagnosoinnissa ja hoidon tehokkuuden seurannassa.<\/p>\n<p>V\u00e4rillinen testiviiva (positiivinen tulos) osoittaa ett\u00e4 ulosteessasi on H. pylori -bakteereja ja sinun kannattaa ottaa yhteytt\u00e4 l\u00e4\u00e4k\u00e4riin. Jos tulos on negatiivinen, H. pylori -antigeeni\u00e4 ei voitu havaita. Jos oireet kuitenkin jatkuvat, on suositeltavaa keskustella l\u00e4\u00e4k\u00e4rin kanssa.<\/p>\n<p><strong>Sis\u00e4lt\u00f6:<\/strong><br \/>\nTestikasetti<br \/>\nPuskuriliuosta sis\u00e4lt\u00e4v\u00e4 n\u00e4ytteenottoputki<br \/>\nK\u00e4ytt\u00f6ohje<br \/>\nUlosteenker\u00e4yspaperi<\/p>\n<p><strong>Tekniset tiedot:<\/strong><br \/>\nPakkaus sis\u00e4lt\u00e4\u00e4 kaiken tarvittavan testausta varten.<br \/>\nLue k\u00e4ytt\u00f6ohje huolella ennen testausta. Testin p\u00e4\u00e4vaiheet:<\/p>\n<ul>\n<li>N\u00e4yte ker\u00e4t\u00e4\u00e4n WC:ll\u00e4 istuessa, pakkauksessa mukana olevaa ulosteenker\u00e4yspaperia hy\u00f6dynt\u00e4en<\/li>\n<li>N\u00e4ytetikku pistet\u00e4\u00e4n ulosteeseen ja siirret\u00e4\u00e4n putkessa olevaan puskuriin.<\/li>\n<li>Putki ravistetaan ja n\u00e4yte tiputetaan testikasetille.<\/li>\n<li>Tulos luetaan 10 minuutin kuluttua testikasetin v\u00e4riviivoista<\/li>\n<\/ul>\n<p><strong>S\u00e4ilytys:<\/strong><br \/>\nHuoneenl\u00e4mm\u00f6ss\u00e4 tai j\u00e4\u00e4kaapissa<\/p>","protected":false},"excerpt":{"rendered":"<p>Luotettava testi Helikobakteeri (H. pylori) -antigeenin m\u00e4\u00e4ritt\u00e4miseen ulosten\u00e4ytteest\u00e4. Tee testi jos sinulla on toistuvia vatsan ja suoliston ongelmia.<\/p>\n<p>CE-merkitty (0123) In vitro -diagnostinen l\u00e4\u00e4kinn\u00e4llinen laite itsesuoritettavaan testaukseen.<\/p>\n<p>Herkkyys: 97,6%; Spesifisyys: 97,9%; \n kokonaistarkkuus: 97.8%<br \/>\n\u221a Helppo testata kotona ja milloin haluat<br \/>\n\u221a Edullinen ja nopea<\/p>\n<p>Valmistaja: Hangzhou AllTest Biotech Co., Ltd<\/p>","protected":false},"featured_media":673,"template":"","meta":{"_monsterinsights_skip_tracking":false,"_monsterinsights_sitenote_active":false,"_monsterinsights_sitenote_note":"","_monsterinsights_sitenote_category":0},"product_brand":[],"product_cat":[30,40],"product_tag":[],"class_list":{"0":"post-670","1":"product","2":"type-product","3":"status-publish","4":"has-post-thumbnail","6":"product_cat-home-test","7":"product_cat-stomach-and-bowel-disease-tests","9":"first","10":"instock","11":"taxable","12":"shipping-taxable","13":"product-type-simple"},"yoast_head":"<!-- This site is optimized with the Yoast SEO Premium plugin v22.8 (Yoast SEO v27.2) - https:\/\/yoast.com\/product\/yoast-seo-premium-wordpress\/ -->\n<title>H&amp;W H. pylori Antigen Rapid Test Cassette (Feces), 1 pc - H&amp;W Biotech<\/title>\n<meta name=\"robots\" content=\"index, follow, max-snippet:-1, max-image-preview:large, max-video-preview:-1\" \/>\n<link rel=\"canonical\" href=\"https:\/\/healthwing.fi\/fi\/tuote\/hw-h-pylori-antigen-rapid-test-cassette-feces\/\" \/>\n<meta property=\"og:locale\" content=\"fi_FI\" \/>\n<meta property=\"og:type\" content=\"article\" \/>\n<meta property=\"og:title\" content=\"H&amp;W H. pylori Antigen Rapid Test Cassette (Feces), 1 pc\" \/>\n<meta property=\"og:description\" content=\"A reliable test for determining the Helicobacter pylori (H. pylori) antigen in a stool sample. Take the test if you have frequent stomach and intestinal problems.  CE marked (0123) In vitro diagnostic medical device for self-testing.  \u221a Reliable: Sensitivity: 97.6% ; Specificity: 97.9%; Accuracy: 97.8% \u221a Easy: Can be performed in simple steps \u221a Confidentiality: Can be performed in the privacy  Manufacturer: Hangzhou AllTest Biotech Co., Ltd\" \/>\n<meta property=\"og:url\" content=\"https:\/\/healthwing.fi\/fi\/tuote\/hw-h-pylori-antigen-rapid-test-cassette-feces\/\" \/>\n<meta property=\"og:site_name\" content=\"H&amp;W Biotech\" \/>\n<meta property=\"article:publisher\" content=\"https:\/\/www.facebook.com\/HWBiotechOy\" \/>\n<meta property=\"article:modified_time\" content=\"2025-07-24T19:45:59+00:00\" \/>\n<meta property=\"og:image\" content=\"https:\/\/healthwing.fi\/wp-content\/uploads\/2023\/08\/HP-1-1-1.png\" \/>\n\t<meta property=\"og:image:width\" content=\"1067\" \/>\n\t<meta property=\"og:image:height\" content=\"800\" \/>\n\t<meta property=\"og:image:type\" content=\"image\/png\" \/>\n<meta name=\"twitter:card\" content=\"summary_large_image\" \/>\n<meta name=\"twitter:label1\" content=\"Arvioitu lukuaika\" \/>\n\t<meta name=\"twitter:data1\" content=\"2 minuuttia\" \/>\n<script type=\"application\/ld+json\" class=\"yoast-schema-graph\">{\"@context\":\"https:\/\/schema.org\",\"@graph\":[{\"@type\":\"WebPage\",\"@id\":\"https:\/\/healthwing.fi\/product\/hw-h-pylori-antigen-rapid-test-cassette-feces\/\",\"url\":\"https:\/\/healthwing.fi\/product\/hw-h-pylori-antigen-rapid-test-cassette-feces\/\",\"name\":\"H&W H. pylori Antigen Rapid Test Cassette (Feces), 1 pc - H&amp;W Biotech\",\"isPartOf\":{\"@id\":\"https:\/\/healthwing.fi\/#website\"},\"primaryImageOfPage\":{\"@id\":\"https:\/\/healthwing.fi\/product\/hw-h-pylori-antigen-rapid-test-cassette-feces\/#primaryimage\"},\"image\":{\"@id\":\"https:\/\/healthwing.fi\/product\/hw-h-pylori-antigen-rapid-test-cassette-feces\/#primaryimage\"},\"thumbnailUrl\":\"https:\/\/healthwing.fi\/wp-content\/uploads\/2023\/08\/HP-1-1-1.png\",\"datePublished\":\"2023-08-09T18:28:10+00:00\",\"dateModified\":\"2025-07-24T19:45:59+00:00\",\"breadcrumb\":{\"@id\":\"https:\/\/healthwing.fi\/product\/hw-h-pylori-antigen-rapid-test-cassette-feces\/#breadcrumb\"},\"inLanguage\":\"fi\",\"potentialAction\":[{\"@type\":\"ReadAction\",\"target\":[\"https:\/\/healthwing.fi\/product\/hw-h-pylori-antigen-rapid-test-cassette-feces\/\"]}]},{\"@type\":\"ImageObject\",\"inLanguage\":\"fi\",\"@id\":\"https:\/\/healthwing.fi\/product\/hw-h-pylori-antigen-rapid-test-cassette-feces\/#primaryimage\",\"url\":\"https:\/\/healthwing.fi\/wp-content\/uploads\/2023\/08\/HP-1-1-1.png\",\"contentUrl\":\"https:\/\/healthwing.fi\/wp-content\/uploads\/2023\/08\/HP-1-1-1.png\",\"width\":1067,\"height\":800},{\"@type\":\"BreadcrumbList\",\"@id\":\"https:\/\/healthwing.fi\/product\/hw-h-pylori-antigen-rapid-test-cassette-feces\/#breadcrumb\",\"itemListElement\":[{\"@type\":\"ListItem\",\"position\":1,\"name\":\"Home\",\"item\":\"https:\/\/healthwing.fi\/\"},{\"@type\":\"ListItem\",\"position\":2,\"name\":\"Products\",\"item\":\"https:\/\/healthwing.fi\/products\/\"},{\"@type\":\"ListItem\",\"position\":3,\"name\":\"H&#038;W H. pylori Antigen Rapid Test Cassette (Feces), 1 pc\"}]},{\"@type\":\"WebSite\",\"@id\":\"https:\/\/healthwing.fi\/#website\",\"url\":\"https:\/\/healthwing.fi\/\",\"name\":\"H&W Biotech\",\"description\":\"H&amp;W Biotech\",\"publisher\":{\"@id\":\"https:\/\/healthwing.fi\/#organization\"},\"potentialAction\":[{\"@type\":\"SearchAction\",\"target\":{\"@type\":\"EntryPoint\",\"urlTemplate\":\"https:\/\/healthwing.fi\/?s={search_term_string}\"},\"query-input\":{\"@type\":\"PropertyValueSpecification\",\"valueRequired\":true,\"valueName\":\"search_term_string\"}}],\"inLanguage\":\"fi\"},{\"@type\":\"Organization\",\"@id\":\"https:\/\/healthwing.fi\/#organization\",\"name\":\"H&W Biotech\",\"url\":\"https:\/\/healthwing.fi\/\",\"logo\":{\"@type\":\"ImageObject\",\"inLanguage\":\"fi\",\"@id\":\"https:\/\/healthwing.fi\/#\/schema\/logo\/image\/\",\"url\":\"https:\/\/healthwing.fi\/wp-content\/uploads\/2022\/03\/HW-Biotech-logo.png\",\"contentUrl\":\"https:\/\/healthwing.fi\/wp-content\/uploads\/2022\/03\/HW-Biotech-logo.png\",\"width\":275,\"height\":122,\"caption\":\"H&W Biotech\"},\"image\":{\"@id\":\"https:\/\/healthwing.fi\/#\/schema\/logo\/image\/\"},\"sameAs\":[\"https:\/\/www.facebook.com\/HWBiotechOy\",\"https:\/\/www.linkedin.com\/company\/h-w-biotech-oy\"]}]}<\/script>\n<!-- \/ Yoast SEO Premium plugin. -->","yoast_head_json":{"title":"H&W H. pylori Antigen Rapid Test Cassette (Feces), 1 pc - H&amp;W Biotech","robots":{"index":"index","follow":"follow","max-snippet":"max-snippet:-1","max-image-preview":"max-image-preview:large","max-video-preview":"max-video-preview:-1"},"canonical":"https:\/\/healthwing.fi\/fi\/tuote\/hw-h-pylori-antigen-rapid-test-cassette-feces\/","og_locale":"fi_FI","og_type":"article","og_title":"H&W H. pylori Antigen Rapid Test Cassette (Feces), 1 pc","og_description":"A reliable test for determining the Helicobacter pylori (H. pylori) antigen in a stool sample. Take the test if you have frequent stomach and intestinal problems.  CE marked (0123) In vitro diagnostic medical device for self-testing.  \u221a Reliable: Sensitivity: 97.6% ; Specificity: 97.9%; Accuracy: 97.8% \u221a Easy: Can be performed in simple steps \u221a Confidentiality: Can be performed in the privacy  Manufacturer: Hangzhou AllTest Biotech Co., Ltd","og_url":"https:\/\/healthwing.fi\/fi\/tuote\/hw-h-pylori-antigen-rapid-test-cassette-feces\/","og_site_name":"H&amp;W Biotech","article_publisher":"https:\/\/www.facebook.com\/HWBiotechOy","article_modified_time":"2025-07-24T19:45:59+00:00","og_image":[{"width":1067,"height":800,"url":"https:\/\/healthwing.fi\/wp-content\/uploads\/2023\/08\/HP-1-1-1.png","type":"image\/png"}],"twitter_card":"summary_large_image","twitter_misc":{"Arvioitu lukuaika":"2 minuuttia"},"schema":{"@context":"https:\/\/schema.org","@graph":[{"@type":"WebPage","@id":"https:\/\/healthwing.fi\/product\/hw-h-pylori-antigen-rapid-test-cassette-feces\/","url":"https:\/\/healthwing.fi\/product\/hw-h-pylori-antigen-rapid-test-cassette-feces\/","name":"H&W H. pylori Antigen Rapid Test Cassette (Feces), 1 pc - H&amp;W Biotech","isPartOf":{"@id":"https:\/\/healthwing.fi\/#website"},"primaryImageOfPage":{"@id":"https:\/\/healthwing.fi\/product\/hw-h-pylori-antigen-rapid-test-cassette-feces\/#primaryimage"},"image":{"@id":"https:\/\/healthwing.fi\/product\/hw-h-pylori-antigen-rapid-test-cassette-feces\/#primaryimage"},"thumbnailUrl":"https:\/\/healthwing.fi\/wp-content\/uploads\/2023\/08\/HP-1-1-1.png","datePublished":"2023-08-09T18:28:10+00:00","dateModified":"2025-07-24T19:45:59+00:00","breadcrumb":{"@id":"https:\/\/healthwing.fi\/product\/hw-h-pylori-antigen-rapid-test-cassette-feces\/#breadcrumb"},"inLanguage":"fi","potentialAction":[{"@type":"ReadAction","target":["https:\/\/healthwing.fi\/product\/hw-h-pylori-antigen-rapid-test-cassette-feces\/"]}]},{"@type":"ImageObject","inLanguage":"fi","@id":"https:\/\/healthwing.fi\/product\/hw-h-pylori-antigen-rapid-test-cassette-feces\/#primaryimage","url":"https:\/\/healthwing.fi\/wp-content\/uploads\/2023\/08\/HP-1-1-1.png","contentUrl":"https:\/\/healthwing.fi\/wp-content\/uploads\/2023\/08\/HP-1-1-1.png","width":1067,"height":800},{"@type":"BreadcrumbList","@id":"https:\/\/healthwing.fi\/product\/hw-h-pylori-antigen-rapid-test-cassette-feces\/#breadcrumb","itemListElement":[{"@type":"ListItem","position":1,"name":"Home","item":"https:\/\/healthwing.fi\/"},{"@type":"ListItem","position":2,"name":"Products","item":"https:\/\/healthwing.fi\/products\/"},{"@type":"ListItem","position":3,"name":"H&#038;W H. pylori Antigen Rapid Test Cassette (Feces), 1 pc"}]},{"@type":"WebSite","@id":"https:\/\/healthwing.fi\/#website","url":"https:\/\/healthwing.fi\/","name":"H&W Biotech","description":"H&amp;W Biotech","publisher":{"@id":"https:\/\/healthwing.fi\/#organization"},"potentialAction":[{"@type":"SearchAction","target":{"@type":"EntryPoint","urlTemplate":"https:\/\/healthwing.fi\/?s={search_term_string}"},"query-input":{"@type":"PropertyValueSpecification","valueRequired":true,"valueName":"search_term_string"}}],"inLanguage":"fi"},{"@type":"Organization","@id":"https:\/\/healthwing.fi\/#organization","name":"H&W Biotech","url":"https:\/\/healthwing.fi\/","logo":{"@type":"ImageObject","inLanguage":"fi","@id":"https:\/\/healthwing.fi\/#\/schema\/logo\/image\/","url":"https:\/\/healthwing.fi\/wp-content\/uploads\/2022\/03\/HW-Biotech-logo.png","contentUrl":"https:\/\/healthwing.fi\/wp-content\/uploads\/2022\/03\/HW-Biotech-logo.png","width":275,"height":122,"caption":"H&W Biotech"},"image":{"@id":"https:\/\/healthwing.fi\/#\/schema\/logo\/image\/"},"sameAs":["https:\/\/www.facebook.com\/HWBiotechOy","https:\/\/www.linkedin.com\/company\/h-w-biotech-oy"]}]}},"_links":{"self":[{"href":"https:\/\/healthwing.fi\/fi\/wp-json\/wp\/v2\/product\/670","targetHints":{"allow":["GET"]}}],"collection":[{"href":"https:\/\/healthwing.fi\/fi\/wp-json\/wp\/v2\/product"}],"about":[{"href":"https:\/\/healthwing.fi\/fi\/wp-json\/wp\/v2\/types\/product"}],"wp:featuredmedia":[{"embeddable":true,"href":"https:\/\/healthwing.fi\/fi\/wp-json\/wp\/v2\/media\/673"}],"wp:attachment":[{"href":"https:\/\/healthwing.fi\/fi\/wp-json\/wp\/v2\/media?parent=670"}],"wp:term":[{"taxonomy":"product_brand","embeddable":true,"href":"https:\/\/healthwing.fi\/fi\/wp-json\/wp\/v2\/product_brand?post=670"},{"taxonomy":"product_cat","embeddable":true,"href":"https:\/\/healthwing.fi\/fi\/wp-json\/wp\/v2\/product_cat?post=670"},{"taxonomy":"product_tag","embeddable":true,"href":"https:\/\/healthwing.fi\/fi\/wp-json\/wp\/v2\/product_tag?post=670"}],"curies":[{"name":"wp","href":"https:\/\/api.w.org\/{rel}","templated":true}]}}