{"id":675,"date":"2023-08-09T21:03:08","date_gmt":"2023-08-09T19:03:08","guid":{"rendered":"https:\/\/healthwing.fi\/?post_type=product&#038;p=675"},"modified":"2025-07-24T21:45:50","modified_gmt":"2025-07-24T19:45:50","slug":"hw-fsh-rapid-test-midstream-urine","status":"publish","type":"product","link":"https:\/\/healthwing.fi\/fi\/tuote\/hw-fsh-rapid-test-midstream-urine\/","title":{"rendered":"H&amp;W FSH Vaihdevuosien pikatesti, 2 kpl"},"content":{"rendered":"<p><a style=\"display: inline-flex; align-items: center; justify-content: center; padding: 12px 25px; background-color: rgba(78, 181, 173, 0.8); color: white; text-decoration: none; border-radius: 12px; cursor: pointer; box-shadow: 0px 4px 8px rgba(0,0,0,0.2); transition: background-color 0.3s ease, box-shadow 0.3s ease, transform 0.3s ease; font-size: 16px; line-height: 1.2; height: 48px;\" href=\"https:\/\/healthwing.fi\/wp-content\/uploads\/2025\/06\/FFS-103H-IFU.pdf\" target=\"_blank\" rel=\"noopener\"><strong>K\u00e4ytt\u00f6ohjeet<\/strong><\/a><\/p>\n<p><iframe title=\"Tuotteen esittely - H&amp;W FSH Vaihdevuosien pikatesti\" width=\"1020\" height=\"574\" src=\"https:\/\/www.youtube.com\/embed\/viiZy_dN4H4?feature=oembed\" frameborder=\"0\" allow=\"accelerometer; autoplay; clipboard-write; encrypted-media; gyroscope; picture-in-picture; web-share\" referrerpolicy=\"strict-origin-when-cross-origin\" allowfullscreen><\/iframe><\/p>\n<p><strong>K\u00e4ytt\u00f6tarkoitus:<\/strong><br \/>\nFSH pikatesti (Virtsa) on kromatografinen immunom\u00e4\u00e4ritys follikkelia stimuloivan hormonin (FSH) kvalitatiiviseen m\u00e4\u00e4ritt\u00e4miseen virtsasta. Vaihdevuosien havaitsemisen tueksi. M\u00e4\u00e4ritys suoritetaan virtsaamalla testin imukykyiseen p\u00e4\u00e4h\u00e4n tai upottamalla se virtsaan ja lukemalla tulos (3 min p\u00e4\u00e4st\u00e4) v\u00e4rillisist\u00e4 viivoista.<\/p>\n<p>Vaihdevuodet (menopaussi) tarkoittavat kuukautisten p\u00e4\u00e4ttymist\u00e4, mutta niit\u00e4 diagnosoidaan yleens\u00e4 vasta vuosi kuukautisvuotojen p\u00e4\u00e4ttymisen j\u00e4lkeen. Ajanjaksoa, joka edelt\u00e4\u00e4 menopaussia ja joka jatkuu 12 kuukautta sen j\u00e4lkeen, nimitet\u00e4\u00e4n perimenopaussiksi. Monet naiset kokevat t\u00e4m\u00e4n ajanjakson aikana oireita, joita ovat muun muassa kuumat aallot, ep\u00e4s\u00e4\u00e4nn\u00f6llinen kuukautiskierto, unih\u00e4iri\u00f6t, em\u00e4ttimen kuivuus, hiustenl\u00e4ht\u00f6, ahdistuneisuus ja mielialan vaihtelut, ohimenev\u00e4 muistinmenetys ja uupumus. Perimenopaussin alkaminen johtuu naisen kehossa tapahtuvista kuukautiskiertoa s\u00e4\u00e4televien hormonien tasojen muutoksista. Kun elimist\u00f6 tuottaa yh\u00e4 v\u00e4hemm\u00e4n estrogeenia, follikkelia stimuloivan hormonin (FSH) tuotanto lis\u00e4\u00e4ntyy. FSH s\u00e4\u00e4telee normaalisti naisen munasolujen kehittymist\u00e4. Sen vuoksi FSH:n testaaminen voi auttaa m\u00e4\u00e4ritt\u00e4m\u00e4\u00e4n, onko nainen perimenopaussivaiheessa. Jos nainen tiet\u00e4\u00e4 olevansa perimenopaussivaiheessa, h\u00e4n voi toimia sen mukaisesti pit\u00e4\u00e4kseen kehonsa terveen\u00e4 ja v\u00e4ltt\u00e4\u00e4kseen menopaussiin liitettyj\u00e4 terveysriskej\u00e4 (mm. osteoporoosi, kohonnut verenpaine ja kolesteroli, sek\u00e4 lis\u00e4\u00e4ntynyt syd\u00e4nsairauksien riski)<\/p>\n<p><strong>Sis\u00e4lt\u00f6:<\/strong><br \/>\nTestit 2 kpl<br \/>\nK\u00e4ytt\u00f6ohje 1kpl<\/p>\n<p><strong>Tekniset tiedot:<\/strong><br \/>\nLue k\u00e4ytt\u00f6ohje huolella ennen testausta. Testin p\u00e4\u00e4vaiheet:<br \/>\n- Testauksen aloitusp\u00e4iv\u00e4 m\u00e4\u00e4ritet\u00e4\u00e4n (ohjeet pakkausselosteessa)<br \/>\n- Virtsan\u00e4yte (mieluiten aamuvirtsa)<br \/>\n- Testipuikko kastetaan virtsan\u00e4ytteeseen TAI testipuikko vied\u00e4\u00e4n suoraan virtsasuihkuun<br \/>\n- Tulos luetaan 3 minuutin p\u00e4\u00e4st\u00e4 testin v\u00e4riviivoista:<br \/>\nPOSITIIVINEN: Kaksi viivaa n\u00e4kyy ja testiviiva on samanv\u00e4rinen tai tummempi kuin kontrolliviiva.<br \/>\nNEGATIIVINEN: Kaksi viivaa n\u00e4kyy ja testiviiva on vaaleampi kuin kontrolliviiva.<br \/>\n- Tulos tulkitaan pakkausselosteessa olevan taulukon perusteella<br \/>\n- FSH pikatestin raja-arvo on 25 mIU\/ml.<\/p>\n<p><strong>Huomioitavaa:<\/strong><br \/>\nTarvitset n\u00e4ytteenker\u00e4ysastian jos valitset vaihtoehdon testata kastamalla testipuikko virtsaan. Astian kuuluu olla puhdas ja kuiva. Esimerkiksi posliininen kahvikuppi k\u00e4y hyvin.<br \/>\nJos sinulla edelleen on kuukautisvuotoa joka kuussa, tee ensimm\u00e4inen testi kuukautiskiertosi ensimm\u00e4isell\u00e4 viikolla (p\u00e4iv\u00e4t 2\u20137, kun p\u00e4iv\u00e4 1 on kuukautisten ensimm\u00e4inen p\u00e4iv\u00e4). Jos tulos on negatiivinen, mutta oireet jatkuvat, tee toinen testi viikkoa my\u00f6hemmin. Jos sinulla ei en\u00e4\u00e4 ole s\u00e4\u00e4nn\u00f6llisi\u00e4 kuukautisia, voit tehd\u00e4 testin mihin aikaan kuukaudesta tahansa ja tehd\u00e4 toisen testin viikkoa my\u00f6hemmin.<\/p>\n<p><strong>S\u00e4ilytys:<\/strong><br \/>\nHuoneenl\u00e4mm\u00f6ss\u00e4 tai j\u00e4\u00e4kaapissa<\/p>","protected":false},"excerpt":{"rendered":"<p>Luotettava testi follikkelia stimuloivan hormonin (FSH) m\u00e4\u00e4ritt\u00e4miseen virtsasta. Naisten vaihdevuosien havaitsemisen tueksi.<\/p>\n<ul>\n<li>2 kpl\/pakkaus<\/li>\n<li>Kertak\u00e4ytt\u00f6inen ja itsesuoritettava<\/li>\n<li>CE-merkitty (0123) In vitro -diagnostinen l\u00e4\u00e4kinn\u00e4llinen laite itsetestaukseen<\/li>\n<li>Kokonaistarkkuus: 100,0 %<\/li>\n<\/ul>\n<p>Valmistaja: Hangzhou AllTest Biotech Co., Ltd<\/p>","protected":false},"featured_media":679,"template":"","meta":{"_monsterinsights_skip_tracking":false,"_monsterinsights_sitenote_active":false,"_monsterinsights_sitenote_note":"","_monsterinsights_sitenote_category":0},"product_brand":[],"product_cat":[30,39],"product_tag":[],"class_list":{"0":"post-675","1":"product","2":"type-product","3":"status-publish","4":"has-post-thumbnail","6":"product_cat-home-test","7":"product_cat-ladys-health-tests","9":"first","10":"instock","11":"taxable","12":"shipping-taxable","13":"product-type-simple"},"yoast_head":"<!-- This site is optimized with the Yoast SEO Premium plugin v22.8 (Yoast SEO v27.2) - https:\/\/yoast.com\/product\/yoast-seo-premium-wordpress\/ -->\n<title>H&amp;W FSH Rapid Test Midstream (Urine), 2 pcs - H&amp;W Biotech<\/title>\n<meta name=\"robots\" content=\"index, follow, max-snippet:-1, max-image-preview:large, max-video-preview:-1\" \/>\n<link rel=\"canonical\" href=\"https:\/\/healthwing.fi\/fi\/tuote\/hw-fsh-rapid-test-midstream-urine\/\" \/>\n<meta property=\"og:locale\" content=\"fi_FI\" \/>\n<meta property=\"og:type\" content=\"article\" \/>\n<meta property=\"og:title\" content=\"H&amp;W FSH Rapid Test Midstream (Urine), 2 pcs\" \/>\n<meta property=\"og:description\" content=\"A reliable test for the determination of follicle-stimulating hormone (FSH) in urine. To support the detection of menopause in women.   2 pcs\/pack  Disposable and self-administered  CE marked (0123) In vitro diagnostic medical device for self-testing  Overall Accuracy: 100.0%   Manufacturer: Hangzhou AllTest Biotech Co., Ltd\" \/>\n<meta property=\"og:url\" content=\"https:\/\/healthwing.fi\/fi\/tuote\/hw-fsh-rapid-test-midstream-urine\/\" \/>\n<meta property=\"og:site_name\" content=\"H&amp;W Biotech\" \/>\n<meta property=\"article:publisher\" content=\"https:\/\/www.facebook.com\/HWBiotechOy\" \/>\n<meta property=\"article:modified_time\" content=\"2025-07-24T19:45:50+00:00\" \/>\n<meta property=\"og:image\" content=\"https:\/\/healthwing.fi\/wp-content\/uploads\/2023\/08\/FSH-1-1-1.jpg\" \/>\n\t<meta property=\"og:image:width\" content=\"1067\" \/>\n\t<meta property=\"og:image:height\" content=\"800\" \/>\n\t<meta property=\"og:image:type\" content=\"image\/jpeg\" \/>\n<meta name=\"twitter:card\" content=\"summary_large_image\" \/>\n<meta name=\"twitter:label1\" content=\"Arvioitu lukuaika\" \/>\n\t<meta name=\"twitter:data1\" content=\"3 minuuttia\" \/>\n<script type=\"application\/ld+json\" class=\"yoast-schema-graph\">{\"@context\":\"https:\/\/schema.org\",\"@graph\":[{\"@type\":\"WebPage\",\"@id\":\"https:\/\/healthwing.fi\/product\/hw-fsh-rapid-test-midstream-urine\/\",\"url\":\"https:\/\/healthwing.fi\/product\/hw-fsh-rapid-test-midstream-urine\/\",\"name\":\"H&W FSH Rapid Test Midstream (Urine), 2 pcs - H&amp;W Biotech\",\"isPartOf\":{\"@id\":\"https:\/\/healthwing.fi\/#website\"},\"primaryImageOfPage\":{\"@id\":\"https:\/\/healthwing.fi\/product\/hw-fsh-rapid-test-midstream-urine\/#primaryimage\"},\"image\":{\"@id\":\"https:\/\/healthwing.fi\/product\/hw-fsh-rapid-test-midstream-urine\/#primaryimage\"},\"thumbnailUrl\":\"https:\/\/healthwing.fi\/wp-content\/uploads\/2023\/08\/FSH-1-1-1.jpg\",\"datePublished\":\"2023-08-09T19:03:08+00:00\",\"dateModified\":\"2025-07-24T19:45:50+00:00\",\"breadcrumb\":{\"@id\":\"https:\/\/healthwing.fi\/product\/hw-fsh-rapid-test-midstream-urine\/#breadcrumb\"},\"inLanguage\":\"fi\",\"potentialAction\":[{\"@type\":\"ReadAction\",\"target\":[\"https:\/\/healthwing.fi\/product\/hw-fsh-rapid-test-midstream-urine\/\"]}]},{\"@type\":\"ImageObject\",\"inLanguage\":\"fi\",\"@id\":\"https:\/\/healthwing.fi\/product\/hw-fsh-rapid-test-midstream-urine\/#primaryimage\",\"url\":\"https:\/\/healthwing.fi\/wp-content\/uploads\/2023\/08\/FSH-1-1-1.jpg\",\"contentUrl\":\"https:\/\/healthwing.fi\/wp-content\/uploads\/2023\/08\/FSH-1-1-1.jpg\",\"width\":1067,\"height\":800},{\"@type\":\"BreadcrumbList\",\"@id\":\"https:\/\/healthwing.fi\/product\/hw-fsh-rapid-test-midstream-urine\/#breadcrumb\",\"itemListElement\":[{\"@type\":\"ListItem\",\"position\":1,\"name\":\"Home\",\"item\":\"https:\/\/healthwing.fi\/\"},{\"@type\":\"ListItem\",\"position\":2,\"name\":\"Products\",\"item\":\"https:\/\/healthwing.fi\/products\/\"},{\"@type\":\"ListItem\",\"position\":3,\"name\":\"H&#038;W FSH Rapid Test Midstream (Urine), 2 pcs\"}]},{\"@type\":\"WebSite\",\"@id\":\"https:\/\/healthwing.fi\/#website\",\"url\":\"https:\/\/healthwing.fi\/\",\"name\":\"H&W Biotech\",\"description\":\"H&amp;W Biotech\",\"publisher\":{\"@id\":\"https:\/\/healthwing.fi\/#organization\"},\"potentialAction\":[{\"@type\":\"SearchAction\",\"target\":{\"@type\":\"EntryPoint\",\"urlTemplate\":\"https:\/\/healthwing.fi\/?s={search_term_string}\"},\"query-input\":{\"@type\":\"PropertyValueSpecification\",\"valueRequired\":true,\"valueName\":\"search_term_string\"}}],\"inLanguage\":\"fi\"},{\"@type\":\"Organization\",\"@id\":\"https:\/\/healthwing.fi\/#organization\",\"name\":\"H&W Biotech\",\"url\":\"https:\/\/healthwing.fi\/\",\"logo\":{\"@type\":\"ImageObject\",\"inLanguage\":\"fi\",\"@id\":\"https:\/\/healthwing.fi\/#\/schema\/logo\/image\/\",\"url\":\"https:\/\/healthwing.fi\/wp-content\/uploads\/2022\/03\/HW-Biotech-logo.png\",\"contentUrl\":\"https:\/\/healthwing.fi\/wp-content\/uploads\/2022\/03\/HW-Biotech-logo.png\",\"width\":275,\"height\":122,\"caption\":\"H&W Biotech\"},\"image\":{\"@id\":\"https:\/\/healthwing.fi\/#\/schema\/logo\/image\/\"},\"sameAs\":[\"https:\/\/www.facebook.com\/HWBiotechOy\",\"https:\/\/www.linkedin.com\/company\/h-w-biotech-oy\"]}]}<\/script>\n<!-- \/ Yoast SEO Premium plugin. -->","yoast_head_json":{"title":"H&W FSH Rapid Test Midstream (Urine), 2 pcs - H&amp;W Biotech","robots":{"index":"index","follow":"follow","max-snippet":"max-snippet:-1","max-image-preview":"max-image-preview:large","max-video-preview":"max-video-preview:-1"},"canonical":"https:\/\/healthwing.fi\/fi\/tuote\/hw-fsh-rapid-test-midstream-urine\/","og_locale":"fi_FI","og_type":"article","og_title":"H&W FSH Rapid Test Midstream (Urine), 2 pcs","og_description":"A reliable test for the determination of follicle-stimulating hormone (FSH) in urine. To support the detection of menopause in women.   2 pcs\/pack  Disposable and self-administered  CE marked (0123) In vitro diagnostic medical device for self-testing  Overall Accuracy: 100.0%   Manufacturer: Hangzhou AllTest Biotech Co., Ltd","og_url":"https:\/\/healthwing.fi\/fi\/tuote\/hw-fsh-rapid-test-midstream-urine\/","og_site_name":"H&amp;W Biotech","article_publisher":"https:\/\/www.facebook.com\/HWBiotechOy","article_modified_time":"2025-07-24T19:45:50+00:00","og_image":[{"width":1067,"height":800,"url":"https:\/\/healthwing.fi\/wp-content\/uploads\/2023\/08\/FSH-1-1-1.jpg","type":"image\/jpeg"}],"twitter_card":"summary_large_image","twitter_misc":{"Arvioitu lukuaika":"3 minuuttia"},"schema":{"@context":"https:\/\/schema.org","@graph":[{"@type":"WebPage","@id":"https:\/\/healthwing.fi\/product\/hw-fsh-rapid-test-midstream-urine\/","url":"https:\/\/healthwing.fi\/product\/hw-fsh-rapid-test-midstream-urine\/","name":"H&W FSH Rapid Test Midstream (Urine), 2 pcs - H&amp;W Biotech","isPartOf":{"@id":"https:\/\/healthwing.fi\/#website"},"primaryImageOfPage":{"@id":"https:\/\/healthwing.fi\/product\/hw-fsh-rapid-test-midstream-urine\/#primaryimage"},"image":{"@id":"https:\/\/healthwing.fi\/product\/hw-fsh-rapid-test-midstream-urine\/#primaryimage"},"thumbnailUrl":"https:\/\/healthwing.fi\/wp-content\/uploads\/2023\/08\/FSH-1-1-1.jpg","datePublished":"2023-08-09T19:03:08+00:00","dateModified":"2025-07-24T19:45:50+00:00","breadcrumb":{"@id":"https:\/\/healthwing.fi\/product\/hw-fsh-rapid-test-midstream-urine\/#breadcrumb"},"inLanguage":"fi","potentialAction":[{"@type":"ReadAction","target":["https:\/\/healthwing.fi\/product\/hw-fsh-rapid-test-midstream-urine\/"]}]},{"@type":"ImageObject","inLanguage":"fi","@id":"https:\/\/healthwing.fi\/product\/hw-fsh-rapid-test-midstream-urine\/#primaryimage","url":"https:\/\/healthwing.fi\/wp-content\/uploads\/2023\/08\/FSH-1-1-1.jpg","contentUrl":"https:\/\/healthwing.fi\/wp-content\/uploads\/2023\/08\/FSH-1-1-1.jpg","width":1067,"height":800},{"@type":"BreadcrumbList","@id":"https:\/\/healthwing.fi\/product\/hw-fsh-rapid-test-midstream-urine\/#breadcrumb","itemListElement":[{"@type":"ListItem","position":1,"name":"Home","item":"https:\/\/healthwing.fi\/"},{"@type":"ListItem","position":2,"name":"Products","item":"https:\/\/healthwing.fi\/products\/"},{"@type":"ListItem","position":3,"name":"H&#038;W FSH Rapid Test Midstream (Urine), 2 pcs"}]},{"@type":"WebSite","@id":"https:\/\/healthwing.fi\/#website","url":"https:\/\/healthwing.fi\/","name":"H&W Biotech","description":"H&amp;W Biotech","publisher":{"@id":"https:\/\/healthwing.fi\/#organization"},"potentialAction":[{"@type":"SearchAction","target":{"@type":"EntryPoint","urlTemplate":"https:\/\/healthwing.fi\/?s={search_term_string}"},"query-input":{"@type":"PropertyValueSpecification","valueRequired":true,"valueName":"search_term_string"}}],"inLanguage":"fi"},{"@type":"Organization","@id":"https:\/\/healthwing.fi\/#organization","name":"H&W Biotech","url":"https:\/\/healthwing.fi\/","logo":{"@type":"ImageObject","inLanguage":"fi","@id":"https:\/\/healthwing.fi\/#\/schema\/logo\/image\/","url":"https:\/\/healthwing.fi\/wp-content\/uploads\/2022\/03\/HW-Biotech-logo.png","contentUrl":"https:\/\/healthwing.fi\/wp-content\/uploads\/2022\/03\/HW-Biotech-logo.png","width":275,"height":122,"caption":"H&W Biotech"},"image":{"@id":"https:\/\/healthwing.fi\/#\/schema\/logo\/image\/"},"sameAs":["https:\/\/www.facebook.com\/HWBiotechOy","https:\/\/www.linkedin.com\/company\/h-w-biotech-oy"]}]}},"_links":{"self":[{"href":"https:\/\/healthwing.fi\/fi\/wp-json\/wp\/v2\/product\/675","targetHints":{"allow":["GET"]}}],"collection":[{"href":"https:\/\/healthwing.fi\/fi\/wp-json\/wp\/v2\/product"}],"about":[{"href":"https:\/\/healthwing.fi\/fi\/wp-json\/wp\/v2\/types\/product"}],"wp:featuredmedia":[{"embeddable":true,"href":"https:\/\/healthwing.fi\/fi\/wp-json\/wp\/v2\/media\/679"}],"wp:attachment":[{"href":"https:\/\/healthwing.fi\/fi\/wp-json\/wp\/v2\/media?parent=675"}],"wp:term":[{"taxonomy":"product_brand","embeddable":true,"href":"https:\/\/healthwing.fi\/fi\/wp-json\/wp\/v2\/product_brand?post=675"},{"taxonomy":"product_cat","embeddable":true,"href":"https:\/\/healthwing.fi\/fi\/wp-json\/wp\/v2\/product_cat?post=675"},{"taxonomy":"product_tag","embeddable":true,"href":"https:\/\/healthwing.fi\/fi\/wp-json\/wp\/v2\/product_tag?post=675"}],"curies":[{"name":"wp","href":"https:\/\/api.w.org\/{rel}","templated":true}]}}