{"id":822,"date":"2024-08-21T20:58:20","date_gmt":"2024-08-21T18:58:20","guid":{"rendered":"https:\/\/healthwing.fi\/?post_type=product&#038;p=822"},"modified":"2024-08-22T14:20:59","modified_gmt":"2024-08-22T12:20:59","slug":"selleck-chemicals-inhibitors-antibodies-bioreagents-and-compound-libraries","status":"publish","type":"product","link":"https:\/\/healthwing.fi\/fi\/tuote\/selleck-chemicals-inhibitors-antibodies-bioreagents-and-compound-libraries\/","title":{"rendered":"Selleck Chemicals \u2013 inhibiittorit, vasta-aineet, bioreagenssit ja yhdistekirjastot"},"content":{"rendered":"","protected":false},"excerpt":{"rendered":"<p>H&amp;W Biotech tarjoaa huipputason tuotteita tutkijoiden saataville.<\/p>\n<p>Yrityksemme toimii alla olevien tuotteiden virallisena jakelijana sek\u00e4 Suomessa ett\u00e4 my\u00f6s koko Pohjoismaissa.<\/p>\n<p>H&amp;W Biotech tarjoaa tutkijoille...<br \/>\n\u2714 Kilpailukykyiset ja edulliset hinnat<br \/>\n\u2714 Ilmaisn\u00e4ytteit\u00e4 vasta-ainetestaukseen<br \/>\n\u2714 R\u00e4\u00e4t\u00e4l\u00f6idyt vasta-aineet suurille tilausm\u00e4\u00e4rille<br \/>\n\u2714 Ilmaiset laitedemot<\/p>\n<div>Selleck Chemicals toimittaa korkealaatuisia reagensseja ja yhdisteit\u00e4 biotieteen tutkijoille ymp\u00e4ri maailmaa. Yli 110,000 tutkimuksessa on viitattu n\u00e4ihin laadukkaisiin tuotteisiin. Selleck Chemicals on sitoutunut jatkuvasti laajentamaan valikoimaansa.<\/div>\n<div><\/div>\n<ul>\n<li><strong>Bioaktiiviset yhdisteet<\/strong>, mukaan lukien <strong>yli 120,000 erilaista inhibiittoria<\/strong>. Yhdisteet on jaoteltu sek\u00e4 signaalinv\u00e4litysketjun ett\u00e4 tuotetyypin mukaan, niin ett\u00e4 juuri etsim\u00e4nne yhdiste varmasti l\u00f6ytyy.<\/li>\n<li>Erilaiset yhdistekirjastot, jotka sis\u00e4lt\u00e4v\u00e4t yli 8000 yhdisett\u00e4 HTS (high throughput screening)-seulontaa varten. N\u00e4ihin kuuluvat Pfizerin yhdistekirjasto, FDA:n hyv\u00e4ksymien l\u00e4\u00e4kkeaineiden yhdistekirjasto, luonnontuotekirjasto ja aineenvaihduntaan liittyv\u00e4 yhdistekirjasto.<\/li>\n<li><strong>1500 in vivo- ja biosimilaarivasta-ainetta<\/strong> WB, IHC, IF ja virtaussytometriaa varten.<\/li>\n<li><strong>Bioreagenssit<\/strong>, kuten qPCR Master mixit, proteiinianalyysireagenssit ja proteaasi-inhibiittoriseokset.<\/li>\n<\/ul>\n<div><\/div>\n<div>Koko valikoiman l\u00f6yd\u00e4t sivulta https:\/\/www.selleckchem.com<\/div>","protected":false},"featured_media":824,"template":"","meta":{"_monsterinsights_skip_tracking":false,"_monsterinsights_sitenote_active":false,"_monsterinsights_sitenote_note":"","_monsterinsights_sitenote_category":0},"product_brand":[],"product_cat":[43],"product_tag":[],"class_list":{"0":"post-822","1":"product","2":"type-product","3":"status-publish","4":"has-post-thumbnail","6":"product_cat-products-for-researching-use","8":"first","9":"instock","10":"taxable","11":"shipping-taxable","12":"product-type-simple"},"yoast_head":"<!-- This site is optimized with the Yoast SEO Premium plugin v22.8 (Yoast SEO v27.2) - https:\/\/yoast.com\/product\/yoast-seo-premium-wordpress\/ -->\n<title>Selleck Chemicals - inhibitors, antibodies, bioreagents and compound libraries - H&amp;W Biotech<\/title>\n<meta name=\"robots\" content=\"index, follow, max-snippet:-1, max-image-preview:large, max-video-preview:-1\" \/>\n<link rel=\"canonical\" href=\"https:\/\/healthwing.fi\/fi\/tuote\/selleck-chemicals-inhibitors-antibodies-bioreagents-and-compound-libraries\/\" \/>\n<meta property=\"og:locale\" content=\"fi_FI\" \/>\n<meta property=\"og:type\" content=\"article\" \/>\n<meta property=\"og:title\" content=\"Selleck Chemicals - inhibitors, antibodies, bioreagents and compound libraries\" \/>\n<meta property=\"og:description\" content=\"H&amp;W Biotech is committed to making state-of-the-art products accessible to researchers, ensuring they have the tools they need to advance their work.  Our company functions as the official distributor of these products not only in Finland, but also in the whole Nordics.  H&amp;W Biotech offers researchers... \u2714 Competitive, affordable prices \u2714 Free samples for antibody testing \u2714 Customized antibodies for larger orders \u2714 Free device demonstrations Selleck Chemicals supplies world-class high-quality life science reagents and compounds for researchers all over the world. Cited in over 110,000 studies, Selleck Chemicals is dedicated to continuously expanding their compound catalogue according to the latest research.    Bioactive compounds, including an impressive selection of over 120,000 different inhibitors. The compounds are categorized according to signaling pathway as well as by product type, making it easy for you as a researcher to find exactly what you are looking for.  Several bioactive compound libraries with over 8000 of compounds for high-throughput screening. These include an exclusive bioactive compound library provided by Pfizer, an FDA-approved drug library, a natural product library and a metabolism compound library.  1500 in-vivo and biosimilar antibodies for WB, IHC, IF and flow cytometry.  Bioreagents, such as qPCR Master Mixes, Protein Assay reagents and Protease Inhibitor Cocktails.   The complete catalogue can be found at https:\/\/www.selleckchem.com\" \/>\n<meta property=\"og:url\" content=\"https:\/\/healthwing.fi\/fi\/tuote\/selleck-chemicals-inhibitors-antibodies-bioreagents-and-compound-libraries\/\" \/>\n<meta property=\"og:site_name\" content=\"H&amp;W Biotech\" \/>\n<meta property=\"article:publisher\" content=\"https:\/\/www.facebook.com\/HWBiotechOy\" \/>\n<meta property=\"article:modified_time\" content=\"2024-08-22T12:20:59+00:00\" \/>\n<meta property=\"og:image\" content=\"https:\/\/healthwing.fi\/wp-content\/uploads\/2024\/08\/Selleck-Chemicals-1.jpg\" \/>\n\t<meta property=\"og:image:width\" content=\"1198\" \/>\n\t<meta property=\"og:image:height\" content=\"598\" \/>\n\t<meta property=\"og:image:type\" content=\"image\/jpeg\" \/>\n<meta name=\"twitter:card\" content=\"summary_large_image\" \/>\n<meta name=\"twitter:label1\" content=\"Arvioitu lukuaika\" \/>\n\t<meta name=\"twitter:data1\" content=\"1 minuutti\" \/>\n<script type=\"application\/ld+json\" class=\"yoast-schema-graph\">{\"@context\":\"https:\/\/schema.org\",\"@graph\":[{\"@type\":\"WebPage\",\"@id\":\"https:\/\/healthwing.fi\/product\/selleck-chemicals-inhibitors-antibodies-bioreagents-and-compound-libraries\/\",\"url\":\"https:\/\/healthwing.fi\/product\/selleck-chemicals-inhibitors-antibodies-bioreagents-and-compound-libraries\/\",\"name\":\"Selleck Chemicals - inhibitors, antibodies, bioreagents and compound libraries - H&amp;W Biotech\",\"isPartOf\":{\"@id\":\"https:\/\/healthwing.fi\/#website\"},\"primaryImageOfPage\":{\"@id\":\"https:\/\/healthwing.fi\/product\/selleck-chemicals-inhibitors-antibodies-bioreagents-and-compound-libraries\/#primaryimage\"},\"image\":{\"@id\":\"https:\/\/healthwing.fi\/product\/selleck-chemicals-inhibitors-antibodies-bioreagents-and-compound-libraries\/#primaryimage\"},\"thumbnailUrl\":\"https:\/\/healthwing.fi\/wp-content\/uploads\/2024\/08\/Selleck-Chemicals-1.jpg\",\"datePublished\":\"2024-08-21T18:58:20+00:00\",\"dateModified\":\"2024-08-22T12:20:59+00:00\",\"breadcrumb\":{\"@id\":\"https:\/\/healthwing.fi\/product\/selleck-chemicals-inhibitors-antibodies-bioreagents-and-compound-libraries\/#breadcrumb\"},\"inLanguage\":\"fi\",\"potentialAction\":[{\"@type\":\"ReadAction\",\"target\":[\"https:\/\/healthwing.fi\/product\/selleck-chemicals-inhibitors-antibodies-bioreagents-and-compound-libraries\/\"]}]},{\"@type\":\"ImageObject\",\"inLanguage\":\"fi\",\"@id\":\"https:\/\/healthwing.fi\/product\/selleck-chemicals-inhibitors-antibodies-bioreagents-and-compound-libraries\/#primaryimage\",\"url\":\"https:\/\/healthwing.fi\/wp-content\/uploads\/2024\/08\/Selleck-Chemicals-1.jpg\",\"contentUrl\":\"https:\/\/healthwing.fi\/wp-content\/uploads\/2024\/08\/Selleck-Chemicals-1.jpg\",\"width\":1198,\"height\":598,\"caption\":\"Screenshot\"},{\"@type\":\"BreadcrumbList\",\"@id\":\"https:\/\/healthwing.fi\/product\/selleck-chemicals-inhibitors-antibodies-bioreagents-and-compound-libraries\/#breadcrumb\",\"itemListElement\":[{\"@type\":\"ListItem\",\"position\":1,\"name\":\"Home\",\"item\":\"https:\/\/healthwing.fi\/\"},{\"@type\":\"ListItem\",\"position\":2,\"name\":\"Products\",\"item\":\"https:\/\/healthwing.fi\/products\/\"},{\"@type\":\"ListItem\",\"position\":3,\"name\":\"Selleck Chemicals &#8211; inhibitors, antibodies, bioreagents and compound libraries\"}]},{\"@type\":\"WebSite\",\"@id\":\"https:\/\/healthwing.fi\/#website\",\"url\":\"https:\/\/healthwing.fi\/\",\"name\":\"H&W Biotech\",\"description\":\"H&amp;W Biotech\",\"publisher\":{\"@id\":\"https:\/\/healthwing.fi\/#organization\"},\"potentialAction\":[{\"@type\":\"SearchAction\",\"target\":{\"@type\":\"EntryPoint\",\"urlTemplate\":\"https:\/\/healthwing.fi\/?s={search_term_string}\"},\"query-input\":{\"@type\":\"PropertyValueSpecification\",\"valueRequired\":true,\"valueName\":\"search_term_string\"}}],\"inLanguage\":\"fi\"},{\"@type\":\"Organization\",\"@id\":\"https:\/\/healthwing.fi\/#organization\",\"name\":\"H&W Biotech\",\"url\":\"https:\/\/healthwing.fi\/\",\"logo\":{\"@type\":\"ImageObject\",\"inLanguage\":\"fi\",\"@id\":\"https:\/\/healthwing.fi\/#\/schema\/logo\/image\/\",\"url\":\"https:\/\/healthwing.fi\/wp-content\/uploads\/2022\/03\/HW-Biotech-logo.png\",\"contentUrl\":\"https:\/\/healthwing.fi\/wp-content\/uploads\/2022\/03\/HW-Biotech-logo.png\",\"width\":275,\"height\":122,\"caption\":\"H&W Biotech\"},\"image\":{\"@id\":\"https:\/\/healthwing.fi\/#\/schema\/logo\/image\/\"},\"sameAs\":[\"https:\/\/www.facebook.com\/HWBiotechOy\",\"https:\/\/www.linkedin.com\/company\/h-w-biotech-oy\"]}]}<\/script>\n<!-- \/ Yoast SEO Premium plugin. -->","yoast_head_json":{"title":"Selleck Chemicals - inhibitors, antibodies, bioreagents and compound libraries - H&amp;W Biotech","robots":{"index":"index","follow":"follow","max-snippet":"max-snippet:-1","max-image-preview":"max-image-preview:large","max-video-preview":"max-video-preview:-1"},"canonical":"https:\/\/healthwing.fi\/fi\/tuote\/selleck-chemicals-inhibitors-antibodies-bioreagents-and-compound-libraries\/","og_locale":"fi_FI","og_type":"article","og_title":"Selleck Chemicals - inhibitors, antibodies, bioreagents and compound libraries","og_description":"H&amp;W Biotech is committed to making state-of-the-art products accessible to researchers, ensuring they have the tools they need to advance their work.  Our company functions as the official distributor of these products not only in Finland, but also in the whole Nordics.  H&amp;W Biotech offers researchers... \u2714 Competitive, affordable prices \u2714 Free samples for antibody testing \u2714 Customized antibodies for larger orders \u2714 Free device demonstrations Selleck Chemicals supplies world-class high-quality life science reagents and compounds for researchers all over the world. Cited in over 110,000 studies, Selleck Chemicals is dedicated to continuously expanding their compound catalogue according to the latest research.    Bioactive compounds, including an impressive selection of over 120,000 different inhibitors. The compounds are categorized according to signaling pathway as well as by product type, making it easy for you as a researcher to find exactly what you are looking for.  Several bioactive compound libraries with over 8000 of compounds for high-throughput screening. These include an exclusive bioactive compound library provided by Pfizer, an FDA-approved drug library, a natural product library and a metabolism compound library.  1500 in-vivo and biosimilar antibodies for WB, IHC, IF and flow cytometry.  Bioreagents, such as qPCR Master Mixes, Protein Assay reagents and Protease Inhibitor Cocktails.   The complete catalogue can be found at https:\/\/www.selleckchem.com","og_url":"https:\/\/healthwing.fi\/fi\/tuote\/selleck-chemicals-inhibitors-antibodies-bioreagents-and-compound-libraries\/","og_site_name":"H&amp;W Biotech","article_publisher":"https:\/\/www.facebook.com\/HWBiotechOy","article_modified_time":"2024-08-22T12:20:59+00:00","og_image":[{"width":1198,"height":598,"url":"https:\/\/healthwing.fi\/wp-content\/uploads\/2024\/08\/Selleck-Chemicals-1.jpg","type":"image\/jpeg"}],"twitter_card":"summary_large_image","twitter_misc":{"Arvioitu lukuaika":"1 minuutti"},"schema":{"@context":"https:\/\/schema.org","@graph":[{"@type":"WebPage","@id":"https:\/\/healthwing.fi\/product\/selleck-chemicals-inhibitors-antibodies-bioreagents-and-compound-libraries\/","url":"https:\/\/healthwing.fi\/product\/selleck-chemicals-inhibitors-antibodies-bioreagents-and-compound-libraries\/","name":"Selleck Chemicals - inhibitors, antibodies, bioreagents and compound libraries - H&amp;W Biotech","isPartOf":{"@id":"https:\/\/healthwing.fi\/#website"},"primaryImageOfPage":{"@id":"https:\/\/healthwing.fi\/product\/selleck-chemicals-inhibitors-antibodies-bioreagents-and-compound-libraries\/#primaryimage"},"image":{"@id":"https:\/\/healthwing.fi\/product\/selleck-chemicals-inhibitors-antibodies-bioreagents-and-compound-libraries\/#primaryimage"},"thumbnailUrl":"https:\/\/healthwing.fi\/wp-content\/uploads\/2024\/08\/Selleck-Chemicals-1.jpg","datePublished":"2024-08-21T18:58:20+00:00","dateModified":"2024-08-22T12:20:59+00:00","breadcrumb":{"@id":"https:\/\/healthwing.fi\/product\/selleck-chemicals-inhibitors-antibodies-bioreagents-and-compound-libraries\/#breadcrumb"},"inLanguage":"fi","potentialAction":[{"@type":"ReadAction","target":["https:\/\/healthwing.fi\/product\/selleck-chemicals-inhibitors-antibodies-bioreagents-and-compound-libraries\/"]}]},{"@type":"ImageObject","inLanguage":"fi","@id":"https:\/\/healthwing.fi\/product\/selleck-chemicals-inhibitors-antibodies-bioreagents-and-compound-libraries\/#primaryimage","url":"https:\/\/healthwing.fi\/wp-content\/uploads\/2024\/08\/Selleck-Chemicals-1.jpg","contentUrl":"https:\/\/healthwing.fi\/wp-content\/uploads\/2024\/08\/Selleck-Chemicals-1.jpg","width":1198,"height":598,"caption":"Screenshot"},{"@type":"BreadcrumbList","@id":"https:\/\/healthwing.fi\/product\/selleck-chemicals-inhibitors-antibodies-bioreagents-and-compound-libraries\/#breadcrumb","itemListElement":[{"@type":"ListItem","position":1,"name":"Home","item":"https:\/\/healthwing.fi\/"},{"@type":"ListItem","position":2,"name":"Products","item":"https:\/\/healthwing.fi\/products\/"},{"@type":"ListItem","position":3,"name":"Selleck Chemicals &#8211; inhibitors, antibodies, bioreagents and compound libraries"}]},{"@type":"WebSite","@id":"https:\/\/healthwing.fi\/#website","url":"https:\/\/healthwing.fi\/","name":"H&W Biotech","description":"H&amp;W Biotech","publisher":{"@id":"https:\/\/healthwing.fi\/#organization"},"potentialAction":[{"@type":"SearchAction","target":{"@type":"EntryPoint","urlTemplate":"https:\/\/healthwing.fi\/?s={search_term_string}"},"query-input":{"@type":"PropertyValueSpecification","valueRequired":true,"valueName":"search_term_string"}}],"inLanguage":"fi"},{"@type":"Organization","@id":"https:\/\/healthwing.fi\/#organization","name":"H&W Biotech","url":"https:\/\/healthwing.fi\/","logo":{"@type":"ImageObject","inLanguage":"fi","@id":"https:\/\/healthwing.fi\/#\/schema\/logo\/image\/","url":"https:\/\/healthwing.fi\/wp-content\/uploads\/2022\/03\/HW-Biotech-logo.png","contentUrl":"https:\/\/healthwing.fi\/wp-content\/uploads\/2022\/03\/HW-Biotech-logo.png","width":275,"height":122,"caption":"H&W Biotech"},"image":{"@id":"https:\/\/healthwing.fi\/#\/schema\/logo\/image\/"},"sameAs":["https:\/\/www.facebook.com\/HWBiotechOy","https:\/\/www.linkedin.com\/company\/h-w-biotech-oy"]}]}},"_links":{"self":[{"href":"https:\/\/healthwing.fi\/fi\/wp-json\/wp\/v2\/product\/822","targetHints":{"allow":["GET"]}}],"collection":[{"href":"https:\/\/healthwing.fi\/fi\/wp-json\/wp\/v2\/product"}],"about":[{"href":"https:\/\/healthwing.fi\/fi\/wp-json\/wp\/v2\/types\/product"}],"wp:featuredmedia":[{"embeddable":true,"href":"https:\/\/healthwing.fi\/fi\/wp-json\/wp\/v2\/media\/824"}],"wp:attachment":[{"href":"https:\/\/healthwing.fi\/fi\/wp-json\/wp\/v2\/media?parent=822"}],"wp:term":[{"taxonomy":"product_brand","embeddable":true,"href":"https:\/\/healthwing.fi\/fi\/wp-json\/wp\/v2\/product_brand?post=822"},{"taxonomy":"product_cat","embeddable":true,"href":"https:\/\/healthwing.fi\/fi\/wp-json\/wp\/v2\/product_cat?post=822"},{"taxonomy":"product_tag","embeddable":true,"href":"https:\/\/healthwing.fi\/fi\/wp-json\/wp\/v2\/product_tag?post=822"}],"curies":[{"name":"wp","href":"https:\/\/api.w.org\/{rel}","templated":true}]}}