{"id":858,"date":"2025-01-27T08:54:05","date_gmt":"2025-01-27T06:54:05","guid":{"rendered":"https:\/\/healthwing.fi\/?post_type=product&#038;p=858"},"modified":"2025-07-24T21:43:45","modified_gmt":"2025-07-24T19:43:45","slug":"hw-tulehduspikatesti-crp","status":"publish","type":"product","link":"https:\/\/healthwing.fi\/fi\/tuote\/hw-tulehduspikatesti-crp\/","title":{"rendered":"H&amp;W TULEHDUSPIKATESTI CRP"},"content":{"rendered":"<p><iframe title=\"N\u00e4in k\u00e4yt\u00e4t H&amp;W TULEHDUSPIKATESTI CRP:t\u00e4\" width=\"1020\" height=\"574\" src=\"https:\/\/www.youtube.com\/embed\/KgY8pldCS2o?feature=oembed\" frameborder=\"0\" allow=\"accelerometer; autoplay; clipboard-write; encrypted-media; gyroscope; picture-in-picture; web-share\" referrerpolicy=\"strict-origin-when-cross-origin\" allowfullscreen><\/iframe><\/p>\n<p><strong>EDUT<\/strong><br \/>\nCRP-pitoisuus terveill\u00e4 on alle 8 mg\/l, kun taas pitoisuustaso voi olla yli 100 mg\/l vakavan infektion tai tulehduksen aikana. Keskitasot, 8 ja 100 mg\/l, ovat tyypillisi\u00e4 lievempien virus- tai bakteeri-infektioiden aikana, jotka voidaan yleens\u00e4 helposti hoitaa.<\/p>\n<p>Veren CRP-pitoisuuden tarkistaminen on hy\u00f6dyllist\u00e4 mahdollisten infektioiden tai tulehdustilojen tarkistamiseksi.<\/p>\n<p><strong>TESTIN PERIAATE<\/strong><br \/>\nCRP-TESTI perustuu immunokromatografiseen m\u00e4\u00e4ritykseen, joka havaitsee CRP-tason testiliuskaan<\/p>\n<p><strong>Sis\u00e4lt\u00f6:<\/strong><br \/>\n1 suljettu alumiinipussi, joka sis\u00e4lt\u00e4\u00e4: 1 testikasetin ja 1 kuivausainepussin;<br \/>\n1 l\u00e4pin\u00e4kyv\u00e4 muovipussi, jossa on pipetti verin\u00e4ytteen ker\u00e4\u00e4mist\u00e4 varten;<br \/>\n1 injektiopullo tiputtimella, joka sis\u00e4lt\u00e4\u00e4 laimentimen;<br \/>\n2 steriili\u00e4 lansettia verin\u00e4ytteen ottoa varten;<br \/>\n1 alkoholipyyhe<br \/>\n1 k\u00e4ytt\u00f6ohje.<\/p>\n<p><strong>K\u00c4YTT\u00d6OHJE<\/strong><br \/>\n1) Ota verin\u00e4yte sormenp\u00e4\u00e4st\u00e4 pipettiin.<br \/>\n2) Laita verin\u00e4yte pipetist\u00e4 avattuun tiputuspulloon.<br \/>\n3) Laita pipetill\u00e4 3 tippaa kasetille ja odota 5minuuttia ennen kuin luet tuloksen.<\/p>","protected":false},"excerpt":{"rendered":"<p>C-reaktiivinen proteiini (CRP) on bakteeri-infektioiden ja tulehdussairauksien diagnosoinnissa k\u00e4ytett\u00e4v\u00e4 markkeri.<\/p>\n<p>CRP on eritt\u00e4in herkk\u00e4 ja nopeasti ilmaantuva indikaattori, joka voi olla hy\u00f6dyllinen esim. P\u00e4\u00e4tett\u00e4ess\u00e4 antibioottihoidosta tai hoidon seurannassa. Tulehduspikatesti CRP on hyv\u00e4 tehd\u00e4 akuuteissa infektiooireissa (kuume, p\u00e4\u00e4ns\u00e4rky tai heikkous).<br \/>\nCE-merkitty (0483) In vitro -diagnostinen l\u00e4\u00e4kinn\u00e4llinen laite itsesuoritettavaan testaukseen.<\/p>\n<p>\u221a Herkkyys: 98.7%; Spesifisyys: 96.0%; kokonaistarkkuus: 97.6%<br \/>\n\u221a Helppo testata kotona ja milloin haluat<br \/>\n\u221a Edullinen ja nopea<\/p>\n<p>Valmistaja: PRIMA Lab SA<\/p>","protected":false},"featured_media":865,"template":"","meta":{"_monsterinsights_skip_tracking":false,"_monsterinsights_sitenote_active":false,"_monsterinsights_sitenote_note":"","_monsterinsights_sitenote_category":0},"product_brand":[],"product_cat":[30,38],"product_tag":[],"class_list":{"0":"post-858","1":"product","2":"type-product","3":"status-publish","4":"has-post-thumbnail","6":"product_cat-home-test","7":"product_cat-infection-tests","9":"first","10":"instock","11":"taxable","12":"shipping-taxable","13":"product-type-simple"},"yoast_head":"<!-- This site is optimized with the Yoast SEO Premium plugin v22.8 (Yoast SEO v27.2) - https:\/\/yoast.com\/product\/yoast-seo-premium-wordpress\/ -->\n<title>H&amp;W Inflammatory test CRP - H&amp;W Biotech<\/title>\n<meta name=\"robots\" content=\"index, follow, max-snippet:-1, max-image-preview:large, max-video-preview:-1\" \/>\n<link rel=\"canonical\" href=\"https:\/\/healthwing.fi\/fi\/tuote\/hw-tulehduspikatesti-crp\/\" \/>\n<meta property=\"og:locale\" content=\"fi_FI\" \/>\n<meta property=\"og:type\" content=\"article\" \/>\n<meta property=\"og:title\" content=\"H&amp;W Inflammatory test CRP\" \/>\n<meta property=\"og:description\" content=\"C-Reactive Protein (CRP) is a non specific marker mainly produced by the liver and used to diagnose bacterial diseases and inflammatory disorders. CRP is a very sensitive and fast appearing indicator which could therefore be helpful for deciding an antibiotic treatment.  C-REACTIVE PROTEIN TEST should be performed in case of acute infection symptoms such as feverishness,fever, headaches or weakness. CE marked (0483) In vitro diagnostic medical device for self-testing.  \u221a Reliable: Sensitivity: 98.7%; Specificity: 96.0%; Accuracy: 97.6% \u221a Easy: Can be performed in simple steps \u221a Confidentiality: Can be performed in the privacy  Manufacturer: PRIMA Lab SA\" \/>\n<meta property=\"og:url\" content=\"https:\/\/healthwing.fi\/fi\/tuote\/hw-tulehduspikatesti-crp\/\" \/>\n<meta property=\"og:site_name\" content=\"H&amp;W Biotech\" \/>\n<meta property=\"article:publisher\" content=\"https:\/\/www.facebook.com\/HWBiotechOy\" \/>\n<meta property=\"article:modified_time\" content=\"2025-07-24T19:43:45+00:00\" \/>\n<meta property=\"og:image\" content=\"https:\/\/healthwing.fi\/wp-content\/uploads\/2025\/01\/CRP-home-test-outer-package-jpg-1.jpg\" \/>\n\t<meta property=\"og:image:width\" content=\"1406\" \/>\n\t<meta property=\"og:image:height\" content=\"1000\" \/>\n\t<meta property=\"og:image:type\" content=\"image\/jpeg\" \/>\n<meta name=\"twitter:card\" content=\"summary_large_image\" \/>\n<meta name=\"twitter:label1\" content=\"Arvioitu lukuaika\" \/>\n\t<meta name=\"twitter:data1\" content=\"1 minuutti\" \/>\n<script type=\"application\/ld+json\" class=\"yoast-schema-graph\">{\"@context\":\"https:\/\/schema.org\",\"@graph\":[{\"@type\":\"WebPage\",\"@id\":\"https:\/\/healthwing.fi\/product\/hw-tulehduspikatesti-crp\/\",\"url\":\"https:\/\/healthwing.fi\/product\/hw-tulehduspikatesti-crp\/\",\"name\":\"H&W Inflammatory test CRP - H&amp;W Biotech\",\"isPartOf\":{\"@id\":\"https:\/\/healthwing.fi\/#website\"},\"primaryImageOfPage\":{\"@id\":\"https:\/\/healthwing.fi\/product\/hw-tulehduspikatesti-crp\/#primaryimage\"},\"image\":{\"@id\":\"https:\/\/healthwing.fi\/product\/hw-tulehduspikatesti-crp\/#primaryimage\"},\"thumbnailUrl\":\"https:\/\/healthwing.fi\/wp-content\/uploads\/2025\/01\/CRP-home-test-outer-package-jpg-1.jpg\",\"datePublished\":\"2025-01-27T06:54:05+00:00\",\"dateModified\":\"2025-07-24T19:43:45+00:00\",\"breadcrumb\":{\"@id\":\"https:\/\/healthwing.fi\/product\/hw-tulehduspikatesti-crp\/#breadcrumb\"},\"inLanguage\":\"fi\",\"potentialAction\":[{\"@type\":\"ReadAction\",\"target\":[\"https:\/\/healthwing.fi\/product\/hw-tulehduspikatesti-crp\/\"]}]},{\"@type\":\"ImageObject\",\"inLanguage\":\"fi\",\"@id\":\"https:\/\/healthwing.fi\/product\/hw-tulehduspikatesti-crp\/#primaryimage\",\"url\":\"https:\/\/healthwing.fi\/wp-content\/uploads\/2025\/01\/CRP-home-test-outer-package-jpg-1.jpg\",\"contentUrl\":\"https:\/\/healthwing.fi\/wp-content\/uploads\/2025\/01\/CRP-home-test-outer-package-jpg-1.jpg\",\"width\":1406,\"height\":1000},{\"@type\":\"BreadcrumbList\",\"@id\":\"https:\/\/healthwing.fi\/product\/hw-tulehduspikatesti-crp\/#breadcrumb\",\"itemListElement\":[{\"@type\":\"ListItem\",\"position\":1,\"name\":\"Home\",\"item\":\"https:\/\/healthwing.fi\/\"},{\"@type\":\"ListItem\",\"position\":2,\"name\":\"Products\",\"item\":\"https:\/\/healthwing.fi\/products\/\"},{\"@type\":\"ListItem\",\"position\":3,\"name\":\"H&#038;W Inflammatory test CRP\"}]},{\"@type\":\"WebSite\",\"@id\":\"https:\/\/healthwing.fi\/#website\",\"url\":\"https:\/\/healthwing.fi\/\",\"name\":\"H&W Biotech\",\"description\":\"H&amp;W Biotech\",\"publisher\":{\"@id\":\"https:\/\/healthwing.fi\/#organization\"},\"potentialAction\":[{\"@type\":\"SearchAction\",\"target\":{\"@type\":\"EntryPoint\",\"urlTemplate\":\"https:\/\/healthwing.fi\/?s={search_term_string}\"},\"query-input\":{\"@type\":\"PropertyValueSpecification\",\"valueRequired\":true,\"valueName\":\"search_term_string\"}}],\"inLanguage\":\"fi\"},{\"@type\":\"Organization\",\"@id\":\"https:\/\/healthwing.fi\/#organization\",\"name\":\"H&W Biotech\",\"url\":\"https:\/\/healthwing.fi\/\",\"logo\":{\"@type\":\"ImageObject\",\"inLanguage\":\"fi\",\"@id\":\"https:\/\/healthwing.fi\/#\/schema\/logo\/image\/\",\"url\":\"https:\/\/healthwing.fi\/wp-content\/uploads\/2022\/03\/HW-Biotech-logo.png\",\"contentUrl\":\"https:\/\/healthwing.fi\/wp-content\/uploads\/2022\/03\/HW-Biotech-logo.png\",\"width\":275,\"height\":122,\"caption\":\"H&W Biotech\"},\"image\":{\"@id\":\"https:\/\/healthwing.fi\/#\/schema\/logo\/image\/\"},\"sameAs\":[\"https:\/\/www.facebook.com\/HWBiotechOy\",\"https:\/\/www.linkedin.com\/company\/h-w-biotech-oy\"]}]}<\/script>\n<!-- \/ Yoast SEO Premium plugin. -->","yoast_head_json":{"title":"H&W Inflammatory test CRP - H&amp;W Biotech","robots":{"index":"index","follow":"follow","max-snippet":"max-snippet:-1","max-image-preview":"max-image-preview:large","max-video-preview":"max-video-preview:-1"},"canonical":"https:\/\/healthwing.fi\/fi\/tuote\/hw-tulehduspikatesti-crp\/","og_locale":"fi_FI","og_type":"article","og_title":"H&W Inflammatory test CRP","og_description":"C-Reactive Protein (CRP) is a non specific marker mainly produced by the liver and used to diagnose bacterial diseases and inflammatory disorders. CRP is a very sensitive and fast appearing indicator which could therefore be helpful for deciding an antibiotic treatment.  C-REACTIVE PROTEIN TEST should be performed in case of acute infection symptoms such as feverishness,fever, headaches or weakness. CE marked (0483) In vitro diagnostic medical device for self-testing.  \u221a Reliable: Sensitivity: 98.7%; Specificity: 96.0%; Accuracy: 97.6% \u221a Easy: Can be performed in simple steps \u221a Confidentiality: Can be performed in the privacy  Manufacturer: PRIMA Lab SA","og_url":"https:\/\/healthwing.fi\/fi\/tuote\/hw-tulehduspikatesti-crp\/","og_site_name":"H&amp;W Biotech","article_publisher":"https:\/\/www.facebook.com\/HWBiotechOy","article_modified_time":"2025-07-24T19:43:45+00:00","og_image":[{"width":1406,"height":1000,"url":"https:\/\/healthwing.fi\/wp-content\/uploads\/2025\/01\/CRP-home-test-outer-package-jpg-1.jpg","type":"image\/jpeg"}],"twitter_card":"summary_large_image","twitter_misc":{"Arvioitu lukuaika":"1 minuutti"},"schema":{"@context":"https:\/\/schema.org","@graph":[{"@type":"WebPage","@id":"https:\/\/healthwing.fi\/product\/hw-tulehduspikatesti-crp\/","url":"https:\/\/healthwing.fi\/product\/hw-tulehduspikatesti-crp\/","name":"H&W Inflammatory test CRP - H&amp;W Biotech","isPartOf":{"@id":"https:\/\/healthwing.fi\/#website"},"primaryImageOfPage":{"@id":"https:\/\/healthwing.fi\/product\/hw-tulehduspikatesti-crp\/#primaryimage"},"image":{"@id":"https:\/\/healthwing.fi\/product\/hw-tulehduspikatesti-crp\/#primaryimage"},"thumbnailUrl":"https:\/\/healthwing.fi\/wp-content\/uploads\/2025\/01\/CRP-home-test-outer-package-jpg-1.jpg","datePublished":"2025-01-27T06:54:05+00:00","dateModified":"2025-07-24T19:43:45+00:00","breadcrumb":{"@id":"https:\/\/healthwing.fi\/product\/hw-tulehduspikatesti-crp\/#breadcrumb"},"inLanguage":"fi","potentialAction":[{"@type":"ReadAction","target":["https:\/\/healthwing.fi\/product\/hw-tulehduspikatesti-crp\/"]}]},{"@type":"ImageObject","inLanguage":"fi","@id":"https:\/\/healthwing.fi\/product\/hw-tulehduspikatesti-crp\/#primaryimage","url":"https:\/\/healthwing.fi\/wp-content\/uploads\/2025\/01\/CRP-home-test-outer-package-jpg-1.jpg","contentUrl":"https:\/\/healthwing.fi\/wp-content\/uploads\/2025\/01\/CRP-home-test-outer-package-jpg-1.jpg","width":1406,"height":1000},{"@type":"BreadcrumbList","@id":"https:\/\/healthwing.fi\/product\/hw-tulehduspikatesti-crp\/#breadcrumb","itemListElement":[{"@type":"ListItem","position":1,"name":"Home","item":"https:\/\/healthwing.fi\/"},{"@type":"ListItem","position":2,"name":"Products","item":"https:\/\/healthwing.fi\/products\/"},{"@type":"ListItem","position":3,"name":"H&#038;W Inflammatory test CRP"}]},{"@type":"WebSite","@id":"https:\/\/healthwing.fi\/#website","url":"https:\/\/healthwing.fi\/","name":"H&W Biotech","description":"H&amp;W Biotech","publisher":{"@id":"https:\/\/healthwing.fi\/#organization"},"potentialAction":[{"@type":"SearchAction","target":{"@type":"EntryPoint","urlTemplate":"https:\/\/healthwing.fi\/?s={search_term_string}"},"query-input":{"@type":"PropertyValueSpecification","valueRequired":true,"valueName":"search_term_string"}}],"inLanguage":"fi"},{"@type":"Organization","@id":"https:\/\/healthwing.fi\/#organization","name":"H&W Biotech","url":"https:\/\/healthwing.fi\/","logo":{"@type":"ImageObject","inLanguage":"fi","@id":"https:\/\/healthwing.fi\/#\/schema\/logo\/image\/","url":"https:\/\/healthwing.fi\/wp-content\/uploads\/2022\/03\/HW-Biotech-logo.png","contentUrl":"https:\/\/healthwing.fi\/wp-content\/uploads\/2022\/03\/HW-Biotech-logo.png","width":275,"height":122,"caption":"H&W Biotech"},"image":{"@id":"https:\/\/healthwing.fi\/#\/schema\/logo\/image\/"},"sameAs":["https:\/\/www.facebook.com\/HWBiotechOy","https:\/\/www.linkedin.com\/company\/h-w-biotech-oy"]}]}},"_links":{"self":[{"href":"https:\/\/healthwing.fi\/fi\/wp-json\/wp\/v2\/product\/858","targetHints":{"allow":["GET"]}}],"collection":[{"href":"https:\/\/healthwing.fi\/fi\/wp-json\/wp\/v2\/product"}],"about":[{"href":"https:\/\/healthwing.fi\/fi\/wp-json\/wp\/v2\/types\/product"}],"wp:featuredmedia":[{"embeddable":true,"href":"https:\/\/healthwing.fi\/fi\/wp-json\/wp\/v2\/media\/865"}],"wp:attachment":[{"href":"https:\/\/healthwing.fi\/fi\/wp-json\/wp\/v2\/media?parent=858"}],"wp:term":[{"taxonomy":"product_brand","embeddable":true,"href":"https:\/\/healthwing.fi\/fi\/wp-json\/wp\/v2\/product_brand?post=858"},{"taxonomy":"product_cat","embeddable":true,"href":"https:\/\/healthwing.fi\/fi\/wp-json\/wp\/v2\/product_cat?post=858"},{"taxonomy":"product_tag","embeddable":true,"href":"https:\/\/healthwing.fi\/fi\/wp-json\/wp\/v2\/product_tag?post=858"}],"curies":[{"name":"wp","href":"https:\/\/api.w.org\/{rel}","templated":true}]}}