{"id":13,"date":"2022-03-01T10:14:02","date_gmt":"2022-03-01T10:14:02","guid":{"rendered":"https:\/\/healthwing.fi\/?page_id=13"},"modified":"2026-01-23T15:47:48","modified_gmt":"2026-01-23T13:47:48","slug":"home","status":"publish","type":"page","link":"https:\/\/healthwing.fi\/sv\/","title":{"rendered":"Startsida"},"content":{"rendered":"<section class=\"section\" id=\"section_289677172\">\n\t\t<div class=\"bg section-bg fill bg-fill  bg-loaded\" >\n\n\t\t\t\n\t\t\t\n\t\t\t\n\n\t\t<\/div>\n\n\t\t\n\n\t\t<div class=\"section-content relative\">\n\t\t\t\n\n\t<div class=\"img has-hover x md-x lg-x y md-y lg-y\" id=\"image_619812705\">\n\t\t<a class=\"\" href=\"https:\/\/healthwing.fi\/fi\/tuote\/hw-sars-cov-2-flua-flub-adv-rsv-antigen-combo-rapid-test-kit-lfia\/\"  >\t\t\t\t\t\t<div class=\"img-inner dark\" >\n\t\t\t<img decoding=\"async\" width=\"1\" height=\"1\" src=\"https:\/\/healthwing.fi\/wp-content\/uploads\/2026\/01\/Website-Banner-for-5-Combo.svg\" class=\"attachment-large size-large\" alt=\"\" \/>\t\t\t\t\t\t\n\t\t\t\t\t<\/div>\n\t\t\t\t\t\t<\/a>\t\t\n<style>\n#image_619812705 {\n  width: 100%;\n}\n<\/style>\n\t<\/div>\n\t\n\n\n\t\t<\/div>\n\n\t\t\n<style>\n#section_289677172 {\n  padding-top: 0px;\n  padding-bottom: 0px;\n}\n#section_289677172 .ux-shape-divider--top svg {\n  height: 150px;\n  --divider-top-width: 100%;\n}\n#section_289677172 .ux-shape-divider--bottom svg {\n  height: 150px;\n  --divider-width: 100%;\n}\n<\/style>\n\t<\/section>\n\t\n\t<section class=\"section dark\" id=\"section_105653804\">\n\t\t<div class=\"bg section-bg fill bg-fill\" >\n\n\t\t\t\n\t\t\t<div class=\"section-bg-overlay absolute fill\"><\/div><button class=\"scroll-for-more z-5 icon absolute bottom h-center\" aria-label=\"Scroll for more\"><i class=\"icon-angle-down\" style=\"font-size:42px;\"><\/i><\/button>\n\t\t\t\n\n\t\t<\/div>\n\n\t\t\n\n\t\t<div class=\"section-content relative\">\n\t\t\t\n\n<div class=\"row align-middle\"  id=\"row-756147710\">\n\n\n\t<div id=\"col-789852137\" class=\"col medium-8 small-12 large-10\"  >\n\t\t\t\t<div class=\"col-inner\"  >\n\t\t\t\n\t\t\t\n\n\t<div id=\"text-3077663973\" class=\"text\">\n\t\t\n\n<h1 style=\"text-align: left;\"><span style=\"font-size: 150%;\">Vi skyddar liv med professionella medicinska apparater.<\/span><\/h1>\n\t\t\n<style>\n#text-3077663973 {\n  font-size: 1rem;\n}\n<\/style>\n\t<\/div>\n\t\n\t<div id=\"gap-1001764138\" class=\"gap-element clearfix\" style=\"display:block; height:auto;\">\n\t\t\n<style>\n#gap-1001764138 {\n  padding-top: 5px;\n}\n<\/style>\n\t<\/div>\n\t\n\n<div class=\"row row-collapse\"  id=\"row-1016858554\">\n\n\n\t<div id=\"col-1489787917\" class=\"col medium-6 small-12 large-6\"  >\n\t\t\t\t<div class=\"col-inner\"  >\n\t\t\t\n\t\t\t\n\n\n\n<!DOCTYPE html>\n<html lang=\"en\">\n<head>\n<meta charset=\"UTF-8\">\n<meta name=\"viewport\" content=\"width=device-width, initial-scale=1.0\">\n<title>Button Example<\/title>\n<style>\n#myCustomButton {\n    background-color: rgba(57, 130, 124,0.8);\n    color: white;\n    border: none;\n    padding: 5px 25px;\n    text-align: center;\n    text-decoration: none;\n    display: inline-block;\n    font-size: 14px;\n    border-radius: 10px;\n    cursor: pointer;\n    transition: background-color 0.3s ease, box-shadow 0.3s ease, transform 0.3s ease;\n    box-shadow: 0px 4px 8px rgba(0,0,0,0.2); \/* Adds shadow effect *\/\n}\n\n#myCustomButton:hover {\n    background-color: rgba(2,112,103,0.8);\n    box-shadow: 0px 6px 12px rgba(0,0,0,0.3); \/* Enhances shadow effect on hover *\/\n    transform: translateY(-5px); \/* Moves the button up by 5 pixels *\/\n}\n<\/style>\n<\/head>\n<body>\n\n<button id=\"myCustomButton\">UTFORSKA PRODUKTER<\/button>\n\n<script>\ndocument.getElementById('myCustomButton').addEventListener('click', function() {\n    window.location.href = 'https:\/\/healthwing.fi\/product-category\/professional-devices-tests\/';\n});\n<\/script>\n\n<\/body>\n<\/html>\n\n\n\t\t<\/div>\n\t\t\t\t\t<\/div>\n\n\t\n\n\t<div id=\"col-1947047224\" class=\"col medium-6 small-12 large-6\"  >\n\t\t\t\t<div class=\"col-inner\"  >\n\t\t\t\n\t\t\t\n\n\n\t\t<\/div>\n\t\t\t\t\t<\/div>\n\n\t\n\n\n<style>\n#row-1016858554 > .col > .col-inner {\n  padding: 0px 5px 0px 5px;\n}\n<\/style>\n<\/div>\n\n\t\t<\/div>\n\t\t\t\t\t<\/div>\n\n\t\n\n<\/div>\n<div class=\"row align-middle\"  id=\"row-2036958741\">\n\n\n\t<div id=\"col-559936670\" class=\"col medium-8 small-12 large-11\"  >\n\t\t\t\t<div class=\"col-inner\"  >\n\t\t\t\n\t\t\t\n\n\t<div id=\"text-3951963486\" class=\"text\">\n\t\t\n\n<h2 style=\"text-align: left;\"><span style=\"font-size: 150%;\">Snabbtest f\u00f6r hemmabruk, till f\u00f6rs\u00e4ljning i v\u00e4lutrustade apotek.<\/span><\/h2>\n\t\t\n<style>\n#text-3951963486 {\n  font-size: 1rem;\n}\n<\/style>\n\t<\/div>\n\t\n\t<div id=\"gap-591774945\" class=\"gap-element clearfix\" style=\"display:block; height:auto;\">\n\t\t\n<style>\n#gap-591774945 {\n  padding-top: 5px;\n}\n<\/style>\n\t<\/div>\n\t\n\n<div class=\"row row-collapse\"  id=\"row-393711856\">\n\n\n\t<div id=\"col-1031829065\" class=\"col medium-6 small-12 large-6\"  >\n\t\t\t\t<div class=\"col-inner\"  >\n\t\t\t\n\t\t\t\n\n\n\n<!DOCTYPE html>\n<html lang=\"en\">\n<head>\n<meta charset=\"UTF-8\">\n<meta name=\"viewport\" content=\"width=device-width, initial-scale=1.0\">\n<title>Button Example<\/title>\n<style>\n#myCustomButton2 {\n    background-color: rgba(78, 181, 173,0.8);\n    color: white;\n    border: none;\n    padding: 5px 25px;\n    text-align: center;\n    text-decoration: none;\n    display: inline-block;\n    font-size: 14px;\n    border-radius: 10px;\n    cursor: pointer;\n    transition: background-color 0.3s ease, box-shadow 0.3s ease, transform 0.3s ease;\n    box-shadow: 0px 4px 8px rgba(0,0,0,0.2); \/* Adds shadow effect *\/\n}\n\n#myCustomButton2:hover {\n    background-color: rgba(78, 181, 173,0.8);\n    box-shadow: 0px 6px 12px rgba(0,0,0,0.3); \/* Enhances shadow effect on hover *\/\n    transform: translateY(-5px); \/* Moves the button up by 5 pixels *\/\n}\n<\/style>\n<\/head>\n<body>\n\n<button id=\"myCustomButton2\">UTFORSKA PRODUKTER<\/button>\n\n<script>\ndocument.getElementById('myCustomButton2').addEventListener('click', function() {\n    window.location.href = 'https:\/\/healthwing.fi\/product-category\/home-test\/';\n});\n<\/script>\n\n<\/body>\n<\/html>\n\n\n\t\t<\/div>\n\t\t\t\t\t<\/div>\n\n\t\n\n\t<div id=\"col-1880564478\" class=\"col medium-6 small-12 large-6\"  >\n\t\t\t\t<div class=\"col-inner\"  >\n\t\t\t\n\t\t\t\n\n\n\t\t<\/div>\n\t\t\t\t\t<\/div>\n\n\t\n\n\n<style>\n#row-393711856 > .col > .col-inner {\n  padding: 0px 5px 0px 5px;\n}\n<\/style>\n<\/div>\n\n\t\t<\/div>\n\t\t\t\t\t<\/div>\n\n\t\n\n<\/div>\n<div class=\"row align-middle\"  id=\"row-1296537607\">\n\n\n\t<div id=\"col-886526208\" class=\"col medium-8 small-12 large-11\"  >\n\t\t\t\t<div class=\"col-inner\"  >\n\t\t\t\n\t\t\t\n\n\t<div id=\"text-1135264635\" class=\"text\">\n\t\t\n\n<h2 style=\"text-align: left;\"><span style=\"font-size: 150%;\">Forskningsprodukter av h\u00f6g kvalit\u00e9 f\u00f6r forskare p\u00e5 universitet, forskningsinstitutioner och i laboratorier.<\/span><\/h2>\n\t\t\n<style>\n#text-1135264635 {\n  font-size: 1rem;\n}\n<\/style>\n\t<\/div>\n\t\n\t<div id=\"gap-574585363\" class=\"gap-element clearfix\" style=\"display:block; height:auto;\">\n\t\t\n<style>\n#gap-574585363 {\n  padding-top: 5px;\n}\n<\/style>\n\t<\/div>\n\t\n\n<div class=\"row row-collapse\"  id=\"row-1689558575\">\n\n\n\t<div id=\"col-395842603\" class=\"col medium-6 small-12 large-6\"  >\n\t\t\t\t<div class=\"col-inner\"  >\n\t\t\t\n\t\t\t\n\n\n\n<!DOCTYPE html>\n<html lang=\"en\">\n<head>\n<meta charset=\"UTF-8\">\n<meta name=\"viewport\" content=\"width=device-width, initial-scale=1.0\">\n<title>Button Example<\/title>\n<style>\n#myCustomButton3 {\n    background-color: rgba(78, 181, 173,0.8);\n    color: white;\n    border: none;\n    padding: 5px 25px;\n    text-align: center;\n    text-decoration: none;\n    display: inline-block;\n    font-size: 14px;\n    border-radius: 10px;\n    cursor: pointer;\n    transition: background-color 0.3s ease, box-shadow 0.3s ease, transform 0.3s ease;\n    box-shadow: 0px 4px 8px rgba(0,0,0,0.2); \/* Adds shadow effect *\/\n}\n\n#myCustomButton3:hover {\n    background-color: rgba(78, 181, 173,0.8);\n    box-shadow: 0px 6px 12px rgba(0,0,0,0.3); \/* Enhances shadow effect on hover *\/\n    transform: translateY(-5px); \/* Moves the button up by 5 pixels *\/\n}\n<\/style>\n<\/head>\n<body>\n\n<button id=\"myCustomButton3\">UTFORSKA PRODUKTER<\/button>\n\n<script>\ndocument.getElementById('myCustomButton3').addEventListener('click', function() {\n    window.location.href = 'https:\/\/healthwing.fi\/fi\/tuote-osasto\/products-for-researching-use\/';\n});\n<\/script>\n\n<\/body>\n<\/html>\n\n\n\t\t<\/div>\n\t\t\t\t\t<\/div>\n\n\t\n\n\t<div id=\"col-626408774\" class=\"col medium-6 small-12 large-6\"  >\n\t\t\t\t<div class=\"col-inner\"  >\n\t\t\t\n\t\t\t\n\n\n\t\t<\/div>\n\t\t\t\t\t<\/div>\n\n\t\n\n\n<style>\n#row-1689558575 > .col > .col-inner {\n  padding: 0px 5px 0px 5px;\n}\n<\/style>\n<\/div>\n\n\t\t<\/div>\n\t\t\t\t\t<\/div>\n\n\t\n\n<\/div>\n\n\t\t<\/div>\n\n\t\t\n<style>\n#section_105653804 {\n  padding-top: 60px;\n  padding-bottom: 60px;\n  min-height: 636px;\n  background-color: rgba(12, 95, 157, 0.57);\n}\n#section_105653804 .section-bg-overlay {\n  background-color: rgba(0, 0, 0, 0.16);\n}\n#section_105653804 .section-bg.bg-loaded {\n  background-image: url(https:\/\/healthwing.fi\/wp-content\/uploads\/2024\/03\/Hands-with-blue-background-2.jpeg);\n}\n#section_105653804 .section-bg {\n  background-position: 48% 56%;\n}\n#section_105653804 .ux-shape-divider--top svg {\n  height: 150px;\n  --divider-top-width: 100%;\n}\n#section_105653804 .ux-shape-divider--bottom svg {\n  height: 150px;\n  --divider-width: 100%;\n}\n@media (min-width:550px) {\n  #section_105653804 {\n    min-height: 706px;\n  }\n  #section_105653804 .section-bg-overlay {\n    background-color: rgba(0, 0, 0, 0.5);\n  }\n}\n@media (min-width:850px) {\n  #section_105653804 .section-bg-overlay {\n    background-color: rgba(0, 0, 0, 0.16);\n  }\n}\n<\/style>\n\t<\/section>\n\t\n\t<section class=\"section\" id=\"section_1761897217\">\n\t\t<div class=\"bg section-bg fill bg-fill  bg-loaded\" >\n\n\t\t\t\n\t\t\t\n\t\t\t\n\n\t\t<\/div>\n\n\t\t\n\n\t\t<div class=\"section-content relative\">\n\t\t\t\n\n<div class=\"row\"  id=\"row-686928954\">\n\n\n\t<div id=\"col-1346382418\" class=\"col medium-8 small-12 large-8\"  >\n\t\t\t\t<div class=\"col-inner\"  >\n\t\t\t\n\t\t\t\n\n<p><span style=\"font-weight: 400;\">Mitt i covid-19-pandemins m\u00f6rkaste stund f\u00f6ddes ett hopp i form av H&amp;W Biotech Oy, ett h\u00e4lsof\u00f6retag med m\u00e5let att st\u00e4rka individens egenmakt och avlasta h\u00e4lsov\u00e5rden. V\u00e5r resa pr\u00e4glas av motst\u00e5ndskraft, innovation och ett orubbligt engagemang f\u00f6r kvalitet.<\/span><\/p>\n<p><span style=\"font-weight: 400;\">H&amp;W Biotech Oy uppstod ur ett verkligt behov, framkallat av en global h\u00e4lsokris som f\u00f6r\u00e4ndrade v\u00e4rlden i grunden. I kaoset och oron ins\u00e5g vi n\u00e5got avg\u00f6rande: ett akut behov av l\u00e4ttanv\u00e4nda sj\u00e4lvtester. V\u00e5rt f\u00f6rsta fokus l\u00e5g p\u00e5 utveckling och distribution av <strong><span style=\"color: #027067;\"><a style=\"color: #027067;\" href=\"https:\/\/healthwing.fi\/sv\/product\/hw-covid-19sars-cov-2-antigen-test-kit-1-pack\/\">covid-19-testkit;<\/a><\/span><\/strong>snabba, tillf\u00f6rlitliga och anv\u00e4ndarv\u00e4nliga l\u00f6sningar som gav m\u00e4nniskor kontroll \u00f6ver sin h\u00e4lsa. Samtidigt l\u00e4ttade dessa <strong><span style=\"color: #027067;\"><a style=\"color: #027067;\" href=\"https:\/\/healthwing.fi\/sv\/product-category\/home-test\/infection-tests\/\">tester<\/a><\/span><\/strong> trycket p\u00e5 v\u00e5rdsektorn i en tid av extrem belastning.<\/span><\/p>\n<p><span style=\"font-weight: 400;\">V\u00e5r f\u00f6rs\u00e4ljning inleddes i Tyskland och \u00d6sterrike, d\u00e4r man tidigt s\u00e5g vikten av att erbjuda sj\u00e4lvtester till hela befolkningen som ett s\u00e4tt att bromsa smittspridningen. Allt eftersom pandemin utvecklades ins\u00e5g \u00e4ven ledande experter i Finland v\u00e4rdet av<strong><span style=\"color: #027067;\"> <a style=\"color: #027067;\" href=\"https:\/\/healthwing.fi\/sv\/product-category\/home-test\/\">sj\u00e4lvtestning<\/a><\/span><\/strong> , inte bara som ett verktyg f\u00f6r individen, utan som ett st\u00f6d f\u00f6r hela h\u00e4lsov\u00e5rden.<\/span><\/p>\n<p><span style=\"font-weight: 400;\">Pandemin innebar en enorm f\u00f6r\u00e4ndring i m\u00e4nniskors h\u00e4lsovanor. H\u00e4lsa och v\u00e4lbefinnande hamnade i centrum, och vi f\u00f6rstod att denna f\u00f6r\u00e4ndring inte var tillf\u00e4llig \u2013 den signalerade en l\u00e5ngsiktig skiftning i synen p\u00e5 v\u00e5rd. Denna insyn fick oss att utvidga v\u00e5rt sortiment ut\u00f6ver covid-19 test. Numera har vi ett omfattande sortiment av sj\u00e4lvtester f\u00f6r hemmabruk. Med v\u00e5ra tester kan individer enklare \u00f6vervaka sin h\u00e4lsa, uppt\u00e4cka tidiga varningstecken och hantera l\u00e5ngvariga tillst\u00e5nd, samtidigt som v\u00e5rden avlastas.<\/span><\/p>\n<p><span style=\"font-weight: 400;\">H&amp;W Biotech Oy \u00e4r en symbol f\u00f6r v\u00e5r h\u00e4ngivenhet till kvalitet och anv\u00e4ndarv\u00e4nlighet. V\u00e5rt breda sortiment av snabbtester och diagnostikprodukter fungerar inte bara som h\u00e4lsoredskap \u2013 de \u00e4r ett skyddande st\u00f6d f\u00f6r m\u00e4nniskors v\u00e4lm\u00e5ende, vilket v\u00e5r symboliska Healthwing-logotyp ocks\u00e5 representerar. Healthwing st\u00e5r f\u00f6r v\u00e5rt l\u00f6fte att ge m\u00e4nniskor verktyg att sj\u00e4lva p\u00e5verka sin h\u00e4lsa.<\/span><\/p>\n<p><span style=\"font-weight: 400;\">Varje produkt vi erbjuder bygger p\u00e5 principerna om h\u00f6g kvalitet, enkelhet och p\u00e5litlighet. Men mer \u00e4n s\u00e5 vill vi bygga f\u00f6rtroende och ge m\u00e4nniskor kraft. H\u00e4lsa \u00e4r inte n\u00e5got man passivt m\u00e5ste uth\u00e4rda \u2013 med r\u00e4tt verktyg kan varje individ ta steg mot ett friskare liv.<\/span><\/p>\n<p><span style=\"font-weight: 400;\">Pandemin har inte bara varit f\u00f6rknippad med oro; den har ocks\u00e5 skapat en v\u00e5g av innovation och \u00f6kat h\u00e4lsomedvetande. P\u00e5 H&amp;W Biotech Oy har vi tagit tillvara p\u00e5 detta momentum f\u00f6r att bygga ett varum\u00e4rke som st\u00e5r i sk\u00e4rningspunkten mellan medicinteknik och personlig egenmakt.<\/span><\/p>\n<p><span style=\"font-weight: 400;\">Fram\u00e5t blickar vi med tydligt fokus: att utveckla <strong><span style=\"color: #027067;\"><a style=\"color: #027067;\" href=\"https:\/\/healthwing.fi\/sv\/product-category\/home-test\/\">h\u00f6gkvalitativa, anv\u00e4ndarv\u00e4nliga snabbtester f\u00f6r konsumenter<\/a><\/span><\/strong> (inklusive <strong><span style=\"color: #027067;\"><a style=\"color: #027067;\" href=\"https:\/\/healthwing.fi\/sv\/product-category\/home-test\/infection-tests\/\">infektioner<\/a><\/span><\/strong>, <strong><span style=\"color: #027067;\"><a style=\"color: #027067;\" href=\"https:\/\/healthwing.fi\/sv\/product-category\/home-test\/ladys-health-tests\/\">kvinnors h\u00e4lsa<\/a><\/span><\/strong>,<span style=\"color: #027067;\"><strong> <a style=\"color: #027067;\" href=\"https:\/\/healthwing.fi\/sv\/product-category\/home-test\/stomach-and-bowel-disease-tests\/\">mage och tarm<\/a><\/strong><\/span>\u00a0och <strong><span style=\"color: #027067;\"><a style=\"color: #027067;\" href=\"https:\/\/healthwing.fi\/sv\/product-category\/home-test\/mens-health-tests\/\">allm\u00e4n h\u00e4lsa<\/a><\/span><\/strong>) <\/span><span style=\"font-weight: 400;\">samt <strong><span style=\"color: #027067;\"><a style=\"color: #027067;\" href=\"https:\/\/healthwing.fi\/sv\/product-category\/professional-devices-tests\/\">diagnostikprodukter f\u00f6r professionella anv\u00e4ndare.<\/a><\/span><\/strong> Vi tror p\u00e5 m\u00e4nniskors f\u00f6rm\u00e5ga att ta ansvar f\u00f6r sin h\u00e4lsa \u2013 och p\u00e5 v\u00e5ra produkter som en hj\u00e4lp i den resan. Det h\u00e4r \u00e4r v\u00e5r ber\u00e4ttelse. Vi v\u00e4lkomnar dig att bli en del av den. V\u00e5ra vingar \u00e4r alltid \u00f6ppna.<\/span><\/p>\n\n\t\t<\/div>\n\t\t\t\t\t<\/div>\n\n\t\n\n\t<div id=\"col-2054236655\" class=\"col medium-4 small-12 large-4\"  >\n\t\t\t\t<div class=\"col-inner\"  >\n\t\t\t\n\t\t\t\n\n\t<div class=\"img has-hover x md-x lg-x y md-y lg-y\" id=\"image_1018043673\">\n\t\t\t\t\t\t\t\t<div class=\"img-inner dark\" >\n\t\t\t<img decoding=\"async\" width=\"416\" height=\"600\" src=\"https:\/\/healthwing.fi\/wp-content\/uploads\/2022\/03\/nurse-min.png\" class=\"attachment-large size-large\" alt=\"\" srcset=\"https:\/\/healthwing.fi\/wp-content\/uploads\/2022\/03\/nurse-min.png 416w, https:\/\/healthwing.fi\/wp-content\/uploads\/2022\/03\/nurse-min-208x300.png 208w, https:\/\/healthwing.fi\/wp-content\/uploads\/2022\/03\/nurse-min-8x12.png 8w, https:\/\/healthwing.fi\/wp-content\/uploads\/2022\/03\/nurse-min-300x433.png 300w\" sizes=\"(max-width: 416px) 100vw, 416px\" \/>\t\t\t\t\t\t\n\t\t\t\t\t<\/div>\n\t\t\t\t\t\t\t\t\n<style>\n#image_1018043673 {\n  width: 100%;\n}\n<\/style>\n\t<\/div>\n\t\n\n\n\n<iframe width=\"560\" height=\"315\" src=\"https:\/\/www.youtube.com\/embed\/a4pAl2GhJRE?autoplay=1\" frameborder=\"0\" allow=\"accelerometer; autoplay; clipboard-write; encrypted-media; gyroscope; picture-in-picture\" allowfullscreen><\/iframe>\n\n\n\t\t<\/div>\n\t\t\t\t\t<\/div>\n\n\t\n\n<\/div>\n\n\t\t<\/div>\n\n\t\t\n<style>\n#section_1761897217 {\n  padding-top: 30px;\n  padding-bottom: 30px;\n}\n#section_1761897217 .ux-shape-divider--top svg {\n  height: 150px;\n  --divider-top-width: 100%;\n}\n#section_1761897217 .ux-shape-divider--bottom svg {\n  height: 150px;\n  --divider-width: 100%;\n}\n<\/style>\n\t<\/section>\n\t\n\t<div id=\"gap-1310569392\" class=\"gap-element clearfix\" style=\"display:block; height:auto;\">\n\t\t\n<style>\n#gap-1310569392 {\n  padding-top: 30px;\n}\n<\/style>\n\t<\/div>","protected":false},"excerpt":{"rendered":"","protected":false},"author":1,"featured_media":0,"parent":0,"menu_order":0,"comment_status":"closed","ping_status":"closed","template":"page-blank.php","meta":{"_monsterinsights_skip_tracking":false,"_monsterinsights_sitenote_active":false,"_monsterinsights_sitenote_note":"","_monsterinsights_sitenote_category":0,"footnotes":""},"class_list":["post-13","page","type-page","status-publish","hentry"],"yoast_head":"<!-- This site is optimized with the Yoast SEO Premium plugin v22.8 (Yoast SEO v27.2) - https:\/\/yoast.com\/product\/yoast-seo-premium-wordpress\/ -->\n<title>The Story of H&amp;W Biotech Oy: Innovating Home Testing - H&amp;W Biotech<\/title>\n<meta name=\"description\" content=\"Discover innovative home test solutions from H&amp;W Biotech Oy. Empower yourself with convenient and reliable health technology products.\" \/>\n<meta name=\"robots\" content=\"index, follow, max-snippet:-1, max-image-preview:large, max-video-preview:-1\" \/>\n<link rel=\"canonical\" href=\"https:\/\/healthwing.fi\/sv\/\" \/>\n<meta property=\"og:locale\" content=\"sv_SE\" \/>\n<meta property=\"og:type\" content=\"article\" \/>\n<meta property=\"og:title\" content=\"Home\" \/>\n<meta property=\"og:description\" content=\"Discover innovative home test solutions from H&amp;W Biotech Oy. Empower yourself with convenient and reliable health technology products.\" \/>\n<meta property=\"og:url\" content=\"https:\/\/healthwing.fi\/sv\/\" \/>\n<meta property=\"og:site_name\" content=\"H&amp;W Biotech\" \/>\n<meta property=\"article:publisher\" content=\"https:\/\/www.facebook.com\/HWBiotechOy\" \/>\n<meta property=\"article:modified_time\" content=\"2026-01-23T13:47:48+00:00\" \/>\n<meta name=\"twitter:card\" content=\"summary_large_image\" \/>\n<meta name=\"twitter:label1\" content=\"Est. reading time\" \/>\n\t<meta name=\"twitter:data1\" content=\"4 minuter\" \/>\n<script type=\"application\/ld+json\" class=\"yoast-schema-graph\">{\"@context\":\"https:\/\/schema.org\",\"@graph\":[{\"@type\":\"WebPage\",\"@id\":\"https:\/\/healthwing.fi\/\",\"url\":\"https:\/\/healthwing.fi\/\",\"name\":\"The Story of H&W Biotech Oy: Innovating Home Testing - H&amp;W Biotech\",\"isPartOf\":{\"@id\":\"https:\/\/healthwing.fi\/#website\"},\"datePublished\":\"2022-03-01T10:14:02+00:00\",\"dateModified\":\"2026-01-23T13:47:48+00:00\",\"description\":\"Discover innovative home test solutions from H&W Biotech Oy. Empower yourself with convenient and reliable health technology products.\",\"breadcrumb\":{\"@id\":\"https:\/\/healthwing.fi\/#breadcrumb\"},\"inLanguage\":\"sv-SE\",\"potentialAction\":[{\"@type\":\"ReadAction\",\"target\":[\"https:\/\/healthwing.fi\/\"]}]},{\"@type\":\"BreadcrumbList\",\"@id\":\"https:\/\/healthwing.fi\/#breadcrumb\",\"itemListElement\":[{\"@type\":\"ListItem\",\"position\":1,\"name\":\"Home\",\"item\":\"https:\/\/healthwing.fi\/\"},{\"@type\":\"ListItem\",\"position\":2,\"name\":\"Home\"}]},{\"@type\":\"WebSite\",\"@id\":\"https:\/\/healthwing.fi\/#website\",\"url\":\"https:\/\/healthwing.fi\/\",\"name\":\"H&W Biotech\",\"description\":\"H&amp;W Biotech\",\"publisher\":{\"@id\":\"https:\/\/healthwing.fi\/#organization\"},\"potentialAction\":[{\"@type\":\"SearchAction\",\"target\":{\"@type\":\"EntryPoint\",\"urlTemplate\":\"https:\/\/healthwing.fi\/?s={search_term_string}\"},\"query-input\":{\"@type\":\"PropertyValueSpecification\",\"valueRequired\":true,\"valueName\":\"search_term_string\"}}],\"inLanguage\":\"sv-SE\"},{\"@type\":\"Organization\",\"@id\":\"https:\/\/healthwing.fi\/#organization\",\"name\":\"H&W Biotech\",\"url\":\"https:\/\/healthwing.fi\/\",\"logo\":{\"@type\":\"ImageObject\",\"inLanguage\":\"sv-SE\",\"@id\":\"https:\/\/healthwing.fi\/#\/schema\/logo\/image\/\",\"url\":\"https:\/\/healthwing.fi\/wp-content\/uploads\/2022\/03\/HW-Biotech-logo.png\",\"contentUrl\":\"https:\/\/healthwing.fi\/wp-content\/uploads\/2022\/03\/HW-Biotech-logo.png\",\"width\":275,\"height\":122,\"caption\":\"H&W Biotech\"},\"image\":{\"@id\":\"https:\/\/healthwing.fi\/#\/schema\/logo\/image\/\"},\"sameAs\":[\"https:\/\/www.facebook.com\/HWBiotechOy\",\"https:\/\/www.linkedin.com\/company\/h-w-biotech-oy\"]}]}<\/script>\n<!-- \/ Yoast SEO Premium plugin. -->","yoast_head_json":{"title":"The Story of H&W Biotech Oy: Innovating Home Testing - H&amp;W Biotech","description":"Discover innovative home test solutions from H&W Biotech Oy. Empower yourself with convenient and reliable health technology products.","robots":{"index":"index","follow":"follow","max-snippet":"max-snippet:-1","max-image-preview":"max-image-preview:large","max-video-preview":"max-video-preview:-1"},"canonical":"https:\/\/healthwing.fi\/sv\/","og_locale":"sv_SE","og_type":"article","og_title":"Home","og_description":"Discover innovative home test solutions from H&W Biotech Oy. Empower yourself with convenient and reliable health technology products.","og_url":"https:\/\/healthwing.fi\/sv\/","og_site_name":"H&amp;W Biotech","article_publisher":"https:\/\/www.facebook.com\/HWBiotechOy","article_modified_time":"2026-01-23T13:47:48+00:00","twitter_card":"summary_large_image","twitter_misc":{"Est. reading time":"4 minuter"},"schema":{"@context":"https:\/\/schema.org","@graph":[{"@type":"WebPage","@id":"https:\/\/healthwing.fi\/","url":"https:\/\/healthwing.fi\/","name":"The Story of H&W Biotech Oy: Innovating Home Testing - H&amp;W Biotech","isPartOf":{"@id":"https:\/\/healthwing.fi\/#website"},"datePublished":"2022-03-01T10:14:02+00:00","dateModified":"2026-01-23T13:47:48+00:00","description":"Discover innovative home test solutions from H&W Biotech Oy. Empower yourself with convenient and reliable health technology products.","breadcrumb":{"@id":"https:\/\/healthwing.fi\/#breadcrumb"},"inLanguage":"sv-SE","potentialAction":[{"@type":"ReadAction","target":["https:\/\/healthwing.fi\/"]}]},{"@type":"BreadcrumbList","@id":"https:\/\/healthwing.fi\/#breadcrumb","itemListElement":[{"@type":"ListItem","position":1,"name":"Home","item":"https:\/\/healthwing.fi\/"},{"@type":"ListItem","position":2,"name":"Home"}]},{"@type":"WebSite","@id":"https:\/\/healthwing.fi\/#website","url":"https:\/\/healthwing.fi\/","name":"H&W Biotech","description":"H&amp;W Biotech","publisher":{"@id":"https:\/\/healthwing.fi\/#organization"},"potentialAction":[{"@type":"SearchAction","target":{"@type":"EntryPoint","urlTemplate":"https:\/\/healthwing.fi\/?s={search_term_string}"},"query-input":{"@type":"PropertyValueSpecification","valueRequired":true,"valueName":"search_term_string"}}],"inLanguage":"sv-SE"},{"@type":"Organization","@id":"https:\/\/healthwing.fi\/#organization","name":"H&W Biotech","url":"https:\/\/healthwing.fi\/","logo":{"@type":"ImageObject","inLanguage":"sv-SE","@id":"https:\/\/healthwing.fi\/#\/schema\/logo\/image\/","url":"https:\/\/healthwing.fi\/wp-content\/uploads\/2022\/03\/HW-Biotech-logo.png","contentUrl":"https:\/\/healthwing.fi\/wp-content\/uploads\/2022\/03\/HW-Biotech-logo.png","width":275,"height":122,"caption":"H&W Biotech"},"image":{"@id":"https:\/\/healthwing.fi\/#\/schema\/logo\/image\/"},"sameAs":["https:\/\/www.facebook.com\/HWBiotechOy","https:\/\/www.linkedin.com\/company\/h-w-biotech-oy"]}]}},"_links":{"self":[{"href":"https:\/\/healthwing.fi\/sv\/wp-json\/wp\/v2\/pages\/13","targetHints":{"allow":["GET"]}}],"collection":[{"href":"https:\/\/healthwing.fi\/sv\/wp-json\/wp\/v2\/pages"}],"about":[{"href":"https:\/\/healthwing.fi\/sv\/wp-json\/wp\/v2\/types\/page"}],"author":[{"embeddable":true,"href":"https:\/\/healthwing.fi\/sv\/wp-json\/wp\/v2\/users\/1"}],"replies":[{"embeddable":true,"href":"https:\/\/healthwing.fi\/sv\/wp-json\/wp\/v2\/comments?post=13"}],"version-history":[{"count":94,"href":"https:\/\/healthwing.fi\/sv\/wp-json\/wp\/v2\/pages\/13\/revisions"}],"predecessor-version":[{"id":1043,"href":"https:\/\/healthwing.fi\/sv\/wp-json\/wp\/v2\/pages\/13\/revisions\/1043"}],"wp:attachment":[{"href":"https:\/\/healthwing.fi\/sv\/wp-json\/wp\/v2\/media?parent=13"}],"curies":[{"name":"wp","href":"https:\/\/api.w.org\/{rel}","templated":true}]}}