{"id":1032,"date":"2025-11-20T09:34:14","date_gmt":"2025-11-20T07:34:14","guid":{"rendered":"https:\/\/healthwing.fi\/?post_type=product&#038;p=1032"},"modified":"2025-11-20T09:35:44","modified_gmt":"2025-11-20T07:35:44","slug":"covid-19-sars-cov-2-antigen-test-kit-colloidal-gold-saliva","status":"publish","type":"product","link":"https:\/\/healthwing.fi\/sv\/product\/covid-19-sars-cov-2-antigen-test-kit-colloidal-gold-saliva\/","title":{"rendered":"COVID-19 (SARS-CoV-2) Antigen-testkit (kolloidalt guld) - saliv"},"content":{"rendered":"","protected":false},"excerpt":{"rendered":"<p>Detta \u00e4r ett sj\u00e4lvtest avsett f\u00f6r kvalitativ detektion av coronaviruset SARS-CoV-2. Testet utf\u00f6rs som ett salivprov med hj\u00e4lp av en bomullspinne. Ett r\u00f6tt kontrollstreck visas p\u00e5 testbrickan om testet har utf\u00f6rts korrekt, och ett ytterligare streck visas om resultatet \u00e4r positivt. Resultatet kan avl\u00e4sas efter 15 minuter men ska inte tolkas efter mer \u00e4n 30 minuter.<\/p>\n<p>Produkten \u00e4r CE-m\u00e4rkt (1434) In vitro -diagnostisk medicinteknisk produkt, och l\u00e4mpar sig f\u00f6r hemmabruk.<\/p>\n<p>Tillverkare: Anhui Deepblue Medical Technology Co., LTD.<\/p>","protected":false},"featured_media":1033,"template":"","meta":{"_monsterinsights_skip_tracking":false,"_monsterinsights_sitenote_active":false,"_monsterinsights_sitenote_note":"","_monsterinsights_sitenote_category":0},"product_brand":[],"product_cat":[30,38],"product_tag":[],"class_list":{"0":"post-1032","1":"product","2":"type-product","3":"status-publish","4":"has-post-thumbnail","6":"product_cat-home-test","7":"product_cat-infection-tests","9":"first","10":"instock","11":"taxable","12":"shipping-taxable","13":"product-type-simple"},"yoast_head":"<!-- This site is optimized with the Yoast SEO Premium plugin v22.8 (Yoast SEO v27.2) - https:\/\/yoast.com\/product\/yoast-seo-premium-wordpress\/ -->\n<title>COVID-19 (SARS-CoV-2) Antigen Test Kit (Colloidal Gold) - Saliva - H&amp;W Biotech<\/title>\n<meta name=\"robots\" content=\"index, follow, max-snippet:-1, max-image-preview:large, max-video-preview:-1\" \/>\n<link rel=\"canonical\" href=\"https:\/\/healthwing.fi\/sv\/product\/covid-19-sars-cov-2-antigen-test-kit-colloidal-gold-saliva\/\" \/>\n<meta property=\"og:locale\" content=\"sv_SE\" \/>\n<meta property=\"og:type\" content=\"article\" \/>\n<meta property=\"og:title\" content=\"COVID-19 (SARS-CoV-2) Antigen Test Kit (Colloidal Gold) - Saliva\" \/>\n<meta property=\"og:description\" content=\"The rapid test is intended for qualitative detection of the coronavirus SARS-CoV-2. The test is performed as a saliva sample using a cotton swab. A red control line appears on the test cassette if the test has been performed correctly, and an additional line appears if the result is positive. The result is obtained after 15 minutes and should not be read after more than 30 minutes.  The product is an in vitro diagnostic medical device (IVD) that is intended for self-testing by a layperson, CE-marked (1434).  Manufacturer: Anhui Deepblue Medical Technology Co., LTD.\" \/>\n<meta property=\"og:url\" content=\"https:\/\/healthwing.fi\/sv\/product\/covid-19-sars-cov-2-antigen-test-kit-colloidal-gold-saliva\/\" \/>\n<meta property=\"og:site_name\" content=\"H&amp;W Biotech\" \/>\n<meta property=\"article:publisher\" content=\"https:\/\/www.facebook.com\/HWBiotechOy\" \/>\n<meta property=\"article:modified_time\" content=\"2025-11-20T07:35:44+00:00\" \/>\n<meta property=\"og:image\" content=\"https:\/\/healthwing.fi\/wp-content\/uploads\/2025\/11\/Deepblue-saliva-test-3D-1.jpg\" \/>\n\t<meta property=\"og:image:width\" content=\"1252\" \/>\n\t<meta property=\"og:image:height\" content=\"886\" \/>\n\t<meta property=\"og:image:type\" content=\"image\/jpeg\" \/>\n<meta name=\"twitter:card\" content=\"summary_large_image\" \/>\n<meta name=\"twitter:label1\" content=\"Est. reading time\" \/>\n\t<meta name=\"twitter:data1\" content=\"1 minut\" \/>\n<script type=\"application\/ld+json\" class=\"yoast-schema-graph\">{\"@context\":\"https:\/\/schema.org\",\"@graph\":[{\"@type\":\"WebPage\",\"@id\":\"https:\/\/healthwing.fi\/product\/covid-19-sars-cov-2-antigen-test-kit-colloidal-gold-saliva\/\",\"url\":\"https:\/\/healthwing.fi\/product\/covid-19-sars-cov-2-antigen-test-kit-colloidal-gold-saliva\/\",\"name\":\"COVID-19 (SARS-CoV-2) Antigen Test Kit (Colloidal Gold) - Saliva - H&amp;W Biotech\",\"isPartOf\":{\"@id\":\"https:\/\/healthwing.fi\/#website\"},\"primaryImageOfPage\":{\"@id\":\"https:\/\/healthwing.fi\/product\/covid-19-sars-cov-2-antigen-test-kit-colloidal-gold-saliva\/#primaryimage\"},\"image\":{\"@id\":\"https:\/\/healthwing.fi\/product\/covid-19-sars-cov-2-antigen-test-kit-colloidal-gold-saliva\/#primaryimage\"},\"thumbnailUrl\":\"https:\/\/healthwing.fi\/wp-content\/uploads\/2025\/11\/Deepblue-saliva-test-3D-1.jpg\",\"datePublished\":\"2025-11-20T07:34:14+00:00\",\"dateModified\":\"2025-11-20T07:35:44+00:00\",\"breadcrumb\":{\"@id\":\"https:\/\/healthwing.fi\/product\/covid-19-sars-cov-2-antigen-test-kit-colloidal-gold-saliva\/#breadcrumb\"},\"inLanguage\":\"sv-SE\",\"potentialAction\":[{\"@type\":\"ReadAction\",\"target\":[\"https:\/\/healthwing.fi\/product\/covid-19-sars-cov-2-antigen-test-kit-colloidal-gold-saliva\/\"]}]},{\"@type\":\"ImageObject\",\"inLanguage\":\"sv-SE\",\"@id\":\"https:\/\/healthwing.fi\/product\/covid-19-sars-cov-2-antigen-test-kit-colloidal-gold-saliva\/#primaryimage\",\"url\":\"https:\/\/healthwing.fi\/wp-content\/uploads\/2025\/11\/Deepblue-saliva-test-3D-1.jpg\",\"contentUrl\":\"https:\/\/healthwing.fi\/wp-content\/uploads\/2025\/11\/Deepblue-saliva-test-3D-1.jpg\",\"width\":1252,\"height\":886},{\"@type\":\"BreadcrumbList\",\"@id\":\"https:\/\/healthwing.fi\/product\/covid-19-sars-cov-2-antigen-test-kit-colloidal-gold-saliva\/#breadcrumb\",\"itemListElement\":[{\"@type\":\"ListItem\",\"position\":1,\"name\":\"Home\",\"item\":\"https:\/\/healthwing.fi\/\"},{\"@type\":\"ListItem\",\"position\":2,\"name\":\"Products\",\"item\":\"https:\/\/healthwing.fi\/products\/\"},{\"@type\":\"ListItem\",\"position\":3,\"name\":\"COVID-19 (SARS-CoV-2) Antigen Test Kit (Colloidal Gold) &#8211; Saliva\"}]},{\"@type\":\"WebSite\",\"@id\":\"https:\/\/healthwing.fi\/#website\",\"url\":\"https:\/\/healthwing.fi\/\",\"name\":\"H&W Biotech\",\"description\":\"H&amp;W Biotech\",\"publisher\":{\"@id\":\"https:\/\/healthwing.fi\/#organization\"},\"potentialAction\":[{\"@type\":\"SearchAction\",\"target\":{\"@type\":\"EntryPoint\",\"urlTemplate\":\"https:\/\/healthwing.fi\/?s={search_term_string}\"},\"query-input\":{\"@type\":\"PropertyValueSpecification\",\"valueRequired\":true,\"valueName\":\"search_term_string\"}}],\"inLanguage\":\"sv-SE\"},{\"@type\":\"Organization\",\"@id\":\"https:\/\/healthwing.fi\/#organization\",\"name\":\"H&W Biotech\",\"url\":\"https:\/\/healthwing.fi\/\",\"logo\":{\"@type\":\"ImageObject\",\"inLanguage\":\"sv-SE\",\"@id\":\"https:\/\/healthwing.fi\/#\/schema\/logo\/image\/\",\"url\":\"https:\/\/healthwing.fi\/wp-content\/uploads\/2022\/03\/HW-Biotech-logo.png\",\"contentUrl\":\"https:\/\/healthwing.fi\/wp-content\/uploads\/2022\/03\/HW-Biotech-logo.png\",\"width\":275,\"height\":122,\"caption\":\"H&W Biotech\"},\"image\":{\"@id\":\"https:\/\/healthwing.fi\/#\/schema\/logo\/image\/\"},\"sameAs\":[\"https:\/\/www.facebook.com\/HWBiotechOy\",\"https:\/\/www.linkedin.com\/company\/h-w-biotech-oy\"]}]}<\/script>\n<!-- \/ Yoast SEO Premium plugin. -->","yoast_head_json":{"title":"COVID-19 (SARS-CoV-2) Antigen Test Kit (Colloidal Gold) - Saliva - H&amp;W Biotech","robots":{"index":"index","follow":"follow","max-snippet":"max-snippet:-1","max-image-preview":"max-image-preview:large","max-video-preview":"max-video-preview:-1"},"canonical":"https:\/\/healthwing.fi\/sv\/product\/covid-19-sars-cov-2-antigen-test-kit-colloidal-gold-saliva\/","og_locale":"sv_SE","og_type":"article","og_title":"COVID-19 (SARS-CoV-2) Antigen Test Kit (Colloidal Gold) - Saliva","og_description":"The rapid test is intended for qualitative detection of the coronavirus SARS-CoV-2. The test is performed as a saliva sample using a cotton swab. A red control line appears on the test cassette if the test has been performed correctly, and an additional line appears if the result is positive. The result is obtained after 15 minutes and should not be read after more than 30 minutes.  The product is an in vitro diagnostic medical device (IVD) that is intended for self-testing by a layperson, CE-marked (1434).  Manufacturer: Anhui Deepblue Medical Technology Co., LTD.","og_url":"https:\/\/healthwing.fi\/sv\/product\/covid-19-sars-cov-2-antigen-test-kit-colloidal-gold-saliva\/","og_site_name":"H&amp;W Biotech","article_publisher":"https:\/\/www.facebook.com\/HWBiotechOy","article_modified_time":"2025-11-20T07:35:44+00:00","og_image":[{"width":1252,"height":886,"url":"https:\/\/healthwing.fi\/wp-content\/uploads\/2025\/11\/Deepblue-saliva-test-3D-1.jpg","type":"image\/jpeg"}],"twitter_card":"summary_large_image","twitter_misc":{"Est. reading time":"1 minut"},"schema":{"@context":"https:\/\/schema.org","@graph":[{"@type":"WebPage","@id":"https:\/\/healthwing.fi\/product\/covid-19-sars-cov-2-antigen-test-kit-colloidal-gold-saliva\/","url":"https:\/\/healthwing.fi\/product\/covid-19-sars-cov-2-antigen-test-kit-colloidal-gold-saliva\/","name":"COVID-19 (SARS-CoV-2) Antigen Test Kit (Colloidal Gold) - Saliva - H&amp;W Biotech","isPartOf":{"@id":"https:\/\/healthwing.fi\/#website"},"primaryImageOfPage":{"@id":"https:\/\/healthwing.fi\/product\/covid-19-sars-cov-2-antigen-test-kit-colloidal-gold-saliva\/#primaryimage"},"image":{"@id":"https:\/\/healthwing.fi\/product\/covid-19-sars-cov-2-antigen-test-kit-colloidal-gold-saliva\/#primaryimage"},"thumbnailUrl":"https:\/\/healthwing.fi\/wp-content\/uploads\/2025\/11\/Deepblue-saliva-test-3D-1.jpg","datePublished":"2025-11-20T07:34:14+00:00","dateModified":"2025-11-20T07:35:44+00:00","breadcrumb":{"@id":"https:\/\/healthwing.fi\/product\/covid-19-sars-cov-2-antigen-test-kit-colloidal-gold-saliva\/#breadcrumb"},"inLanguage":"sv-SE","potentialAction":[{"@type":"ReadAction","target":["https:\/\/healthwing.fi\/product\/covid-19-sars-cov-2-antigen-test-kit-colloidal-gold-saliva\/"]}]},{"@type":"ImageObject","inLanguage":"sv-SE","@id":"https:\/\/healthwing.fi\/product\/covid-19-sars-cov-2-antigen-test-kit-colloidal-gold-saliva\/#primaryimage","url":"https:\/\/healthwing.fi\/wp-content\/uploads\/2025\/11\/Deepblue-saliva-test-3D-1.jpg","contentUrl":"https:\/\/healthwing.fi\/wp-content\/uploads\/2025\/11\/Deepblue-saliva-test-3D-1.jpg","width":1252,"height":886},{"@type":"BreadcrumbList","@id":"https:\/\/healthwing.fi\/product\/covid-19-sars-cov-2-antigen-test-kit-colloidal-gold-saliva\/#breadcrumb","itemListElement":[{"@type":"ListItem","position":1,"name":"Home","item":"https:\/\/healthwing.fi\/"},{"@type":"ListItem","position":2,"name":"Products","item":"https:\/\/healthwing.fi\/products\/"},{"@type":"ListItem","position":3,"name":"COVID-19 (SARS-CoV-2) Antigen Test Kit (Colloidal Gold) &#8211; Saliva"}]},{"@type":"WebSite","@id":"https:\/\/healthwing.fi\/#website","url":"https:\/\/healthwing.fi\/","name":"H&W Biotech","description":"H&amp;W Biotech","publisher":{"@id":"https:\/\/healthwing.fi\/#organization"},"potentialAction":[{"@type":"SearchAction","target":{"@type":"EntryPoint","urlTemplate":"https:\/\/healthwing.fi\/?s={search_term_string}"},"query-input":{"@type":"PropertyValueSpecification","valueRequired":true,"valueName":"search_term_string"}}],"inLanguage":"sv-SE"},{"@type":"Organization","@id":"https:\/\/healthwing.fi\/#organization","name":"H&W Biotech","url":"https:\/\/healthwing.fi\/","logo":{"@type":"ImageObject","inLanguage":"sv-SE","@id":"https:\/\/healthwing.fi\/#\/schema\/logo\/image\/","url":"https:\/\/healthwing.fi\/wp-content\/uploads\/2022\/03\/HW-Biotech-logo.png","contentUrl":"https:\/\/healthwing.fi\/wp-content\/uploads\/2022\/03\/HW-Biotech-logo.png","width":275,"height":122,"caption":"H&W Biotech"},"image":{"@id":"https:\/\/healthwing.fi\/#\/schema\/logo\/image\/"},"sameAs":["https:\/\/www.facebook.com\/HWBiotechOy","https:\/\/www.linkedin.com\/company\/h-w-biotech-oy"]}]}},"_links":{"self":[{"href":"https:\/\/healthwing.fi\/sv\/wp-json\/wp\/v2\/product\/1032","targetHints":{"allow":["GET"]}}],"collection":[{"href":"https:\/\/healthwing.fi\/sv\/wp-json\/wp\/v2\/product"}],"about":[{"href":"https:\/\/healthwing.fi\/sv\/wp-json\/wp\/v2\/types\/product"}],"wp:featuredmedia":[{"embeddable":true,"href":"https:\/\/healthwing.fi\/sv\/wp-json\/wp\/v2\/media\/1033"}],"wp:attachment":[{"href":"https:\/\/healthwing.fi\/sv\/wp-json\/wp\/v2\/media?parent=1032"}],"wp:term":[{"taxonomy":"product_brand","embeddable":true,"href":"https:\/\/healthwing.fi\/sv\/wp-json\/wp\/v2\/product_brand?post=1032"},{"taxonomy":"product_cat","embeddable":true,"href":"https:\/\/healthwing.fi\/sv\/wp-json\/wp\/v2\/product_cat?post=1032"},{"taxonomy":"product_tag","embeddable":true,"href":"https:\/\/healthwing.fi\/sv\/wp-json\/wp\/v2\/product_tag?post=1032"}],"curies":[{"name":"wp","href":"https:\/\/api.w.org\/{rel}","templated":true}]}}