{"id":1034,"date":"2025-11-20T09:54:55","date_gmt":"2025-11-20T07:54:55","guid":{"rendered":"https:\/\/healthwing.fi\/?post_type=product&#038;p=1034"},"modified":"2025-11-20T09:54:59","modified_gmt":"2025-11-20T07:54:59","slug":"hw-sars-cov-2-flua-flub-adv-rsv-antigen-combo-rapid-test-kit-lfia","status":"publish","type":"product","link":"https:\/\/healthwing.fi\/sv\/product\/hw-sars-cov-2-flua-flub-adv-rsv-antigen-combo-rapid-test-kit-lfia\/","title":{"rendered":"H&amp;W SARS-CoV-2\/FluA\/FluB+ ADV\/RSV Antigen Combo Snabbtestkit (LFIA)"},"content":{"rendered":"","protected":false},"excerpt":{"rendered":"<p>Detta snabbtest \u00e4r avsett f\u00f6r kvalitativ detektion av SARS-CoV-2, influensa A, influensa B, adenovirus och RS-virus (respiratory syncytial virus). Testet \u00e4r ett sj\u00e4lvtest som utf\u00f6rs genom att ta ett prov fr\u00e5n den fr\u00e4mre delen av n\u00e4san med en bomullspinne. Testresultatet \u00e4r antingen positivt eller negativt f\u00f6r vart och ett av virusen. Resultat erh\u00e5lls inom 15 minuter.<\/p>\n<p>Produkten \u00e4r CE-m\u00e4rkt (3018) In vitro -diagnostisk medicinteknisk produkt, och l\u00e4mpar sig f\u00f6r hemmabruk.<\/p>\n<p>Tillverkare: Jiangsu Medomics Medical Technology Co., Ltd.<\/p>","protected":false},"featured_media":1035,"template":"","meta":{"_monsterinsights_skip_tracking":false,"_monsterinsights_sitenote_active":false,"_monsterinsights_sitenote_note":"","_monsterinsights_sitenote_category":0},"product_brand":[],"product_cat":[30,38],"product_tag":[],"class_list":{"0":"post-1034","1":"product","2":"type-product","3":"status-publish","4":"has-post-thumbnail","6":"product_cat-home-test","7":"product_cat-infection-tests","9":"first","10":"instock","11":"taxable","12":"shipping-taxable","13":"product-type-simple"},"yoast_head":"<!-- This site is optimized with the Yoast SEO Premium plugin v22.8 (Yoast SEO v27.2) - https:\/\/yoast.com\/product\/yoast-seo-premium-wordpress\/ -->\n<title>H&amp;W SARS-CoV-2\/FluA\/FluB+ ADV\/RSV Antigen Combo Rapid Test Kit (LFIA) - H&amp;W Biotech<\/title>\n<meta name=\"robots\" content=\"index, follow, max-snippet:-1, max-image-preview:large, max-video-preview:-1\" \/>\n<link rel=\"canonical\" href=\"https:\/\/healthwing.fi\/sv\/product\/hw-sars-cov-2-flua-flub-adv-rsv-antigen-combo-rapid-test-kit-lfia\/\" \/>\n<meta property=\"og:locale\" content=\"sv_SE\" \/>\n<meta property=\"og:type\" content=\"article\" \/>\n<meta property=\"og:title\" content=\"H&amp;W SARS-CoV-2\/FluA\/FluB+ ADV\/RSV Antigen Combo Rapid Test Kit (LFIA)\" \/>\n<meta property=\"og:description\" content=\"This rapid test is intended for the qualitative detection of SARS-CoV-2, Influenza A and B, Adenovirus, and RS virus (Respiratory Syncytial Virus). The self-test is performed by collecting a sample from the front part of the nose using a swab. The test provides a positive or negative result for each virus separately. Results are ready within 15 minutes.  The product is an in vitro diagnostic medical device (IVD) that is intended for self-testing by a layperson, CE-marked (3018).  Manufacturer: Jiangsu Medomics Medical Technology Co., Ltd.\" \/>\n<meta property=\"og:url\" content=\"https:\/\/healthwing.fi\/sv\/product\/hw-sars-cov-2-flua-flub-adv-rsv-antigen-combo-rapid-test-kit-lfia\/\" \/>\n<meta property=\"og:site_name\" content=\"H&amp;W Biotech\" \/>\n<meta property=\"article:publisher\" content=\"https:\/\/www.facebook.com\/HWBiotechOy\" \/>\n<meta property=\"article:modified_time\" content=\"2025-11-20T07:54:59+00:00\" \/>\n<meta property=\"og:image\" content=\"https:\/\/healthwing.fi\/wp-content\/uploads\/2025\/11\/Screenshot-2025-11-20-at-9.46.24.png\" \/>\n\t<meta property=\"og:image:width\" content=\"1354\" \/>\n\t<meta property=\"og:image:height\" content=\"1228\" \/>\n\t<meta property=\"og:image:type\" content=\"image\/png\" \/>\n<meta name=\"twitter:card\" content=\"summary_large_image\" \/>\n<meta name=\"twitter:label1\" content=\"Est. reading time\" \/>\n\t<meta name=\"twitter:data1\" content=\"1 minut\" \/>\n<script type=\"application\/ld+json\" class=\"yoast-schema-graph\">{\"@context\":\"https:\/\/schema.org\",\"@graph\":[{\"@type\":\"WebPage\",\"@id\":\"https:\/\/healthwing.fi\/product\/hw-sars-cov-2-flua-flub-adv-rsv-antigen-combo-rapid-test-kit-lfia\/\",\"url\":\"https:\/\/healthwing.fi\/product\/hw-sars-cov-2-flua-flub-adv-rsv-antigen-combo-rapid-test-kit-lfia\/\",\"name\":\"H&W SARS-CoV-2\/FluA\/FluB+ ADV\/RSV Antigen Combo Rapid Test Kit (LFIA) - H&amp;W Biotech\",\"isPartOf\":{\"@id\":\"https:\/\/healthwing.fi\/#website\"},\"primaryImageOfPage\":{\"@id\":\"https:\/\/healthwing.fi\/product\/hw-sars-cov-2-flua-flub-adv-rsv-antigen-combo-rapid-test-kit-lfia\/#primaryimage\"},\"image\":{\"@id\":\"https:\/\/healthwing.fi\/product\/hw-sars-cov-2-flua-flub-adv-rsv-antigen-combo-rapid-test-kit-lfia\/#primaryimage\"},\"thumbnailUrl\":\"https:\/\/healthwing.fi\/wp-content\/uploads\/2025\/11\/Screenshot-2025-11-20-at-9.46.24.png\",\"datePublished\":\"2025-11-20T07:54:55+00:00\",\"dateModified\":\"2025-11-20T07:54:59+00:00\",\"breadcrumb\":{\"@id\":\"https:\/\/healthwing.fi\/product\/hw-sars-cov-2-flua-flub-adv-rsv-antigen-combo-rapid-test-kit-lfia\/#breadcrumb\"},\"inLanguage\":\"sv-SE\",\"potentialAction\":[{\"@type\":\"ReadAction\",\"target\":[\"https:\/\/healthwing.fi\/product\/hw-sars-cov-2-flua-flub-adv-rsv-antigen-combo-rapid-test-kit-lfia\/\"]}]},{\"@type\":\"ImageObject\",\"inLanguage\":\"sv-SE\",\"@id\":\"https:\/\/healthwing.fi\/product\/hw-sars-cov-2-flua-flub-adv-rsv-antigen-combo-rapid-test-kit-lfia\/#primaryimage\",\"url\":\"https:\/\/healthwing.fi\/wp-content\/uploads\/2025\/11\/Screenshot-2025-11-20-at-9.46.24.png\",\"contentUrl\":\"https:\/\/healthwing.fi\/wp-content\/uploads\/2025\/11\/Screenshot-2025-11-20-at-9.46.24.png\",\"width\":1354,\"height\":1228},{\"@type\":\"BreadcrumbList\",\"@id\":\"https:\/\/healthwing.fi\/product\/hw-sars-cov-2-flua-flub-adv-rsv-antigen-combo-rapid-test-kit-lfia\/#breadcrumb\",\"itemListElement\":[{\"@type\":\"ListItem\",\"position\":1,\"name\":\"Home\",\"item\":\"https:\/\/healthwing.fi\/\"},{\"@type\":\"ListItem\",\"position\":2,\"name\":\"Products\",\"item\":\"https:\/\/healthwing.fi\/products\/\"},{\"@type\":\"ListItem\",\"position\":3,\"name\":\"H&#038;W SARS-CoV-2\/FluA\/FluB+ ADV\/RSV Antigen Combo Rapid Test Kit (LFIA)\"}]},{\"@type\":\"WebSite\",\"@id\":\"https:\/\/healthwing.fi\/#website\",\"url\":\"https:\/\/healthwing.fi\/\",\"name\":\"H&W Biotech\",\"description\":\"H&amp;W Biotech\",\"publisher\":{\"@id\":\"https:\/\/healthwing.fi\/#organization\"},\"potentialAction\":[{\"@type\":\"SearchAction\",\"target\":{\"@type\":\"EntryPoint\",\"urlTemplate\":\"https:\/\/healthwing.fi\/?s={search_term_string}\"},\"query-input\":{\"@type\":\"PropertyValueSpecification\",\"valueRequired\":true,\"valueName\":\"search_term_string\"}}],\"inLanguage\":\"sv-SE\"},{\"@type\":\"Organization\",\"@id\":\"https:\/\/healthwing.fi\/#organization\",\"name\":\"H&W Biotech\",\"url\":\"https:\/\/healthwing.fi\/\",\"logo\":{\"@type\":\"ImageObject\",\"inLanguage\":\"sv-SE\",\"@id\":\"https:\/\/healthwing.fi\/#\/schema\/logo\/image\/\",\"url\":\"https:\/\/healthwing.fi\/wp-content\/uploads\/2022\/03\/HW-Biotech-logo.png\",\"contentUrl\":\"https:\/\/healthwing.fi\/wp-content\/uploads\/2022\/03\/HW-Biotech-logo.png\",\"width\":275,\"height\":122,\"caption\":\"H&W Biotech\"},\"image\":{\"@id\":\"https:\/\/healthwing.fi\/#\/schema\/logo\/image\/\"},\"sameAs\":[\"https:\/\/www.facebook.com\/HWBiotechOy\",\"https:\/\/www.linkedin.com\/company\/h-w-biotech-oy\"]}]}<\/script>\n<!-- \/ Yoast SEO Premium plugin. -->","yoast_head_json":{"title":"H&W SARS-CoV-2\/FluA\/FluB+ ADV\/RSV Antigen Combo Rapid Test Kit (LFIA) - H&amp;W Biotech","robots":{"index":"index","follow":"follow","max-snippet":"max-snippet:-1","max-image-preview":"max-image-preview:large","max-video-preview":"max-video-preview:-1"},"canonical":"https:\/\/healthwing.fi\/sv\/product\/hw-sars-cov-2-flua-flub-adv-rsv-antigen-combo-rapid-test-kit-lfia\/","og_locale":"sv_SE","og_type":"article","og_title":"H&W SARS-CoV-2\/FluA\/FluB+ ADV\/RSV Antigen Combo Rapid Test Kit (LFIA)","og_description":"This rapid test is intended for the qualitative detection of SARS-CoV-2, Influenza A and B, Adenovirus, and RS virus (Respiratory Syncytial Virus). The self-test is performed by collecting a sample from the front part of the nose using a swab. The test provides a positive or negative result for each virus separately. Results are ready within 15 minutes.  The product is an in vitro diagnostic medical device (IVD) that is intended for self-testing by a layperson, CE-marked (3018).  Manufacturer: Jiangsu Medomics Medical Technology Co., Ltd.","og_url":"https:\/\/healthwing.fi\/sv\/product\/hw-sars-cov-2-flua-flub-adv-rsv-antigen-combo-rapid-test-kit-lfia\/","og_site_name":"H&amp;W Biotech","article_publisher":"https:\/\/www.facebook.com\/HWBiotechOy","article_modified_time":"2025-11-20T07:54:59+00:00","og_image":[{"width":1354,"height":1228,"url":"https:\/\/healthwing.fi\/wp-content\/uploads\/2025\/11\/Screenshot-2025-11-20-at-9.46.24.png","type":"image\/png"}],"twitter_card":"summary_large_image","twitter_misc":{"Est. reading time":"1 minut"},"schema":{"@context":"https:\/\/schema.org","@graph":[{"@type":"WebPage","@id":"https:\/\/healthwing.fi\/product\/hw-sars-cov-2-flua-flub-adv-rsv-antigen-combo-rapid-test-kit-lfia\/","url":"https:\/\/healthwing.fi\/product\/hw-sars-cov-2-flua-flub-adv-rsv-antigen-combo-rapid-test-kit-lfia\/","name":"H&W SARS-CoV-2\/FluA\/FluB+ ADV\/RSV Antigen Combo Rapid Test Kit (LFIA) - H&amp;W Biotech","isPartOf":{"@id":"https:\/\/healthwing.fi\/#website"},"primaryImageOfPage":{"@id":"https:\/\/healthwing.fi\/product\/hw-sars-cov-2-flua-flub-adv-rsv-antigen-combo-rapid-test-kit-lfia\/#primaryimage"},"image":{"@id":"https:\/\/healthwing.fi\/product\/hw-sars-cov-2-flua-flub-adv-rsv-antigen-combo-rapid-test-kit-lfia\/#primaryimage"},"thumbnailUrl":"https:\/\/healthwing.fi\/wp-content\/uploads\/2025\/11\/Screenshot-2025-11-20-at-9.46.24.png","datePublished":"2025-11-20T07:54:55+00:00","dateModified":"2025-11-20T07:54:59+00:00","breadcrumb":{"@id":"https:\/\/healthwing.fi\/product\/hw-sars-cov-2-flua-flub-adv-rsv-antigen-combo-rapid-test-kit-lfia\/#breadcrumb"},"inLanguage":"sv-SE","potentialAction":[{"@type":"ReadAction","target":["https:\/\/healthwing.fi\/product\/hw-sars-cov-2-flua-flub-adv-rsv-antigen-combo-rapid-test-kit-lfia\/"]}]},{"@type":"ImageObject","inLanguage":"sv-SE","@id":"https:\/\/healthwing.fi\/product\/hw-sars-cov-2-flua-flub-adv-rsv-antigen-combo-rapid-test-kit-lfia\/#primaryimage","url":"https:\/\/healthwing.fi\/wp-content\/uploads\/2025\/11\/Screenshot-2025-11-20-at-9.46.24.png","contentUrl":"https:\/\/healthwing.fi\/wp-content\/uploads\/2025\/11\/Screenshot-2025-11-20-at-9.46.24.png","width":1354,"height":1228},{"@type":"BreadcrumbList","@id":"https:\/\/healthwing.fi\/product\/hw-sars-cov-2-flua-flub-adv-rsv-antigen-combo-rapid-test-kit-lfia\/#breadcrumb","itemListElement":[{"@type":"ListItem","position":1,"name":"Home","item":"https:\/\/healthwing.fi\/"},{"@type":"ListItem","position":2,"name":"Products","item":"https:\/\/healthwing.fi\/products\/"},{"@type":"ListItem","position":3,"name":"H&#038;W SARS-CoV-2\/FluA\/FluB+ ADV\/RSV Antigen Combo Rapid Test Kit (LFIA)"}]},{"@type":"WebSite","@id":"https:\/\/healthwing.fi\/#website","url":"https:\/\/healthwing.fi\/","name":"H&W Biotech","description":"H&amp;W Biotech","publisher":{"@id":"https:\/\/healthwing.fi\/#organization"},"potentialAction":[{"@type":"SearchAction","target":{"@type":"EntryPoint","urlTemplate":"https:\/\/healthwing.fi\/?s={search_term_string}"},"query-input":{"@type":"PropertyValueSpecification","valueRequired":true,"valueName":"search_term_string"}}],"inLanguage":"sv-SE"},{"@type":"Organization","@id":"https:\/\/healthwing.fi\/#organization","name":"H&W Biotech","url":"https:\/\/healthwing.fi\/","logo":{"@type":"ImageObject","inLanguage":"sv-SE","@id":"https:\/\/healthwing.fi\/#\/schema\/logo\/image\/","url":"https:\/\/healthwing.fi\/wp-content\/uploads\/2022\/03\/HW-Biotech-logo.png","contentUrl":"https:\/\/healthwing.fi\/wp-content\/uploads\/2022\/03\/HW-Biotech-logo.png","width":275,"height":122,"caption":"H&W Biotech"},"image":{"@id":"https:\/\/healthwing.fi\/#\/schema\/logo\/image\/"},"sameAs":["https:\/\/www.facebook.com\/HWBiotechOy","https:\/\/www.linkedin.com\/company\/h-w-biotech-oy"]}]}},"_links":{"self":[{"href":"https:\/\/healthwing.fi\/sv\/wp-json\/wp\/v2\/product\/1034","targetHints":{"allow":["GET"]}}],"collection":[{"href":"https:\/\/healthwing.fi\/sv\/wp-json\/wp\/v2\/product"}],"about":[{"href":"https:\/\/healthwing.fi\/sv\/wp-json\/wp\/v2\/types\/product"}],"wp:featuredmedia":[{"embeddable":true,"href":"https:\/\/healthwing.fi\/sv\/wp-json\/wp\/v2\/media\/1035"}],"wp:attachment":[{"href":"https:\/\/healthwing.fi\/sv\/wp-json\/wp\/v2\/media?parent=1034"}],"wp:term":[{"taxonomy":"product_brand","embeddable":true,"href":"https:\/\/healthwing.fi\/sv\/wp-json\/wp\/v2\/product_brand?post=1034"},{"taxonomy":"product_cat","embeddable":true,"href":"https:\/\/healthwing.fi\/sv\/wp-json\/wp\/v2\/product_cat?post=1034"},{"taxonomy":"product_tag","embeddable":true,"href":"https:\/\/healthwing.fi\/sv\/wp-json\/wp\/v2\/product_tag?post=1034"}],"curies":[{"name":"wp","href":"https:\/\/api.w.org\/{rel}","templated":true}]}}