{"id":118,"date":"2022-03-04T12:24:47","date_gmt":"2022-03-04T10:24:47","guid":{"rendered":"https:\/\/healthwing.fi\/?post_type=product&#038;p=118"},"modified":"2024-08-22T14:32:32","modified_gmt":"2024-08-22T12:32:32","slug":"nano-coulomb-breath-analyzer-ca2122","status":"publish","type":"product","link":"https:\/\/healthwing.fi\/sv\/product\/nano-coulomb-breath-analyzer-ca2122\/","title":{"rendered":"Nano Coulomb analysator f\u00f6r utandningsluft CA2122"},"content":{"rendered":"<div id=\"id1631689558353\" class=\"design-element element-size-box has-rich-content user-selectable-element clickable-element has-rich-content has-text is-section-child\" data-element-id=\"id1631689558353\">\n<div class=\"element-main-box design-element-main-box has-rich-content user-selectable-element clickable-element has-rich-content has-text\" data-element-id=\"id1631689558353\">\n<div class=\"element-border-box element-border-target element-padding-box design-element-border-box has-rich-content user-selectable-element clickable-element has-rich-content has-text\" data-element-id=\"id1631689558353\">\n<div class=\"element-content-box design-element-content-box has-rich-content user-selectable-element clickable-element has-rich-content has-text\" data-element-id=\"id1631689558353\">\n<div class=\"content-container content-container-type element-size-box element-size-target has-rich-content user-selectable-element clickable-element has-rich-content has-text\" data-element-id=\"id1631689558353\">\n<div class=\"rich-text-element-content absolute-fill element-content dir-ltr\">\n<div class=\"rich-text-positioning-wrapper vertical-alignment-top\">\n<div class=\"rich-text-content common-rich-content-style has-content\">\n<p>CA2122 m\u00e4ter kv\u00e4veoxid (NO) i utandningsluft. Kv\u00e4veoxid \u00e4r ofta f\u00f6rh\u00f6jt vid vissa inflammatoriska tillst\u00e5nd, s\u00e5som astma. Den fraktionerade NO-koncentrationen i utandningsluft (FeNO) kan m\u00e4tas med CA2122 enligt riktlinjer f\u00f6r NO-m\u00e4tning fastst\u00e4llda av American Thoracic Society.<\/p>\n<p>FeNO-m\u00e4tning med CA2122 \u00e4r en kvantitativ, icke-invasiv, enkel och s\u00e4ker metod f\u00f6r att m\u00e4ta minskningen av FeNO-koncentration hos astmapatienter. FeNO-koncentrationen minskar ofta efter behandling med antiinflammatorisk l\u00e4kemedelsbehandling, vilket g\u00f6r m\u00e4tningen till ett beh\u00e4ndigt verktyg f\u00f6r att m\u00e4ta behandlingens effektivitet.<\/p>\n<p>CA2122 \u00e4r l\u00e4mplig f\u00f6r barn och vuxna. Enheten kan \u00e4ven anv\u00e4ndas f\u00f6r att testa sp\u00e4dbarn och patienter som inte klarar av att genomf\u00f6ra testet p\u00e5 vanligt vis (t.ex. patienter inom intensivv\u00e5rd, akutsjukv\u00e5rd eller anestesiologi) via Offline-\/Tidal Sampling-metoderna.<\/p>\n<p>FeNO-m\u00e4tningar ger l\u00e4karen ett komplement till etablerade kliniska och laboratoriebaserade bed\u00f6mningar f\u00f6r att utv\u00e4rdera en astmapatients respons till antiinflammatorisk behandling.<\/p>\n<p>CE-m\u00e4rkt, in vitro-diagnostiskt medicintekniskt hj\u00e4lpmedel f\u00f6r professionellt bruk.<\/p>\n<p>Tillverkare: Sunvou Medical Electronics Co., Ltd.<\/p>\n<\/div>\n<\/div>\n<\/div>\n<\/div>\n<\/div>\n<\/div>\n<\/div>\n<\/div>\n<div id=\"id1631689558354\" class=\"design-element element-size-box user-selectable-element clickable-element has-popup image-element is-section-child\" data-element-id=\"id1631689558354\"><\/div>","protected":false},"excerpt":{"rendered":"<p>Sunvou-CA2122 m\u00e4ter halten kv\u00e4veoxid (NO), v\u00e4tesulfid (H\u2082S) och kolmonoxid (CO) i utandningsluft. NO och H\u2082S \u00e4r viktiga biomark\u00f6rer f\u00f6r typ-2 luftv\u00e4gsinflammation, medan CO \u00e4r en mark\u00f6r f\u00f6r r\u00f6kavv\u00e4njning. M\u00e4tning med denna enhet \u00e4r mycket anv\u00e4ndarv\u00e4nligt, icke-invasivt och s\u00e4kert. Kan anv\u00e4ndas f\u00f6r analys av alla luftv\u00e4gar (\u00f6vre, stora och sm\u00e5 luftv\u00e4gar).<\/p>\n<p>Enheten \u00e4r CE-m\u00e4rkt. Tillverkare: Sunvou Medical Electronics Co., Ltd.<\/p>","protected":false},"featured_media":491,"template":"","meta":{"_monsterinsights_skip_tracking":false,"_monsterinsights_sitenote_active":false,"_monsterinsights_sitenote_note":"","_monsterinsights_sitenote_category":0},"product_brand":[],"product_cat":[31,43],"product_tag":[],"class_list":{"0":"post-118","1":"product","2":"type-product","3":"status-publish","4":"has-post-thumbnail","6":"product_cat-professional-devices-tests","7":"product_cat-products-for-researching-use","9":"first","10":"instock","11":"taxable","12":"shipping-taxable","13":"product-type-simple"},"yoast_head":"<!-- This site is optimized with the Yoast SEO Premium plugin v22.8 (Yoast SEO v27.2) - https:\/\/yoast.com\/product\/yoast-seo-premium-wordpress\/ -->\n<title>Nano Coulomb Breath Analyzer CA2122 - H&amp;W Biotech<\/title>\n<meta name=\"robots\" content=\"index, follow, max-snippet:-1, max-image-preview:large, max-video-preview:-1\" \/>\n<link rel=\"canonical\" href=\"https:\/\/healthwing.fi\/sv\/product\/nano-coulomb-breath-analyzer-ca2122\/\" \/>\n<meta property=\"og:locale\" content=\"sv_SE\" \/>\n<meta property=\"og:type\" content=\"article\" \/>\n<meta property=\"og:title\" content=\"Nano Coulomb Breath Analyzer CA2122\" \/>\n<meta property=\"og:description\" content=\"Sunvou-CA2122 measures fractional Nitric Oxide (NO), Hydrogen Sulfide (H2S) and Carbon Monoxide (CO) in expired breath. NO and H2S are important biomarkers of Type-2 airway inflammation, while CO is a marker of smoking cessation. Measurement using the device is very user-friendly, non-invasive and safe, suitable for both adults and children. It can be used for analysis of all airways (upper, large and small airways).  The device is CE-marked. The device is manufactured by Sunvou Medical Electronics Co., Ltd.\" \/>\n<meta property=\"og:url\" content=\"https:\/\/healthwing.fi\/sv\/product\/nano-coulomb-breath-analyzer-ca2122\/\" \/>\n<meta property=\"og:site_name\" content=\"H&amp;W Biotech\" \/>\n<meta property=\"article:publisher\" content=\"https:\/\/www.facebook.com\/HWBiotechOy\" \/>\n<meta property=\"article:modified_time\" content=\"2024-08-22T12:32:32+00:00\" \/>\n<meta property=\"og:image\" content=\"https:\/\/healthwing.fi\/wp-content\/uploads\/2022\/03\/CA2122.jpeg\" \/>\n\t<meta property=\"og:image:width\" content=\"1417\" \/>\n\t<meta property=\"og:image:height\" content=\"916\" \/>\n\t<meta property=\"og:image:type\" content=\"image\/jpeg\" \/>\n<meta name=\"twitter:card\" content=\"summary_large_image\" \/>\n<meta name=\"twitter:label1\" content=\"Est. reading time\" \/>\n\t<meta name=\"twitter:data1\" content=\"2 minuter\" \/>\n<script type=\"application\/ld+json\" class=\"yoast-schema-graph\">{\"@context\":\"https:\/\/schema.org\",\"@graph\":[{\"@type\":\"WebPage\",\"@id\":\"https:\/\/healthwing.fi\/product\/nano-coulomb-breath-analyzer-ca2122\/\",\"url\":\"https:\/\/healthwing.fi\/product\/nano-coulomb-breath-analyzer-ca2122\/\",\"name\":\"Nano Coulomb Breath Analyzer CA2122 - H&amp;W Biotech\",\"isPartOf\":{\"@id\":\"https:\/\/healthwing.fi\/#website\"},\"primaryImageOfPage\":{\"@id\":\"https:\/\/healthwing.fi\/product\/nano-coulomb-breath-analyzer-ca2122\/#primaryimage\"},\"image\":{\"@id\":\"https:\/\/healthwing.fi\/product\/nano-coulomb-breath-analyzer-ca2122\/#primaryimage\"},\"thumbnailUrl\":\"https:\/\/healthwing.fi\/wp-content\/uploads\/2022\/03\/CA2122.jpeg\",\"datePublished\":\"2022-03-04T10:24:47+00:00\",\"dateModified\":\"2024-08-22T12:32:32+00:00\",\"breadcrumb\":{\"@id\":\"https:\/\/healthwing.fi\/product\/nano-coulomb-breath-analyzer-ca2122\/#breadcrumb\"},\"inLanguage\":\"sv-SE\",\"potentialAction\":[{\"@type\":\"ReadAction\",\"target\":[\"https:\/\/healthwing.fi\/product\/nano-coulomb-breath-analyzer-ca2122\/\"]}]},{\"@type\":\"ImageObject\",\"inLanguage\":\"sv-SE\",\"@id\":\"https:\/\/healthwing.fi\/product\/nano-coulomb-breath-analyzer-ca2122\/#primaryimage\",\"url\":\"https:\/\/healthwing.fi\/wp-content\/uploads\/2022\/03\/CA2122.jpeg\",\"contentUrl\":\"https:\/\/healthwing.fi\/wp-content\/uploads\/2022\/03\/CA2122.jpeg\",\"width\":1417,\"height\":916},{\"@type\":\"BreadcrumbList\",\"@id\":\"https:\/\/healthwing.fi\/product\/nano-coulomb-breath-analyzer-ca2122\/#breadcrumb\",\"itemListElement\":[{\"@type\":\"ListItem\",\"position\":1,\"name\":\"Home\",\"item\":\"https:\/\/healthwing.fi\/\"},{\"@type\":\"ListItem\",\"position\":2,\"name\":\"Products\",\"item\":\"https:\/\/healthwing.fi\/products\/\"},{\"@type\":\"ListItem\",\"position\":3,\"name\":\"Nano Coulomb Breath Analyzer CA2122\"}]},{\"@type\":\"WebSite\",\"@id\":\"https:\/\/healthwing.fi\/#website\",\"url\":\"https:\/\/healthwing.fi\/\",\"name\":\"H&W Biotech\",\"description\":\"H&amp;W Biotech\",\"publisher\":{\"@id\":\"https:\/\/healthwing.fi\/#organization\"},\"potentialAction\":[{\"@type\":\"SearchAction\",\"target\":{\"@type\":\"EntryPoint\",\"urlTemplate\":\"https:\/\/healthwing.fi\/?s={search_term_string}\"},\"query-input\":{\"@type\":\"PropertyValueSpecification\",\"valueRequired\":true,\"valueName\":\"search_term_string\"}}],\"inLanguage\":\"sv-SE\"},{\"@type\":\"Organization\",\"@id\":\"https:\/\/healthwing.fi\/#organization\",\"name\":\"H&W Biotech\",\"url\":\"https:\/\/healthwing.fi\/\",\"logo\":{\"@type\":\"ImageObject\",\"inLanguage\":\"sv-SE\",\"@id\":\"https:\/\/healthwing.fi\/#\/schema\/logo\/image\/\",\"url\":\"https:\/\/healthwing.fi\/wp-content\/uploads\/2022\/03\/HW-Biotech-logo.png\",\"contentUrl\":\"https:\/\/healthwing.fi\/wp-content\/uploads\/2022\/03\/HW-Biotech-logo.png\",\"width\":275,\"height\":122,\"caption\":\"H&W Biotech\"},\"image\":{\"@id\":\"https:\/\/healthwing.fi\/#\/schema\/logo\/image\/\"},\"sameAs\":[\"https:\/\/www.facebook.com\/HWBiotechOy\",\"https:\/\/www.linkedin.com\/company\/h-w-biotech-oy\"]}]}<\/script>\n<!-- \/ Yoast SEO Premium plugin. -->","yoast_head_json":{"title":"Nano Coulomb Breath Analyzer CA2122 - H&amp;W Biotech","robots":{"index":"index","follow":"follow","max-snippet":"max-snippet:-1","max-image-preview":"max-image-preview:large","max-video-preview":"max-video-preview:-1"},"canonical":"https:\/\/healthwing.fi\/sv\/product\/nano-coulomb-breath-analyzer-ca2122\/","og_locale":"sv_SE","og_type":"article","og_title":"Nano Coulomb Breath Analyzer CA2122","og_description":"Sunvou-CA2122 measures fractional Nitric Oxide (NO), Hydrogen Sulfide (H2S) and Carbon Monoxide (CO) in expired breath. NO and H2S are important biomarkers of Type-2 airway inflammation, while CO is a marker of smoking cessation. Measurement using the device is very user-friendly, non-invasive and safe, suitable for both adults and children. It can be used for analysis of all airways (upper, large and small airways).  The device is CE-marked. The device is manufactured by Sunvou Medical Electronics Co., Ltd.","og_url":"https:\/\/healthwing.fi\/sv\/product\/nano-coulomb-breath-analyzer-ca2122\/","og_site_name":"H&amp;W Biotech","article_publisher":"https:\/\/www.facebook.com\/HWBiotechOy","article_modified_time":"2024-08-22T12:32:32+00:00","og_image":[{"width":1417,"height":916,"url":"https:\/\/healthwing.fi\/wp-content\/uploads\/2022\/03\/CA2122.jpeg","type":"image\/jpeg"}],"twitter_card":"summary_large_image","twitter_misc":{"Est. reading time":"2 minuter"},"schema":{"@context":"https:\/\/schema.org","@graph":[{"@type":"WebPage","@id":"https:\/\/healthwing.fi\/product\/nano-coulomb-breath-analyzer-ca2122\/","url":"https:\/\/healthwing.fi\/product\/nano-coulomb-breath-analyzer-ca2122\/","name":"Nano Coulomb Breath Analyzer CA2122 - H&amp;W Biotech","isPartOf":{"@id":"https:\/\/healthwing.fi\/#website"},"primaryImageOfPage":{"@id":"https:\/\/healthwing.fi\/product\/nano-coulomb-breath-analyzer-ca2122\/#primaryimage"},"image":{"@id":"https:\/\/healthwing.fi\/product\/nano-coulomb-breath-analyzer-ca2122\/#primaryimage"},"thumbnailUrl":"https:\/\/healthwing.fi\/wp-content\/uploads\/2022\/03\/CA2122.jpeg","datePublished":"2022-03-04T10:24:47+00:00","dateModified":"2024-08-22T12:32:32+00:00","breadcrumb":{"@id":"https:\/\/healthwing.fi\/product\/nano-coulomb-breath-analyzer-ca2122\/#breadcrumb"},"inLanguage":"sv-SE","potentialAction":[{"@type":"ReadAction","target":["https:\/\/healthwing.fi\/product\/nano-coulomb-breath-analyzer-ca2122\/"]}]},{"@type":"ImageObject","inLanguage":"sv-SE","@id":"https:\/\/healthwing.fi\/product\/nano-coulomb-breath-analyzer-ca2122\/#primaryimage","url":"https:\/\/healthwing.fi\/wp-content\/uploads\/2022\/03\/CA2122.jpeg","contentUrl":"https:\/\/healthwing.fi\/wp-content\/uploads\/2022\/03\/CA2122.jpeg","width":1417,"height":916},{"@type":"BreadcrumbList","@id":"https:\/\/healthwing.fi\/product\/nano-coulomb-breath-analyzer-ca2122\/#breadcrumb","itemListElement":[{"@type":"ListItem","position":1,"name":"Home","item":"https:\/\/healthwing.fi\/"},{"@type":"ListItem","position":2,"name":"Products","item":"https:\/\/healthwing.fi\/products\/"},{"@type":"ListItem","position":3,"name":"Nano Coulomb Breath Analyzer CA2122"}]},{"@type":"WebSite","@id":"https:\/\/healthwing.fi\/#website","url":"https:\/\/healthwing.fi\/","name":"H&W Biotech","description":"H&amp;W Biotech","publisher":{"@id":"https:\/\/healthwing.fi\/#organization"},"potentialAction":[{"@type":"SearchAction","target":{"@type":"EntryPoint","urlTemplate":"https:\/\/healthwing.fi\/?s={search_term_string}"},"query-input":{"@type":"PropertyValueSpecification","valueRequired":true,"valueName":"search_term_string"}}],"inLanguage":"sv-SE"},{"@type":"Organization","@id":"https:\/\/healthwing.fi\/#organization","name":"H&W Biotech","url":"https:\/\/healthwing.fi\/","logo":{"@type":"ImageObject","inLanguage":"sv-SE","@id":"https:\/\/healthwing.fi\/#\/schema\/logo\/image\/","url":"https:\/\/healthwing.fi\/wp-content\/uploads\/2022\/03\/HW-Biotech-logo.png","contentUrl":"https:\/\/healthwing.fi\/wp-content\/uploads\/2022\/03\/HW-Biotech-logo.png","width":275,"height":122,"caption":"H&W Biotech"},"image":{"@id":"https:\/\/healthwing.fi\/#\/schema\/logo\/image\/"},"sameAs":["https:\/\/www.facebook.com\/HWBiotechOy","https:\/\/www.linkedin.com\/company\/h-w-biotech-oy"]}]}},"_links":{"self":[{"href":"https:\/\/healthwing.fi\/sv\/wp-json\/wp\/v2\/product\/118","targetHints":{"allow":["GET"]}}],"collection":[{"href":"https:\/\/healthwing.fi\/sv\/wp-json\/wp\/v2\/product"}],"about":[{"href":"https:\/\/healthwing.fi\/sv\/wp-json\/wp\/v2\/types\/product"}],"wp:featuredmedia":[{"embeddable":true,"href":"https:\/\/healthwing.fi\/sv\/wp-json\/wp\/v2\/media\/491"}],"wp:attachment":[{"href":"https:\/\/healthwing.fi\/sv\/wp-json\/wp\/v2\/media?parent=118"}],"wp:term":[{"taxonomy":"product_brand","embeddable":true,"href":"https:\/\/healthwing.fi\/sv\/wp-json\/wp\/v2\/product_brand?post=118"},{"taxonomy":"product_cat","embeddable":true,"href":"https:\/\/healthwing.fi\/sv\/wp-json\/wp\/v2\/product_cat?post=118"},{"taxonomy":"product_tag","embeddable":true,"href":"https:\/\/healthwing.fi\/sv\/wp-json\/wp\/v2\/product_tag?post=118"}],"curies":[{"name":"wp","href":"https:\/\/api.w.org\/{rel}","templated":true}]}}