{"id":221,"date":"2022-03-09T23:24:15","date_gmt":"2022-03-09T21:24:15","guid":{"rendered":"https:\/\/healthwing.fi\/?post_type=product&#038;p=221"},"modified":"2025-07-24T21:51:29","modified_gmt":"2025-07-24T19:51:29","slug":"boson-rapid-sars-cov-2-antigen-test-card-for-home-use-1-test-pack","status":"publish","type":"product","link":"https:\/\/healthwing.fi\/sv\/product\/boson-rapid-sars-cov-2-antigen-test-card-for-home-use-1-test-pack\/","title":{"rendered":"Boson SARS-CoV-2 snabbtest f\u00f6r hemmabruk (1 test\/f\u00f6rpackning)"},"content":{"rendered":"","protected":false},"excerpt":{"rendered":"<p>Boson Rapid SARS-CoV-2 Antigen Test Card f\u00f6r hemmabruk (1 test\/f\u00f6rpackning).<\/p>\n<p>CE-m\u00e4rkt (0123) In vitro-diagnostiskt sj\u00e4lvtest f\u00f6r hemmabruk.<\/p>\n<p>Ett hemmatest f\u00f6r snabb och kvalitativ detektion av SARS-CoV-2-virusantigen i n\u00e4ssvabbprov (fr\u00e5n fr\u00e4mre delen av n\u00e4san) inom 7 dagar fr\u00e5n symtomdebut.<\/p>\n<ul>\n<li>Provtyp: Svabbprov from fr\u00e4mre delen n\u00e4san<\/li>\n<li>Svarstid: 15\u201320 minuter<\/li>\n<li>K\u00e4nslighet: 97,70% Specificitet: 99,84% Noggrannhet: 98,97%<\/li>\n<\/ul>\n<p><strong><a href=\"https:\/\/healthwing.fi\/wp-content\/uploads\/2022\/08\/Boson_082209-BS-SARS-CoV-2-antigen-test-IFU-nasalCE0123A-A07-211206.pdf\"><strong>Klicka h\u00e4r f\u00f6r att l\u00e4sa bruksanvisningen<\/strong><\/a><\/strong><\/p>\n<div class=\"product-short-description\">\nTillverkare: Xiamen Boson Biotech Co., Ltd\n<\/div>","protected":false},"featured_media":293,"template":"","meta":{"_monsterinsights_skip_tracking":false,"_monsterinsights_sitenote_active":false,"_monsterinsights_sitenote_note":"","_monsterinsights_sitenote_category":0},"product_brand":[],"product_cat":[30,38],"product_tag":[],"class_list":{"0":"post-221","1":"product","2":"type-product","3":"status-publish","4":"has-post-thumbnail","6":"product_cat-home-test","7":"product_cat-infection-tests","9":"first","10":"instock","11":"shipping-taxable","12":"product-type-simple"},"yoast_head":"<!-- This site is optimized with the Yoast SEO Premium plugin v22.8 (Yoast SEO v27.2) - https:\/\/yoast.com\/product\/yoast-seo-premium-wordpress\/ -->\n<title>Boson Rapid SARS-CoV-2 Antigen Test Card, 1 test\/pack - H&amp;W Biotech<\/title>\n<meta name=\"robots\" content=\"index, follow, max-snippet:-1, max-image-preview:large, max-video-preview:-1\" \/>\n<link rel=\"canonical\" href=\"https:\/\/healthwing.fi\/sv\/product\/boson-rapid-sars-cov-2-antigen-test-card-for-home-use-1-test-pack\/\" \/>\n<meta property=\"og:locale\" content=\"sv_SE\" \/>\n<meta property=\"og:type\" content=\"article\" \/>\n<meta property=\"og:title\" content=\"Boson Rapid SARS-CoV-2 Antigen Test Card, 1 test\/pack\" \/>\n<meta property=\"og:description\" content=\"Boson Rapid SARS-CoV-2 Antigen Test Card for Home Use (1 test\/pack).  CE marked (0123) In vitro diagnostic medical device for self-testing.  A home test for the rapid qualitative detection of SARS-CoV-2 virus antigen in anterior nasal swabs within 7 days of symptom onset.   Sample type: nasal swab  Time to result: 15-20 min  Sensitivity: 97.70% Specificity: 99.84% Accuracy: 98.97%  Click to read Instruction for Use  Manufacturer: Xiamen Boson Biotech Co., Ltd\" \/>\n<meta property=\"og:url\" content=\"https:\/\/healthwing.fi\/sv\/product\/boson-rapid-sars-cov-2-antigen-test-card-for-home-use-1-test-pack\/\" \/>\n<meta property=\"og:site_name\" content=\"H&amp;W Biotech\" \/>\n<meta property=\"article:publisher\" content=\"https:\/\/www.facebook.com\/HWBiotechOy\" \/>\n<meta property=\"article:modified_time\" content=\"2025-07-24T19:51:29+00:00\" \/>\n<meta property=\"og:image\" content=\"https:\/\/healthwing.fi\/wp-content\/uploads\/2022\/03\/boson_1_pack_and_content.jpg\" \/>\n\t<meta property=\"og:image:width\" content=\"1225\" \/>\n\t<meta property=\"og:image:height\" content=\"817\" \/>\n\t<meta property=\"og:image:type\" content=\"image\/jpeg\" \/>\n<meta name=\"twitter:card\" content=\"summary_large_image\" \/>\n<meta name=\"twitter:label1\" content=\"Est. reading time\" \/>\n\t<meta name=\"twitter:data1\" content=\"1 minut\" \/>\n<script type=\"application\/ld+json\" class=\"yoast-schema-graph\">{\"@context\":\"https:\/\/schema.org\",\"@graph\":[{\"@type\":\"WebPage\",\"@id\":\"https:\/\/healthwing.fi\/product\/boson-rapid-sars-cov-2-antigen-test-card-for-home-use-1-test-pack\/\",\"url\":\"https:\/\/healthwing.fi\/product\/boson-rapid-sars-cov-2-antigen-test-card-for-home-use-1-test-pack\/\",\"name\":\"Boson Rapid SARS-CoV-2 Antigen Test Card, 1 test\/pack - H&amp;W Biotech\",\"isPartOf\":{\"@id\":\"https:\/\/healthwing.fi\/#website\"},\"primaryImageOfPage\":{\"@id\":\"https:\/\/healthwing.fi\/product\/boson-rapid-sars-cov-2-antigen-test-card-for-home-use-1-test-pack\/#primaryimage\"},\"image\":{\"@id\":\"https:\/\/healthwing.fi\/product\/boson-rapid-sars-cov-2-antigen-test-card-for-home-use-1-test-pack\/#primaryimage\"},\"thumbnailUrl\":\"https:\/\/healthwing.fi\/wp-content\/uploads\/2022\/03\/boson_1_pack_and_content.jpg\",\"datePublished\":\"2022-03-09T21:24:15+00:00\",\"dateModified\":\"2025-07-24T19:51:29+00:00\",\"breadcrumb\":{\"@id\":\"https:\/\/healthwing.fi\/product\/boson-rapid-sars-cov-2-antigen-test-card-for-home-use-1-test-pack\/#breadcrumb\"},\"inLanguage\":\"sv-SE\",\"potentialAction\":[{\"@type\":\"ReadAction\",\"target\":[\"https:\/\/healthwing.fi\/product\/boson-rapid-sars-cov-2-antigen-test-card-for-home-use-1-test-pack\/\"]}]},{\"@type\":\"ImageObject\",\"inLanguage\":\"sv-SE\",\"@id\":\"https:\/\/healthwing.fi\/product\/boson-rapid-sars-cov-2-antigen-test-card-for-home-use-1-test-pack\/#primaryimage\",\"url\":\"https:\/\/healthwing.fi\/wp-content\/uploads\/2022\/03\/boson_1_pack_and_content.jpg\",\"contentUrl\":\"https:\/\/healthwing.fi\/wp-content\/uploads\/2022\/03\/boson_1_pack_and_content.jpg\",\"width\":1225,\"height\":817},{\"@type\":\"BreadcrumbList\",\"@id\":\"https:\/\/healthwing.fi\/product\/boson-rapid-sars-cov-2-antigen-test-card-for-home-use-1-test-pack\/#breadcrumb\",\"itemListElement\":[{\"@type\":\"ListItem\",\"position\":1,\"name\":\"Home\",\"item\":\"https:\/\/healthwing.fi\/\"},{\"@type\":\"ListItem\",\"position\":2,\"name\":\"Products\",\"item\":\"https:\/\/healthwing.fi\/products\/\"},{\"@type\":\"ListItem\",\"position\":3,\"name\":\"Boson Rapid SARS-CoV-2 Antigen Test Card, 1 test\/pack\"}]},{\"@type\":\"WebSite\",\"@id\":\"https:\/\/healthwing.fi\/#website\",\"url\":\"https:\/\/healthwing.fi\/\",\"name\":\"H&W Biotech\",\"description\":\"H&amp;W Biotech\",\"publisher\":{\"@id\":\"https:\/\/healthwing.fi\/#organization\"},\"potentialAction\":[{\"@type\":\"SearchAction\",\"target\":{\"@type\":\"EntryPoint\",\"urlTemplate\":\"https:\/\/healthwing.fi\/?s={search_term_string}\"},\"query-input\":{\"@type\":\"PropertyValueSpecification\",\"valueRequired\":true,\"valueName\":\"search_term_string\"}}],\"inLanguage\":\"sv-SE\"},{\"@type\":\"Organization\",\"@id\":\"https:\/\/healthwing.fi\/#organization\",\"name\":\"H&W Biotech\",\"url\":\"https:\/\/healthwing.fi\/\",\"logo\":{\"@type\":\"ImageObject\",\"inLanguage\":\"sv-SE\",\"@id\":\"https:\/\/healthwing.fi\/#\/schema\/logo\/image\/\",\"url\":\"https:\/\/healthwing.fi\/wp-content\/uploads\/2022\/03\/HW-Biotech-logo.png\",\"contentUrl\":\"https:\/\/healthwing.fi\/wp-content\/uploads\/2022\/03\/HW-Biotech-logo.png\",\"width\":275,\"height\":122,\"caption\":\"H&W Biotech\"},\"image\":{\"@id\":\"https:\/\/healthwing.fi\/#\/schema\/logo\/image\/\"},\"sameAs\":[\"https:\/\/www.facebook.com\/HWBiotechOy\",\"https:\/\/www.linkedin.com\/company\/h-w-biotech-oy\"]}]}<\/script>\n<!-- \/ Yoast SEO Premium plugin. -->","yoast_head_json":{"title":"Boson Rapid SARS-CoV-2 Antigen Test Card, 1 test\/pack - H&amp;W Biotech","robots":{"index":"index","follow":"follow","max-snippet":"max-snippet:-1","max-image-preview":"max-image-preview:large","max-video-preview":"max-video-preview:-1"},"canonical":"https:\/\/healthwing.fi\/sv\/product\/boson-rapid-sars-cov-2-antigen-test-card-for-home-use-1-test-pack\/","og_locale":"sv_SE","og_type":"article","og_title":"Boson Rapid SARS-CoV-2 Antigen Test Card, 1 test\/pack","og_description":"Boson Rapid SARS-CoV-2 Antigen Test Card for Home Use (1 test\/pack).  CE marked (0123) In vitro diagnostic medical device for self-testing.  A home test for the rapid qualitative detection of SARS-CoV-2 virus antigen in anterior nasal swabs within 7 days of symptom onset.   Sample type: nasal swab  Time to result: 15-20 min  Sensitivity: 97.70% Specificity: 99.84% Accuracy: 98.97%  Click to read Instruction for Use  Manufacturer: Xiamen Boson Biotech Co., Ltd","og_url":"https:\/\/healthwing.fi\/sv\/product\/boson-rapid-sars-cov-2-antigen-test-card-for-home-use-1-test-pack\/","og_site_name":"H&amp;W Biotech","article_publisher":"https:\/\/www.facebook.com\/HWBiotechOy","article_modified_time":"2025-07-24T19:51:29+00:00","og_image":[{"width":1225,"height":817,"url":"https:\/\/healthwing.fi\/wp-content\/uploads\/2022\/03\/boson_1_pack_and_content.jpg","type":"image\/jpeg"}],"twitter_card":"summary_large_image","twitter_misc":{"Est. reading time":"1 minut"},"schema":{"@context":"https:\/\/schema.org","@graph":[{"@type":"WebPage","@id":"https:\/\/healthwing.fi\/product\/boson-rapid-sars-cov-2-antigen-test-card-for-home-use-1-test-pack\/","url":"https:\/\/healthwing.fi\/product\/boson-rapid-sars-cov-2-antigen-test-card-for-home-use-1-test-pack\/","name":"Boson Rapid SARS-CoV-2 Antigen Test Card, 1 test\/pack - H&amp;W Biotech","isPartOf":{"@id":"https:\/\/healthwing.fi\/#website"},"primaryImageOfPage":{"@id":"https:\/\/healthwing.fi\/product\/boson-rapid-sars-cov-2-antigen-test-card-for-home-use-1-test-pack\/#primaryimage"},"image":{"@id":"https:\/\/healthwing.fi\/product\/boson-rapid-sars-cov-2-antigen-test-card-for-home-use-1-test-pack\/#primaryimage"},"thumbnailUrl":"https:\/\/healthwing.fi\/wp-content\/uploads\/2022\/03\/boson_1_pack_and_content.jpg","datePublished":"2022-03-09T21:24:15+00:00","dateModified":"2025-07-24T19:51:29+00:00","breadcrumb":{"@id":"https:\/\/healthwing.fi\/product\/boson-rapid-sars-cov-2-antigen-test-card-for-home-use-1-test-pack\/#breadcrumb"},"inLanguage":"sv-SE","potentialAction":[{"@type":"ReadAction","target":["https:\/\/healthwing.fi\/product\/boson-rapid-sars-cov-2-antigen-test-card-for-home-use-1-test-pack\/"]}]},{"@type":"ImageObject","inLanguage":"sv-SE","@id":"https:\/\/healthwing.fi\/product\/boson-rapid-sars-cov-2-antigen-test-card-for-home-use-1-test-pack\/#primaryimage","url":"https:\/\/healthwing.fi\/wp-content\/uploads\/2022\/03\/boson_1_pack_and_content.jpg","contentUrl":"https:\/\/healthwing.fi\/wp-content\/uploads\/2022\/03\/boson_1_pack_and_content.jpg","width":1225,"height":817},{"@type":"BreadcrumbList","@id":"https:\/\/healthwing.fi\/product\/boson-rapid-sars-cov-2-antigen-test-card-for-home-use-1-test-pack\/#breadcrumb","itemListElement":[{"@type":"ListItem","position":1,"name":"Home","item":"https:\/\/healthwing.fi\/"},{"@type":"ListItem","position":2,"name":"Products","item":"https:\/\/healthwing.fi\/products\/"},{"@type":"ListItem","position":3,"name":"Boson Rapid SARS-CoV-2 Antigen Test Card, 1 test\/pack"}]},{"@type":"WebSite","@id":"https:\/\/healthwing.fi\/#website","url":"https:\/\/healthwing.fi\/","name":"H&W Biotech","description":"H&amp;W Biotech","publisher":{"@id":"https:\/\/healthwing.fi\/#organization"},"potentialAction":[{"@type":"SearchAction","target":{"@type":"EntryPoint","urlTemplate":"https:\/\/healthwing.fi\/?s={search_term_string}"},"query-input":{"@type":"PropertyValueSpecification","valueRequired":true,"valueName":"search_term_string"}}],"inLanguage":"sv-SE"},{"@type":"Organization","@id":"https:\/\/healthwing.fi\/#organization","name":"H&W Biotech","url":"https:\/\/healthwing.fi\/","logo":{"@type":"ImageObject","inLanguage":"sv-SE","@id":"https:\/\/healthwing.fi\/#\/schema\/logo\/image\/","url":"https:\/\/healthwing.fi\/wp-content\/uploads\/2022\/03\/HW-Biotech-logo.png","contentUrl":"https:\/\/healthwing.fi\/wp-content\/uploads\/2022\/03\/HW-Biotech-logo.png","width":275,"height":122,"caption":"H&W Biotech"},"image":{"@id":"https:\/\/healthwing.fi\/#\/schema\/logo\/image\/"},"sameAs":["https:\/\/www.facebook.com\/HWBiotechOy","https:\/\/www.linkedin.com\/company\/h-w-biotech-oy"]}]}},"_links":{"self":[{"href":"https:\/\/healthwing.fi\/sv\/wp-json\/wp\/v2\/product\/221","targetHints":{"allow":["GET"]}}],"collection":[{"href":"https:\/\/healthwing.fi\/sv\/wp-json\/wp\/v2\/product"}],"about":[{"href":"https:\/\/healthwing.fi\/sv\/wp-json\/wp\/v2\/types\/product"}],"wp:featuredmedia":[{"embeddable":true,"href":"https:\/\/healthwing.fi\/sv\/wp-json\/wp\/v2\/media\/293"}],"wp:attachment":[{"href":"https:\/\/healthwing.fi\/sv\/wp-json\/wp\/v2\/media?parent=221"}],"wp:term":[{"taxonomy":"product_brand","embeddable":true,"href":"https:\/\/healthwing.fi\/sv\/wp-json\/wp\/v2\/product_brand?post=221"},{"taxonomy":"product_cat","embeddable":true,"href":"https:\/\/healthwing.fi\/sv\/wp-json\/wp\/v2\/product_cat?post=221"},{"taxonomy":"product_tag","embeddable":true,"href":"https:\/\/healthwing.fi\/sv\/wp-json\/wp\/v2\/product_tag?post=221"}],"curies":[{"name":"wp","href":"https:\/\/api.w.org\/{rel}","templated":true}]}}