{"id":413,"date":"2022-06-15T14:37:46","date_gmt":"2022-06-15T12:37:46","guid":{"rendered":"https:\/\/healthwing.fi\/?post_type=product&#038;p=413"},"modified":"2025-07-24T21:51:01","modified_gmt":"2025-07-24T19:51:01","slug":"vitamin-d-rapid-test-cassette","status":"publish","type":"product","link":"https:\/\/healthwing.fi\/sv\/product\/vitamin-d-rapid-test-cassette\/","title":{"rendered":"D-vitamin snabbtest"},"content":{"rendered":"<p><a style=\"display: inline-flex; align-items: center; justify-content: center; padding: 12px 25px; background-color: rgba(78, 181, 173, 0.8); color: white; text-decoration: none; border-radius: 12px; cursor: pointer; box-shadow: 0px 4px 8px rgba(0,0,0,0.2); transition: background-color 0.3s ease, box-shadow 0.3s ease, transform 0.3s ease; font-size: 16px; line-height: 1.2; height: 48px;\" href=\"https:\/\/healthwing.fi\/wp-content\/uploads\/2022\/10\/IFU-Vitamin-D.pdf\" target=\"_blank\" rel=\"noopener\"><strong>Bruksanvisning<\/strong><\/a><\/p>\n<div style=\"width: 1020px;\" class=\"wp-video\"><video class=\"wp-video-shortcode\" id=\"video-413-1\" width=\"1020\" height=\"574\" preload=\"metadata\" controls=\"controls\"><source type=\"video\/mp4\" src=\"https:\/\/healthwing.fi\/wp-content\/uploads\/2022\/06\/Na\u0308in-ka\u0308yta\u0308t-HW-D-vitamiini-pikatesti-pa\u0308ivitetty-29.6.2022.mp4?_=1\" \/><a href=\"https:\/\/healthwing.fi\/wp-content\/uploads\/2022\/06\/N\u00e4in-k\u00e4yt\u00e4t-HW-D-vitamiini-pikatesti-p\u00e4ivitetty-29.6.2022.mp4\">https:\/\/healthwing.fi\/wp-content\/uploads\/2022\/06\/N\u00e4in-k\u00e4yt\u00e4t-HW-D-vitamiini-pikatesti-p\u00e4ivitetty-29.6.2022.mp4<\/a><\/video><\/div>","protected":false},"excerpt":{"rendered":"<p>D-vitamin Rapid Test Cassette f\u00f6r sj\u00e4lvtestning.<\/p>\n<p>CE-m\u00e4rkt (0123) In vitro-diagnostiskt sj\u00e4lvtest f\u00f6r hemmabruk.<\/p>\n<p>Snabbtest f\u00f6r att m\u00e4ta D-vitaminniv\u00e5er i ett kapill\u00e4rblodprov taget fr\u00e5n fingerspetsen. D-vitaminbrist \u00e4r vanligt bland vuxna och risken \u00f6kar med \u00e5ldern eftersom hudens f\u00f6rm\u00e5ga att bilda D-vitamin minskar.<\/p>\n<p>Tillr\u00e4ckliga niv\u00e5er av D-vitamin \u00e4r viktiga f\u00f6r h\u00e4lsa och v\u00e4lbefinnande, d\u00e5 brist kan leda till bensk\u00f6rhet och \u00e4r kopplat till flera allvarliga sjukdomar. Att \u00f6vervaka D-vitaminniv\u00e5n \u00e4r d\u00e4rf\u00f6r viktigt.<\/p>\n<p>Testet m\u00e4ter 25-OH D-vitamin och visar d\u00e4rmed den totala m\u00e4ngden D-vitamin i kroppen (b\u00e5de den aktiva och lagrade formen). Resultatet tolkas med hj\u00e4lp av en f\u00e4rgkarta (4 olika niv\u00e5er). N\u00e4r koncentrationen av 25-OH D-vitamin \u00e4r 30 ng\/ml eller l\u00e4gre, indikerar testet brist eller otillr\u00e4cklig niv\u00e5. I s\u00e5dana fall kan tillskott av D-vitamin vara rekommenderade.<\/p>\n<ul>\n<li>Resultat p\u00e5 10 minuter<\/li>\n<li>Tillf\u00f6rlitligt och enkelt<\/li>\n<li>Allt som beh\u00f6vs f\u00f6r testet ing\u00e5r<\/li>\n<li>Enkel provtagning fr\u00e5n fingertoppen<\/li>\n<li>Alternativ f\u00f6r resultat: Tillr\u00e4cklig, Otillr\u00e4cklig eller Bristande 25-OH Vitamin D-niv\u00e5<\/li>\n<\/ul>\n<p>Produkten finns tillg\u00e4nglig p\u00e5 ett brett utbud av finska apotek, h\u00e4lsobutiker och n\u00e4tbutiker.<\/p>\n<p>Referensv\u00e4rden f\u00f6r Vitamin D Snabbtest:<\/p>\n<ul>\n<li>under 25 nmol\/l: brist<\/li>\n<li>25\u201375 nmol\/l: otillr\u00e4cklig<\/li>\n<li>75-250 nmol\/l: tillr\u00e4cklig<\/li>\n<li>\u00f6ver 250 nmol\/l: \u00f6verskott<\/li>\n<\/ul>\n<p>Testresultatet tolkas med hj\u00e4lp av f\u00e4rgkartan som medf\u00f6ljer i testf\u00f6rpackningen.<br \/>\nTillverkare: Hangzhou AllTest Biotech Co., Ltd<\/p>","protected":false},"featured_media":764,"template":"","meta":{"_monsterinsights_skip_tracking":false,"_monsterinsights_sitenote_active":false,"_monsterinsights_sitenote_note":"","_monsterinsights_sitenote_category":0},"product_brand":[],"product_cat":[30,39,41],"product_tag":[],"class_list":{"0":"post-413","1":"product","2":"type-product","3":"status-publish","4":"has-post-thumbnail","6":"product_cat-home-test","7":"product_cat-ladys-health-tests","8":"product_cat-mens-health-tests","10":"first","11":"instock","12":"taxable","13":"shipping-taxable","14":"product-type-simple"},"yoast_head":"<!-- This site is optimized with the Yoast SEO Premium plugin v22.8 (Yoast SEO v27.2) - https:\/\/yoast.com\/product\/yoast-seo-premium-wordpress\/ -->\n<title>Vitamin D Rapid Test Cassette - H&amp;W Biotech<\/title>\n<meta name=\"robots\" content=\"index, follow, max-snippet:-1, max-image-preview:large, max-video-preview:-1\" \/>\n<link rel=\"canonical\" href=\"https:\/\/healthwing.fi\/sv\/product\/vitamin-d-rapid-test-cassette\/\" \/>\n<meta property=\"og:locale\" content=\"sv_SE\" \/>\n<meta property=\"og:type\" content=\"article\" \/>\n<meta property=\"og:title\" content=\"Vitamin D Rapid Test Cassette\" \/>\n<meta property=\"og:description\" content=\"Vitamin D Rapid Test Cassette for self-testing.  CE marked (0123) In vitro diagnostic medical device for self-testing.  Rapid test for the determination of Vitamin D in fingertip blood sample. Vitamin D deficiency is common in the adult population and the risk of deficiency increases with age, as Vitamin D synthesis decreases in the skin.  Adequate levels of Vitamin D are crucial for health and well-being, since Vitamin D deficiency can cause bone loss and is associated to various serious diseases. Monitoring of Vitamin D levels is, therefore, considered essential.  The test measures 25-OH Vitamin D and, thus, gives the total Vitamin D status. Both the available form of Vitamin D and its stored form are measured. The result is obtained by comparison with a color card: Deficient, Insufficient, or Sufficient level of 25-OH Vitamin D. When 25-OH Vitamin D concentration is 30 ng\/ml or less, the test reveals a deficiency or an insufficient level. In these cases, use of Vitamin D supplements may be recommended.   Result available in 10 minutes  Reliable and Easy  Everything you need for testing included  Easy sampling of fingertip blood  Result options: Sufficient, Insufficient or Deficient 25-OH Vitamin D level  The product can be conveniently found in an extensive range of Finnish pharmacies, health stores, and online shopping platforms.  The reference values for the Vitamin D Rapid Test Casette are as following:   under 25 nmol\/l: deficient  25\u201375 nmol\/l: insufficient  75\u2013250 nmol\/l: sufficient  over 250 nmol\/l: excess  The test results are interpreted by use of a color card provided in the test package. Manufacturer: Hangzhou AllTest Biotech Co., Ltd\" \/>\n<meta property=\"og:url\" content=\"https:\/\/healthwing.fi\/sv\/product\/vitamin-d-rapid-test-cassette\/\" \/>\n<meta property=\"og:site_name\" content=\"H&amp;W Biotech\" \/>\n<meta property=\"article:publisher\" content=\"https:\/\/www.facebook.com\/HWBiotechOy\" \/>\n<meta property=\"article:modified_time\" content=\"2025-07-24T19:51:01+00:00\" \/>\n<meta property=\"og:image\" content=\"https:\/\/healthwing.fi\/wp-content\/uploads\/2022\/06\/VD-test-new-photo.jpg\" \/>\n\t<meta property=\"og:image:width\" content=\"1067\" \/>\n\t<meta property=\"og:image:height\" content=\"800\" \/>\n\t<meta property=\"og:image:type\" content=\"image\/jpeg\" \/>\n<meta name=\"twitter:card\" content=\"summary_large_image\" \/>\n<meta name=\"twitter:label1\" content=\"Est. reading time\" \/>\n\t<meta name=\"twitter:data1\" content=\"1 minut\" \/>\n<script type=\"application\/ld+json\" class=\"yoast-schema-graph\">{\"@context\":\"https:\/\/schema.org\",\"@graph\":[{\"@type\":\"WebPage\",\"@id\":\"https:\/\/healthwing.fi\/product\/vitamin-d-rapid-test-cassette\/\",\"url\":\"https:\/\/healthwing.fi\/product\/vitamin-d-rapid-test-cassette\/\",\"name\":\"Vitamin D Rapid Test Cassette - H&amp;W Biotech\",\"isPartOf\":{\"@id\":\"https:\/\/healthwing.fi\/#website\"},\"primaryImageOfPage\":{\"@id\":\"https:\/\/healthwing.fi\/product\/vitamin-d-rapid-test-cassette\/#primaryimage\"},\"image\":{\"@id\":\"https:\/\/healthwing.fi\/product\/vitamin-d-rapid-test-cassette\/#primaryimage\"},\"thumbnailUrl\":\"https:\/\/healthwing.fi\/wp-content\/uploads\/2022\/06\/VD-test-new-photo.jpg\",\"datePublished\":\"2022-06-15T12:37:46+00:00\",\"dateModified\":\"2025-07-24T19:51:01+00:00\",\"breadcrumb\":{\"@id\":\"https:\/\/healthwing.fi\/product\/vitamin-d-rapid-test-cassette\/#breadcrumb\"},\"inLanguage\":\"sv-SE\",\"potentialAction\":[{\"@type\":\"ReadAction\",\"target\":[\"https:\/\/healthwing.fi\/product\/vitamin-d-rapid-test-cassette\/\"]}]},{\"@type\":\"ImageObject\",\"inLanguage\":\"sv-SE\",\"@id\":\"https:\/\/healthwing.fi\/product\/vitamin-d-rapid-test-cassette\/#primaryimage\",\"url\":\"https:\/\/healthwing.fi\/wp-content\/uploads\/2022\/06\/VD-test-new-photo.jpg\",\"contentUrl\":\"https:\/\/healthwing.fi\/wp-content\/uploads\/2022\/06\/VD-test-new-photo.jpg\",\"width\":1067,\"height\":800},{\"@type\":\"BreadcrumbList\",\"@id\":\"https:\/\/healthwing.fi\/product\/vitamin-d-rapid-test-cassette\/#breadcrumb\",\"itemListElement\":[{\"@type\":\"ListItem\",\"position\":1,\"name\":\"Home\",\"item\":\"https:\/\/healthwing.fi\/\"},{\"@type\":\"ListItem\",\"position\":2,\"name\":\"Products\",\"item\":\"https:\/\/healthwing.fi\/products\/\"},{\"@type\":\"ListItem\",\"position\":3,\"name\":\"Vitamin D Rapid Test Cassette\"}]},{\"@type\":\"WebSite\",\"@id\":\"https:\/\/healthwing.fi\/#website\",\"url\":\"https:\/\/healthwing.fi\/\",\"name\":\"H&W Biotech\",\"description\":\"H&amp;W Biotech\",\"publisher\":{\"@id\":\"https:\/\/healthwing.fi\/#organization\"},\"potentialAction\":[{\"@type\":\"SearchAction\",\"target\":{\"@type\":\"EntryPoint\",\"urlTemplate\":\"https:\/\/healthwing.fi\/?s={search_term_string}\"},\"query-input\":{\"@type\":\"PropertyValueSpecification\",\"valueRequired\":true,\"valueName\":\"search_term_string\"}}],\"inLanguage\":\"sv-SE\"},{\"@type\":\"Organization\",\"@id\":\"https:\/\/healthwing.fi\/#organization\",\"name\":\"H&W Biotech\",\"url\":\"https:\/\/healthwing.fi\/\",\"logo\":{\"@type\":\"ImageObject\",\"inLanguage\":\"sv-SE\",\"@id\":\"https:\/\/healthwing.fi\/#\/schema\/logo\/image\/\",\"url\":\"https:\/\/healthwing.fi\/wp-content\/uploads\/2022\/03\/HW-Biotech-logo.png\",\"contentUrl\":\"https:\/\/healthwing.fi\/wp-content\/uploads\/2022\/03\/HW-Biotech-logo.png\",\"width\":275,\"height\":122,\"caption\":\"H&W Biotech\"},\"image\":{\"@id\":\"https:\/\/healthwing.fi\/#\/schema\/logo\/image\/\"},\"sameAs\":[\"https:\/\/www.facebook.com\/HWBiotechOy\",\"https:\/\/www.linkedin.com\/company\/h-w-biotech-oy\"]}]}<\/script>\n<!-- \/ Yoast SEO Premium plugin. -->","yoast_head_json":{"title":"Vitamin D Rapid Test Cassette - H&amp;W Biotech","robots":{"index":"index","follow":"follow","max-snippet":"max-snippet:-1","max-image-preview":"max-image-preview:large","max-video-preview":"max-video-preview:-1"},"canonical":"https:\/\/healthwing.fi\/sv\/product\/vitamin-d-rapid-test-cassette\/","og_locale":"sv_SE","og_type":"article","og_title":"Vitamin D Rapid Test Cassette","og_description":"Vitamin D Rapid Test Cassette for self-testing.  CE marked (0123) In vitro diagnostic medical device for self-testing.  Rapid test for the determination of Vitamin D in fingertip blood sample. Vitamin D deficiency is common in the adult population and the risk of deficiency increases with age, as Vitamin D synthesis decreases in the skin.  Adequate levels of Vitamin D are crucial for health and well-being, since Vitamin D deficiency can cause bone loss and is associated to various serious diseases. Monitoring of Vitamin D levels is, therefore, considered essential.  The test measures 25-OH Vitamin D and, thus, gives the total Vitamin D status. Both the available form of Vitamin D and its stored form are measured. The result is obtained by comparison with a color card: Deficient, Insufficient, or Sufficient level of 25-OH Vitamin D. When 25-OH Vitamin D concentration is 30 ng\/ml or less, the test reveals a deficiency or an insufficient level. In these cases, use of Vitamin D supplements may be recommended.   Result available in 10 minutes  Reliable and Easy  Everything you need for testing included  Easy sampling of fingertip blood  Result options: Sufficient, Insufficient or Deficient 25-OH Vitamin D level  The product can be conveniently found in an extensive range of Finnish pharmacies, health stores, and online shopping platforms.  The reference values for the Vitamin D Rapid Test Casette are as following:   under 25 nmol\/l: deficient  25\u201375 nmol\/l: insufficient  75\u2013250 nmol\/l: sufficient  over 250 nmol\/l: excess  The test results are interpreted by use of a color card provided in the test package. Manufacturer: Hangzhou AllTest Biotech Co., Ltd","og_url":"https:\/\/healthwing.fi\/sv\/product\/vitamin-d-rapid-test-cassette\/","og_site_name":"H&amp;W Biotech","article_publisher":"https:\/\/www.facebook.com\/HWBiotechOy","article_modified_time":"2025-07-24T19:51:01+00:00","og_image":[{"width":1067,"height":800,"url":"https:\/\/healthwing.fi\/wp-content\/uploads\/2022\/06\/VD-test-new-photo.jpg","type":"image\/jpeg"}],"twitter_card":"summary_large_image","twitter_misc":{"Est. reading time":"1 minut"},"schema":{"@context":"https:\/\/schema.org","@graph":[{"@type":"WebPage","@id":"https:\/\/healthwing.fi\/product\/vitamin-d-rapid-test-cassette\/","url":"https:\/\/healthwing.fi\/product\/vitamin-d-rapid-test-cassette\/","name":"Vitamin D Rapid Test Cassette - H&amp;W Biotech","isPartOf":{"@id":"https:\/\/healthwing.fi\/#website"},"primaryImageOfPage":{"@id":"https:\/\/healthwing.fi\/product\/vitamin-d-rapid-test-cassette\/#primaryimage"},"image":{"@id":"https:\/\/healthwing.fi\/product\/vitamin-d-rapid-test-cassette\/#primaryimage"},"thumbnailUrl":"https:\/\/healthwing.fi\/wp-content\/uploads\/2022\/06\/VD-test-new-photo.jpg","datePublished":"2022-06-15T12:37:46+00:00","dateModified":"2025-07-24T19:51:01+00:00","breadcrumb":{"@id":"https:\/\/healthwing.fi\/product\/vitamin-d-rapid-test-cassette\/#breadcrumb"},"inLanguage":"sv-SE","potentialAction":[{"@type":"ReadAction","target":["https:\/\/healthwing.fi\/product\/vitamin-d-rapid-test-cassette\/"]}]},{"@type":"ImageObject","inLanguage":"sv-SE","@id":"https:\/\/healthwing.fi\/product\/vitamin-d-rapid-test-cassette\/#primaryimage","url":"https:\/\/healthwing.fi\/wp-content\/uploads\/2022\/06\/VD-test-new-photo.jpg","contentUrl":"https:\/\/healthwing.fi\/wp-content\/uploads\/2022\/06\/VD-test-new-photo.jpg","width":1067,"height":800},{"@type":"BreadcrumbList","@id":"https:\/\/healthwing.fi\/product\/vitamin-d-rapid-test-cassette\/#breadcrumb","itemListElement":[{"@type":"ListItem","position":1,"name":"Home","item":"https:\/\/healthwing.fi\/"},{"@type":"ListItem","position":2,"name":"Products","item":"https:\/\/healthwing.fi\/products\/"},{"@type":"ListItem","position":3,"name":"Vitamin D Rapid Test Cassette"}]},{"@type":"WebSite","@id":"https:\/\/healthwing.fi\/#website","url":"https:\/\/healthwing.fi\/","name":"H&W Biotech","description":"H&amp;W Biotech","publisher":{"@id":"https:\/\/healthwing.fi\/#organization"},"potentialAction":[{"@type":"SearchAction","target":{"@type":"EntryPoint","urlTemplate":"https:\/\/healthwing.fi\/?s={search_term_string}"},"query-input":{"@type":"PropertyValueSpecification","valueRequired":true,"valueName":"search_term_string"}}],"inLanguage":"sv-SE"},{"@type":"Organization","@id":"https:\/\/healthwing.fi\/#organization","name":"H&W Biotech","url":"https:\/\/healthwing.fi\/","logo":{"@type":"ImageObject","inLanguage":"sv-SE","@id":"https:\/\/healthwing.fi\/#\/schema\/logo\/image\/","url":"https:\/\/healthwing.fi\/wp-content\/uploads\/2022\/03\/HW-Biotech-logo.png","contentUrl":"https:\/\/healthwing.fi\/wp-content\/uploads\/2022\/03\/HW-Biotech-logo.png","width":275,"height":122,"caption":"H&W Biotech"},"image":{"@id":"https:\/\/healthwing.fi\/#\/schema\/logo\/image\/"},"sameAs":["https:\/\/www.facebook.com\/HWBiotechOy","https:\/\/www.linkedin.com\/company\/h-w-biotech-oy"]}]}},"_links":{"self":[{"href":"https:\/\/healthwing.fi\/sv\/wp-json\/wp\/v2\/product\/413","targetHints":{"allow":["GET"]}}],"collection":[{"href":"https:\/\/healthwing.fi\/sv\/wp-json\/wp\/v2\/product"}],"about":[{"href":"https:\/\/healthwing.fi\/sv\/wp-json\/wp\/v2\/types\/product"}],"wp:featuredmedia":[{"embeddable":true,"href":"https:\/\/healthwing.fi\/sv\/wp-json\/wp\/v2\/media\/764"}],"wp:attachment":[{"href":"https:\/\/healthwing.fi\/sv\/wp-json\/wp\/v2\/media?parent=413"}],"wp:term":[{"taxonomy":"product_brand","embeddable":true,"href":"https:\/\/healthwing.fi\/sv\/wp-json\/wp\/v2\/product_brand?post=413"},{"taxonomy":"product_cat","embeddable":true,"href":"https:\/\/healthwing.fi\/sv\/wp-json\/wp\/v2\/product_cat?post=413"},{"taxonomy":"product_tag","embeddable":true,"href":"https:\/\/healthwing.fi\/sv\/wp-json\/wp\/v2\/product_tag?post=413"}],"curies":[{"name":"wp","href":"https:\/\/api.w.org\/{rel}","templated":true}]}}