{"id":429,"date":"2022-07-18T15:02:23","date_gmt":"2022-07-18T13:02:23","guid":{"rendered":"https:\/\/healthwing.fi\/?post_type=product&#038;p=429"},"modified":"2022-12-09T11:35:03","modified_gmt":"2022-12-09T09:35:03","slug":"real-time-pcr-device","status":"publish","type":"product","link":"https:\/\/healthwing.fi\/sv\/product\/real-time-pcr-device\/","title":{"rendered":"Realtids PCR-enhet"},"content":{"rendered":"","protected":false},"excerpt":{"rendered":"<p>CE-m\u00e4rkt, in vitro-diagnostiskt medicintekniskt hj\u00e4lpmedel f\u00f6r professionellt bruk.<\/p>\n<p>Tillverkare: Wuhan EasyDiagnosis Biomedicine Co., Ltd.<\/p>\n<p>Baserad p\u00e5 fluorescensbaserad PCR-teknik f\u00f6r kvalitativ och kvantitativ analys av nukleinsyra fr\u00e5n m\u00e4nniskoprover.<\/p>\n<p>Enheten ger snabba resultat (30\u201340 min), st\u00f6der utskrift och \u00e4r anv\u00e4ndarv\u00e4nlig f\u00f6r utbildad laboratoriepersonal, kliniker och sjuksk\u00f6terskor. Finns i versioner med 2, 4 eller 8 sj\u00e4lvst\u00e4ndiga analyskanaler. Passar \u00e4ven p\u00e5 apotek och akutmottagningar.<\/p>\n<ul>\n<li>L\u00e4tt f\u00f6r apotek och akutmottagningar att anv\u00e4nda, inget behov av komplicerad laboratorieutrustning<\/li>\n<li>2\/4\/8 kanaler (tillval) och varje kanal har oberoende reaktion<\/li>\n<li>Resultat inom 30-40 minuter f\u00f6r de flesta analyserna<\/li>\n<\/ul>","protected":false},"featured_media":431,"template":"","meta":{"_monsterinsights_skip_tracking":false,"_monsterinsights_sitenote_active":false,"_monsterinsights_sitenote_note":"","_monsterinsights_sitenote_category":0},"product_brand":[],"product_cat":[31,33],"product_tag":[],"class_list":{"0":"post-429","1":"product","2":"type-product","3":"status-publish","4":"has-post-thumbnail","6":"product_cat-professional-devices-tests","7":"product_cat-professional-devices","9":"first","10":"instock","11":"taxable","12":"shipping-taxable","13":"product-type-simple"},"yoast_head":"<!-- This site is optimized with the Yoast SEO Premium plugin v22.8 (Yoast SEO v27.2) - https:\/\/yoast.com\/product\/yoast-seo-premium-wordpress\/ -->\n<title>Real-Time PCR device - H&amp;W Biotech<\/title>\n<meta name=\"robots\" content=\"index, follow, max-snippet:-1, max-image-preview:large, max-video-preview:-1\" \/>\n<link rel=\"canonical\" href=\"https:\/\/healthwing.fi\/sv\/product\/real-time-pcr-device\/\" \/>\n<meta property=\"og:locale\" content=\"sv_SE\" \/>\n<meta property=\"og:type\" content=\"article\" \/>\n<meta property=\"og:title\" content=\"Real-Time PCR device\" \/>\n<meta property=\"og:description\" content=\"CE marked In vitro diagnostic medical device for professional use.  Manufacturer: Wuhan EasyDiagnosis Biomedicine Co., Ltd.  Based on the principle of fluorescence polymerase chain reaction (PCR), this product is used together with matched nucleic acid test reagent for the clinically qualitative and quantitative test of analytes in nucleic acid specimen from human.  By providing the measurement results of these parameters, it helps medical staff quickly get patient information, so as to improve the diagnosis and treatment quality of doctors for patients. The instrument supports a variety of display and printing and can be simply operated, with rich and practical functions. Trained and qualified laboratory doctors, clinicians and nurses can test the specimens and manage testing data with this analyzer.   Easy for pharmacies and emergency center to operate, no need complicated lab equipment  2\/4\/8 channels (optional) and each channel has independent reaction  Results in 30-40 minutes for the most assays\" \/>\n<meta property=\"og:url\" content=\"https:\/\/healthwing.fi\/sv\/product\/real-time-pcr-device\/\" \/>\n<meta property=\"og:site_name\" content=\"H&amp;W Biotech\" \/>\n<meta property=\"article:publisher\" content=\"https:\/\/www.facebook.com\/HWBiotechOy\" \/>\n<meta property=\"article:modified_time\" content=\"2022-12-09T09:35:03+00:00\" \/>\n<meta property=\"og:image\" content=\"https:\/\/healthwing.fi\/wp-content\/uploads\/2022\/07\/PCR-device.jpeg\" \/>\n\t<meta property=\"og:image:width\" content=\"850\" \/>\n\t<meta property=\"og:image:height\" content=\"619\" \/>\n\t<meta property=\"og:image:type\" content=\"image\/jpeg\" \/>\n<meta name=\"twitter:card\" content=\"summary_large_image\" \/>\n<script type=\"application\/ld+json\" class=\"yoast-schema-graph\">{\"@context\":\"https:\/\/schema.org\",\"@graph\":[{\"@type\":\"WebPage\",\"@id\":\"https:\/\/healthwing.fi\/product\/real-time-pcr-device\/\",\"url\":\"https:\/\/healthwing.fi\/product\/real-time-pcr-device\/\",\"name\":\"Real-Time PCR device - H&amp;W Biotech\",\"isPartOf\":{\"@id\":\"https:\/\/healthwing.fi\/#website\"},\"primaryImageOfPage\":{\"@id\":\"https:\/\/healthwing.fi\/product\/real-time-pcr-device\/#primaryimage\"},\"image\":{\"@id\":\"https:\/\/healthwing.fi\/product\/real-time-pcr-device\/#primaryimage\"},\"thumbnailUrl\":\"https:\/\/healthwing.fi\/wp-content\/uploads\/2022\/07\/PCR-device.jpeg\",\"datePublished\":\"2022-07-18T13:02:23+00:00\",\"dateModified\":\"2022-12-09T09:35:03+00:00\",\"breadcrumb\":{\"@id\":\"https:\/\/healthwing.fi\/product\/real-time-pcr-device\/#breadcrumb\"},\"inLanguage\":\"sv-SE\",\"potentialAction\":[{\"@type\":\"ReadAction\",\"target\":[\"https:\/\/healthwing.fi\/product\/real-time-pcr-device\/\"]}]},{\"@type\":\"ImageObject\",\"inLanguage\":\"sv-SE\",\"@id\":\"https:\/\/healthwing.fi\/product\/real-time-pcr-device\/#primaryimage\",\"url\":\"https:\/\/healthwing.fi\/wp-content\/uploads\/2022\/07\/PCR-device.jpeg\",\"contentUrl\":\"https:\/\/healthwing.fi\/wp-content\/uploads\/2022\/07\/PCR-device.jpeg\",\"width\":850,\"height\":619},{\"@type\":\"BreadcrumbList\",\"@id\":\"https:\/\/healthwing.fi\/product\/real-time-pcr-device\/#breadcrumb\",\"itemListElement\":[{\"@type\":\"ListItem\",\"position\":1,\"name\":\"Home\",\"item\":\"https:\/\/healthwing.fi\/\"},{\"@type\":\"ListItem\",\"position\":2,\"name\":\"Products\",\"item\":\"https:\/\/healthwing.fi\/products\/\"},{\"@type\":\"ListItem\",\"position\":3,\"name\":\"Real-Time PCR device\"}]},{\"@type\":\"WebSite\",\"@id\":\"https:\/\/healthwing.fi\/#website\",\"url\":\"https:\/\/healthwing.fi\/\",\"name\":\"H&W Biotech\",\"description\":\"H&amp;W Biotech\",\"publisher\":{\"@id\":\"https:\/\/healthwing.fi\/#organization\"},\"potentialAction\":[{\"@type\":\"SearchAction\",\"target\":{\"@type\":\"EntryPoint\",\"urlTemplate\":\"https:\/\/healthwing.fi\/?s={search_term_string}\"},\"query-input\":{\"@type\":\"PropertyValueSpecification\",\"valueRequired\":true,\"valueName\":\"search_term_string\"}}],\"inLanguage\":\"sv-SE\"},{\"@type\":\"Organization\",\"@id\":\"https:\/\/healthwing.fi\/#organization\",\"name\":\"H&W Biotech\",\"url\":\"https:\/\/healthwing.fi\/\",\"logo\":{\"@type\":\"ImageObject\",\"inLanguage\":\"sv-SE\",\"@id\":\"https:\/\/healthwing.fi\/#\/schema\/logo\/image\/\",\"url\":\"https:\/\/healthwing.fi\/wp-content\/uploads\/2022\/03\/HW-Biotech-logo.png\",\"contentUrl\":\"https:\/\/healthwing.fi\/wp-content\/uploads\/2022\/03\/HW-Biotech-logo.png\",\"width\":275,\"height\":122,\"caption\":\"H&W Biotech\"},\"image\":{\"@id\":\"https:\/\/healthwing.fi\/#\/schema\/logo\/image\/\"},\"sameAs\":[\"https:\/\/www.facebook.com\/HWBiotechOy\",\"https:\/\/www.linkedin.com\/company\/h-w-biotech-oy\"]}]}<\/script>\n<!-- \/ Yoast SEO Premium plugin. -->","yoast_head_json":{"title":"Real-Time PCR device - H&amp;W Biotech","robots":{"index":"index","follow":"follow","max-snippet":"max-snippet:-1","max-image-preview":"max-image-preview:large","max-video-preview":"max-video-preview:-1"},"canonical":"https:\/\/healthwing.fi\/sv\/product\/real-time-pcr-device\/","og_locale":"sv_SE","og_type":"article","og_title":"Real-Time PCR device","og_description":"CE marked In vitro diagnostic medical device for professional use.  Manufacturer: Wuhan EasyDiagnosis Biomedicine Co., Ltd.  Based on the principle of fluorescence polymerase chain reaction (PCR), this product is used together with matched nucleic acid test reagent for the clinically qualitative and quantitative test of analytes in nucleic acid specimen from human.  By providing the measurement results of these parameters, it helps medical staff quickly get patient information, so as to improve the diagnosis and treatment quality of doctors for patients. The instrument supports a variety of display and printing and can be simply operated, with rich and practical functions. Trained and qualified laboratory doctors, clinicians and nurses can test the specimens and manage testing data with this analyzer.   Easy for pharmacies and emergency center to operate, no need complicated lab equipment  2\/4\/8 channels (optional) and each channel has independent reaction  Results in 30-40 minutes for the most assays","og_url":"https:\/\/healthwing.fi\/sv\/product\/real-time-pcr-device\/","og_site_name":"H&amp;W Biotech","article_publisher":"https:\/\/www.facebook.com\/HWBiotechOy","article_modified_time":"2022-12-09T09:35:03+00:00","og_image":[{"width":850,"height":619,"url":"https:\/\/healthwing.fi\/wp-content\/uploads\/2022\/07\/PCR-device.jpeg","type":"image\/jpeg"}],"twitter_card":"summary_large_image","schema":{"@context":"https:\/\/schema.org","@graph":[{"@type":"WebPage","@id":"https:\/\/healthwing.fi\/product\/real-time-pcr-device\/","url":"https:\/\/healthwing.fi\/product\/real-time-pcr-device\/","name":"Real-Time PCR device - H&amp;W Biotech","isPartOf":{"@id":"https:\/\/healthwing.fi\/#website"},"primaryImageOfPage":{"@id":"https:\/\/healthwing.fi\/product\/real-time-pcr-device\/#primaryimage"},"image":{"@id":"https:\/\/healthwing.fi\/product\/real-time-pcr-device\/#primaryimage"},"thumbnailUrl":"https:\/\/healthwing.fi\/wp-content\/uploads\/2022\/07\/PCR-device.jpeg","datePublished":"2022-07-18T13:02:23+00:00","dateModified":"2022-12-09T09:35:03+00:00","breadcrumb":{"@id":"https:\/\/healthwing.fi\/product\/real-time-pcr-device\/#breadcrumb"},"inLanguage":"sv-SE","potentialAction":[{"@type":"ReadAction","target":["https:\/\/healthwing.fi\/product\/real-time-pcr-device\/"]}]},{"@type":"ImageObject","inLanguage":"sv-SE","@id":"https:\/\/healthwing.fi\/product\/real-time-pcr-device\/#primaryimage","url":"https:\/\/healthwing.fi\/wp-content\/uploads\/2022\/07\/PCR-device.jpeg","contentUrl":"https:\/\/healthwing.fi\/wp-content\/uploads\/2022\/07\/PCR-device.jpeg","width":850,"height":619},{"@type":"BreadcrumbList","@id":"https:\/\/healthwing.fi\/product\/real-time-pcr-device\/#breadcrumb","itemListElement":[{"@type":"ListItem","position":1,"name":"Home","item":"https:\/\/healthwing.fi\/"},{"@type":"ListItem","position":2,"name":"Products","item":"https:\/\/healthwing.fi\/products\/"},{"@type":"ListItem","position":3,"name":"Real-Time PCR device"}]},{"@type":"WebSite","@id":"https:\/\/healthwing.fi\/#website","url":"https:\/\/healthwing.fi\/","name":"H&W Biotech","description":"H&amp;W Biotech","publisher":{"@id":"https:\/\/healthwing.fi\/#organization"},"potentialAction":[{"@type":"SearchAction","target":{"@type":"EntryPoint","urlTemplate":"https:\/\/healthwing.fi\/?s={search_term_string}"},"query-input":{"@type":"PropertyValueSpecification","valueRequired":true,"valueName":"search_term_string"}}],"inLanguage":"sv-SE"},{"@type":"Organization","@id":"https:\/\/healthwing.fi\/#organization","name":"H&W Biotech","url":"https:\/\/healthwing.fi\/","logo":{"@type":"ImageObject","inLanguage":"sv-SE","@id":"https:\/\/healthwing.fi\/#\/schema\/logo\/image\/","url":"https:\/\/healthwing.fi\/wp-content\/uploads\/2022\/03\/HW-Biotech-logo.png","contentUrl":"https:\/\/healthwing.fi\/wp-content\/uploads\/2022\/03\/HW-Biotech-logo.png","width":275,"height":122,"caption":"H&W Biotech"},"image":{"@id":"https:\/\/healthwing.fi\/#\/schema\/logo\/image\/"},"sameAs":["https:\/\/www.facebook.com\/HWBiotechOy","https:\/\/www.linkedin.com\/company\/h-w-biotech-oy"]}]}},"_links":{"self":[{"href":"https:\/\/healthwing.fi\/sv\/wp-json\/wp\/v2\/product\/429","targetHints":{"allow":["GET"]}}],"collection":[{"href":"https:\/\/healthwing.fi\/sv\/wp-json\/wp\/v2\/product"}],"about":[{"href":"https:\/\/healthwing.fi\/sv\/wp-json\/wp\/v2\/types\/product"}],"wp:featuredmedia":[{"embeddable":true,"href":"https:\/\/healthwing.fi\/sv\/wp-json\/wp\/v2\/media\/431"}],"wp:attachment":[{"href":"https:\/\/healthwing.fi\/sv\/wp-json\/wp\/v2\/media?parent=429"}],"wp:term":[{"taxonomy":"product_brand","embeddable":true,"href":"https:\/\/healthwing.fi\/sv\/wp-json\/wp\/v2\/product_brand?post=429"},{"taxonomy":"product_cat","embeddable":true,"href":"https:\/\/healthwing.fi\/sv\/wp-json\/wp\/v2\/product_cat?post=429"},{"taxonomy":"product_tag","embeddable":true,"href":"https:\/\/healthwing.fi\/sv\/wp-json\/wp\/v2\/product_tag?post=429"}],"curies":[{"name":"wp","href":"https:\/\/api.w.org\/{rel}","templated":true}]}}