{"id":432,"date":"2022-07-18T15:09:57","date_gmt":"2022-07-18T13:09:57","guid":{"rendered":"https:\/\/healthwing.fi\/?post_type=product&#038;p=432"},"modified":"2022-12-09T11:35:23","modified_gmt":"2022-12-09T09:35:23","slug":"covid-19-sars-cov-2-nucleic-acid-test-kit-freeze-dried","status":"publish","type":"product","link":"https:\/\/healthwing.fi\/sv\/product\/covid-19-sars-cov-2-nucleic-acid-test-kit-freeze-dried\/","title":{"rendered":"Covid-19 (SARS-CoV-2) nukleinsyra testkit (frystorkad)"},"content":{"rendered":"","protected":false},"excerpt":{"rendered":"<p>CE-m\u00e4rkt, in vitro-diagnostiskt medicintekniskt hj\u00e4lpmedel f\u00f6r professionellt bruk.<\/p>\n<p>Tillverkare: Wuhan EasyDiagnosis Biomedicine Co., Ltd.<\/p>\n<p>Kombinerad realtids RT-PCR f\u00f6r kvalitativ detektion av SARS-CoV-2 fr\u00e5n hals-, n\u00e4s- eller slemprover. Inkluderar interna kontroller (RNaseP) f\u00f6r att minimera falska svar. Resultattolkning sker via cykeltr\u00f6skelv\u00e4rden (Ct).<\/p>\n<p>Covid-19 (SARS-CoV-2) nukleinsyra testkit (frystorkad) \u00e4r ett realtids RT-PCR-test (reverse transcription polymerase chain reaction) som anv\u00e4nder multiplex PCR-fluorescerande probteknik och enstegs RT-PCR-teknik. Oligonukleotidprimers och prober f\u00f6r detektering av SARS-CoV-2 har valts fr\u00e5n bevarade regioner i virusets nukleokapsid (N)-gen och ORF1ab-region.\nEfter avslutad amplifikationsreaktion bed\u00f6ms resultaten genom att analysera CT-v\u00e4rdet f\u00f6r varje kanal.\nDessutom \u00e4r den m\u00e4nskliga referensgenen RNaseP inkluderad som internkontroll f\u00f6r att \u00f6vervaka provtagning, extraktion, tills\u00e4ttning av mall, amplifikation och andra steg i analysprocessen \u2013 vilket effektivt motverkar risken f\u00f6r falskt positiva och falskt negativa resultat.<\/p>","protected":false},"featured_media":434,"template":"","meta":{"_monsterinsights_skip_tracking":false,"_monsterinsights_sitenote_active":false,"_monsterinsights_sitenote_note":"","_monsterinsights_sitenote_category":0},"product_brand":[],"product_cat":[31,32],"product_tag":[],"class_list":{"0":"post-432","1":"product","2":"type-product","3":"status-publish","4":"has-post-thumbnail","6":"product_cat-professional-devices-tests","7":"product_cat-professional-tests","9":"first","10":"instock","11":"taxable","12":"shipping-taxable","13":"product-type-simple"},"yoast_head":"<!-- This site is optimized with the Yoast SEO Premium plugin v22.8 (Yoast SEO v27.2) - https:\/\/yoast.com\/product\/yoast-seo-premium-wordpress\/ -->\n<title>COVID-19 (SARS-CoV-2) Nucleic Acid Test Kit (Freeze-dried) - H&amp;W Biotech<\/title>\n<meta name=\"robots\" content=\"index, follow, max-snippet:-1, max-image-preview:large, max-video-preview:-1\" \/>\n<link rel=\"canonical\" href=\"https:\/\/healthwing.fi\/sv\/product\/covid-19-sars-cov-2-nucleic-acid-test-kit-freeze-dried\/\" \/>\n<meta property=\"og:locale\" content=\"sv_SE\" \/>\n<meta property=\"og:type\" content=\"article\" \/>\n<meta property=\"og:title\" content=\"COVID-19 (SARS-CoV-2) Nucleic Acid Test Kit (Freeze-dried)\" \/>\n<meta property=\"og:description\" content=\"CE marked In vitro diagnostic medical device for professional use.  Manufacturer: Wuhan EasyDiagnosis Biomedicine Co., Ltd.  The COVID-19 (SARS-CoV-2) Nucleic Acid Test Kit(Freeze-dried) is intended for the qualitative detection of nucleic acid from SARS-CoV-2 in oropharyngeal swabs, nasopharyngeal swabs and sputum specimens from individuals suspected of COVID-19.This kit is used in human specimens. For professional use only.  The COVID-19 (SARS-CoV-2) Nucleic Acid Test Kit(Freeze-dried) is a real-time reverse transcription polymerase chain reaction (RT-PCR) test with multiplex PCR-fluorescent probe technology and one-step RT-PCR technology. The oligonucleotide primers and probes for detection of SARS-CoV-2 were selected from the conserved regions of the virus nucleocapsid (N) gene and ORF1ab. After the end of amplification reaction, the results will be determined by analyzing the cycle threshold (Ct) of each channel.In addition, the human housekeeping gene RNaseP, which is used to monitor the sampling, extraction, template addition, amplification and other processes, is designed as the internal control of the kit to effectively prevent the occurrence of false positive and false negative.\" \/>\n<meta property=\"og:url\" content=\"https:\/\/healthwing.fi\/sv\/product\/covid-19-sars-cov-2-nucleic-acid-test-kit-freeze-dried\/\" \/>\n<meta property=\"og:site_name\" content=\"H&amp;W Biotech\" \/>\n<meta property=\"article:publisher\" content=\"https:\/\/www.facebook.com\/HWBiotechOy\" \/>\n<meta property=\"article:modified_time\" content=\"2022-12-09T09:35:23+00:00\" \/>\n<meta property=\"og:image\" content=\"https:\/\/healthwing.fi\/wp-content\/uploads\/2022\/07\/PCR-test.jpeg\" \/>\n\t<meta property=\"og:image:width\" content=\"815\" \/>\n\t<meta property=\"og:image:height\" content=\"550\" \/>\n\t<meta property=\"og:image:type\" content=\"image\/jpeg\" \/>\n<meta name=\"twitter:card\" content=\"summary_large_image\" \/>\n<script type=\"application\/ld+json\" class=\"yoast-schema-graph\">{\"@context\":\"https:\/\/schema.org\",\"@graph\":[{\"@type\":\"WebPage\",\"@id\":\"https:\/\/healthwing.fi\/product\/covid-19-sars-cov-2-nucleic-acid-test-kit-freeze-dried\/\",\"url\":\"https:\/\/healthwing.fi\/product\/covid-19-sars-cov-2-nucleic-acid-test-kit-freeze-dried\/\",\"name\":\"COVID-19 (SARS-CoV-2) Nucleic Acid Test Kit (Freeze-dried) - H&amp;W Biotech\",\"isPartOf\":{\"@id\":\"https:\/\/healthwing.fi\/#website\"},\"primaryImageOfPage\":{\"@id\":\"https:\/\/healthwing.fi\/product\/covid-19-sars-cov-2-nucleic-acid-test-kit-freeze-dried\/#primaryimage\"},\"image\":{\"@id\":\"https:\/\/healthwing.fi\/product\/covid-19-sars-cov-2-nucleic-acid-test-kit-freeze-dried\/#primaryimage\"},\"thumbnailUrl\":\"https:\/\/healthwing.fi\/wp-content\/uploads\/2022\/07\/PCR-test.jpeg\",\"datePublished\":\"2022-07-18T13:09:57+00:00\",\"dateModified\":\"2022-12-09T09:35:23+00:00\",\"breadcrumb\":{\"@id\":\"https:\/\/healthwing.fi\/product\/covid-19-sars-cov-2-nucleic-acid-test-kit-freeze-dried\/#breadcrumb\"},\"inLanguage\":\"sv-SE\",\"potentialAction\":[{\"@type\":\"ReadAction\",\"target\":[\"https:\/\/healthwing.fi\/product\/covid-19-sars-cov-2-nucleic-acid-test-kit-freeze-dried\/\"]}]},{\"@type\":\"ImageObject\",\"inLanguage\":\"sv-SE\",\"@id\":\"https:\/\/healthwing.fi\/product\/covid-19-sars-cov-2-nucleic-acid-test-kit-freeze-dried\/#primaryimage\",\"url\":\"https:\/\/healthwing.fi\/wp-content\/uploads\/2022\/07\/PCR-test.jpeg\",\"contentUrl\":\"https:\/\/healthwing.fi\/wp-content\/uploads\/2022\/07\/PCR-test.jpeg\",\"width\":815,\"height\":550},{\"@type\":\"BreadcrumbList\",\"@id\":\"https:\/\/healthwing.fi\/product\/covid-19-sars-cov-2-nucleic-acid-test-kit-freeze-dried\/#breadcrumb\",\"itemListElement\":[{\"@type\":\"ListItem\",\"position\":1,\"name\":\"Home\",\"item\":\"https:\/\/healthwing.fi\/\"},{\"@type\":\"ListItem\",\"position\":2,\"name\":\"Products\",\"item\":\"https:\/\/healthwing.fi\/products\/\"},{\"@type\":\"ListItem\",\"position\":3,\"name\":\"COVID-19 (SARS-CoV-2) Nucleic Acid Test Kit (Freeze-dried)\"}]},{\"@type\":\"WebSite\",\"@id\":\"https:\/\/healthwing.fi\/#website\",\"url\":\"https:\/\/healthwing.fi\/\",\"name\":\"H&W Biotech\",\"description\":\"H&amp;W Biotech\",\"publisher\":{\"@id\":\"https:\/\/healthwing.fi\/#organization\"},\"potentialAction\":[{\"@type\":\"SearchAction\",\"target\":{\"@type\":\"EntryPoint\",\"urlTemplate\":\"https:\/\/healthwing.fi\/?s={search_term_string}\"},\"query-input\":{\"@type\":\"PropertyValueSpecification\",\"valueRequired\":true,\"valueName\":\"search_term_string\"}}],\"inLanguage\":\"sv-SE\"},{\"@type\":\"Organization\",\"@id\":\"https:\/\/healthwing.fi\/#organization\",\"name\":\"H&W Biotech\",\"url\":\"https:\/\/healthwing.fi\/\",\"logo\":{\"@type\":\"ImageObject\",\"inLanguage\":\"sv-SE\",\"@id\":\"https:\/\/healthwing.fi\/#\/schema\/logo\/image\/\",\"url\":\"https:\/\/healthwing.fi\/wp-content\/uploads\/2022\/03\/HW-Biotech-logo.png\",\"contentUrl\":\"https:\/\/healthwing.fi\/wp-content\/uploads\/2022\/03\/HW-Biotech-logo.png\",\"width\":275,\"height\":122,\"caption\":\"H&W Biotech\"},\"image\":{\"@id\":\"https:\/\/healthwing.fi\/#\/schema\/logo\/image\/\"},\"sameAs\":[\"https:\/\/www.facebook.com\/HWBiotechOy\",\"https:\/\/www.linkedin.com\/company\/h-w-biotech-oy\"]}]}<\/script>\n<!-- \/ Yoast SEO Premium plugin. -->","yoast_head_json":{"title":"COVID-19 (SARS-CoV-2) Nucleic Acid Test Kit (Freeze-dried) - H&amp;W Biotech","robots":{"index":"index","follow":"follow","max-snippet":"max-snippet:-1","max-image-preview":"max-image-preview:large","max-video-preview":"max-video-preview:-1"},"canonical":"https:\/\/healthwing.fi\/sv\/product\/covid-19-sars-cov-2-nucleic-acid-test-kit-freeze-dried\/","og_locale":"sv_SE","og_type":"article","og_title":"COVID-19 (SARS-CoV-2) Nucleic Acid Test Kit (Freeze-dried)","og_description":"CE marked In vitro diagnostic medical device for professional use.  Manufacturer: Wuhan EasyDiagnosis Biomedicine Co., Ltd.  The COVID-19 (SARS-CoV-2) Nucleic Acid Test Kit(Freeze-dried) is intended for the qualitative detection of nucleic acid from SARS-CoV-2 in oropharyngeal swabs, nasopharyngeal swabs and sputum specimens from individuals suspected of COVID-19.This kit is used in human specimens. For professional use only.  The COVID-19 (SARS-CoV-2) Nucleic Acid Test Kit(Freeze-dried) is a real-time reverse transcription polymerase chain reaction (RT-PCR) test with multiplex PCR-fluorescent probe technology and one-step RT-PCR technology. The oligonucleotide primers and probes for detection of SARS-CoV-2 were selected from the conserved regions of the virus nucleocapsid (N) gene and ORF1ab. After the end of amplification reaction, the results will be determined by analyzing the cycle threshold (Ct) of each channel.In addition, the human housekeeping gene RNaseP, which is used to monitor the sampling, extraction, template addition, amplification and other processes, is designed as the internal control of the kit to effectively prevent the occurrence of false positive and false negative.","og_url":"https:\/\/healthwing.fi\/sv\/product\/covid-19-sars-cov-2-nucleic-acid-test-kit-freeze-dried\/","og_site_name":"H&amp;W Biotech","article_publisher":"https:\/\/www.facebook.com\/HWBiotechOy","article_modified_time":"2022-12-09T09:35:23+00:00","og_image":[{"width":815,"height":550,"url":"https:\/\/healthwing.fi\/wp-content\/uploads\/2022\/07\/PCR-test.jpeg","type":"image\/jpeg"}],"twitter_card":"summary_large_image","schema":{"@context":"https:\/\/schema.org","@graph":[{"@type":"WebPage","@id":"https:\/\/healthwing.fi\/product\/covid-19-sars-cov-2-nucleic-acid-test-kit-freeze-dried\/","url":"https:\/\/healthwing.fi\/product\/covid-19-sars-cov-2-nucleic-acid-test-kit-freeze-dried\/","name":"COVID-19 (SARS-CoV-2) Nucleic Acid Test Kit (Freeze-dried) - H&amp;W Biotech","isPartOf":{"@id":"https:\/\/healthwing.fi\/#website"},"primaryImageOfPage":{"@id":"https:\/\/healthwing.fi\/product\/covid-19-sars-cov-2-nucleic-acid-test-kit-freeze-dried\/#primaryimage"},"image":{"@id":"https:\/\/healthwing.fi\/product\/covid-19-sars-cov-2-nucleic-acid-test-kit-freeze-dried\/#primaryimage"},"thumbnailUrl":"https:\/\/healthwing.fi\/wp-content\/uploads\/2022\/07\/PCR-test.jpeg","datePublished":"2022-07-18T13:09:57+00:00","dateModified":"2022-12-09T09:35:23+00:00","breadcrumb":{"@id":"https:\/\/healthwing.fi\/product\/covid-19-sars-cov-2-nucleic-acid-test-kit-freeze-dried\/#breadcrumb"},"inLanguage":"sv-SE","potentialAction":[{"@type":"ReadAction","target":["https:\/\/healthwing.fi\/product\/covid-19-sars-cov-2-nucleic-acid-test-kit-freeze-dried\/"]}]},{"@type":"ImageObject","inLanguage":"sv-SE","@id":"https:\/\/healthwing.fi\/product\/covid-19-sars-cov-2-nucleic-acid-test-kit-freeze-dried\/#primaryimage","url":"https:\/\/healthwing.fi\/wp-content\/uploads\/2022\/07\/PCR-test.jpeg","contentUrl":"https:\/\/healthwing.fi\/wp-content\/uploads\/2022\/07\/PCR-test.jpeg","width":815,"height":550},{"@type":"BreadcrumbList","@id":"https:\/\/healthwing.fi\/product\/covid-19-sars-cov-2-nucleic-acid-test-kit-freeze-dried\/#breadcrumb","itemListElement":[{"@type":"ListItem","position":1,"name":"Home","item":"https:\/\/healthwing.fi\/"},{"@type":"ListItem","position":2,"name":"Products","item":"https:\/\/healthwing.fi\/products\/"},{"@type":"ListItem","position":3,"name":"COVID-19 (SARS-CoV-2) Nucleic Acid Test Kit (Freeze-dried)"}]},{"@type":"WebSite","@id":"https:\/\/healthwing.fi\/#website","url":"https:\/\/healthwing.fi\/","name":"H&W Biotech","description":"H&amp;W Biotech","publisher":{"@id":"https:\/\/healthwing.fi\/#organization"},"potentialAction":[{"@type":"SearchAction","target":{"@type":"EntryPoint","urlTemplate":"https:\/\/healthwing.fi\/?s={search_term_string}"},"query-input":{"@type":"PropertyValueSpecification","valueRequired":true,"valueName":"search_term_string"}}],"inLanguage":"sv-SE"},{"@type":"Organization","@id":"https:\/\/healthwing.fi\/#organization","name":"H&W Biotech","url":"https:\/\/healthwing.fi\/","logo":{"@type":"ImageObject","inLanguage":"sv-SE","@id":"https:\/\/healthwing.fi\/#\/schema\/logo\/image\/","url":"https:\/\/healthwing.fi\/wp-content\/uploads\/2022\/03\/HW-Biotech-logo.png","contentUrl":"https:\/\/healthwing.fi\/wp-content\/uploads\/2022\/03\/HW-Biotech-logo.png","width":275,"height":122,"caption":"H&W Biotech"},"image":{"@id":"https:\/\/healthwing.fi\/#\/schema\/logo\/image\/"},"sameAs":["https:\/\/www.facebook.com\/HWBiotechOy","https:\/\/www.linkedin.com\/company\/h-w-biotech-oy"]}]}},"_links":{"self":[{"href":"https:\/\/healthwing.fi\/sv\/wp-json\/wp\/v2\/product\/432","targetHints":{"allow":["GET"]}}],"collection":[{"href":"https:\/\/healthwing.fi\/sv\/wp-json\/wp\/v2\/product"}],"about":[{"href":"https:\/\/healthwing.fi\/sv\/wp-json\/wp\/v2\/types\/product"}],"wp:featuredmedia":[{"embeddable":true,"href":"https:\/\/healthwing.fi\/sv\/wp-json\/wp\/v2\/media\/434"}],"wp:attachment":[{"href":"https:\/\/healthwing.fi\/sv\/wp-json\/wp\/v2\/media?parent=432"}],"wp:term":[{"taxonomy":"product_brand","embeddable":true,"href":"https:\/\/healthwing.fi\/sv\/wp-json\/wp\/v2\/product_brand?post=432"},{"taxonomy":"product_cat","embeddable":true,"href":"https:\/\/healthwing.fi\/sv\/wp-json\/wp\/v2\/product_cat?post=432"},{"taxonomy":"product_tag","embeddable":true,"href":"https:\/\/healthwing.fi\/sv\/wp-json\/wp\/v2\/product_tag?post=432"}],"curies":[{"name":"wp","href":"https:\/\/api.w.org\/{rel}","templated":true}]}}