{"id":438,"date":"2022-07-25T13:39:29","date_gmt":"2022-07-25T11:39:29","guid":{"rendered":"https:\/\/healthwing.fi\/?post_type=product&#038;p=438"},"modified":"2022-12-09T11:29:33","modified_gmt":"2022-12-09T09:29:33","slug":"monkeypox-virus-dna-real-time-diagnostic-kit-freeze-dried","status":"publish","type":"product","link":"https:\/\/healthwing.fi\/sv\/product\/monkeypox-virus-dna-real-time-diagnostic-kit-freeze-dried\/","title":{"rendered":"Apkoppsvirus-DNA realtids diagnostik-kit (frystorkad)"},"content":{"rendered":"","protected":false},"excerpt":{"rendered":"<p>CE-m\u00e4rkt, in vitro-diagnostiskt medicintekniskt hj\u00e4lpmedel f\u00f6r professionellt bruk.<\/p>\n<p>Tillverkare: Wuhan EasyDiagnosis Biomedicine Co., Ltd.<\/p>\n<p>Avsett f\u00f6r kvalitativ detektion av apkoppsvirus i serum, helblod eller material fr\u00e5n hudlesioner. Kitets resultat anv\u00e4nds som st\u00f6d vid klinisk diagnostik, men b\u00f6r alltid kompletteras med klinisk bed\u00f6mning och andra laboratorietester. Kitets teknik bygger p\u00e5 multiplex PCR med frystorkade komponenter och interna kontroller (UNG-enzym, dUTP, RNaseP-gen). Finns i f\u00f6rpackningar f\u00f6r 48 eller 96 tester (8-r\u00f6rsremsor) eller eng\u00e5ngsr\u00f6r.<\/p>\n<p>Testresultaten fr\u00e5n detta kit kan anv\u00e4ndas som st\u00f6d vid diagnos av infektioner orsakade av apkoppsvirus och ge underlag f\u00f6r molekyl\u00e4r diagnostik av apkoppsvirusinfektioner. Kitet kan dock inte identifiera den specifika typen av apkoppsvirus. Testresultaten \u00e4r endast avsedda som kliniskt st\u00f6d och kan inte anv\u00e4ndas ensamt som grund f\u00f6r att bekr\u00e4fta eller utesluta sjukdomen. Det rekommenderas att patientens h\u00e4lsotillst\u00e5nd analyseras utifr\u00e5n kliniska symtom och andra laboratorietester.<\/p>\n<p>Kitet anv\u00e4nder multiplex PCR-fluorescensprobteknologi samt reagens med frysstorkningsteknik och riktar in sig p\u00e5 bevarade sekvenser som \u00e4r specifika f\u00f6r apkoppsvirus. Det anv\u00e4nder primers och prober f\u00f6r detektering av m\u00e5lgener samt ett PCR-reaktionssystem f\u00f6r analys. CT-v\u00e4rdet anv\u00e4nds f\u00f6r att tolka resultatet.<\/p>\n<p>Kitet inneh\u00e5ller UNG-enzym och dUTP, vilket bidrar till att minska eventuell kontaminering och undvika falskt positiva resultat. Dessutom inneh\u00e5ller kitet humana referensgener (housekeeping-gener), som anv\u00e4nds f\u00f6r att \u00f6vervaka provtagning, extraktion, provtillsats, amplifiering och andra steg som en intern kontroll. Detta s\u00e4kerst\u00e4ller testresultatens specificitet och noggrannhet.<\/p>\n<p>F\u00f6rpackningar:\n8-r\u00f6rs stripf\u00f6rpackningar: 48 tester\/kit och 96 tester\/kit<\/p>\n<p>Enr\u00f6rs, enkeltestf\u00f6rpackningar: 48 tester\/kit, 50 tester\/kit, 96 tester\/kit och 100 tester\/kit<\/p>","protected":false},"featured_media":439,"template":"","meta":{"_monsterinsights_skip_tracking":false,"_monsterinsights_sitenote_active":false,"_monsterinsights_sitenote_note":"","_monsterinsights_sitenote_category":0},"product_brand":[],"product_cat":[31,32],"product_tag":[],"class_list":{"0":"post-438","1":"product","2":"type-product","3":"status-publish","4":"has-post-thumbnail","6":"product_cat-professional-devices-tests","7":"product_cat-professional-tests","9":"first","10":"instock","11":"taxable","12":"shipping-taxable","13":"product-type-simple"},"yoast_head":"<!-- This site is optimized with the Yoast SEO Premium plugin v22.8 (Yoast SEO v27.2) - https:\/\/yoast.com\/product\/yoast-seo-premium-wordpress\/ -->\n<title>Monkeypox Virus DNA Real Time Diagnostic Kit (Freeze-dried) - H&amp;W Biotech<\/title>\n<meta name=\"robots\" content=\"index, follow, max-snippet:-1, max-image-preview:large, max-video-preview:-1\" \/>\n<link rel=\"canonical\" href=\"https:\/\/healthwing.fi\/sv\/product\/monkeypox-virus-dna-real-time-diagnostic-kit-freeze-dried\/\" \/>\n<meta property=\"og:locale\" content=\"sv_SE\" \/>\n<meta property=\"og:type\" content=\"article\" \/>\n<meta property=\"og:title\" content=\"Monkeypox Virus DNA Real Time Diagnostic Kit (Freeze-dried)\" \/>\n<meta property=\"og:description\" content=\"CE marked In vitro diagnostic medical device for professional use.  Manufacturer: Wuhan EasyDiagnosis Biomedicine Co., Ltd.  The Monkeypox Virus DNA Real Time Diagnostic Kit (Freeze-dried) is used for the qualitative detection of Monkeypox Virus in serum, whole blood or skin lesion material from human, including swabs of lesion surface and\/or exudate, roofs from more than one lesion, or lesion crusts. Monkeypox is a viral zoonotic disease caused by the monkeypox virus. Monkeypox virus is a DNA virus that belongs to the genus Orthopoxvirus in the family Poxviridae. The initial symptoms include fever, headache, lymphadenopathy, muscle soreness, and severe fatigue. After a few days of fever, it develops into a large skin rash on the face and other parts of the body, and may cause secondary infections, bronchitis, and septicemia.  The test results of this kit can be used for the auxiliary diagnosis of monkeypox virus infections and provide the basis for molecular diagnosis of monkeypox virus infection. This kit cannot identify the specific type of monkeypox virus. The test results only serve as clinical references and cannot be used alone as a basis for confirming the diagnosis or excluding the disease. It&#039;s recommended that the patient&#039;s medical condition should be comprehensively analyzed based on the patient&#039;s clinical manifestations and other laboratory tests.  The kit adopts the multiplex PCR-fluorescent probe technology and regent freeze-drying technology and takes monkeypox virus-specific conserved sequences as target regions. It uses target gene detection primers and probes, and the PCR reaction system for detection. The threshold cycle number (Ct value) is used to judge the result.  The kit contains UNG enzyme and dUTP, which can help reduce the possible contamination and avoid false positive results. At the same time, the kit contains human housekeeping genes, which are used to monitor sampling, extraction, sample addition, amplification, and other processes as an internal control. This can effectively ensure the specificity and accuracy of test results.  8-tube strip packages: 48 tests\/kit and 96 tests\/kit.  Single-tube single-test packages: 48 tests\/kit, 50 tests\/kit, 96 tests\/kit, and 100 tests\/kit.\" \/>\n<meta property=\"og:url\" content=\"https:\/\/healthwing.fi\/sv\/product\/monkeypox-virus-dna-real-time-diagnostic-kit-freeze-dried\/\" \/>\n<meta property=\"og:site_name\" content=\"H&amp;W Biotech\" \/>\n<meta property=\"article:publisher\" content=\"https:\/\/www.facebook.com\/HWBiotechOy\" \/>\n<meta property=\"article:modified_time\" content=\"2022-12-09T09:29:33+00:00\" \/>\n<meta property=\"og:image\" content=\"https:\/\/healthwing.fi\/wp-content\/uploads\/2022\/07\/Monkeypox-scaled.jpg\" \/>\n\t<meta property=\"og:image:width\" content=\"2560\" \/>\n\t<meta property=\"og:image:height\" content=\"1469\" \/>\n\t<meta property=\"og:image:type\" content=\"image\/jpeg\" \/>\n<meta name=\"twitter:card\" content=\"summary_large_image\" \/>\n<script type=\"application\/ld+json\" class=\"yoast-schema-graph\">{\"@context\":\"https:\/\/schema.org\",\"@graph\":[{\"@type\":\"WebPage\",\"@id\":\"https:\/\/healthwing.fi\/product\/monkeypox-virus-dna-real-time-diagnostic-kit-freeze-dried\/\",\"url\":\"https:\/\/healthwing.fi\/product\/monkeypox-virus-dna-real-time-diagnostic-kit-freeze-dried\/\",\"name\":\"Monkeypox Virus DNA Real Time Diagnostic Kit (Freeze-dried) - H&amp;W Biotech\",\"isPartOf\":{\"@id\":\"https:\/\/healthwing.fi\/#website\"},\"primaryImageOfPage\":{\"@id\":\"https:\/\/healthwing.fi\/product\/monkeypox-virus-dna-real-time-diagnostic-kit-freeze-dried\/#primaryimage\"},\"image\":{\"@id\":\"https:\/\/healthwing.fi\/product\/monkeypox-virus-dna-real-time-diagnostic-kit-freeze-dried\/#primaryimage\"},\"thumbnailUrl\":\"https:\/\/healthwing.fi\/wp-content\/uploads\/2022\/07\/Monkeypox-scaled.jpg\",\"datePublished\":\"2022-07-25T11:39:29+00:00\",\"dateModified\":\"2022-12-09T09:29:33+00:00\",\"breadcrumb\":{\"@id\":\"https:\/\/healthwing.fi\/product\/monkeypox-virus-dna-real-time-diagnostic-kit-freeze-dried\/#breadcrumb\"},\"inLanguage\":\"sv-SE\",\"potentialAction\":[{\"@type\":\"ReadAction\",\"target\":[\"https:\/\/healthwing.fi\/product\/monkeypox-virus-dna-real-time-diagnostic-kit-freeze-dried\/\"]}]},{\"@type\":\"ImageObject\",\"inLanguage\":\"sv-SE\",\"@id\":\"https:\/\/healthwing.fi\/product\/monkeypox-virus-dna-real-time-diagnostic-kit-freeze-dried\/#primaryimage\",\"url\":\"https:\/\/healthwing.fi\/wp-content\/uploads\/2022\/07\/Monkeypox-scaled.jpg\",\"contentUrl\":\"https:\/\/healthwing.fi\/wp-content\/uploads\/2022\/07\/Monkeypox-scaled.jpg\",\"width\":2560,\"height\":1469},{\"@type\":\"BreadcrumbList\",\"@id\":\"https:\/\/healthwing.fi\/product\/monkeypox-virus-dna-real-time-diagnostic-kit-freeze-dried\/#breadcrumb\",\"itemListElement\":[{\"@type\":\"ListItem\",\"position\":1,\"name\":\"Home\",\"item\":\"https:\/\/healthwing.fi\/\"},{\"@type\":\"ListItem\",\"position\":2,\"name\":\"Products\",\"item\":\"https:\/\/healthwing.fi\/products\/\"},{\"@type\":\"ListItem\",\"position\":3,\"name\":\"Monkeypox Virus DNA Real Time Diagnostic Kit (Freeze-dried)\"}]},{\"@type\":\"WebSite\",\"@id\":\"https:\/\/healthwing.fi\/#website\",\"url\":\"https:\/\/healthwing.fi\/\",\"name\":\"H&W Biotech\",\"description\":\"H&amp;W Biotech\",\"publisher\":{\"@id\":\"https:\/\/healthwing.fi\/#organization\"},\"potentialAction\":[{\"@type\":\"SearchAction\",\"target\":{\"@type\":\"EntryPoint\",\"urlTemplate\":\"https:\/\/healthwing.fi\/?s={search_term_string}\"},\"query-input\":{\"@type\":\"PropertyValueSpecification\",\"valueRequired\":true,\"valueName\":\"search_term_string\"}}],\"inLanguage\":\"sv-SE\"},{\"@type\":\"Organization\",\"@id\":\"https:\/\/healthwing.fi\/#organization\",\"name\":\"H&W Biotech\",\"url\":\"https:\/\/healthwing.fi\/\",\"logo\":{\"@type\":\"ImageObject\",\"inLanguage\":\"sv-SE\",\"@id\":\"https:\/\/healthwing.fi\/#\/schema\/logo\/image\/\",\"url\":\"https:\/\/healthwing.fi\/wp-content\/uploads\/2022\/03\/HW-Biotech-logo.png\",\"contentUrl\":\"https:\/\/healthwing.fi\/wp-content\/uploads\/2022\/03\/HW-Biotech-logo.png\",\"width\":275,\"height\":122,\"caption\":\"H&W Biotech\"},\"image\":{\"@id\":\"https:\/\/healthwing.fi\/#\/schema\/logo\/image\/\"},\"sameAs\":[\"https:\/\/www.facebook.com\/HWBiotechOy\",\"https:\/\/www.linkedin.com\/company\/h-w-biotech-oy\"]}]}<\/script>\n<!-- \/ Yoast SEO Premium plugin. -->","yoast_head_json":{"title":"Monkeypox Virus DNA Real Time Diagnostic Kit (Freeze-dried) - H&amp;W Biotech","robots":{"index":"index","follow":"follow","max-snippet":"max-snippet:-1","max-image-preview":"max-image-preview:large","max-video-preview":"max-video-preview:-1"},"canonical":"https:\/\/healthwing.fi\/sv\/product\/monkeypox-virus-dna-real-time-diagnostic-kit-freeze-dried\/","og_locale":"sv_SE","og_type":"article","og_title":"Monkeypox Virus DNA Real Time Diagnostic Kit (Freeze-dried)","og_description":"CE marked In vitro diagnostic medical device for professional use.  Manufacturer: Wuhan EasyDiagnosis Biomedicine Co., Ltd.  The Monkeypox Virus DNA Real Time Diagnostic Kit (Freeze-dried) is used for the qualitative detection of Monkeypox Virus in serum, whole blood or skin lesion material from human, including swabs of lesion surface and\/or exudate, roofs from more than one lesion, or lesion crusts. Monkeypox is a viral zoonotic disease caused by the monkeypox virus. Monkeypox virus is a DNA virus that belongs to the genus Orthopoxvirus in the family Poxviridae. The initial symptoms include fever, headache, lymphadenopathy, muscle soreness, and severe fatigue. After a few days of fever, it develops into a large skin rash on the face and other parts of the body, and may cause secondary infections, bronchitis, and septicemia.  The test results of this kit can be used for the auxiliary diagnosis of monkeypox virus infections and provide the basis for molecular diagnosis of monkeypox virus infection. This kit cannot identify the specific type of monkeypox virus. The test results only serve as clinical references and cannot be used alone as a basis for confirming the diagnosis or excluding the disease. It's recommended that the patient's medical condition should be comprehensively analyzed based on the patient's clinical manifestations and other laboratory tests.  The kit adopts the multiplex PCR-fluorescent probe technology and regent freeze-drying technology and takes monkeypox virus-specific conserved sequences as target regions. It uses target gene detection primers and probes, and the PCR reaction system for detection. The threshold cycle number (Ct value) is used to judge the result.  The kit contains UNG enzyme and dUTP, which can help reduce the possible contamination and avoid false positive results. At the same time, the kit contains human housekeeping genes, which are used to monitor sampling, extraction, sample addition, amplification, and other processes as an internal control. This can effectively ensure the specificity and accuracy of test results.  8-tube strip packages: 48 tests\/kit and 96 tests\/kit.  Single-tube single-test packages: 48 tests\/kit, 50 tests\/kit, 96 tests\/kit, and 100 tests\/kit.","og_url":"https:\/\/healthwing.fi\/sv\/product\/monkeypox-virus-dna-real-time-diagnostic-kit-freeze-dried\/","og_site_name":"H&amp;W Biotech","article_publisher":"https:\/\/www.facebook.com\/HWBiotechOy","article_modified_time":"2022-12-09T09:29:33+00:00","og_image":[{"width":2560,"height":1469,"url":"https:\/\/healthwing.fi\/wp-content\/uploads\/2022\/07\/Monkeypox-scaled.jpg","type":"image\/jpeg"}],"twitter_card":"summary_large_image","schema":{"@context":"https:\/\/schema.org","@graph":[{"@type":"WebPage","@id":"https:\/\/healthwing.fi\/product\/monkeypox-virus-dna-real-time-diagnostic-kit-freeze-dried\/","url":"https:\/\/healthwing.fi\/product\/monkeypox-virus-dna-real-time-diagnostic-kit-freeze-dried\/","name":"Monkeypox Virus DNA Real Time Diagnostic Kit (Freeze-dried) - H&amp;W Biotech","isPartOf":{"@id":"https:\/\/healthwing.fi\/#website"},"primaryImageOfPage":{"@id":"https:\/\/healthwing.fi\/product\/monkeypox-virus-dna-real-time-diagnostic-kit-freeze-dried\/#primaryimage"},"image":{"@id":"https:\/\/healthwing.fi\/product\/monkeypox-virus-dna-real-time-diagnostic-kit-freeze-dried\/#primaryimage"},"thumbnailUrl":"https:\/\/healthwing.fi\/wp-content\/uploads\/2022\/07\/Monkeypox-scaled.jpg","datePublished":"2022-07-25T11:39:29+00:00","dateModified":"2022-12-09T09:29:33+00:00","breadcrumb":{"@id":"https:\/\/healthwing.fi\/product\/monkeypox-virus-dna-real-time-diagnostic-kit-freeze-dried\/#breadcrumb"},"inLanguage":"sv-SE","potentialAction":[{"@type":"ReadAction","target":["https:\/\/healthwing.fi\/product\/monkeypox-virus-dna-real-time-diagnostic-kit-freeze-dried\/"]}]},{"@type":"ImageObject","inLanguage":"sv-SE","@id":"https:\/\/healthwing.fi\/product\/monkeypox-virus-dna-real-time-diagnostic-kit-freeze-dried\/#primaryimage","url":"https:\/\/healthwing.fi\/wp-content\/uploads\/2022\/07\/Monkeypox-scaled.jpg","contentUrl":"https:\/\/healthwing.fi\/wp-content\/uploads\/2022\/07\/Monkeypox-scaled.jpg","width":2560,"height":1469},{"@type":"BreadcrumbList","@id":"https:\/\/healthwing.fi\/product\/monkeypox-virus-dna-real-time-diagnostic-kit-freeze-dried\/#breadcrumb","itemListElement":[{"@type":"ListItem","position":1,"name":"Home","item":"https:\/\/healthwing.fi\/"},{"@type":"ListItem","position":2,"name":"Products","item":"https:\/\/healthwing.fi\/products\/"},{"@type":"ListItem","position":3,"name":"Monkeypox Virus DNA Real Time Diagnostic Kit (Freeze-dried)"}]},{"@type":"WebSite","@id":"https:\/\/healthwing.fi\/#website","url":"https:\/\/healthwing.fi\/","name":"H&W Biotech","description":"H&amp;W Biotech","publisher":{"@id":"https:\/\/healthwing.fi\/#organization"},"potentialAction":[{"@type":"SearchAction","target":{"@type":"EntryPoint","urlTemplate":"https:\/\/healthwing.fi\/?s={search_term_string}"},"query-input":{"@type":"PropertyValueSpecification","valueRequired":true,"valueName":"search_term_string"}}],"inLanguage":"sv-SE"},{"@type":"Organization","@id":"https:\/\/healthwing.fi\/#organization","name":"H&W Biotech","url":"https:\/\/healthwing.fi\/","logo":{"@type":"ImageObject","inLanguage":"sv-SE","@id":"https:\/\/healthwing.fi\/#\/schema\/logo\/image\/","url":"https:\/\/healthwing.fi\/wp-content\/uploads\/2022\/03\/HW-Biotech-logo.png","contentUrl":"https:\/\/healthwing.fi\/wp-content\/uploads\/2022\/03\/HW-Biotech-logo.png","width":275,"height":122,"caption":"H&W Biotech"},"image":{"@id":"https:\/\/healthwing.fi\/#\/schema\/logo\/image\/"},"sameAs":["https:\/\/www.facebook.com\/HWBiotechOy","https:\/\/www.linkedin.com\/company\/h-w-biotech-oy"]}]}},"_links":{"self":[{"href":"https:\/\/healthwing.fi\/sv\/wp-json\/wp\/v2\/product\/438","targetHints":{"allow":["GET"]}}],"collection":[{"href":"https:\/\/healthwing.fi\/sv\/wp-json\/wp\/v2\/product"}],"about":[{"href":"https:\/\/healthwing.fi\/sv\/wp-json\/wp\/v2\/types\/product"}],"wp:featuredmedia":[{"embeddable":true,"href":"https:\/\/healthwing.fi\/sv\/wp-json\/wp\/v2\/media\/439"}],"wp:attachment":[{"href":"https:\/\/healthwing.fi\/sv\/wp-json\/wp\/v2\/media?parent=438"}],"wp:term":[{"taxonomy":"product_brand","embeddable":true,"href":"https:\/\/healthwing.fi\/sv\/wp-json\/wp\/v2\/product_brand?post=438"},{"taxonomy":"product_cat","embeddable":true,"href":"https:\/\/healthwing.fi\/sv\/wp-json\/wp\/v2\/product_cat?post=438"},{"taxonomy":"product_tag","embeddable":true,"href":"https:\/\/healthwing.fi\/sv\/wp-json\/wp\/v2\/product_tag?post=438"}],"curies":[{"name":"wp","href":"https:\/\/api.w.org\/{rel}","templated":true}]}}