{"id":551,"date":"2023-03-20T11:53:46","date_gmt":"2023-03-20T09:53:46","guid":{"rendered":"https:\/\/healthwing.fi\/?post_type=product&#038;p=551"},"modified":"2025-07-24T21:49:12","modified_gmt":"2025-07-24T19:49:12","slug":"strep-a-rapid-test","status":"publish","type":"product","link":"https:\/\/healthwing.fi\/sv\/product\/strep-a-rapid-test\/","title":{"rendered":"Strep A snabbtest"},"content":{"rendered":"<p><a style=\"display: inline-flex; align-items: center; justify-content: center; padding: 12px 25px; background-color: rgba(78, 181, 173, 0.8); color: white; text-decoration: none; border-radius: 12px; cursor: pointer; box-shadow: 0px 4px 8px rgba(0,0,0,0.2); transition: background-color 0.3s ease, box-shadow 0.3s ease, transform 0.3s ease; font-size: 16px; line-height: 1.2; height: 48px;\" href=\"https:\/\/healthwing.fi\/wp-content\/uploads\/2025\/06\/Strep-A-test-IFU.pdf\" target=\"_blank\" rel=\"noopener\"><strong>Bruksanvisning<\/strong><\/a><\/p>\n<p><iframe title=\"Tuotteen esittely - H&amp;W Strep A pikatesti\" width=\"1020\" height=\"574\" src=\"https:\/\/www.youtube.com\/embed\/iyTGy94sg0Y?feature=oembed\" frameborder=\"0\" allow=\"accelerometer; autoplay; clipboard-write; encrypted-media; gyroscope; picture-in-picture; web-share\" referrerpolicy=\"strict-origin-when-cross-origin\" allowfullscreen><\/iframe><\/p>","protected":false},"excerpt":{"rendered":"<p>Snabbtest f\u00f6r detektion av Streptokock grupp A (Strep A) fr\u00e5n ett halssvabbprov.<\/p>\n<p>CE-m\u00e4rkt (0123) In vitro-diagnostiskt sj\u00e4lvtest f\u00f6r hemmabruk.<\/p>\n<p>Avsedd anv\u00e4ndning: Strep A-snabbtestet \u00e4r ett test f\u00f6r kvalitativ detektion av antigen fr\u00e5n Streptokock grupp A i ett halssvabbprov. Testet \u00e4r avsett som ett st\u00f6d vid tidig in vitro-diagnostik av infektion orsakad av Streptokock grupp A.<\/p>\n<p>Streptokock A \u00e4r en av de viktigaste m\u00e4nskliga patogenerna och orsakar sjukdomar s\u00e5som halsfluss (streptokockfaryngit), tonsillit och scharlakansfeber. Det \u00e4r viktigt att skilja en streptokockinfektion fr\u00e5n andra infektioner (t.ex. virus, mykoplasma eller klamydia) f\u00f6r att kunna p\u00e5b\u00f6rja r\u00e4tt behandling. Tidig diagnos och behandling av streptokockfaryngit minskar symtomens sv\u00e5righetsgrad samt risken f\u00f6r komplikationer s\u00e5som reumatisk feber och njursjukdom. D\u00e4rf\u00f6r \u00e4r det v\u00e4rdefullt att g\u00f6ra ett snabbtest s\u00e5 snart symtom upptr\u00e4der.<\/p>\n<p>Importer: H&#038;W Biotech Oy<br \/>\nTillverkare: Guangzhou Wondfo Biotech Co., Ltd.<\/p>","protected":false},"featured_media":554,"template":"","meta":{"_monsterinsights_skip_tracking":false,"_monsterinsights_sitenote_active":false,"_monsterinsights_sitenote_note":"","_monsterinsights_sitenote_category":0},"product_brand":[],"product_cat":[30,38],"product_tag":[],"class_list":{"0":"post-551","1":"product","2":"type-product","3":"status-publish","4":"has-post-thumbnail","6":"product_cat-home-test","7":"product_cat-infection-tests","9":"first","10":"instock","11":"taxable","12":"shipping-taxable","13":"product-type-simple"},"yoast_head":"<!-- This site is optimized with the Yoast SEO Premium plugin v22.8 (Yoast SEO v27.2) - https:\/\/yoast.com\/product\/yoast-seo-premium-wordpress\/ -->\n<title>Strep A Rapid Test - H&amp;W Biotech<\/title>\n<meta name=\"robots\" content=\"index, follow, max-snippet:-1, max-image-preview:large, max-video-preview:-1\" \/>\n<link rel=\"canonical\" href=\"https:\/\/healthwing.fi\/sv\/product\/strep-a-rapid-test\/\" \/>\n<meta property=\"og:locale\" content=\"sv_SE\" \/>\n<meta property=\"og:type\" content=\"article\" \/>\n<meta property=\"og:title\" content=\"Strep A Rapid Test\" \/>\n<meta property=\"og:description\" content=\"A rapid test for the detection of Group A streptococcus bacteria (Strep A) from a throat swab.  CE marked (0123) In vitro diagnostic medical device for self-testing.  Intended use: The Strep A rapid test is a lateral flow immunoassay for the qualitative detection of the Group A streptococcus antigen from a throat swab sample. The test is intended as an aid in the early diagnosis of Group A streptococcal infection. It is for in vitro diagnostic use and self-performed testing.  Group A streptococcus is one of the most important human pathogens, causing illnesses such as strep throat, tonsillitis, impetigo, and scarlet fever. It is essential to differentiate streptococcal infection from other infections (such as viral, mycoplasma or chlamydia) in order to start appropriate treatment. Early diagnosis and treatment of Group A streptococcal pharyngitis reduces the severity of symptoms and other complications such as rheumatic fever and kidney disease. Therefore, it is useful to perform a rapid test as soon as symptoms appear.  Importer: H&amp;W Biotech Oy Manufacturer: Guangzhou Wondfo Biotech Co., Ltd.\" \/>\n<meta property=\"og:url\" content=\"https:\/\/healthwing.fi\/sv\/product\/strep-a-rapid-test\/\" \/>\n<meta property=\"og:site_name\" content=\"H&amp;W Biotech\" \/>\n<meta property=\"article:publisher\" content=\"https:\/\/www.facebook.com\/HWBiotechOy\" \/>\n<meta property=\"article:modified_time\" content=\"2025-07-24T19:49:12+00:00\" \/>\n<meta property=\"og:image\" content=\"https:\/\/healthwing.fi\/wp-content\/uploads\/2023\/03\/strep-A-digital_LP-1.jpg\" \/>\n\t<meta property=\"og:image:width\" content=\"475\" \/>\n\t<meta property=\"og:image:height\" content=\"337\" \/>\n\t<meta property=\"og:image:type\" content=\"image\/jpeg\" \/>\n<meta name=\"twitter:card\" content=\"summary_large_image\" \/>\n<meta name=\"twitter:label1\" content=\"Est. reading time\" \/>\n\t<meta name=\"twitter:data1\" content=\"1 minut\" \/>\n<script type=\"application\/ld+json\" class=\"yoast-schema-graph\">{\"@context\":\"https:\/\/schema.org\",\"@graph\":[{\"@type\":\"WebPage\",\"@id\":\"https:\/\/healthwing.fi\/product\/strep-a-rapid-test\/\",\"url\":\"https:\/\/healthwing.fi\/product\/strep-a-rapid-test\/\",\"name\":\"Strep A Rapid Test - H&amp;W Biotech\",\"isPartOf\":{\"@id\":\"https:\/\/healthwing.fi\/#website\"},\"primaryImageOfPage\":{\"@id\":\"https:\/\/healthwing.fi\/product\/strep-a-rapid-test\/#primaryimage\"},\"image\":{\"@id\":\"https:\/\/healthwing.fi\/product\/strep-a-rapid-test\/#primaryimage\"},\"thumbnailUrl\":\"https:\/\/healthwing.fi\/wp-content\/uploads\/2023\/03\/strep-A-digital_LP-1.jpg\",\"datePublished\":\"2023-03-20T09:53:46+00:00\",\"dateModified\":\"2025-07-24T19:49:12+00:00\",\"breadcrumb\":{\"@id\":\"https:\/\/healthwing.fi\/product\/strep-a-rapid-test\/#breadcrumb\"},\"inLanguage\":\"sv-SE\",\"potentialAction\":[{\"@type\":\"ReadAction\",\"target\":[\"https:\/\/healthwing.fi\/product\/strep-a-rapid-test\/\"]}]},{\"@type\":\"ImageObject\",\"inLanguage\":\"sv-SE\",\"@id\":\"https:\/\/healthwing.fi\/product\/strep-a-rapid-test\/#primaryimage\",\"url\":\"https:\/\/healthwing.fi\/wp-content\/uploads\/2023\/03\/strep-A-digital_LP-1.jpg\",\"contentUrl\":\"https:\/\/healthwing.fi\/wp-content\/uploads\/2023\/03\/strep-A-digital_LP-1.jpg\",\"width\":475,\"height\":337},{\"@type\":\"BreadcrumbList\",\"@id\":\"https:\/\/healthwing.fi\/product\/strep-a-rapid-test\/#breadcrumb\",\"itemListElement\":[{\"@type\":\"ListItem\",\"position\":1,\"name\":\"Home\",\"item\":\"https:\/\/healthwing.fi\/\"},{\"@type\":\"ListItem\",\"position\":2,\"name\":\"Products\",\"item\":\"https:\/\/healthwing.fi\/products\/\"},{\"@type\":\"ListItem\",\"position\":3,\"name\":\"Strep A Rapid Test\"}]},{\"@type\":\"WebSite\",\"@id\":\"https:\/\/healthwing.fi\/#website\",\"url\":\"https:\/\/healthwing.fi\/\",\"name\":\"H&W Biotech\",\"description\":\"H&amp;W Biotech\",\"publisher\":{\"@id\":\"https:\/\/healthwing.fi\/#organization\"},\"potentialAction\":[{\"@type\":\"SearchAction\",\"target\":{\"@type\":\"EntryPoint\",\"urlTemplate\":\"https:\/\/healthwing.fi\/?s={search_term_string}\"},\"query-input\":{\"@type\":\"PropertyValueSpecification\",\"valueRequired\":true,\"valueName\":\"search_term_string\"}}],\"inLanguage\":\"sv-SE\"},{\"@type\":\"Organization\",\"@id\":\"https:\/\/healthwing.fi\/#organization\",\"name\":\"H&W Biotech\",\"url\":\"https:\/\/healthwing.fi\/\",\"logo\":{\"@type\":\"ImageObject\",\"inLanguage\":\"sv-SE\",\"@id\":\"https:\/\/healthwing.fi\/#\/schema\/logo\/image\/\",\"url\":\"https:\/\/healthwing.fi\/wp-content\/uploads\/2022\/03\/HW-Biotech-logo.png\",\"contentUrl\":\"https:\/\/healthwing.fi\/wp-content\/uploads\/2022\/03\/HW-Biotech-logo.png\",\"width\":275,\"height\":122,\"caption\":\"H&W Biotech\"},\"image\":{\"@id\":\"https:\/\/healthwing.fi\/#\/schema\/logo\/image\/\"},\"sameAs\":[\"https:\/\/www.facebook.com\/HWBiotechOy\",\"https:\/\/www.linkedin.com\/company\/h-w-biotech-oy\"]}]}<\/script>\n<!-- \/ Yoast SEO Premium plugin. -->","yoast_head_json":{"title":"Strep A Rapid Test - H&amp;W Biotech","robots":{"index":"index","follow":"follow","max-snippet":"max-snippet:-1","max-image-preview":"max-image-preview:large","max-video-preview":"max-video-preview:-1"},"canonical":"https:\/\/healthwing.fi\/sv\/product\/strep-a-rapid-test\/","og_locale":"sv_SE","og_type":"article","og_title":"Strep A Rapid Test","og_description":"A rapid test for the detection of Group A streptococcus bacteria (Strep A) from a throat swab.  CE marked (0123) In vitro diagnostic medical device for self-testing.  Intended use: The Strep A rapid test is a lateral flow immunoassay for the qualitative detection of the Group A streptococcus antigen from a throat swab sample. The test is intended as an aid in the early diagnosis of Group A streptococcal infection. It is for in vitro diagnostic use and self-performed testing.  Group A streptococcus is one of the most important human pathogens, causing illnesses such as strep throat, tonsillitis, impetigo, and scarlet fever. It is essential to differentiate streptococcal infection from other infections (such as viral, mycoplasma or chlamydia) in order to start appropriate treatment. Early diagnosis and treatment of Group A streptococcal pharyngitis reduces the severity of symptoms and other complications such as rheumatic fever and kidney disease. Therefore, it is useful to perform a rapid test as soon as symptoms appear.  Importer: H&W Biotech Oy Manufacturer: Guangzhou Wondfo Biotech Co., Ltd.","og_url":"https:\/\/healthwing.fi\/sv\/product\/strep-a-rapid-test\/","og_site_name":"H&amp;W Biotech","article_publisher":"https:\/\/www.facebook.com\/HWBiotechOy","article_modified_time":"2025-07-24T19:49:12+00:00","og_image":[{"width":475,"height":337,"url":"https:\/\/healthwing.fi\/wp-content\/uploads\/2023\/03\/strep-A-digital_LP-1.jpg","type":"image\/jpeg"}],"twitter_card":"summary_large_image","twitter_misc":{"Est. reading time":"1 minut"},"schema":{"@context":"https:\/\/schema.org","@graph":[{"@type":"WebPage","@id":"https:\/\/healthwing.fi\/product\/strep-a-rapid-test\/","url":"https:\/\/healthwing.fi\/product\/strep-a-rapid-test\/","name":"Strep A Rapid Test - H&amp;W Biotech","isPartOf":{"@id":"https:\/\/healthwing.fi\/#website"},"primaryImageOfPage":{"@id":"https:\/\/healthwing.fi\/product\/strep-a-rapid-test\/#primaryimage"},"image":{"@id":"https:\/\/healthwing.fi\/product\/strep-a-rapid-test\/#primaryimage"},"thumbnailUrl":"https:\/\/healthwing.fi\/wp-content\/uploads\/2023\/03\/strep-A-digital_LP-1.jpg","datePublished":"2023-03-20T09:53:46+00:00","dateModified":"2025-07-24T19:49:12+00:00","breadcrumb":{"@id":"https:\/\/healthwing.fi\/product\/strep-a-rapid-test\/#breadcrumb"},"inLanguage":"sv-SE","potentialAction":[{"@type":"ReadAction","target":["https:\/\/healthwing.fi\/product\/strep-a-rapid-test\/"]}]},{"@type":"ImageObject","inLanguage":"sv-SE","@id":"https:\/\/healthwing.fi\/product\/strep-a-rapid-test\/#primaryimage","url":"https:\/\/healthwing.fi\/wp-content\/uploads\/2023\/03\/strep-A-digital_LP-1.jpg","contentUrl":"https:\/\/healthwing.fi\/wp-content\/uploads\/2023\/03\/strep-A-digital_LP-1.jpg","width":475,"height":337},{"@type":"BreadcrumbList","@id":"https:\/\/healthwing.fi\/product\/strep-a-rapid-test\/#breadcrumb","itemListElement":[{"@type":"ListItem","position":1,"name":"Home","item":"https:\/\/healthwing.fi\/"},{"@type":"ListItem","position":2,"name":"Products","item":"https:\/\/healthwing.fi\/products\/"},{"@type":"ListItem","position":3,"name":"Strep A Rapid Test"}]},{"@type":"WebSite","@id":"https:\/\/healthwing.fi\/#website","url":"https:\/\/healthwing.fi\/","name":"H&W Biotech","description":"H&amp;W Biotech","publisher":{"@id":"https:\/\/healthwing.fi\/#organization"},"potentialAction":[{"@type":"SearchAction","target":{"@type":"EntryPoint","urlTemplate":"https:\/\/healthwing.fi\/?s={search_term_string}"},"query-input":{"@type":"PropertyValueSpecification","valueRequired":true,"valueName":"search_term_string"}}],"inLanguage":"sv-SE"},{"@type":"Organization","@id":"https:\/\/healthwing.fi\/#organization","name":"H&W Biotech","url":"https:\/\/healthwing.fi\/","logo":{"@type":"ImageObject","inLanguage":"sv-SE","@id":"https:\/\/healthwing.fi\/#\/schema\/logo\/image\/","url":"https:\/\/healthwing.fi\/wp-content\/uploads\/2022\/03\/HW-Biotech-logo.png","contentUrl":"https:\/\/healthwing.fi\/wp-content\/uploads\/2022\/03\/HW-Biotech-logo.png","width":275,"height":122,"caption":"H&W Biotech"},"image":{"@id":"https:\/\/healthwing.fi\/#\/schema\/logo\/image\/"},"sameAs":["https:\/\/www.facebook.com\/HWBiotechOy","https:\/\/www.linkedin.com\/company\/h-w-biotech-oy"]}]}},"_links":{"self":[{"href":"https:\/\/healthwing.fi\/sv\/wp-json\/wp\/v2\/product\/551","targetHints":{"allow":["GET"]}}],"collection":[{"href":"https:\/\/healthwing.fi\/sv\/wp-json\/wp\/v2\/product"}],"about":[{"href":"https:\/\/healthwing.fi\/sv\/wp-json\/wp\/v2\/types\/product"}],"wp:featuredmedia":[{"embeddable":true,"href":"https:\/\/healthwing.fi\/sv\/wp-json\/wp\/v2\/media\/554"}],"wp:attachment":[{"href":"https:\/\/healthwing.fi\/sv\/wp-json\/wp\/v2\/media?parent=551"}],"wp:term":[{"taxonomy":"product_brand","embeddable":true,"href":"https:\/\/healthwing.fi\/sv\/wp-json\/wp\/v2\/product_brand?post=551"},{"taxonomy":"product_cat","embeddable":true,"href":"https:\/\/healthwing.fi\/sv\/wp-json\/wp\/v2\/product_cat?post=551"},{"taxonomy":"product_tag","embeddable":true,"href":"https:\/\/healthwing.fi\/sv\/wp-json\/wp\/v2\/product_tag?post=551"}],"curies":[{"name":"wp","href":"https:\/\/api.w.org\/{rel}","templated":true}]}}