{"id":557,"date":"2023-04-04T09:03:54","date_gmt":"2023-04-04T07:03:54","guid":{"rendered":"https:\/\/healthwing.fi\/?post_type=product&#038;p=557"},"modified":"2025-07-24T21:48:21","modified_gmt":"2025-07-24T19:48:21","slug":"sp-10-male-fertility-rapid-test-cassette","status":"publish","type":"product","link":"https:\/\/healthwing.fi\/sv\/product\/sp-10-male-fertility-rapid-test-cassette\/","title":{"rendered":"H&amp;W Fertilitetstest f\u00f6r m\u00e4n (SP-10)"},"content":{"rendered":"<p><a style=\"display: inline-flex; align-items: center; justify-content: center; padding: 12px 25px; background-color: rgba(78, 181, 173, 0.8); color: white; text-decoration: none; border-radius: 12px; cursor: pointer; box-shadow: 0px 4px 8px rgba(0,0,0,0.2); transition: background-color 0.3s ease, box-shadow 0.3s ease, transform 0.3s ease; font-size: 16px; line-height: 1.2; height: 48px;\" href=\"https:\/\/healthwing.fi\/wp-content\/uploads\/2025\/06\/OSP-902H-IFU.pdf\" target=\"_blank\" rel=\"noopener\"><strong>Bruksanvisning<\/strong><\/a><\/p>\n<p><iframe title=\"Tuotteen esittely - H&amp;W Miehen hedelm\u00e4llisyyden SP-10 pikatesti (sperma)\" width=\"1020\" height=\"574\" src=\"https:\/\/www.youtube.com\/embed\/m-r-FiXMr5Q?feature=oembed\" frameborder=\"0\" allow=\"accelerometer; autoplay; clipboard-write; encrypted-media; gyroscope; picture-in-picture; web-share\" referrerpolicy=\"strict-origin-when-cross-origin\" allowfullscreen><\/iframe><\/p>\n<p>Infertilitet hos m\u00e4n beror oftast p\u00e5 problem relaterade till s\u00e4deskvaliteten, inklusive spermieantal och spermier\u00f6rlighet. SP-10 \u00e4r ett akrosomalt protein som \u00e4r specifikt f\u00f6r manliga k\u00f6nsceller. Forskning har visat att SP-10-koncentrationer kan anv\u00e4ndas f\u00f6r att uppskatta spermieantalet.<\/p>\n<p>H&amp;W Fertilitetstest f\u00f6r m\u00e4n (SP-10) \u00e4r ett snabbt kromatografiskt immunanalystest f\u00f6r kvalitativ in vitro-detektion av det akrosomala proteinet SP-10, som finns p\u00e5 spermier, f\u00f6r att uppskatta spermiekoncentrationen i m\u00e4nsklig sperma - \u00f6ver eller under 15 miljoner\/mL.<\/p>\n<p>Personer i riskzonen \/ Personer som kan beh\u00f6va detta test:<br \/>\n\u25cf Personer med misslyckade graviditetsf\u00f6rs\u00f6k<br \/>\n\u25cf Personer som r\u00f6ker eller konsumerar alkohol i st\u00f6rre m\u00e4ngder under l\u00e4ngre tid<br \/>\n\u25cf Personer som arbetar l\u00e4nge vid dator eller har en stillasittande livsstil<\/p>\n<p>F\u00f6rpackningen inneh\u00e5ller:<br \/>\n\u2022 Testkassett<br \/>\n\u2022 Insamlingskopp<br \/>\n\u2022 Bruksanvisning<br \/>\n\u2022 Arbetsstation<br \/>\n\u2022 \u00d6verf\u00f6ringsanordning f\u00f6r sperma<br \/>\n\u2022 Sp\u00e4dbuffer f\u00f6r provet<\/p>","protected":false},"excerpt":{"rendered":"<p>H&amp;W Fertilitetstest f\u00f6r m\u00e4n (SP-10) \u00e4r ett snabbt kromatografiskt immunanalystest f\u00f6r kvalitativ in vitro-detektion av det SP-10-proteinet som finns i spermier.\nTestet anv\u00e4nds f\u00f6r att uppskatta om spermiekoncentrationen i mannens sperma \u00e4r \u00f6ver eller under 15 miljoner\/mL. Spermiekoncentration kan anv\u00e4ndas som hj\u00e4lp vid diagnos och uppf\u00f6ljning av behandling vid manlig infertilitet, samt ge v\u00e4gledning f\u00f6r fertilitetsplanering hos par som \u00f6nskar bli gravida.<\/p>\n<p>CE-m\u00e4rkt (0123) In vitro-diagnostiskt sj\u00e4lvtest f\u00f6r hemmabruk.<\/p>\n<p>\u221a Tillf\u00f6rlitligt: K\u00e4nslighet: 98,1\u202f% ; Specificitet: 98,3\u202f%<br \/>\n\u221a Enkelt: Kan utf\u00f6ras i n\u00e5gra f\u00e5 steg<br \/>\n\u221a Diskret: Kan utf\u00f6ras i lugn och ro i hemmet<\/p>\n<p>Tillverkare: Hangzhou AllTest Biotech Co., Ltd<\/p>","protected":false},"featured_media":559,"template":"","meta":{"_monsterinsights_skip_tracking":false,"_monsterinsights_sitenote_active":false,"_monsterinsights_sitenote_note":"","_monsterinsights_sitenote_category":0},"product_brand":[],"product_cat":[30,41],"product_tag":[],"class_list":{"0":"post-557","1":"product","2":"type-product","3":"status-publish","4":"has-post-thumbnail","6":"product_cat-home-test","7":"product_cat-mens-health-tests","9":"first","10":"instock","11":"taxable","12":"shipping-taxable","13":"product-type-simple"},"yoast_head":"<!-- This site is optimized with the Yoast SEO Premium plugin v22.8 (Yoast SEO v27.2) - https:\/\/yoast.com\/product\/yoast-seo-premium-wordpress\/ -->\n<title>H&amp;W SP-10 Male Fertility Rapid Test Cassette (Semen) - H&amp;W Biotech<\/title>\n<meta name=\"robots\" content=\"index, follow, max-snippet:-1, max-image-preview:large, max-video-preview:-1\" \/>\n<link rel=\"canonical\" href=\"https:\/\/healthwing.fi\/sv\/product\/sp-10-male-fertility-rapid-test-cassette\/\" \/>\n<meta property=\"og:locale\" content=\"sv_SE\" \/>\n<meta property=\"og:type\" content=\"article\" \/>\n<meta property=\"og:title\" content=\"H&amp;W SP-10 Male Fertility Rapid Test Cassette (Semen)\" \/>\n<meta property=\"og:description\" content=\"The SP-10 Male Fertility Rapid Test Cassette is a rapid chromatographic immunoassay for in vitro qualitative detection of Acrosomal Protein SP-10 found on sperms to estimate of sperm concentration in human semen above or below 15 million\/mL. Sperm concentration can be used for assistant diagnosis and curative effect observation of male infertility, and provide guidance for reproductive planning of the eligible couples.  CE marked (0123) In vitro diagnostic medical device for self-testing.  \u221a Reliable: Sensitivity: 98.1% ; Specificity: 98.3% \u221a Easy: Can be performed in simple steps \u221a Confidentiality: Can be performed in the privacy  Manufacturer: Hangzhou AllTest Biotech Co., Ltd\" \/>\n<meta property=\"og:url\" content=\"https:\/\/healthwing.fi\/sv\/product\/sp-10-male-fertility-rapid-test-cassette\/\" \/>\n<meta property=\"og:site_name\" content=\"H&amp;W Biotech\" \/>\n<meta property=\"article:publisher\" content=\"https:\/\/www.facebook.com\/HWBiotechOy\" \/>\n<meta property=\"article:modified_time\" content=\"2025-07-24T19:48:21+00:00\" \/>\n<meta property=\"og:image\" content=\"https:\/\/healthwing.fi\/wp-content\/uploads\/2023\/04\/Male-Fertility-test.jpg\" \/>\n\t<meta property=\"og:image:width\" content=\"1067\" \/>\n\t<meta property=\"og:image:height\" content=\"800\" \/>\n\t<meta property=\"og:image:type\" content=\"image\/jpeg\" \/>\n<meta name=\"twitter:card\" content=\"summary_large_image\" \/>\n<meta name=\"twitter:label1\" content=\"Est. reading time\" \/>\n\t<meta name=\"twitter:data1\" content=\"1 minut\" \/>\n<script type=\"application\/ld+json\" class=\"yoast-schema-graph\">{\"@context\":\"https:\/\/schema.org\",\"@graph\":[{\"@type\":\"WebPage\",\"@id\":\"https:\/\/healthwing.fi\/product\/sp-10-male-fertility-rapid-test-cassette\/\",\"url\":\"https:\/\/healthwing.fi\/product\/sp-10-male-fertility-rapid-test-cassette\/\",\"name\":\"H&W SP-10 Male Fertility Rapid Test Cassette (Semen) - H&amp;W Biotech\",\"isPartOf\":{\"@id\":\"https:\/\/healthwing.fi\/#website\"},\"primaryImageOfPage\":{\"@id\":\"https:\/\/healthwing.fi\/product\/sp-10-male-fertility-rapid-test-cassette\/#primaryimage\"},\"image\":{\"@id\":\"https:\/\/healthwing.fi\/product\/sp-10-male-fertility-rapid-test-cassette\/#primaryimage\"},\"thumbnailUrl\":\"https:\/\/healthwing.fi\/wp-content\/uploads\/2023\/04\/Male-Fertility-test.jpg\",\"datePublished\":\"2023-04-04T07:03:54+00:00\",\"dateModified\":\"2025-07-24T19:48:21+00:00\",\"breadcrumb\":{\"@id\":\"https:\/\/healthwing.fi\/product\/sp-10-male-fertility-rapid-test-cassette\/#breadcrumb\"},\"inLanguage\":\"sv-SE\",\"potentialAction\":[{\"@type\":\"ReadAction\",\"target\":[\"https:\/\/healthwing.fi\/product\/sp-10-male-fertility-rapid-test-cassette\/\"]}]},{\"@type\":\"ImageObject\",\"inLanguage\":\"sv-SE\",\"@id\":\"https:\/\/healthwing.fi\/product\/sp-10-male-fertility-rapid-test-cassette\/#primaryimage\",\"url\":\"https:\/\/healthwing.fi\/wp-content\/uploads\/2023\/04\/Male-Fertility-test.jpg\",\"contentUrl\":\"https:\/\/healthwing.fi\/wp-content\/uploads\/2023\/04\/Male-Fertility-test.jpg\",\"width\":1067,\"height\":800},{\"@type\":\"BreadcrumbList\",\"@id\":\"https:\/\/healthwing.fi\/product\/sp-10-male-fertility-rapid-test-cassette\/#breadcrumb\",\"itemListElement\":[{\"@type\":\"ListItem\",\"position\":1,\"name\":\"Home\",\"item\":\"https:\/\/healthwing.fi\/\"},{\"@type\":\"ListItem\",\"position\":2,\"name\":\"Products\",\"item\":\"https:\/\/healthwing.fi\/products\/\"},{\"@type\":\"ListItem\",\"position\":3,\"name\":\"H&#038;W SP-10 Male Fertility Rapid Test Cassette (Semen)\"}]},{\"@type\":\"WebSite\",\"@id\":\"https:\/\/healthwing.fi\/#website\",\"url\":\"https:\/\/healthwing.fi\/\",\"name\":\"H&W Biotech\",\"description\":\"H&amp;W Biotech\",\"publisher\":{\"@id\":\"https:\/\/healthwing.fi\/#organization\"},\"potentialAction\":[{\"@type\":\"SearchAction\",\"target\":{\"@type\":\"EntryPoint\",\"urlTemplate\":\"https:\/\/healthwing.fi\/?s={search_term_string}\"},\"query-input\":{\"@type\":\"PropertyValueSpecification\",\"valueRequired\":true,\"valueName\":\"search_term_string\"}}],\"inLanguage\":\"sv-SE\"},{\"@type\":\"Organization\",\"@id\":\"https:\/\/healthwing.fi\/#organization\",\"name\":\"H&W Biotech\",\"url\":\"https:\/\/healthwing.fi\/\",\"logo\":{\"@type\":\"ImageObject\",\"inLanguage\":\"sv-SE\",\"@id\":\"https:\/\/healthwing.fi\/#\/schema\/logo\/image\/\",\"url\":\"https:\/\/healthwing.fi\/wp-content\/uploads\/2022\/03\/HW-Biotech-logo.png\",\"contentUrl\":\"https:\/\/healthwing.fi\/wp-content\/uploads\/2022\/03\/HW-Biotech-logo.png\",\"width\":275,\"height\":122,\"caption\":\"H&W Biotech\"},\"image\":{\"@id\":\"https:\/\/healthwing.fi\/#\/schema\/logo\/image\/\"},\"sameAs\":[\"https:\/\/www.facebook.com\/HWBiotechOy\",\"https:\/\/www.linkedin.com\/company\/h-w-biotech-oy\"]}]}<\/script>\n<!-- \/ Yoast SEO Premium plugin. -->","yoast_head_json":{"title":"H&W SP-10 Male Fertility Rapid Test Cassette (Semen) - H&amp;W Biotech","robots":{"index":"index","follow":"follow","max-snippet":"max-snippet:-1","max-image-preview":"max-image-preview:large","max-video-preview":"max-video-preview:-1"},"canonical":"https:\/\/healthwing.fi\/sv\/product\/sp-10-male-fertility-rapid-test-cassette\/","og_locale":"sv_SE","og_type":"article","og_title":"H&W SP-10 Male Fertility Rapid Test Cassette (Semen)","og_description":"The SP-10 Male Fertility Rapid Test Cassette is a rapid chromatographic immunoassay for in vitro qualitative detection of Acrosomal Protein SP-10 found on sperms to estimate of sperm concentration in human semen above or below 15 million\/mL. Sperm concentration can be used for assistant diagnosis and curative effect observation of male infertility, and provide guidance for reproductive planning of the eligible couples.  CE marked (0123) In vitro diagnostic medical device for self-testing.  \u221a Reliable: Sensitivity: 98.1% ; Specificity: 98.3% \u221a Easy: Can be performed in simple steps \u221a Confidentiality: Can be performed in the privacy  Manufacturer: Hangzhou AllTest Biotech Co., Ltd","og_url":"https:\/\/healthwing.fi\/sv\/product\/sp-10-male-fertility-rapid-test-cassette\/","og_site_name":"H&amp;W Biotech","article_publisher":"https:\/\/www.facebook.com\/HWBiotechOy","article_modified_time":"2025-07-24T19:48:21+00:00","og_image":[{"width":1067,"height":800,"url":"https:\/\/healthwing.fi\/wp-content\/uploads\/2023\/04\/Male-Fertility-test.jpg","type":"image\/jpeg"}],"twitter_card":"summary_large_image","twitter_misc":{"Est. reading time":"1 minut"},"schema":{"@context":"https:\/\/schema.org","@graph":[{"@type":"WebPage","@id":"https:\/\/healthwing.fi\/product\/sp-10-male-fertility-rapid-test-cassette\/","url":"https:\/\/healthwing.fi\/product\/sp-10-male-fertility-rapid-test-cassette\/","name":"H&W SP-10 Male Fertility Rapid Test Cassette (Semen) - H&amp;W Biotech","isPartOf":{"@id":"https:\/\/healthwing.fi\/#website"},"primaryImageOfPage":{"@id":"https:\/\/healthwing.fi\/product\/sp-10-male-fertility-rapid-test-cassette\/#primaryimage"},"image":{"@id":"https:\/\/healthwing.fi\/product\/sp-10-male-fertility-rapid-test-cassette\/#primaryimage"},"thumbnailUrl":"https:\/\/healthwing.fi\/wp-content\/uploads\/2023\/04\/Male-Fertility-test.jpg","datePublished":"2023-04-04T07:03:54+00:00","dateModified":"2025-07-24T19:48:21+00:00","breadcrumb":{"@id":"https:\/\/healthwing.fi\/product\/sp-10-male-fertility-rapid-test-cassette\/#breadcrumb"},"inLanguage":"sv-SE","potentialAction":[{"@type":"ReadAction","target":["https:\/\/healthwing.fi\/product\/sp-10-male-fertility-rapid-test-cassette\/"]}]},{"@type":"ImageObject","inLanguage":"sv-SE","@id":"https:\/\/healthwing.fi\/product\/sp-10-male-fertility-rapid-test-cassette\/#primaryimage","url":"https:\/\/healthwing.fi\/wp-content\/uploads\/2023\/04\/Male-Fertility-test.jpg","contentUrl":"https:\/\/healthwing.fi\/wp-content\/uploads\/2023\/04\/Male-Fertility-test.jpg","width":1067,"height":800},{"@type":"BreadcrumbList","@id":"https:\/\/healthwing.fi\/product\/sp-10-male-fertility-rapid-test-cassette\/#breadcrumb","itemListElement":[{"@type":"ListItem","position":1,"name":"Home","item":"https:\/\/healthwing.fi\/"},{"@type":"ListItem","position":2,"name":"Products","item":"https:\/\/healthwing.fi\/products\/"},{"@type":"ListItem","position":3,"name":"H&#038;W SP-10 Male Fertility Rapid Test Cassette (Semen)"}]},{"@type":"WebSite","@id":"https:\/\/healthwing.fi\/#website","url":"https:\/\/healthwing.fi\/","name":"H&W Biotech","description":"H&amp;W Biotech","publisher":{"@id":"https:\/\/healthwing.fi\/#organization"},"potentialAction":[{"@type":"SearchAction","target":{"@type":"EntryPoint","urlTemplate":"https:\/\/healthwing.fi\/?s={search_term_string}"},"query-input":{"@type":"PropertyValueSpecification","valueRequired":true,"valueName":"search_term_string"}}],"inLanguage":"sv-SE"},{"@type":"Organization","@id":"https:\/\/healthwing.fi\/#organization","name":"H&W Biotech","url":"https:\/\/healthwing.fi\/","logo":{"@type":"ImageObject","inLanguage":"sv-SE","@id":"https:\/\/healthwing.fi\/#\/schema\/logo\/image\/","url":"https:\/\/healthwing.fi\/wp-content\/uploads\/2022\/03\/HW-Biotech-logo.png","contentUrl":"https:\/\/healthwing.fi\/wp-content\/uploads\/2022\/03\/HW-Biotech-logo.png","width":275,"height":122,"caption":"H&W Biotech"},"image":{"@id":"https:\/\/healthwing.fi\/#\/schema\/logo\/image\/"},"sameAs":["https:\/\/www.facebook.com\/HWBiotechOy","https:\/\/www.linkedin.com\/company\/h-w-biotech-oy"]}]}},"_links":{"self":[{"href":"https:\/\/healthwing.fi\/sv\/wp-json\/wp\/v2\/product\/557","targetHints":{"allow":["GET"]}}],"collection":[{"href":"https:\/\/healthwing.fi\/sv\/wp-json\/wp\/v2\/product"}],"about":[{"href":"https:\/\/healthwing.fi\/sv\/wp-json\/wp\/v2\/types\/product"}],"wp:featuredmedia":[{"embeddable":true,"href":"https:\/\/healthwing.fi\/sv\/wp-json\/wp\/v2\/media\/559"}],"wp:attachment":[{"href":"https:\/\/healthwing.fi\/sv\/wp-json\/wp\/v2\/media?parent=557"}],"wp:term":[{"taxonomy":"product_brand","embeddable":true,"href":"https:\/\/healthwing.fi\/sv\/wp-json\/wp\/v2\/product_brand?post=557"},{"taxonomy":"product_cat","embeddable":true,"href":"https:\/\/healthwing.fi\/sv\/wp-json\/wp\/v2\/product_cat?post=557"},{"taxonomy":"product_tag","embeddable":true,"href":"https:\/\/healthwing.fi\/sv\/wp-json\/wp\/v2\/product_tag?post=557"}],"curies":[{"name":"wp","href":"https:\/\/api.w.org\/{rel}","templated":true}]}}