{"id":568,"date":"2023-04-20T13:07:53","date_gmt":"2023-04-20T11:07:53","guid":{"rendered":"https:\/\/healthwing.fi\/?post_type=product&#038;p=568"},"modified":"2025-07-24T21:48:03","modified_gmt":"2025-07-24T19:48:03","slug":"hw-pet-allergy-test","status":"publish","type":"product","link":"https:\/\/healthwing.fi\/sv\/product\/hw-pet-allergy-test\/","title":{"rendered":"P\u00e4lsdjursallergi snabbtest"},"content":{"rendered":"<p><a style=\"display: inline-flex; align-items: center; justify-content: center; padding: 12px 25px; background-color: rgba(78, 181, 173, 0.8); color: white; text-decoration: none; border-radius: 12px; cursor: pointer; box-shadow: 0px 4px 8px rgba(0,0,0,0.2); transition: background-color 0.3s ease, box-shadow 0.3s ease, transform 0.3s ease; font-size: 16px; line-height: 1.2; height: 48px;\" href=\"https:\/\/healthwing.fi\/wp-content\/uploads\/2025\/06\/IFU-PET-ALLERGY-ENG.pdf\" target=\"_blank\" rel=\"noopener\"><strong>Bruksanvisning<\/strong><\/a><\/p>\n<p><iframe title=\"Tuotteen esittely - H&amp;W Lemmikkiel\u00e4inallergia Pikatesti\" width=\"1020\" height=\"574\" src=\"https:\/\/www.youtube.com\/embed\/7Oi0iJ0lcBQ?feature=oembed\" frameborder=\"0\" allow=\"accelerometer; autoplay; clipboard-write; encrypted-media; gyroscope; picture-in-picture; web-share\" referrerpolicy=\"strict-origin-when-cross-origin\" allowfullscreen><\/iframe><\/p>","protected":false},"excerpt":{"rendered":"<p>Snabbtest f\u00f6r katt- och hundallergi (IgE)\nF\u00f6r kvalitativ best\u00e4mning av IgE-antikroppar mot katt- och hundmj\u00e4ll fr\u00e5n ett kapill\u00e4rt blodprov (fingerspetsen). Avsett som ett hj\u00e4lpmedel f\u00f6r att identifiera personer vars allergiska symtom kan bero p\u00e5 en typ I-\u00f6verk\u00e4nslighetsreaktion mot katt- eller hundmj\u00e4ll. F\u00f6r sj\u00e4lvtest och in vitro-diagnostiskt bruk.<\/p>\n<p>\u25cf Blodprov tas enkelt fr\u00e5n fingerspetsen.<br \/>\n\u25cf F\u00f6rpackningen inneh\u00e5ller allt som beh\u00f6vs.<br \/>\n\u25cf\u00a0Resultat inom 15 minuter.<br \/>\n\u25cf Resultatet avl\u00e4ses med hj\u00e4lp av f\u00e4rgade linjer p\u00e5 testkassetten<br \/>\n\u25cf CE-m\u00e4rkt (1434)<br \/>\n\u25cf Kliniskt testad (noggrannhet 98\u202f%).<\/p>\n<p>Produkten finns tillg\u00e4nglig p\u00e5 ett brett utbud av finska apotek, h\u00e4lsobutiker och n\u00e4tbutiker.<\/p>\n<p>Tillverkare: Microtrace Diagnostici Srl<\/p>","protected":false},"featured_media":694,"template":"","meta":{"_monsterinsights_skip_tracking":false,"_monsterinsights_sitenote_active":false,"_monsterinsights_sitenote_note":"","_monsterinsights_sitenote_category":0},"product_brand":[],"product_cat":[30,42],"product_tag":[],"class_list":{"0":"post-568","1":"product","2":"type-product","3":"status-publish","4":"has-post-thumbnail","6":"product_cat-home-test","7":"product_cat-allergy-test","9":"first","10":"instock","11":"taxable","12":"shipping-taxable","13":"product-type-simple"},"yoast_head":"<!-- This site is optimized with the Yoast SEO Premium plugin v22.8 (Yoast SEO v27.2) - https:\/\/yoast.com\/product\/yoast-seo-premium-wordpress\/ -->\n<title>H&amp;W Pet Allergy Test - H&amp;W Biotech<\/title>\n<meta name=\"robots\" content=\"index, follow, max-snippet:-1, max-image-preview:large, max-video-preview:-1\" \/>\n<link rel=\"canonical\" href=\"https:\/\/healthwing.fi\/sv\/product\/hw-pet-allergy-test\/\" \/>\n<meta property=\"og:locale\" content=\"sv_SE\" \/>\n<meta property=\"og:type\" content=\"article\" \/>\n<meta property=\"og:title\" content=\"H&amp;W Pet Allergy Test\" \/>\n<meta property=\"og:description\" content=\"For the qualitative determination of cat and dog dander IgE antibodies from a fingertip blood sample. Intended to assist in identifying patients whose allergic symptoms may be due to a type I hypersensitivity reaction to cat\/dog dander IgE antibodies. For self-administered testing and in vitro diagnostic use.  \u25cf Blood sample easily taken from the fingertip. \u25cf The package includes everything needed. \u25cf\u00a0Results in 15 minutes. \u25cf Results are read from the colored lines on the cassette. \u25cf CE-marked (1434). \u25cf Clinically tested (accuracy 98%).  The product can be conveniently found in an extensive range of Finnish pharmacies, health stores, and online shopping platforms.  Manufacturer: Microtrace Diagnostici Srl\" \/>\n<meta property=\"og:url\" content=\"https:\/\/healthwing.fi\/sv\/product\/hw-pet-allergy-test\/\" \/>\n<meta property=\"og:site_name\" content=\"H&amp;W Biotech\" \/>\n<meta property=\"article:publisher\" content=\"https:\/\/www.facebook.com\/HWBiotechOy\" \/>\n<meta property=\"article:modified_time\" content=\"2025-07-24T19:48:03+00:00\" \/>\n<meta property=\"og:image\" content=\"https:\/\/healthwing.fi\/wp-content\/uploads\/2023\/05\/Pet-allergy-test.jpg\" \/>\n\t<meta property=\"og:image:width\" content=\"2134\" \/>\n\t<meta property=\"og:image:height\" content=\"1600\" \/>\n\t<meta property=\"og:image:type\" content=\"image\/jpeg\" \/>\n<meta name=\"twitter:card\" content=\"summary_large_image\" \/>\n<meta name=\"twitter:label1\" content=\"Est. reading time\" \/>\n\t<meta name=\"twitter:data1\" content=\"1 minut\" \/>\n<script type=\"application\/ld+json\" class=\"yoast-schema-graph\">{\"@context\":\"https:\/\/schema.org\",\"@graph\":[{\"@type\":\"WebPage\",\"@id\":\"https:\/\/healthwing.fi\/product\/hw-pet-allergy-test\/\",\"url\":\"https:\/\/healthwing.fi\/product\/hw-pet-allergy-test\/\",\"name\":\"H&W Pet Allergy Test - H&amp;W Biotech\",\"isPartOf\":{\"@id\":\"https:\/\/healthwing.fi\/#website\"},\"primaryImageOfPage\":{\"@id\":\"https:\/\/healthwing.fi\/product\/hw-pet-allergy-test\/#primaryimage\"},\"image\":{\"@id\":\"https:\/\/healthwing.fi\/product\/hw-pet-allergy-test\/#primaryimage\"},\"thumbnailUrl\":\"https:\/\/healthwing.fi\/wp-content\/uploads\/2023\/05\/Pet-allergy-test.jpg\",\"datePublished\":\"2023-04-20T11:07:53+00:00\",\"dateModified\":\"2025-07-24T19:48:03+00:00\",\"breadcrumb\":{\"@id\":\"https:\/\/healthwing.fi\/product\/hw-pet-allergy-test\/#breadcrumb\"},\"inLanguage\":\"sv-SE\",\"potentialAction\":[{\"@type\":\"ReadAction\",\"target\":[\"https:\/\/healthwing.fi\/product\/hw-pet-allergy-test\/\"]}]},{\"@type\":\"ImageObject\",\"inLanguage\":\"sv-SE\",\"@id\":\"https:\/\/healthwing.fi\/product\/hw-pet-allergy-test\/#primaryimage\",\"url\":\"https:\/\/healthwing.fi\/wp-content\/uploads\/2023\/05\/Pet-allergy-test.jpg\",\"contentUrl\":\"https:\/\/healthwing.fi\/wp-content\/uploads\/2023\/05\/Pet-allergy-test.jpg\",\"width\":2134,\"height\":1600},{\"@type\":\"BreadcrumbList\",\"@id\":\"https:\/\/healthwing.fi\/product\/hw-pet-allergy-test\/#breadcrumb\",\"itemListElement\":[{\"@type\":\"ListItem\",\"position\":1,\"name\":\"Home\",\"item\":\"https:\/\/healthwing.fi\/\"},{\"@type\":\"ListItem\",\"position\":2,\"name\":\"Products\",\"item\":\"https:\/\/healthwing.fi\/products\/\"},{\"@type\":\"ListItem\",\"position\":3,\"name\":\"H&#038;W Pet Allergy Test\"}]},{\"@type\":\"WebSite\",\"@id\":\"https:\/\/healthwing.fi\/#website\",\"url\":\"https:\/\/healthwing.fi\/\",\"name\":\"H&W Biotech\",\"description\":\"H&amp;W Biotech\",\"publisher\":{\"@id\":\"https:\/\/healthwing.fi\/#organization\"},\"potentialAction\":[{\"@type\":\"SearchAction\",\"target\":{\"@type\":\"EntryPoint\",\"urlTemplate\":\"https:\/\/healthwing.fi\/?s={search_term_string}\"},\"query-input\":{\"@type\":\"PropertyValueSpecification\",\"valueRequired\":true,\"valueName\":\"search_term_string\"}}],\"inLanguage\":\"sv-SE\"},{\"@type\":\"Organization\",\"@id\":\"https:\/\/healthwing.fi\/#organization\",\"name\":\"H&W Biotech\",\"url\":\"https:\/\/healthwing.fi\/\",\"logo\":{\"@type\":\"ImageObject\",\"inLanguage\":\"sv-SE\",\"@id\":\"https:\/\/healthwing.fi\/#\/schema\/logo\/image\/\",\"url\":\"https:\/\/healthwing.fi\/wp-content\/uploads\/2022\/03\/HW-Biotech-logo.png\",\"contentUrl\":\"https:\/\/healthwing.fi\/wp-content\/uploads\/2022\/03\/HW-Biotech-logo.png\",\"width\":275,\"height\":122,\"caption\":\"H&W Biotech\"},\"image\":{\"@id\":\"https:\/\/healthwing.fi\/#\/schema\/logo\/image\/\"},\"sameAs\":[\"https:\/\/www.facebook.com\/HWBiotechOy\",\"https:\/\/www.linkedin.com\/company\/h-w-biotech-oy\"]}]}<\/script>\n<!-- \/ Yoast SEO Premium plugin. -->","yoast_head_json":{"title":"H&W Pet Allergy Test - H&amp;W Biotech","robots":{"index":"index","follow":"follow","max-snippet":"max-snippet:-1","max-image-preview":"max-image-preview:large","max-video-preview":"max-video-preview:-1"},"canonical":"https:\/\/healthwing.fi\/sv\/product\/hw-pet-allergy-test\/","og_locale":"sv_SE","og_type":"article","og_title":"H&W Pet Allergy Test","og_description":"For the qualitative determination of cat and dog dander IgE antibodies from a fingertip blood sample. Intended to assist in identifying patients whose allergic symptoms may be due to a type I hypersensitivity reaction to cat\/dog dander IgE antibodies. For self-administered testing and in vitro diagnostic use.  \u25cf Blood sample easily taken from the fingertip. \u25cf The package includes everything needed. \u25cf\u00a0Results in 15 minutes. \u25cf Results are read from the colored lines on the cassette. \u25cf CE-marked (1434). \u25cf Clinically tested (accuracy 98%).  The product can be conveniently found in an extensive range of Finnish pharmacies, health stores, and online shopping platforms.  Manufacturer: Microtrace Diagnostici Srl","og_url":"https:\/\/healthwing.fi\/sv\/product\/hw-pet-allergy-test\/","og_site_name":"H&amp;W Biotech","article_publisher":"https:\/\/www.facebook.com\/HWBiotechOy","article_modified_time":"2025-07-24T19:48:03+00:00","og_image":[{"width":2134,"height":1600,"url":"https:\/\/healthwing.fi\/wp-content\/uploads\/2023\/05\/Pet-allergy-test.jpg","type":"image\/jpeg"}],"twitter_card":"summary_large_image","twitter_misc":{"Est. reading time":"1 minut"},"schema":{"@context":"https:\/\/schema.org","@graph":[{"@type":"WebPage","@id":"https:\/\/healthwing.fi\/product\/hw-pet-allergy-test\/","url":"https:\/\/healthwing.fi\/product\/hw-pet-allergy-test\/","name":"H&W Pet Allergy Test - H&amp;W Biotech","isPartOf":{"@id":"https:\/\/healthwing.fi\/#website"},"primaryImageOfPage":{"@id":"https:\/\/healthwing.fi\/product\/hw-pet-allergy-test\/#primaryimage"},"image":{"@id":"https:\/\/healthwing.fi\/product\/hw-pet-allergy-test\/#primaryimage"},"thumbnailUrl":"https:\/\/healthwing.fi\/wp-content\/uploads\/2023\/05\/Pet-allergy-test.jpg","datePublished":"2023-04-20T11:07:53+00:00","dateModified":"2025-07-24T19:48:03+00:00","breadcrumb":{"@id":"https:\/\/healthwing.fi\/product\/hw-pet-allergy-test\/#breadcrumb"},"inLanguage":"sv-SE","potentialAction":[{"@type":"ReadAction","target":["https:\/\/healthwing.fi\/product\/hw-pet-allergy-test\/"]}]},{"@type":"ImageObject","inLanguage":"sv-SE","@id":"https:\/\/healthwing.fi\/product\/hw-pet-allergy-test\/#primaryimage","url":"https:\/\/healthwing.fi\/wp-content\/uploads\/2023\/05\/Pet-allergy-test.jpg","contentUrl":"https:\/\/healthwing.fi\/wp-content\/uploads\/2023\/05\/Pet-allergy-test.jpg","width":2134,"height":1600},{"@type":"BreadcrumbList","@id":"https:\/\/healthwing.fi\/product\/hw-pet-allergy-test\/#breadcrumb","itemListElement":[{"@type":"ListItem","position":1,"name":"Home","item":"https:\/\/healthwing.fi\/"},{"@type":"ListItem","position":2,"name":"Products","item":"https:\/\/healthwing.fi\/products\/"},{"@type":"ListItem","position":3,"name":"H&#038;W Pet Allergy Test"}]},{"@type":"WebSite","@id":"https:\/\/healthwing.fi\/#website","url":"https:\/\/healthwing.fi\/","name":"H&W Biotech","description":"H&amp;W Biotech","publisher":{"@id":"https:\/\/healthwing.fi\/#organization"},"potentialAction":[{"@type":"SearchAction","target":{"@type":"EntryPoint","urlTemplate":"https:\/\/healthwing.fi\/?s={search_term_string}"},"query-input":{"@type":"PropertyValueSpecification","valueRequired":true,"valueName":"search_term_string"}}],"inLanguage":"sv-SE"},{"@type":"Organization","@id":"https:\/\/healthwing.fi\/#organization","name":"H&W Biotech","url":"https:\/\/healthwing.fi\/","logo":{"@type":"ImageObject","inLanguage":"sv-SE","@id":"https:\/\/healthwing.fi\/#\/schema\/logo\/image\/","url":"https:\/\/healthwing.fi\/wp-content\/uploads\/2022\/03\/HW-Biotech-logo.png","contentUrl":"https:\/\/healthwing.fi\/wp-content\/uploads\/2022\/03\/HW-Biotech-logo.png","width":275,"height":122,"caption":"H&W Biotech"},"image":{"@id":"https:\/\/healthwing.fi\/#\/schema\/logo\/image\/"},"sameAs":["https:\/\/www.facebook.com\/HWBiotechOy","https:\/\/www.linkedin.com\/company\/h-w-biotech-oy"]}]}},"_links":{"self":[{"href":"https:\/\/healthwing.fi\/sv\/wp-json\/wp\/v2\/product\/568","targetHints":{"allow":["GET"]}}],"collection":[{"href":"https:\/\/healthwing.fi\/sv\/wp-json\/wp\/v2\/product"}],"about":[{"href":"https:\/\/healthwing.fi\/sv\/wp-json\/wp\/v2\/types\/product"}],"wp:featuredmedia":[{"embeddable":true,"href":"https:\/\/healthwing.fi\/sv\/wp-json\/wp\/v2\/media\/694"}],"wp:attachment":[{"href":"https:\/\/healthwing.fi\/sv\/wp-json\/wp\/v2\/media?parent=568"}],"wp:term":[{"taxonomy":"product_brand","embeddable":true,"href":"https:\/\/healthwing.fi\/sv\/wp-json\/wp\/v2\/product_brand?post=568"},{"taxonomy":"product_cat","embeddable":true,"href":"https:\/\/healthwing.fi\/sv\/wp-json\/wp\/v2\/product_cat?post=568"},{"taxonomy":"product_tag","embeddable":true,"href":"https:\/\/healthwing.fi\/sv\/wp-json\/wp\/v2\/product_tag?post=568"}],"curies":[{"name":"wp","href":"https:\/\/api.w.org\/{rel}","templated":true}]}}