{"id":581,"date":"2023-05-09T20:53:23","date_gmt":"2023-05-09T18:53:23","guid":{"rendered":"https:\/\/healthwing.fi\/?post_type=product&#038;p=581"},"modified":"2025-08-20T09:53:26","modified_gmt":"2025-08-20T07:53:26","slug":"hw-celiac-test","status":"publish","type":"product","link":"https:\/\/healthwing.fi\/sv\/product\/hw-celiac-test\/","title":{"rendered":"H&amp;W Celiakitest"},"content":{"rendered":"<p><a style=\"display: inline-flex; align-items: center; justify-content: center; padding: 12px 25px; background-color: rgba(78, 181, 173, 0.8); color: white; text-decoration: none; border-radius: 12px; cursor: pointer; box-shadow: 0px 4px 8px rgba(0,0,0,0.2); transition: background-color 0.3s ease, box-shadow 0.3s ease, transform 0.3s ease; font-size: 16px; line-height: 1.2; height: 48px;\" href=\"https:\/\/healthwing.fi\/wp-content\/uploads\/2025\/06\/IFU-HW-CELIAC-TEST_English.pdf\" target=\"_blank\" rel=\"noopener\"><strong>Bruksanvisning<\/strong><\/a><\/p>\n<div style=\"width: 1020px;\" class=\"wp-video\"><video class=\"wp-video-shortcode\" id=\"video-581-1\" width=\"1020\" height=\"574\" preload=\"metadata\" controls=\"controls\"><source type=\"video\/mp4\" src=\"https:\/\/healthwing.fi\/wp-content\/uploads\/2025\/08\/Celiac-test-video.mp4?_=1\" \/><a href=\"https:\/\/healthwing.fi\/wp-content\/uploads\/2025\/08\/Celiac-test-video.mp4\">https:\/\/healthwing.fi\/wp-content\/uploads\/2025\/08\/Celiac-test-video.mp4<\/a><\/video><\/div>\n&nbsp;<\/p>","protected":false},"excerpt":{"rendered":"<p><span style=\"font-weight: 400;\">Celiaki \u00e4r en livsl\u00e5ng autoimmun sjukdom d\u00e4r livsmedel som inneh\u00e5ller gluten (t.ex. vete, korn och r\u00e5g) orsakar en inflammatorisk reaktion i tunntarmen. Detta skadar tarmluddet och f\u00f6rs\u00e4mrar n\u00e4ringsupptagningen.<\/span><\/p>\n<p><span style=\"font-weight: 400;\">Symtom p\u00e5 celiaki kan vara:<\/span><\/p>\n<ul>\n<li style=\"font-weight: 400;\" aria-level=\"1\"><span style=\"font-weight: 400;\">Mag-tarmsymtom som diarr\u00e9, luft i magen eller magsm\u00e4rtor<\/span><\/li>\n<li style=\"font-weight: 400;\" aria-level=\"1\"><span style=\"font-weight: 400;\">Viktnedg\u00e5ng och malabsorption<\/span><\/li>\n<li style=\"font-weight: 400;\" aria-level=\"1\"><span style=\"font-weight: 400;\">Hudutslag (kliande och sm\u00e5bl\u00e5sigt)<\/span><\/li>\n<li style=\"font-weight: 400;\" aria-level=\"1\"><span style=\"font-weight: 400;\">Tillv\u00e4xtrubbningar, bensk\u00f6rhet, ledsm\u00e4rta<\/span><\/li>\n<li style=\"font-weight: 400;\" aria-level=\"1\"><span style=\"font-weight: 400;\">Symtomen kan ocks\u00e5 vara milda eller helt utebli.<\/span><\/li>\n<\/ul>\n<p><span style=\"font-weight: 400;\">H&amp;W Celiakitest bygger p\u00e5 ett immunokromatografiskt test av ett kapill\u00e4rblodprov (fr\u00e5n fingertoppen) som p\u00e5visar:<\/span><\/p>\n<ul>\n<li style=\"font-weight: 400;\" aria-level=\"1\"><span style=\"font-weight: 400;\">Transglutaminasantikroppar (tTG), IgA<\/span><\/li>\n<li style=\"font-weight: 400;\" aria-level=\"1\"><span style=\"font-weight: 400;\">Modifierade peptidgliadinantikroppar, IgA<\/span><\/li>\n<\/ul>\n<p><span style=\"font-weight: 400;\">F\u00f6rdelar med testet<\/span><\/p>\n<ul>\n<li style=\"font-weight: 400;\" aria-level=\"1\"><span style=\"font-weight: 400;\">Blodprov enkelt fr\u00e5n fingertoppen<\/span><\/li>\n<li style=\"font-weight: 400;\" aria-level=\"1\"><span style=\"font-weight: 400;\">Resultat p\u00e5 15 minuter<\/span><\/li>\n<li style=\"font-weight: 400;\" aria-level=\"1\"><span style=\"font-weight: 400;\">CE-m\u00e4rkt (1434)<\/span><\/li>\n<li style=\"font-weight: 400;\" aria-level=\"1\"><span style=\"font-weight: 400;\">Kliniskt testat (noggrannhet 98 %)<\/span><\/li>\n<li style=\"font-weight: 400;\" aria-level=\"1\"><span style=\"font-weight: 400;\">F\u00f6rpackningen inneh\u00e5ller allt som beh\u00f6vs<\/span><\/li>\n<\/ul>\n<p><span style=\"font-weight: 400;\">Viktig information:<\/span><\/p>\n<p><span style=\"font-weight: 400;\">Den slutgiltiga diagnosen st\u00e4lls alltid av en l\u00e4kare. Det \u00e4r dessutom viktigt att f\u00e5 diagnosen registrerad inom v\u00e5rden. Den enda behandlingen f\u00f6r celiaki \u00e4r en livsl\u00e5ng, strikt glutenfri kost. D\u00e4rf\u00f6r \u00e4r b\u00e5de l\u00e4karens diagnos och dietistens kostr\u00e5dgivning viktiga. B\u00f6rja inte med glutenfri kost p\u00e5 egen hand f\u00f6re laboratorieunders\u00f6kningar, eftersom detta kan f\u00f6rsv\u00e5ra en korrekt diagnos.<\/span><\/p>\n<p><span style=\"font-weight: 400;\">Testet finns att k\u00f6pas p\u00e5 m\u00e5nga apotek (samt deras n\u00e4tbutiker) runtom i Finland.<\/span><\/p>\n<p><span style=\"font-weight: 400;\">Tillverkare: Microtrace Diagnostici Srl<\/span><\/p>\n<p><span style=\"font-weight: 400;\">Testet \u00e4r en IVD-medicinteknisk produkt avsedd f\u00f6r sj\u00e4lvtestning.<\/span><\/p>","protected":false},"featured_media":693,"template":"","meta":{"_monsterinsights_skip_tracking":false,"_monsterinsights_sitenote_active":false,"_monsterinsights_sitenote_note":"","_monsterinsights_sitenote_category":0},"product_brand":[],"product_cat":[30,40],"product_tag":[],"class_list":{"0":"post-581","1":"product","2":"type-product","3":"status-publish","4":"has-post-thumbnail","6":"product_cat-home-test","7":"product_cat-stomach-and-bowel-disease-tests","9":"first","10":"instock","11":"taxable","12":"shipping-taxable","13":"product-type-simple"},"yoast_head":"<!-- This site is optimized with the Yoast SEO Premium plugin v22.8 (Yoast SEO v27.2) - https:\/\/yoast.com\/product\/yoast-seo-premium-wordpress\/ -->\n<title>H&amp;W Celiac Test - H&amp;W Biotech<\/title>\n<meta name=\"robots\" content=\"index, follow, max-snippet:-1, max-image-preview:large, max-video-preview:-1\" \/>\n<link rel=\"canonical\" href=\"https:\/\/healthwing.fi\/sv\/product\/hw-celiac-test\/\" \/>\n<meta property=\"og:locale\" content=\"sv_SE\" \/>\n<meta property=\"og:type\" content=\"article\" \/>\n<meta property=\"og:title\" content=\"H&amp;W Celiac Test\" \/>\n<meta property=\"og:description\" content=\"Celiac disease is a lifelong autoimmune condition where foods containing gluten (e.g., wheat, barley, and rye) trigger an inflammatory reaction in the small intestine. This damages the intestinal villi and reduces nutrient absorption.  Symptoms of celiac disease may include:   Digestive issues such as diarrhea, bloating, or abdominal pain  Weight loss and malabsorption  Skin symptoms (itchy, blister-like rash)  Growth problems, osteoporosis, joint pain  Symptoms may also be mild or completely absent.  H&amp;W Celiac Test is based on an immunochromatographic assay from a fingertip blood sample, detecting:   Tissue transglutaminase (tTG) antibodies (IgA)  Modified peptide gliadin antibodies (IgA)  Advantages of the test   Simple fingertip blood sample  Results in 15 minutes  CE-marked (1434)  Clinically tested (accuracy 98%)  Test kit includes all necessary materials  Important information:  The final diagnosis must always be made by a medical professional. Moreover, an official diagnosis ensures proper medical records. The only treatment for celiac disease is a lifelong strict gluten-free diet, making both the doctor\u2019s diagnosis and dietary counseling essential. Do not start a gluten-free diet before laboratory testing, as it may prevent an accurate diagnosis.  The test is available in many Finnish pharmacies and their online stores.  Manufacturer: Microtrace Diagnostici Srl  The test is an IVD-medical device intended for self-testing\" \/>\n<meta property=\"og:url\" content=\"https:\/\/healthwing.fi\/sv\/product\/hw-celiac-test\/\" \/>\n<meta property=\"og:site_name\" content=\"H&amp;W Biotech\" \/>\n<meta property=\"article:publisher\" content=\"https:\/\/www.facebook.com\/HWBiotechOy\" \/>\n<meta property=\"article:modified_time\" content=\"2025-08-20T07:53:26+00:00\" \/>\n<meta property=\"og:image\" content=\"https:\/\/healthwing.fi\/wp-content\/uploads\/2023\/05\/Celiac-test.jpg\" \/>\n\t<meta property=\"og:image:width\" content=\"2134\" \/>\n\t<meta property=\"og:image:height\" content=\"1600\" \/>\n\t<meta property=\"og:image:type\" content=\"image\/jpeg\" \/>\n<meta name=\"twitter:card\" content=\"summary_large_image\" \/>\n<meta name=\"twitter:label1\" content=\"Est. reading time\" \/>\n\t<meta name=\"twitter:data1\" content=\"1 minut\" \/>\n<script type=\"application\/ld+json\" class=\"yoast-schema-graph\">{\"@context\":\"https:\/\/schema.org\",\"@graph\":[{\"@type\":\"WebPage\",\"@id\":\"https:\/\/healthwing.fi\/product\/hw-celiac-test\/\",\"url\":\"https:\/\/healthwing.fi\/product\/hw-celiac-test\/\",\"name\":\"H&W Celiac Test - H&amp;W Biotech\",\"isPartOf\":{\"@id\":\"https:\/\/healthwing.fi\/#website\"},\"primaryImageOfPage\":{\"@id\":\"https:\/\/healthwing.fi\/product\/hw-celiac-test\/#primaryimage\"},\"image\":{\"@id\":\"https:\/\/healthwing.fi\/product\/hw-celiac-test\/#primaryimage\"},\"thumbnailUrl\":\"https:\/\/healthwing.fi\/wp-content\/uploads\/2023\/05\/Celiac-test.jpg\",\"datePublished\":\"2023-05-09T18:53:23+00:00\",\"dateModified\":\"2025-08-20T07:53:26+00:00\",\"breadcrumb\":{\"@id\":\"https:\/\/healthwing.fi\/product\/hw-celiac-test\/#breadcrumb\"},\"inLanguage\":\"sv-SE\",\"potentialAction\":[{\"@type\":\"ReadAction\",\"target\":[\"https:\/\/healthwing.fi\/product\/hw-celiac-test\/\"]}]},{\"@type\":\"ImageObject\",\"inLanguage\":\"sv-SE\",\"@id\":\"https:\/\/healthwing.fi\/product\/hw-celiac-test\/#primaryimage\",\"url\":\"https:\/\/healthwing.fi\/wp-content\/uploads\/2023\/05\/Celiac-test.jpg\",\"contentUrl\":\"https:\/\/healthwing.fi\/wp-content\/uploads\/2023\/05\/Celiac-test.jpg\",\"width\":2134,\"height\":1600},{\"@type\":\"BreadcrumbList\",\"@id\":\"https:\/\/healthwing.fi\/product\/hw-celiac-test\/#breadcrumb\",\"itemListElement\":[{\"@type\":\"ListItem\",\"position\":1,\"name\":\"Home\",\"item\":\"https:\/\/healthwing.fi\/\"},{\"@type\":\"ListItem\",\"position\":2,\"name\":\"Products\",\"item\":\"https:\/\/healthwing.fi\/products\/\"},{\"@type\":\"ListItem\",\"position\":3,\"name\":\"H&#038;W Celiac Test\"}]},{\"@type\":\"WebSite\",\"@id\":\"https:\/\/healthwing.fi\/#website\",\"url\":\"https:\/\/healthwing.fi\/\",\"name\":\"H&W Biotech\",\"description\":\"H&amp;W Biotech\",\"publisher\":{\"@id\":\"https:\/\/healthwing.fi\/#organization\"},\"potentialAction\":[{\"@type\":\"SearchAction\",\"target\":{\"@type\":\"EntryPoint\",\"urlTemplate\":\"https:\/\/healthwing.fi\/?s={search_term_string}\"},\"query-input\":{\"@type\":\"PropertyValueSpecification\",\"valueRequired\":true,\"valueName\":\"search_term_string\"}}],\"inLanguage\":\"sv-SE\"},{\"@type\":\"Organization\",\"@id\":\"https:\/\/healthwing.fi\/#organization\",\"name\":\"H&W Biotech\",\"url\":\"https:\/\/healthwing.fi\/\",\"logo\":{\"@type\":\"ImageObject\",\"inLanguage\":\"sv-SE\",\"@id\":\"https:\/\/healthwing.fi\/#\/schema\/logo\/image\/\",\"url\":\"https:\/\/healthwing.fi\/wp-content\/uploads\/2022\/03\/HW-Biotech-logo.png\",\"contentUrl\":\"https:\/\/healthwing.fi\/wp-content\/uploads\/2022\/03\/HW-Biotech-logo.png\",\"width\":275,\"height\":122,\"caption\":\"H&W Biotech\"},\"image\":{\"@id\":\"https:\/\/healthwing.fi\/#\/schema\/logo\/image\/\"},\"sameAs\":[\"https:\/\/www.facebook.com\/HWBiotechOy\",\"https:\/\/www.linkedin.com\/company\/h-w-biotech-oy\"]}]}<\/script>\n<!-- \/ Yoast SEO Premium plugin. -->","yoast_head_json":{"title":"H&W Celiac Test - H&amp;W Biotech","robots":{"index":"index","follow":"follow","max-snippet":"max-snippet:-1","max-image-preview":"max-image-preview:large","max-video-preview":"max-video-preview:-1"},"canonical":"https:\/\/healthwing.fi\/sv\/product\/hw-celiac-test\/","og_locale":"sv_SE","og_type":"article","og_title":"H&W Celiac Test","og_description":"Celiac disease is a lifelong autoimmune condition where foods containing gluten (e.g., wheat, barley, and rye) trigger an inflammatory reaction in the small intestine. This damages the intestinal villi and reduces nutrient absorption.  Symptoms of celiac disease may include:   Digestive issues such as diarrhea, bloating, or abdominal pain  Weight loss and malabsorption  Skin symptoms (itchy, blister-like rash)  Growth problems, osteoporosis, joint pain  Symptoms may also be mild or completely absent.  H&amp;W Celiac Test is based on an immunochromatographic assay from a fingertip blood sample, detecting:   Tissue transglutaminase (tTG) antibodies (IgA)  Modified peptide gliadin antibodies (IgA)  Advantages of the test   Simple fingertip blood sample  Results in 15 minutes  CE-marked (1434)  Clinically tested (accuracy 98%)  Test kit includes all necessary materials  Important information:  The final diagnosis must always be made by a medical professional. Moreover, an official diagnosis ensures proper medical records. The only treatment for celiac disease is a lifelong strict gluten-free diet, making both the doctor\u2019s diagnosis and dietary counseling essential. Do not start a gluten-free diet before laboratory testing, as it may prevent an accurate diagnosis.  The test is available in many Finnish pharmacies and their online stores.  Manufacturer: Microtrace Diagnostici Srl  The test is an IVD-medical device intended for self-testing","og_url":"https:\/\/healthwing.fi\/sv\/product\/hw-celiac-test\/","og_site_name":"H&amp;W Biotech","article_publisher":"https:\/\/www.facebook.com\/HWBiotechOy","article_modified_time":"2025-08-20T07:53:26+00:00","og_image":[{"width":2134,"height":1600,"url":"https:\/\/healthwing.fi\/wp-content\/uploads\/2023\/05\/Celiac-test.jpg","type":"image\/jpeg"}],"twitter_card":"summary_large_image","twitter_misc":{"Est. reading time":"1 minut"},"schema":{"@context":"https:\/\/schema.org","@graph":[{"@type":"WebPage","@id":"https:\/\/healthwing.fi\/product\/hw-celiac-test\/","url":"https:\/\/healthwing.fi\/product\/hw-celiac-test\/","name":"H&W Celiac Test - H&amp;W Biotech","isPartOf":{"@id":"https:\/\/healthwing.fi\/#website"},"primaryImageOfPage":{"@id":"https:\/\/healthwing.fi\/product\/hw-celiac-test\/#primaryimage"},"image":{"@id":"https:\/\/healthwing.fi\/product\/hw-celiac-test\/#primaryimage"},"thumbnailUrl":"https:\/\/healthwing.fi\/wp-content\/uploads\/2023\/05\/Celiac-test.jpg","datePublished":"2023-05-09T18:53:23+00:00","dateModified":"2025-08-20T07:53:26+00:00","breadcrumb":{"@id":"https:\/\/healthwing.fi\/product\/hw-celiac-test\/#breadcrumb"},"inLanguage":"sv-SE","potentialAction":[{"@type":"ReadAction","target":["https:\/\/healthwing.fi\/product\/hw-celiac-test\/"]}]},{"@type":"ImageObject","inLanguage":"sv-SE","@id":"https:\/\/healthwing.fi\/product\/hw-celiac-test\/#primaryimage","url":"https:\/\/healthwing.fi\/wp-content\/uploads\/2023\/05\/Celiac-test.jpg","contentUrl":"https:\/\/healthwing.fi\/wp-content\/uploads\/2023\/05\/Celiac-test.jpg","width":2134,"height":1600},{"@type":"BreadcrumbList","@id":"https:\/\/healthwing.fi\/product\/hw-celiac-test\/#breadcrumb","itemListElement":[{"@type":"ListItem","position":1,"name":"Home","item":"https:\/\/healthwing.fi\/"},{"@type":"ListItem","position":2,"name":"Products","item":"https:\/\/healthwing.fi\/products\/"},{"@type":"ListItem","position":3,"name":"H&#038;W Celiac Test"}]},{"@type":"WebSite","@id":"https:\/\/healthwing.fi\/#website","url":"https:\/\/healthwing.fi\/","name":"H&W Biotech","description":"H&amp;W Biotech","publisher":{"@id":"https:\/\/healthwing.fi\/#organization"},"potentialAction":[{"@type":"SearchAction","target":{"@type":"EntryPoint","urlTemplate":"https:\/\/healthwing.fi\/?s={search_term_string}"},"query-input":{"@type":"PropertyValueSpecification","valueRequired":true,"valueName":"search_term_string"}}],"inLanguage":"sv-SE"},{"@type":"Organization","@id":"https:\/\/healthwing.fi\/#organization","name":"H&W Biotech","url":"https:\/\/healthwing.fi\/","logo":{"@type":"ImageObject","inLanguage":"sv-SE","@id":"https:\/\/healthwing.fi\/#\/schema\/logo\/image\/","url":"https:\/\/healthwing.fi\/wp-content\/uploads\/2022\/03\/HW-Biotech-logo.png","contentUrl":"https:\/\/healthwing.fi\/wp-content\/uploads\/2022\/03\/HW-Biotech-logo.png","width":275,"height":122,"caption":"H&W Biotech"},"image":{"@id":"https:\/\/healthwing.fi\/#\/schema\/logo\/image\/"},"sameAs":["https:\/\/www.facebook.com\/HWBiotechOy","https:\/\/www.linkedin.com\/company\/h-w-biotech-oy"]}]}},"_links":{"self":[{"href":"https:\/\/healthwing.fi\/sv\/wp-json\/wp\/v2\/product\/581","targetHints":{"allow":["GET"]}}],"collection":[{"href":"https:\/\/healthwing.fi\/sv\/wp-json\/wp\/v2\/product"}],"about":[{"href":"https:\/\/healthwing.fi\/sv\/wp-json\/wp\/v2\/types\/product"}],"wp:featuredmedia":[{"embeddable":true,"href":"https:\/\/healthwing.fi\/sv\/wp-json\/wp\/v2\/media\/693"}],"wp:attachment":[{"href":"https:\/\/healthwing.fi\/sv\/wp-json\/wp\/v2\/media?parent=581"}],"wp:term":[{"taxonomy":"product_brand","embeddable":true,"href":"https:\/\/healthwing.fi\/sv\/wp-json\/wp\/v2\/product_brand?post=581"},{"taxonomy":"product_cat","embeddable":true,"href":"https:\/\/healthwing.fi\/sv\/wp-json\/wp\/v2\/product_cat?post=581"},{"taxonomy":"product_tag","embeddable":true,"href":"https:\/\/healthwing.fi\/sv\/wp-json\/wp\/v2\/product_tag?post=581"}],"curies":[{"name":"wp","href":"https:\/\/api.w.org\/{rel}","templated":true}]}}