{"id":585,"date":"2023-05-09T21:38:24","date_gmt":"2023-05-09T19:38:24","guid":{"rendered":"https:\/\/healthwing.fi\/?post_type=product&#038;p=585"},"modified":"2025-07-24T21:47:11","modified_gmt":"2025-07-24T19:47:11","slug":"hw-fob-rapid-test-cassette","status":"publish","type":"product","link":"https:\/\/healthwing.fi\/sv\/product\/hw-fob-rapid-test-cassette\/","title":{"rendered":"Fekalt blod snabbtest"},"content":{"rendered":"<p><a style=\"display: inline-flex; align-items: center; justify-content: center; padding: 12px 25px; background-color: rgba(78, 181, 173, 0.8); color: white; text-decoration: none; border-radius: 12px; cursor: pointer; box-shadow: 0px 4px 8px rgba(0,0,0,0.2); transition: background-color 0.3s ease, box-shadow 0.3s ease, transform 0.3s ease; font-size: 16px; line-height: 1.2; height: 48px;\" href=\"https:\/\/healthwing.fi\/wp-content\/uploads\/2025\/06\/TFO-602H-IFU.pdf\" target=\"_blank\" rel=\"noopener\"><strong>Bruksanvisning<\/strong><\/a><\/p>\n<p><iframe title=\"Tuotteen esittely - H&amp;W Ulosteen piilev\u00e4 veri pikatesti\" width=\"1020\" height=\"574\" src=\"https:\/\/www.youtube.com\/embed\/bBrjKSbeqzI?feature=oembed\" frameborder=\"0\" allow=\"accelerometer; autoplay; clipboard-write; encrypted-media; gyroscope; picture-in-picture; web-share\" referrerpolicy=\"strict-origin-when-cross-origin\" allowfullscreen><\/iframe><\/p>","protected":false},"excerpt":{"rendered":"<p>Fekalt blod snabbtest \u00e4r ett snabbt kromatografiskt immunanalystest f\u00f6r kvalitativ detektion av m\u00e4nskligt dolt blod i avf\u00f6ring.<\/p>\n<div class=\"page\" title=\"Page 1\">\n<div class=\"layoutArea\">\n<div class=\"column\">\n<p>M\u00e5nga sjukdomar kan orsaka dolt blod i avf\u00f6ringen. I ett tidigt skede kan mag-tarmsjukdomar som tjocktarmscancer, s\u00e5r, polyper, kolit, divertikulit och sprickor sakna synliga symtom, men kan ge upphov till dolt blod i avf\u00f6ringen. Traditionella guaiac-baserade metoder har bristande k\u00e4nslighet och specificitet, och kr\u00e4ver dessutom kostrestriktioner f\u00f6re testning.<\/p>\n<p>Fekalt blod snabbtest \u00e4r ett kvalitativt test som uppt\u00e4cker l\u00e5ga niv\u00e5er av fekalt dolt blod. Testet anv\u00e4nder sig av en dubbel antikropps-sandwichmetod f\u00f6r att selektivt detektera fekalt dolt blod vid 50 ng\/mL eller h\u00f6gre, eller 6 \u03bcg\/g avf\u00f6ring. Till skillnad fr\u00e5n guaiac-baserade tester p\u00e5verkas testets noggrannhet inte av patientens kost.<\/p>\n<div class=\"product-short-description\">\n<p>CE-m\u00e4rkt (0123) In vitro-diagnostiskt sj\u00e4lvtest f\u00f6r hemmabruk.<\/p>\n<p>\u221a Tillf\u00f6rlitligt: K\u00e4nslighet: 98,4\u202f% ; Specificitet: 99,3\u202f%<br \/>\n\u221a Enkelt: Kan utf\u00f6ras i n\u00e5gra f\u00e5 steg<br \/>\n\u221a Diskret: Kan utf\u00f6ras i lugn och ro i hemmet<\/p>\n<p>Tillverkare: Hangzhou AllTest Biotech Co., Ltd<\/p>\n<\/div>\n<div class=\"product_meta\"><\/div>\n<\/div>\n<\/div>\n<\/div>","protected":false},"featured_media":587,"template":"","meta":{"_monsterinsights_skip_tracking":false,"_monsterinsights_sitenote_active":false,"_monsterinsights_sitenote_note":"","_monsterinsights_sitenote_category":0},"product_brand":[],"product_cat":[30,40],"product_tag":[],"class_list":{"0":"post-585","1":"product","2":"type-product","3":"status-publish","4":"has-post-thumbnail","6":"product_cat-home-test","7":"product_cat-stomach-and-bowel-disease-tests","9":"first","10":"instock","11":"taxable","12":"shipping-taxable","13":"product-type-simple"},"yoast_head":"<!-- This site is optimized with the Yoast SEO Premium plugin v22.8 (Yoast SEO v27.2) - https:\/\/yoast.com\/product\/yoast-seo-premium-wordpress\/ -->\n<title>H&amp;W FOB Rapid Test Cassette - H&amp;W Biotech<\/title>\n<meta name=\"robots\" content=\"index, follow, max-snippet:-1, max-image-preview:large, max-video-preview:-1\" \/>\n<link rel=\"canonical\" href=\"https:\/\/healthwing.fi\/sv\/product\/hw-fob-rapid-test-cassette\/\" \/>\n<meta property=\"og:locale\" content=\"sv_SE\" \/>\n<meta property=\"og:type\" content=\"article\" \/>\n<meta property=\"og:title\" content=\"H&amp;W FOB Rapid Test Cassette\" \/>\n<meta property=\"og:description\" content=\"The FOB Rapid Test Cassette (Feces) is a rapid chromatographic immunoassay for the qualitative detection of Human Occult Blood in feces.     Many diseases can cause hidden blood in the feces. This is also known as Fecal Occult Blood (FOB), Human Occult Blood, or Human Hemoglobin. In the early stages, gastrointestinal problems such as colon cancer, ulcers, polyps, colitis, diverticulitis, and fissures may not show any visible symptoms, but only occult blood. Traditional guaiac-based methods lack sensitivity and specificity, and also have diet restrictions prior to testing.  The FOB Rapid Test Cassette (Feces) is a rapid test to qualitatively detect low levels of Fecal Occult Blood. The test uses a double antibody sandwich assay to selectively detect Fecal Occult Blood at 50 ng\/mL or higher, or 6 \u03bcg\/g feces. In addition, unlike guaiac assays, the accuracy of the test is not affected by the diet of the patients.   CE marked (0123) In vitro diagnostic medical device for self-testing.  \u221a Reliable: Sensitivity: 98.4% ; Specificity: 99.3% \u221a Easy: Can be performed in simple steps \u221a Confidentiality: Can be performed in the privacy  Manufacturer: Hangzhou AllTest Biotech Co., Ltd\" \/>\n<meta property=\"og:url\" content=\"https:\/\/healthwing.fi\/sv\/product\/hw-fob-rapid-test-cassette\/\" \/>\n<meta property=\"og:site_name\" content=\"H&amp;W Biotech\" \/>\n<meta property=\"article:publisher\" content=\"https:\/\/www.facebook.com\/HWBiotechOy\" \/>\n<meta property=\"article:modified_time\" content=\"2025-07-24T19:47:11+00:00\" \/>\n<meta property=\"og:image\" content=\"https:\/\/healthwing.fi\/wp-content\/uploads\/2023\/05\/FOB-1.jpeg\" \/>\n\t<meta property=\"og:image:width\" content=\"1067\" \/>\n\t<meta property=\"og:image:height\" content=\"800\" \/>\n\t<meta property=\"og:image:type\" content=\"image\/jpeg\" \/>\n<meta name=\"twitter:card\" content=\"summary_large_image\" \/>\n<meta name=\"twitter:label1\" content=\"Est. reading time\" \/>\n\t<meta name=\"twitter:data1\" content=\"1 minut\" \/>\n<script type=\"application\/ld+json\" class=\"yoast-schema-graph\">{\"@context\":\"https:\/\/schema.org\",\"@graph\":[{\"@type\":\"WebPage\",\"@id\":\"https:\/\/healthwing.fi\/product\/hw-fob-rapid-test-cassette\/\",\"url\":\"https:\/\/healthwing.fi\/product\/hw-fob-rapid-test-cassette\/\",\"name\":\"H&W FOB Rapid Test Cassette - H&amp;W Biotech\",\"isPartOf\":{\"@id\":\"https:\/\/healthwing.fi\/#website\"},\"primaryImageOfPage\":{\"@id\":\"https:\/\/healthwing.fi\/product\/hw-fob-rapid-test-cassette\/#primaryimage\"},\"image\":{\"@id\":\"https:\/\/healthwing.fi\/product\/hw-fob-rapid-test-cassette\/#primaryimage\"},\"thumbnailUrl\":\"https:\/\/healthwing.fi\/wp-content\/uploads\/2023\/05\/FOB-1.jpeg\",\"datePublished\":\"2023-05-09T19:38:24+00:00\",\"dateModified\":\"2025-07-24T19:47:11+00:00\",\"breadcrumb\":{\"@id\":\"https:\/\/healthwing.fi\/product\/hw-fob-rapid-test-cassette\/#breadcrumb\"},\"inLanguage\":\"sv-SE\",\"potentialAction\":[{\"@type\":\"ReadAction\",\"target\":[\"https:\/\/healthwing.fi\/product\/hw-fob-rapid-test-cassette\/\"]}]},{\"@type\":\"ImageObject\",\"inLanguage\":\"sv-SE\",\"@id\":\"https:\/\/healthwing.fi\/product\/hw-fob-rapid-test-cassette\/#primaryimage\",\"url\":\"https:\/\/healthwing.fi\/wp-content\/uploads\/2023\/05\/FOB-1.jpeg\",\"contentUrl\":\"https:\/\/healthwing.fi\/wp-content\/uploads\/2023\/05\/FOB-1.jpeg\",\"width\":1067,\"height\":800},{\"@type\":\"BreadcrumbList\",\"@id\":\"https:\/\/healthwing.fi\/product\/hw-fob-rapid-test-cassette\/#breadcrumb\",\"itemListElement\":[{\"@type\":\"ListItem\",\"position\":1,\"name\":\"Home\",\"item\":\"https:\/\/healthwing.fi\/\"},{\"@type\":\"ListItem\",\"position\":2,\"name\":\"Products\",\"item\":\"https:\/\/healthwing.fi\/products\/\"},{\"@type\":\"ListItem\",\"position\":3,\"name\":\"H&#038;W FOB Rapid Test Cassette\"}]},{\"@type\":\"WebSite\",\"@id\":\"https:\/\/healthwing.fi\/#website\",\"url\":\"https:\/\/healthwing.fi\/\",\"name\":\"H&W Biotech\",\"description\":\"H&amp;W Biotech\",\"publisher\":{\"@id\":\"https:\/\/healthwing.fi\/#organization\"},\"potentialAction\":[{\"@type\":\"SearchAction\",\"target\":{\"@type\":\"EntryPoint\",\"urlTemplate\":\"https:\/\/healthwing.fi\/?s={search_term_string}\"},\"query-input\":{\"@type\":\"PropertyValueSpecification\",\"valueRequired\":true,\"valueName\":\"search_term_string\"}}],\"inLanguage\":\"sv-SE\"},{\"@type\":\"Organization\",\"@id\":\"https:\/\/healthwing.fi\/#organization\",\"name\":\"H&W Biotech\",\"url\":\"https:\/\/healthwing.fi\/\",\"logo\":{\"@type\":\"ImageObject\",\"inLanguage\":\"sv-SE\",\"@id\":\"https:\/\/healthwing.fi\/#\/schema\/logo\/image\/\",\"url\":\"https:\/\/healthwing.fi\/wp-content\/uploads\/2022\/03\/HW-Biotech-logo.png\",\"contentUrl\":\"https:\/\/healthwing.fi\/wp-content\/uploads\/2022\/03\/HW-Biotech-logo.png\",\"width\":275,\"height\":122,\"caption\":\"H&W Biotech\"},\"image\":{\"@id\":\"https:\/\/healthwing.fi\/#\/schema\/logo\/image\/\"},\"sameAs\":[\"https:\/\/www.facebook.com\/HWBiotechOy\",\"https:\/\/www.linkedin.com\/company\/h-w-biotech-oy\"]}]}<\/script>\n<!-- \/ Yoast SEO Premium plugin. -->","yoast_head_json":{"title":"H&W FOB Rapid Test Cassette - H&amp;W Biotech","robots":{"index":"index","follow":"follow","max-snippet":"max-snippet:-1","max-image-preview":"max-image-preview:large","max-video-preview":"max-video-preview:-1"},"canonical":"https:\/\/healthwing.fi\/sv\/product\/hw-fob-rapid-test-cassette\/","og_locale":"sv_SE","og_type":"article","og_title":"H&W FOB Rapid Test Cassette","og_description":"The FOB Rapid Test Cassette (Feces) is a rapid chromatographic immunoassay for the qualitative detection of Human Occult Blood in feces.     Many diseases can cause hidden blood in the feces. This is also known as Fecal Occult Blood (FOB), Human Occult Blood, or Human Hemoglobin. In the early stages, gastrointestinal problems such as colon cancer, ulcers, polyps, colitis, diverticulitis, and fissures may not show any visible symptoms, but only occult blood. Traditional guaiac-based methods lack sensitivity and specificity, and also have diet restrictions prior to testing.  The FOB Rapid Test Cassette (Feces) is a rapid test to qualitatively detect low levels of Fecal Occult Blood. The test uses a double antibody sandwich assay to selectively detect Fecal Occult Blood at 50 ng\/mL or higher, or 6 \u03bcg\/g feces. In addition, unlike guaiac assays, the accuracy of the test is not affected by the diet of the patients.   CE marked (0123) In vitro diagnostic medical device for self-testing.  \u221a Reliable: Sensitivity: 98.4% ; Specificity: 99.3% \u221a Easy: Can be performed in simple steps \u221a Confidentiality: Can be performed in the privacy  Manufacturer: Hangzhou AllTest Biotech Co., Ltd","og_url":"https:\/\/healthwing.fi\/sv\/product\/hw-fob-rapid-test-cassette\/","og_site_name":"H&amp;W Biotech","article_publisher":"https:\/\/www.facebook.com\/HWBiotechOy","article_modified_time":"2025-07-24T19:47:11+00:00","og_image":[{"width":1067,"height":800,"url":"https:\/\/healthwing.fi\/wp-content\/uploads\/2023\/05\/FOB-1.jpeg","type":"image\/jpeg"}],"twitter_card":"summary_large_image","twitter_misc":{"Est. reading time":"1 minut"},"schema":{"@context":"https:\/\/schema.org","@graph":[{"@type":"WebPage","@id":"https:\/\/healthwing.fi\/product\/hw-fob-rapid-test-cassette\/","url":"https:\/\/healthwing.fi\/product\/hw-fob-rapid-test-cassette\/","name":"H&W FOB Rapid Test Cassette - H&amp;W Biotech","isPartOf":{"@id":"https:\/\/healthwing.fi\/#website"},"primaryImageOfPage":{"@id":"https:\/\/healthwing.fi\/product\/hw-fob-rapid-test-cassette\/#primaryimage"},"image":{"@id":"https:\/\/healthwing.fi\/product\/hw-fob-rapid-test-cassette\/#primaryimage"},"thumbnailUrl":"https:\/\/healthwing.fi\/wp-content\/uploads\/2023\/05\/FOB-1.jpeg","datePublished":"2023-05-09T19:38:24+00:00","dateModified":"2025-07-24T19:47:11+00:00","breadcrumb":{"@id":"https:\/\/healthwing.fi\/product\/hw-fob-rapid-test-cassette\/#breadcrumb"},"inLanguage":"sv-SE","potentialAction":[{"@type":"ReadAction","target":["https:\/\/healthwing.fi\/product\/hw-fob-rapid-test-cassette\/"]}]},{"@type":"ImageObject","inLanguage":"sv-SE","@id":"https:\/\/healthwing.fi\/product\/hw-fob-rapid-test-cassette\/#primaryimage","url":"https:\/\/healthwing.fi\/wp-content\/uploads\/2023\/05\/FOB-1.jpeg","contentUrl":"https:\/\/healthwing.fi\/wp-content\/uploads\/2023\/05\/FOB-1.jpeg","width":1067,"height":800},{"@type":"BreadcrumbList","@id":"https:\/\/healthwing.fi\/product\/hw-fob-rapid-test-cassette\/#breadcrumb","itemListElement":[{"@type":"ListItem","position":1,"name":"Home","item":"https:\/\/healthwing.fi\/"},{"@type":"ListItem","position":2,"name":"Products","item":"https:\/\/healthwing.fi\/products\/"},{"@type":"ListItem","position":3,"name":"H&#038;W FOB Rapid Test Cassette"}]},{"@type":"WebSite","@id":"https:\/\/healthwing.fi\/#website","url":"https:\/\/healthwing.fi\/","name":"H&W Biotech","description":"H&amp;W Biotech","publisher":{"@id":"https:\/\/healthwing.fi\/#organization"},"potentialAction":[{"@type":"SearchAction","target":{"@type":"EntryPoint","urlTemplate":"https:\/\/healthwing.fi\/?s={search_term_string}"},"query-input":{"@type":"PropertyValueSpecification","valueRequired":true,"valueName":"search_term_string"}}],"inLanguage":"sv-SE"},{"@type":"Organization","@id":"https:\/\/healthwing.fi\/#organization","name":"H&W Biotech","url":"https:\/\/healthwing.fi\/","logo":{"@type":"ImageObject","inLanguage":"sv-SE","@id":"https:\/\/healthwing.fi\/#\/schema\/logo\/image\/","url":"https:\/\/healthwing.fi\/wp-content\/uploads\/2022\/03\/HW-Biotech-logo.png","contentUrl":"https:\/\/healthwing.fi\/wp-content\/uploads\/2022\/03\/HW-Biotech-logo.png","width":275,"height":122,"caption":"H&W Biotech"},"image":{"@id":"https:\/\/healthwing.fi\/#\/schema\/logo\/image\/"},"sameAs":["https:\/\/www.facebook.com\/HWBiotechOy","https:\/\/www.linkedin.com\/company\/h-w-biotech-oy"]}]}},"_links":{"self":[{"href":"https:\/\/healthwing.fi\/sv\/wp-json\/wp\/v2\/product\/585","targetHints":{"allow":["GET"]}}],"collection":[{"href":"https:\/\/healthwing.fi\/sv\/wp-json\/wp\/v2\/product"}],"about":[{"href":"https:\/\/healthwing.fi\/sv\/wp-json\/wp\/v2\/types\/product"}],"wp:featuredmedia":[{"embeddable":true,"href":"https:\/\/healthwing.fi\/sv\/wp-json\/wp\/v2\/media\/587"}],"wp:attachment":[{"href":"https:\/\/healthwing.fi\/sv\/wp-json\/wp\/v2\/media?parent=585"}],"wp:term":[{"taxonomy":"product_brand","embeddable":true,"href":"https:\/\/healthwing.fi\/sv\/wp-json\/wp\/v2\/product_brand?post=585"},{"taxonomy":"product_cat","embeddable":true,"href":"https:\/\/healthwing.fi\/sv\/wp-json\/wp\/v2\/product_cat?post=585"},{"taxonomy":"product_tag","embeddable":true,"href":"https:\/\/healthwing.fi\/sv\/wp-json\/wp\/v2\/product_tag?post=585"}],"curies":[{"name":"wp","href":"https:\/\/api.w.org\/{rel}","templated":true}]}}