{"id":670,"date":"2023-08-09T20:28:10","date_gmt":"2023-08-09T18:28:10","guid":{"rendered":"https:\/\/healthwing.fi\/?post_type=product&#038;p=670"},"modified":"2025-07-24T21:45:59","modified_gmt":"2025-07-24T19:45:59","slug":"hw-h-pylori-antigen-rapid-test-cassette-feces","status":"publish","type":"product","link":"https:\/\/healthwing.fi\/sv\/product\/hw-h-pylori-antigen-rapid-test-cassette-feces\/","title":{"rendered":"H&amp;W Helicobacter pylori snabbtest (avf\u00f6ringsprov), 1 st"},"content":{"rendered":"<p><a style=\"display: inline-flex; align-items: center; justify-content: center; padding: 12px 25px; background-color: rgba(78, 181, 173, 0.8); color: white; text-decoration: none; border-radius: 12px; cursor: pointer; box-shadow: 0px 4px 8px rgba(0,0,0,0.2); transition: background-color 0.3s ease, box-shadow 0.3s ease, transform 0.3s ease; font-size: 16px; line-height: 1.2; height: 48px;\" href=\"https:\/\/healthwing.fi\/wp-content\/uploads\/2025\/06\/IHP-602H-IFU.pdf\" target=\"_blank\" rel=\"noopener\"><strong>Bruksanvisning<\/strong><\/a><\/p>\n<p><iframe title=\"Tuotteen esittely - H&amp;W Helikobakteeri vatsatulehdus pikatesti\" width=\"1020\" height=\"574\" src=\"https:\/\/www.youtube.com\/embed\/8EytZLdL-gc?feature=oembed\" frameborder=\"0\" allow=\"accelerometer; autoplay; clipboard-write; encrypted-media; gyroscope; picture-in-picture; web-share\" referrerpolicy=\"strict-origin-when-cross-origin\" allowfullscreen><\/iframe><\/p>\n<p><strong>Anv\u00e4ndnings\u00e4ndam\u00e5l:<\/strong><\/p>\n<p>Kvalitativ best\u00e4mning av Helicobacter pylori-antigen (H. pylori) fr\u00e5n avf\u00f6ringsprov..<\/p>\n<p>H. pylori \u00e4r en liten, spiralformad bakterie som kan leva p\u00e5 ytan av magen och tarmarna. Helicobacter pylori snabbtest detekterar specifikt H. pylori-antigener i avf\u00f6ringen och indikerar f\u00f6rekomsten av bakterien.<\/p>\n<p>H. pylori-infektion orsakar maginflammation (gastrit) som kan leda till s\u00e5r i tolvfingertarmen eller mags\u00e4cken. H. pylori-infektion \u00f6kar ocks\u00e5 risken f\u00f6r magcancer. Studier visar att mer \u00e4n 90% av patienter med s\u00e5r i tolvfingertarmen och 80% av patienter med s\u00e5r i mags\u00e4cken har H. pylori-infektion. Antigenbest\u00e4mning i avf\u00f6ringen blir allt vanligare f\u00f6r att diagnostisera H. pylori-infektion och \u00f6vervaka behandlingens effektivitet.<\/p>\n<p>En f\u00e4rgad testlinje (positivt resultat) indikerar att du har H. pylori-bakterier i avf\u00f6ringen och att du b\u00f6r kontakta en l\u00e4kare. Om resultatet \u00e4r negativt har H. pylori-antigen inte kunnat p\u00e5visas. Om symtomen kvarst\u00e5r rekommenderas dock att du talar med en l\u00e4kare.<\/p>\n<p><strong>Inneh\u00e5ll:<\/strong><br \/>\nTestkassett<br \/>\nProvtagningsr\u00f6r med extraktionsbuffert<br \/>\nBruksanvisning<br \/>\nPapper f\u00f6r kollektion av avf\u00f6ring<\/p>\n<p><strong>Teknisk information:<\/strong><br \/>\nPaketet inneh\u00e5ller allt som beh\u00f6vs f\u00f6r testning.<br \/>\nL\u00e4s anv\u00e4ndarhandboken noggrant f\u00f6re testningen. De viktigaste stegen i testet:<\/p>\n<ul>\n<li>Provet samlas in n\u00e4r du sitter p\u00e5 toaletten med hj\u00e4lp av det papper f\u00f6r insamling av avf\u00f6ring som ing\u00e5r i f\u00f6rpackningen<\/li>\n<li>Provtagningspinnen f\u00f6rs in i avf\u00f6ringen och \u00f6verf\u00f6rs till bufferten i r\u00f6ret.<\/li>\n<li>R\u00f6ret skakas och provet droppas ner p\u00e5 testkassetten.<\/li>\n<li>Resultatet avl\u00e4ses efter 10 minuter baserat p\u00e5 f\u00e4rglinjerna p\u00e5 testkassetten<\/li>\n<\/ul>\n<p><strong>F\u00f6rvaring:<\/strong><br \/>\nVid rumstemperatur eller i kylsk\u00e5p.<\/p>","protected":false},"excerpt":{"rendered":"<p>Ett tillf\u00f6rlitligt test f\u00f6r att p\u00e5visa Helicobacter pylori (H. pylori)-antigen i avf\u00f6ringsprov.\nG\u00f6r testet om du har \u00e5terkommande mag- och tarmbesv\u00e4r.<\/p>\n<p>CE-m\u00e4rkt (0123) In vitro-diagnostiskt sj\u00e4lvtest f\u00f6r hemmabruk.<\/p>\n<p>\u221a Tillf\u00f6rlitlig: K\u00e4nslighet: 97,6%; Specificitet: 97,9%; Noggrannhet: 97,8%<br \/>\n\u221a Enkelt: Kan utf\u00f6ras i n\u00e5gra f\u00e5 steg<br \/>\n\u221a Diskret: Kan utf\u00f6ras i lugn och ro i hemmet<\/p>\n<p>Tillverkare: Hangzhou AllTest Biotech Co., Ltd<\/p>","protected":false},"featured_media":673,"template":"","meta":{"_monsterinsights_skip_tracking":false,"_monsterinsights_sitenote_active":false,"_monsterinsights_sitenote_note":"","_monsterinsights_sitenote_category":0},"product_brand":[],"product_cat":[30,40],"product_tag":[],"class_list":{"0":"post-670","1":"product","2":"type-product","3":"status-publish","4":"has-post-thumbnail","6":"product_cat-home-test","7":"product_cat-stomach-and-bowel-disease-tests","9":"first","10":"instock","11":"taxable","12":"shipping-taxable","13":"product-type-simple"},"yoast_head":"<!-- This site is optimized with the Yoast SEO Premium plugin v22.8 (Yoast SEO v27.2) - https:\/\/yoast.com\/product\/yoast-seo-premium-wordpress\/ -->\n<title>H&amp;W H. pylori Antigen Rapid Test Cassette (Feces), 1 pc - H&amp;W Biotech<\/title>\n<meta name=\"robots\" content=\"index, follow, max-snippet:-1, max-image-preview:large, max-video-preview:-1\" \/>\n<link rel=\"canonical\" href=\"https:\/\/healthwing.fi\/sv\/product\/hw-h-pylori-antigen-rapid-test-cassette-feces\/\" \/>\n<meta property=\"og:locale\" content=\"sv_SE\" \/>\n<meta property=\"og:type\" content=\"article\" \/>\n<meta property=\"og:title\" content=\"H&amp;W H. pylori Antigen Rapid Test Cassette (Feces), 1 pc\" \/>\n<meta property=\"og:description\" content=\"A reliable test for determining the Helicobacter pylori (H. pylori) antigen in a stool sample. Take the test if you have frequent stomach and intestinal problems.  CE marked (0123) In vitro diagnostic medical device for self-testing.  \u221a Reliable: Sensitivity: 97.6% ; Specificity: 97.9%; Accuracy: 97.8% \u221a Easy: Can be performed in simple steps \u221a Confidentiality: Can be performed in the privacy  Manufacturer: Hangzhou AllTest Biotech Co., Ltd\" \/>\n<meta property=\"og:url\" content=\"https:\/\/healthwing.fi\/sv\/product\/hw-h-pylori-antigen-rapid-test-cassette-feces\/\" \/>\n<meta property=\"og:site_name\" content=\"H&amp;W Biotech\" \/>\n<meta property=\"article:publisher\" content=\"https:\/\/www.facebook.com\/HWBiotechOy\" \/>\n<meta property=\"article:modified_time\" content=\"2025-07-24T19:45:59+00:00\" \/>\n<meta property=\"og:image\" content=\"https:\/\/healthwing.fi\/wp-content\/uploads\/2023\/08\/HP-1-1-1.png\" \/>\n\t<meta property=\"og:image:width\" content=\"1067\" \/>\n\t<meta property=\"og:image:height\" content=\"800\" \/>\n\t<meta property=\"og:image:type\" content=\"image\/png\" \/>\n<meta name=\"twitter:card\" content=\"summary_large_image\" \/>\n<meta name=\"twitter:label1\" content=\"Est. reading time\" \/>\n\t<meta name=\"twitter:data1\" content=\"2 minuter\" \/>\n<script type=\"application\/ld+json\" class=\"yoast-schema-graph\">{\"@context\":\"https:\/\/schema.org\",\"@graph\":[{\"@type\":\"WebPage\",\"@id\":\"https:\/\/healthwing.fi\/product\/hw-h-pylori-antigen-rapid-test-cassette-feces\/\",\"url\":\"https:\/\/healthwing.fi\/product\/hw-h-pylori-antigen-rapid-test-cassette-feces\/\",\"name\":\"H&W H. pylori Antigen Rapid Test Cassette (Feces), 1 pc - H&amp;W Biotech\",\"isPartOf\":{\"@id\":\"https:\/\/healthwing.fi\/#website\"},\"primaryImageOfPage\":{\"@id\":\"https:\/\/healthwing.fi\/product\/hw-h-pylori-antigen-rapid-test-cassette-feces\/#primaryimage\"},\"image\":{\"@id\":\"https:\/\/healthwing.fi\/product\/hw-h-pylori-antigen-rapid-test-cassette-feces\/#primaryimage\"},\"thumbnailUrl\":\"https:\/\/healthwing.fi\/wp-content\/uploads\/2023\/08\/HP-1-1-1.png\",\"datePublished\":\"2023-08-09T18:28:10+00:00\",\"dateModified\":\"2025-07-24T19:45:59+00:00\",\"breadcrumb\":{\"@id\":\"https:\/\/healthwing.fi\/product\/hw-h-pylori-antigen-rapid-test-cassette-feces\/#breadcrumb\"},\"inLanguage\":\"sv-SE\",\"potentialAction\":[{\"@type\":\"ReadAction\",\"target\":[\"https:\/\/healthwing.fi\/product\/hw-h-pylori-antigen-rapid-test-cassette-feces\/\"]}]},{\"@type\":\"ImageObject\",\"inLanguage\":\"sv-SE\",\"@id\":\"https:\/\/healthwing.fi\/product\/hw-h-pylori-antigen-rapid-test-cassette-feces\/#primaryimage\",\"url\":\"https:\/\/healthwing.fi\/wp-content\/uploads\/2023\/08\/HP-1-1-1.png\",\"contentUrl\":\"https:\/\/healthwing.fi\/wp-content\/uploads\/2023\/08\/HP-1-1-1.png\",\"width\":1067,\"height\":800},{\"@type\":\"BreadcrumbList\",\"@id\":\"https:\/\/healthwing.fi\/product\/hw-h-pylori-antigen-rapid-test-cassette-feces\/#breadcrumb\",\"itemListElement\":[{\"@type\":\"ListItem\",\"position\":1,\"name\":\"Home\",\"item\":\"https:\/\/healthwing.fi\/\"},{\"@type\":\"ListItem\",\"position\":2,\"name\":\"Products\",\"item\":\"https:\/\/healthwing.fi\/products\/\"},{\"@type\":\"ListItem\",\"position\":3,\"name\":\"H&#038;W H. pylori Antigen Rapid Test Cassette (Feces), 1 pc\"}]},{\"@type\":\"WebSite\",\"@id\":\"https:\/\/healthwing.fi\/#website\",\"url\":\"https:\/\/healthwing.fi\/\",\"name\":\"H&W Biotech\",\"description\":\"H&amp;W Biotech\",\"publisher\":{\"@id\":\"https:\/\/healthwing.fi\/#organization\"},\"potentialAction\":[{\"@type\":\"SearchAction\",\"target\":{\"@type\":\"EntryPoint\",\"urlTemplate\":\"https:\/\/healthwing.fi\/?s={search_term_string}\"},\"query-input\":{\"@type\":\"PropertyValueSpecification\",\"valueRequired\":true,\"valueName\":\"search_term_string\"}}],\"inLanguage\":\"sv-SE\"},{\"@type\":\"Organization\",\"@id\":\"https:\/\/healthwing.fi\/#organization\",\"name\":\"H&W Biotech\",\"url\":\"https:\/\/healthwing.fi\/\",\"logo\":{\"@type\":\"ImageObject\",\"inLanguage\":\"sv-SE\",\"@id\":\"https:\/\/healthwing.fi\/#\/schema\/logo\/image\/\",\"url\":\"https:\/\/healthwing.fi\/wp-content\/uploads\/2022\/03\/HW-Biotech-logo.png\",\"contentUrl\":\"https:\/\/healthwing.fi\/wp-content\/uploads\/2022\/03\/HW-Biotech-logo.png\",\"width\":275,\"height\":122,\"caption\":\"H&W Biotech\"},\"image\":{\"@id\":\"https:\/\/healthwing.fi\/#\/schema\/logo\/image\/\"},\"sameAs\":[\"https:\/\/www.facebook.com\/HWBiotechOy\",\"https:\/\/www.linkedin.com\/company\/h-w-biotech-oy\"]}]}<\/script>\n<!-- \/ Yoast SEO Premium plugin. -->","yoast_head_json":{"title":"H&W H. pylori Antigen Rapid Test Cassette (Feces), 1 pc - H&amp;W Biotech","robots":{"index":"index","follow":"follow","max-snippet":"max-snippet:-1","max-image-preview":"max-image-preview:large","max-video-preview":"max-video-preview:-1"},"canonical":"https:\/\/healthwing.fi\/sv\/product\/hw-h-pylori-antigen-rapid-test-cassette-feces\/","og_locale":"sv_SE","og_type":"article","og_title":"H&W H. pylori Antigen Rapid Test Cassette (Feces), 1 pc","og_description":"A reliable test for determining the Helicobacter pylori (H. pylori) antigen in a stool sample. Take the test if you have frequent stomach and intestinal problems.  CE marked (0123) In vitro diagnostic medical device for self-testing.  \u221a Reliable: Sensitivity: 97.6% ; Specificity: 97.9%; Accuracy: 97.8% \u221a Easy: Can be performed in simple steps \u221a Confidentiality: Can be performed in the privacy  Manufacturer: Hangzhou AllTest Biotech Co., Ltd","og_url":"https:\/\/healthwing.fi\/sv\/product\/hw-h-pylori-antigen-rapid-test-cassette-feces\/","og_site_name":"H&amp;W Biotech","article_publisher":"https:\/\/www.facebook.com\/HWBiotechOy","article_modified_time":"2025-07-24T19:45:59+00:00","og_image":[{"width":1067,"height":800,"url":"https:\/\/healthwing.fi\/wp-content\/uploads\/2023\/08\/HP-1-1-1.png","type":"image\/png"}],"twitter_card":"summary_large_image","twitter_misc":{"Est. reading time":"2 minuter"},"schema":{"@context":"https:\/\/schema.org","@graph":[{"@type":"WebPage","@id":"https:\/\/healthwing.fi\/product\/hw-h-pylori-antigen-rapid-test-cassette-feces\/","url":"https:\/\/healthwing.fi\/product\/hw-h-pylori-antigen-rapid-test-cassette-feces\/","name":"H&W H. pylori Antigen Rapid Test Cassette (Feces), 1 pc - H&amp;W Biotech","isPartOf":{"@id":"https:\/\/healthwing.fi\/#website"},"primaryImageOfPage":{"@id":"https:\/\/healthwing.fi\/product\/hw-h-pylori-antigen-rapid-test-cassette-feces\/#primaryimage"},"image":{"@id":"https:\/\/healthwing.fi\/product\/hw-h-pylori-antigen-rapid-test-cassette-feces\/#primaryimage"},"thumbnailUrl":"https:\/\/healthwing.fi\/wp-content\/uploads\/2023\/08\/HP-1-1-1.png","datePublished":"2023-08-09T18:28:10+00:00","dateModified":"2025-07-24T19:45:59+00:00","breadcrumb":{"@id":"https:\/\/healthwing.fi\/product\/hw-h-pylori-antigen-rapid-test-cassette-feces\/#breadcrumb"},"inLanguage":"sv-SE","potentialAction":[{"@type":"ReadAction","target":["https:\/\/healthwing.fi\/product\/hw-h-pylori-antigen-rapid-test-cassette-feces\/"]}]},{"@type":"ImageObject","inLanguage":"sv-SE","@id":"https:\/\/healthwing.fi\/product\/hw-h-pylori-antigen-rapid-test-cassette-feces\/#primaryimage","url":"https:\/\/healthwing.fi\/wp-content\/uploads\/2023\/08\/HP-1-1-1.png","contentUrl":"https:\/\/healthwing.fi\/wp-content\/uploads\/2023\/08\/HP-1-1-1.png","width":1067,"height":800},{"@type":"BreadcrumbList","@id":"https:\/\/healthwing.fi\/product\/hw-h-pylori-antigen-rapid-test-cassette-feces\/#breadcrumb","itemListElement":[{"@type":"ListItem","position":1,"name":"Home","item":"https:\/\/healthwing.fi\/"},{"@type":"ListItem","position":2,"name":"Products","item":"https:\/\/healthwing.fi\/products\/"},{"@type":"ListItem","position":3,"name":"H&#038;W H. pylori Antigen Rapid Test Cassette (Feces), 1 pc"}]},{"@type":"WebSite","@id":"https:\/\/healthwing.fi\/#website","url":"https:\/\/healthwing.fi\/","name":"H&W Biotech","description":"H&amp;W Biotech","publisher":{"@id":"https:\/\/healthwing.fi\/#organization"},"potentialAction":[{"@type":"SearchAction","target":{"@type":"EntryPoint","urlTemplate":"https:\/\/healthwing.fi\/?s={search_term_string}"},"query-input":{"@type":"PropertyValueSpecification","valueRequired":true,"valueName":"search_term_string"}}],"inLanguage":"sv-SE"},{"@type":"Organization","@id":"https:\/\/healthwing.fi\/#organization","name":"H&W Biotech","url":"https:\/\/healthwing.fi\/","logo":{"@type":"ImageObject","inLanguage":"sv-SE","@id":"https:\/\/healthwing.fi\/#\/schema\/logo\/image\/","url":"https:\/\/healthwing.fi\/wp-content\/uploads\/2022\/03\/HW-Biotech-logo.png","contentUrl":"https:\/\/healthwing.fi\/wp-content\/uploads\/2022\/03\/HW-Biotech-logo.png","width":275,"height":122,"caption":"H&W Biotech"},"image":{"@id":"https:\/\/healthwing.fi\/#\/schema\/logo\/image\/"},"sameAs":["https:\/\/www.facebook.com\/HWBiotechOy","https:\/\/www.linkedin.com\/company\/h-w-biotech-oy"]}]}},"_links":{"self":[{"href":"https:\/\/healthwing.fi\/sv\/wp-json\/wp\/v2\/product\/670","targetHints":{"allow":["GET"]}}],"collection":[{"href":"https:\/\/healthwing.fi\/sv\/wp-json\/wp\/v2\/product"}],"about":[{"href":"https:\/\/healthwing.fi\/sv\/wp-json\/wp\/v2\/types\/product"}],"wp:featuredmedia":[{"embeddable":true,"href":"https:\/\/healthwing.fi\/sv\/wp-json\/wp\/v2\/media\/673"}],"wp:attachment":[{"href":"https:\/\/healthwing.fi\/sv\/wp-json\/wp\/v2\/media?parent=670"}],"wp:term":[{"taxonomy":"product_brand","embeddable":true,"href":"https:\/\/healthwing.fi\/sv\/wp-json\/wp\/v2\/product_brand?post=670"},{"taxonomy":"product_cat","embeddable":true,"href":"https:\/\/healthwing.fi\/sv\/wp-json\/wp\/v2\/product_cat?post=670"},{"taxonomy":"product_tag","embeddable":true,"href":"https:\/\/healthwing.fi\/sv\/wp-json\/wp\/v2\/product_tag?post=670"}],"curies":[{"name":"wp","href":"https:\/\/api.w.org\/{rel}","templated":true}]}}