{"id":675,"date":"2023-08-09T21:03:08","date_gmt":"2023-08-09T19:03:08","guid":{"rendered":"https:\/\/healthwing.fi\/?post_type=product&#038;p=675"},"modified":"2025-07-24T21:45:50","modified_gmt":"2025-07-24T19:45:50","slug":"hw-fsh-rapid-test-midstream-urine","status":"publish","type":"product","link":"https:\/\/healthwing.fi\/sv\/product\/hw-fsh-rapid-test-midstream-urine\/","title":{"rendered":"H&amp;W FSH snabbtest (urinprov), 2 st"},"content":{"rendered":"<p><a style=\"display: inline-flex; align-items: center; justify-content: center; padding: 12px 25px; background-color: rgba(78, 181, 173, 0.8); color: white; text-decoration: none; border-radius: 12px; cursor: pointer; box-shadow: 0px 4px 8px rgba(0,0,0,0.2); transition: background-color 0.3s ease, box-shadow 0.3s ease, transform 0.3s ease; font-size: 16px; line-height: 1.2; height: 48px;\" href=\"https:\/\/healthwing.fi\/wp-content\/uploads\/2025\/06\/FFS-103H-IFU.pdf\" target=\"_blank\" rel=\"noopener\"><strong>Bruksanvisning<\/strong><\/a><\/p>\n<p><iframe title=\"Tuotteen esittely - H&amp;W FSH Vaihdevuosien pikatesti\" width=\"1020\" height=\"574\" src=\"https:\/\/www.youtube.com\/embed\/viiZy_dN4H4?feature=oembed\" frameborder=\"0\" allow=\"accelerometer; autoplay; clipboard-write; encrypted-media; gyroscope; picture-in-picture; web-share\" referrerpolicy=\"strict-origin-when-cross-origin\" allowfullscreen><\/iframe><\/p>\n<p><strong>Anv\u00e4ndnings\u00e4ndam\u00e5l:<\/strong><br \/>\nFSH snabbtest (urinprov) \u00e4r ett kromatografiskt immunanalystest f\u00f6r kvalitativ best\u00e4mning av follikelstimulerande hormon (FSH) i urin. Testet anv\u00e4nds f\u00f6r att st\u00f6dja identifiering av klimakteriet. Best\u00e4mningen g\u00f6rs genom att urinera direkt p\u00e5 teststickans absorberande \u00e4nde eller genom att doppa den i ett urinprov. Resultatet avl\u00e4ses efter 3 minuter utifr\u00e5n de f\u00e4rgade linjerna.<\/p>\n<p>Klimakteriet inneb\u00e4r slutet p\u00e5 menstruationen, men det fastst\u00e4lls vanligtvis f\u00f6rst efter att menstruationen har varit borta i ett \u00e5r. Tiden f\u00f6re och 12 m\u00e5nader efter den sista mensen kallas f\u00f6r perimenopaus. M\u00e5nga kvinnor upplever symtom under denna period, s\u00e5som v\u00e4rmevallningar, oregelbunden mens, s\u00f6mnst\u00f6rningar, vaginal torrhet, h\u00e5ravfall, \u00e5ngest, hum\u00f6rsv\u00e4ngningar, tillf\u00e4lliga minnesproblem och tr\u00f6tthet.\n\nPerimenopausen orsakas av f\u00f6r\u00e4ndringar i hormonbalansen som styr menscykeln. N\u00e4r kroppen producerar mindre \u00f6strogen, stiger halten av FSH. FSH reglerar normalt \u00e4ggens utveckling i kvinnans kropp. D\u00e4rf\u00f6r kan ett test f\u00f6r FSH ge en indikation p\u00e5 om en kvinna \u00e4r i perimenopaus. Genom att k\u00e4nna till sin hormonstatus kan kvinnan vidta \u00e5tg\u00e4rder f\u00f6r att ta hand om sin h\u00e4lsa och f\u00f6rebygga klimakterierelaterade risker som bensk\u00f6rhet, h\u00f6gt blodtryck, h\u00f6gt kolesterol och \u00f6kad risk f\u00f6r hj\u00e4rt- och k\u00e4rlsjukdomar.<\/p>\n<p><strong>Inneh\u00e5ll:<\/strong><br \/>\nTest 2 st<br \/>\nBruksanvisning 1 st<\/p>\n<p><strong>Teknisk information:<\/strong><br \/>\nL\u00e4s anv\u00e4ndarhandboken noggrant f\u00f6re testningen. De viktigaste stegen i testet:<br \/>\n- Best\u00e4m startdatum f\u00f6r testningen (se bruksanvisning)<br \/>\n- G\u00f6r ett urinprov (helst morgonurin)<br \/>\n- Teststickan doppas i urinprovet eller h\u00e5lls direkt i urinstr\u00e5len<br \/>\n- Resultatet avl\u00e4ses efter 3 minuter:<br \/>\nPOSITIVT: Tv\u00e5 linjer syns, och testlinjen \u00e4r lika m\u00f6rk eller m\u00f6rkare \u00e4n kontrollinjen<br \/>\nNEGATIVT: Tv\u00e5 linjer syns, men testlinjen \u00e4r ljusare \u00e4n kontrollinjen<br \/>\n- Resultatet tolkas enligt tabellen i bipacksedeln<br \/>\n- Gr\u00e4nsv\u00e4rdet f\u00f6r testet \u00e4r 25 mIU\/ml<\/p>\n<p><strong>Observera:<\/strong><br \/>\nOm du v\u00e4ljer att doppa teststickan i urin beh\u00f6vs ett rent och torrt k\u00e4rl (t.ex. en porslinskopp)<br \/>\nOm du fortfarande har mens varje m\u00e5nad, ta det f\u00f6rsta testet under menstruationens f\u00f6rsta vecka (dag 2-7, d\u00e4r dag 1 \u00e4r mensens f\u00f6rsta dag). Om resultatet \u00e4r negativt men symtomen kvarst\u00e5r, g\u00f6r ett nytt test en vecka senare.\nOm du inte l\u00e4ngre har regelbunden mens, kan testet tas n\u00e4r som helst i m\u00e5naden och upprepas efter en vecka.<\/p>\n<p><strong>F\u00f6rvaring:<\/strong><br \/>\nVid rumstemperatur eller i kylsk\u00e5p.<\/p>","protected":false},"excerpt":{"rendered":"<p>Ett tillf\u00f6rlitligt test f\u00f6r best\u00e4mning av follikelstimulerande hormon (FSH) i urin.\nF\u00f6r att st\u00f6dja uppt\u00e4ckten av klimakteriet hos kvinnor.<\/p>\n<ul>\n<li>2 st\/f\u00f6rpackning<\/li>\n<li>Eng\u00e5ngstest f\u00f6r sj\u00e4lvtestning<\/li>\n<li>CE-m\u00e4rkt (0123) In vitro-diagnostiskt medicinskt test f\u00f6r sj\u00e4lvtestning<\/li>\n<li>Total noggrannhet: 100,0 %<\/li>\n<\/ul>\n<p>Tillverkare: Hangzhou AllTest Biotech Co., Ltd<\/p>","protected":false},"featured_media":679,"template":"","meta":{"_monsterinsights_skip_tracking":false,"_monsterinsights_sitenote_active":false,"_monsterinsights_sitenote_note":"","_monsterinsights_sitenote_category":0},"product_brand":[],"product_cat":[30,39],"product_tag":[],"class_list":{"0":"post-675","1":"product","2":"type-product","3":"status-publish","4":"has-post-thumbnail","6":"product_cat-home-test","7":"product_cat-ladys-health-tests","9":"first","10":"instock","11":"taxable","12":"shipping-taxable","13":"product-type-simple"},"yoast_head":"<!-- This site is optimized with the Yoast SEO Premium plugin v22.8 (Yoast SEO v27.2) - https:\/\/yoast.com\/product\/yoast-seo-premium-wordpress\/ -->\n<title>H&amp;W FSH Rapid Test Midstream (Urine), 2 pcs - H&amp;W Biotech<\/title>\n<meta name=\"robots\" content=\"index, follow, max-snippet:-1, max-image-preview:large, max-video-preview:-1\" \/>\n<link rel=\"canonical\" href=\"https:\/\/healthwing.fi\/sv\/product\/hw-fsh-rapid-test-midstream-urine\/\" \/>\n<meta property=\"og:locale\" content=\"sv_SE\" \/>\n<meta property=\"og:type\" content=\"article\" \/>\n<meta property=\"og:title\" content=\"H&amp;W FSH Rapid Test Midstream (Urine), 2 pcs\" \/>\n<meta property=\"og:description\" content=\"A reliable test for the determination of follicle-stimulating hormone (FSH) in urine. To support the detection of menopause in women.   2 pcs\/pack  Disposable and self-administered  CE marked (0123) In vitro diagnostic medical device for self-testing  Overall Accuracy: 100.0%   Manufacturer: Hangzhou AllTest Biotech Co., Ltd\" \/>\n<meta property=\"og:url\" content=\"https:\/\/healthwing.fi\/sv\/product\/hw-fsh-rapid-test-midstream-urine\/\" \/>\n<meta property=\"og:site_name\" content=\"H&amp;W Biotech\" \/>\n<meta property=\"article:publisher\" content=\"https:\/\/www.facebook.com\/HWBiotechOy\" \/>\n<meta property=\"article:modified_time\" content=\"2025-07-24T19:45:50+00:00\" \/>\n<meta property=\"og:image\" content=\"https:\/\/healthwing.fi\/wp-content\/uploads\/2023\/08\/FSH-1-1-1.jpg\" \/>\n\t<meta property=\"og:image:width\" content=\"1067\" \/>\n\t<meta property=\"og:image:height\" content=\"800\" \/>\n\t<meta property=\"og:image:type\" content=\"image\/jpeg\" \/>\n<meta name=\"twitter:card\" content=\"summary_large_image\" \/>\n<meta name=\"twitter:label1\" content=\"Est. reading time\" \/>\n\t<meta name=\"twitter:data1\" content=\"3 minuter\" \/>\n<script type=\"application\/ld+json\" class=\"yoast-schema-graph\">{\"@context\":\"https:\/\/schema.org\",\"@graph\":[{\"@type\":\"WebPage\",\"@id\":\"https:\/\/healthwing.fi\/product\/hw-fsh-rapid-test-midstream-urine\/\",\"url\":\"https:\/\/healthwing.fi\/product\/hw-fsh-rapid-test-midstream-urine\/\",\"name\":\"H&W FSH Rapid Test Midstream (Urine), 2 pcs - H&amp;W Biotech\",\"isPartOf\":{\"@id\":\"https:\/\/healthwing.fi\/#website\"},\"primaryImageOfPage\":{\"@id\":\"https:\/\/healthwing.fi\/product\/hw-fsh-rapid-test-midstream-urine\/#primaryimage\"},\"image\":{\"@id\":\"https:\/\/healthwing.fi\/product\/hw-fsh-rapid-test-midstream-urine\/#primaryimage\"},\"thumbnailUrl\":\"https:\/\/healthwing.fi\/wp-content\/uploads\/2023\/08\/FSH-1-1-1.jpg\",\"datePublished\":\"2023-08-09T19:03:08+00:00\",\"dateModified\":\"2025-07-24T19:45:50+00:00\",\"breadcrumb\":{\"@id\":\"https:\/\/healthwing.fi\/product\/hw-fsh-rapid-test-midstream-urine\/#breadcrumb\"},\"inLanguage\":\"sv-SE\",\"potentialAction\":[{\"@type\":\"ReadAction\",\"target\":[\"https:\/\/healthwing.fi\/product\/hw-fsh-rapid-test-midstream-urine\/\"]}]},{\"@type\":\"ImageObject\",\"inLanguage\":\"sv-SE\",\"@id\":\"https:\/\/healthwing.fi\/product\/hw-fsh-rapid-test-midstream-urine\/#primaryimage\",\"url\":\"https:\/\/healthwing.fi\/wp-content\/uploads\/2023\/08\/FSH-1-1-1.jpg\",\"contentUrl\":\"https:\/\/healthwing.fi\/wp-content\/uploads\/2023\/08\/FSH-1-1-1.jpg\",\"width\":1067,\"height\":800},{\"@type\":\"BreadcrumbList\",\"@id\":\"https:\/\/healthwing.fi\/product\/hw-fsh-rapid-test-midstream-urine\/#breadcrumb\",\"itemListElement\":[{\"@type\":\"ListItem\",\"position\":1,\"name\":\"Home\",\"item\":\"https:\/\/healthwing.fi\/\"},{\"@type\":\"ListItem\",\"position\":2,\"name\":\"Products\",\"item\":\"https:\/\/healthwing.fi\/products\/\"},{\"@type\":\"ListItem\",\"position\":3,\"name\":\"H&#038;W FSH Rapid Test Midstream (Urine), 2 pcs\"}]},{\"@type\":\"WebSite\",\"@id\":\"https:\/\/healthwing.fi\/#website\",\"url\":\"https:\/\/healthwing.fi\/\",\"name\":\"H&W Biotech\",\"description\":\"H&amp;W Biotech\",\"publisher\":{\"@id\":\"https:\/\/healthwing.fi\/#organization\"},\"potentialAction\":[{\"@type\":\"SearchAction\",\"target\":{\"@type\":\"EntryPoint\",\"urlTemplate\":\"https:\/\/healthwing.fi\/?s={search_term_string}\"},\"query-input\":{\"@type\":\"PropertyValueSpecification\",\"valueRequired\":true,\"valueName\":\"search_term_string\"}}],\"inLanguage\":\"sv-SE\"},{\"@type\":\"Organization\",\"@id\":\"https:\/\/healthwing.fi\/#organization\",\"name\":\"H&W Biotech\",\"url\":\"https:\/\/healthwing.fi\/\",\"logo\":{\"@type\":\"ImageObject\",\"inLanguage\":\"sv-SE\",\"@id\":\"https:\/\/healthwing.fi\/#\/schema\/logo\/image\/\",\"url\":\"https:\/\/healthwing.fi\/wp-content\/uploads\/2022\/03\/HW-Biotech-logo.png\",\"contentUrl\":\"https:\/\/healthwing.fi\/wp-content\/uploads\/2022\/03\/HW-Biotech-logo.png\",\"width\":275,\"height\":122,\"caption\":\"H&W Biotech\"},\"image\":{\"@id\":\"https:\/\/healthwing.fi\/#\/schema\/logo\/image\/\"},\"sameAs\":[\"https:\/\/www.facebook.com\/HWBiotechOy\",\"https:\/\/www.linkedin.com\/company\/h-w-biotech-oy\"]}]}<\/script>\n<!-- \/ Yoast SEO Premium plugin. -->","yoast_head_json":{"title":"H&W FSH Rapid Test Midstream (Urine), 2 pcs - H&amp;W Biotech","robots":{"index":"index","follow":"follow","max-snippet":"max-snippet:-1","max-image-preview":"max-image-preview:large","max-video-preview":"max-video-preview:-1"},"canonical":"https:\/\/healthwing.fi\/sv\/product\/hw-fsh-rapid-test-midstream-urine\/","og_locale":"sv_SE","og_type":"article","og_title":"H&W FSH Rapid Test Midstream (Urine), 2 pcs","og_description":"A reliable test for the determination of follicle-stimulating hormone (FSH) in urine. To support the detection of menopause in women.   2 pcs\/pack  Disposable and self-administered  CE marked (0123) In vitro diagnostic medical device for self-testing  Overall Accuracy: 100.0%   Manufacturer: Hangzhou AllTest Biotech Co., Ltd","og_url":"https:\/\/healthwing.fi\/sv\/product\/hw-fsh-rapid-test-midstream-urine\/","og_site_name":"H&amp;W Biotech","article_publisher":"https:\/\/www.facebook.com\/HWBiotechOy","article_modified_time":"2025-07-24T19:45:50+00:00","og_image":[{"width":1067,"height":800,"url":"https:\/\/healthwing.fi\/wp-content\/uploads\/2023\/08\/FSH-1-1-1.jpg","type":"image\/jpeg"}],"twitter_card":"summary_large_image","twitter_misc":{"Est. reading time":"3 minuter"},"schema":{"@context":"https:\/\/schema.org","@graph":[{"@type":"WebPage","@id":"https:\/\/healthwing.fi\/product\/hw-fsh-rapid-test-midstream-urine\/","url":"https:\/\/healthwing.fi\/product\/hw-fsh-rapid-test-midstream-urine\/","name":"H&W FSH Rapid Test Midstream (Urine), 2 pcs - H&amp;W Biotech","isPartOf":{"@id":"https:\/\/healthwing.fi\/#website"},"primaryImageOfPage":{"@id":"https:\/\/healthwing.fi\/product\/hw-fsh-rapid-test-midstream-urine\/#primaryimage"},"image":{"@id":"https:\/\/healthwing.fi\/product\/hw-fsh-rapid-test-midstream-urine\/#primaryimage"},"thumbnailUrl":"https:\/\/healthwing.fi\/wp-content\/uploads\/2023\/08\/FSH-1-1-1.jpg","datePublished":"2023-08-09T19:03:08+00:00","dateModified":"2025-07-24T19:45:50+00:00","breadcrumb":{"@id":"https:\/\/healthwing.fi\/product\/hw-fsh-rapid-test-midstream-urine\/#breadcrumb"},"inLanguage":"sv-SE","potentialAction":[{"@type":"ReadAction","target":["https:\/\/healthwing.fi\/product\/hw-fsh-rapid-test-midstream-urine\/"]}]},{"@type":"ImageObject","inLanguage":"sv-SE","@id":"https:\/\/healthwing.fi\/product\/hw-fsh-rapid-test-midstream-urine\/#primaryimage","url":"https:\/\/healthwing.fi\/wp-content\/uploads\/2023\/08\/FSH-1-1-1.jpg","contentUrl":"https:\/\/healthwing.fi\/wp-content\/uploads\/2023\/08\/FSH-1-1-1.jpg","width":1067,"height":800},{"@type":"BreadcrumbList","@id":"https:\/\/healthwing.fi\/product\/hw-fsh-rapid-test-midstream-urine\/#breadcrumb","itemListElement":[{"@type":"ListItem","position":1,"name":"Home","item":"https:\/\/healthwing.fi\/"},{"@type":"ListItem","position":2,"name":"Products","item":"https:\/\/healthwing.fi\/products\/"},{"@type":"ListItem","position":3,"name":"H&#038;W FSH Rapid Test Midstream (Urine), 2 pcs"}]},{"@type":"WebSite","@id":"https:\/\/healthwing.fi\/#website","url":"https:\/\/healthwing.fi\/","name":"H&W Biotech","description":"H&amp;W Biotech","publisher":{"@id":"https:\/\/healthwing.fi\/#organization"},"potentialAction":[{"@type":"SearchAction","target":{"@type":"EntryPoint","urlTemplate":"https:\/\/healthwing.fi\/?s={search_term_string}"},"query-input":{"@type":"PropertyValueSpecification","valueRequired":true,"valueName":"search_term_string"}}],"inLanguage":"sv-SE"},{"@type":"Organization","@id":"https:\/\/healthwing.fi\/#organization","name":"H&W Biotech","url":"https:\/\/healthwing.fi\/","logo":{"@type":"ImageObject","inLanguage":"sv-SE","@id":"https:\/\/healthwing.fi\/#\/schema\/logo\/image\/","url":"https:\/\/healthwing.fi\/wp-content\/uploads\/2022\/03\/HW-Biotech-logo.png","contentUrl":"https:\/\/healthwing.fi\/wp-content\/uploads\/2022\/03\/HW-Biotech-logo.png","width":275,"height":122,"caption":"H&W Biotech"},"image":{"@id":"https:\/\/healthwing.fi\/#\/schema\/logo\/image\/"},"sameAs":["https:\/\/www.facebook.com\/HWBiotechOy","https:\/\/www.linkedin.com\/company\/h-w-biotech-oy"]}]}},"_links":{"self":[{"href":"https:\/\/healthwing.fi\/sv\/wp-json\/wp\/v2\/product\/675","targetHints":{"allow":["GET"]}}],"collection":[{"href":"https:\/\/healthwing.fi\/sv\/wp-json\/wp\/v2\/product"}],"about":[{"href":"https:\/\/healthwing.fi\/sv\/wp-json\/wp\/v2\/types\/product"}],"wp:featuredmedia":[{"embeddable":true,"href":"https:\/\/healthwing.fi\/sv\/wp-json\/wp\/v2\/media\/679"}],"wp:attachment":[{"href":"https:\/\/healthwing.fi\/sv\/wp-json\/wp\/v2\/media?parent=675"}],"wp:term":[{"taxonomy":"product_brand","embeddable":true,"href":"https:\/\/healthwing.fi\/sv\/wp-json\/wp\/v2\/product_brand?post=675"},{"taxonomy":"product_cat","embeddable":true,"href":"https:\/\/healthwing.fi\/sv\/wp-json\/wp\/v2\/product_cat?post=675"},{"taxonomy":"product_tag","embeddable":true,"href":"https:\/\/healthwing.fi\/sv\/wp-json\/wp\/v2\/product_tag?post=675"}],"curies":[{"name":"wp","href":"https:\/\/api.w.org\/{rel}","templated":true}]}}