{"id":822,"date":"2024-08-21T20:58:20","date_gmt":"2024-08-21T18:58:20","guid":{"rendered":"https:\/\/healthwing.fi\/?post_type=product&#038;p=822"},"modified":"2024-08-22T14:20:59","modified_gmt":"2024-08-22T12:20:59","slug":"selleck-chemicals-inhibitors-antibodies-bioreagents-and-compound-libraries","status":"publish","type":"product","link":"https:\/\/healthwing.fi\/sv\/product\/selleck-chemicals-inhibitors-antibodies-bioreagents-and-compound-libraries\/","title":{"rendered":"Selleck Chemicals \u2013 inhibitorer, antikroppar och bioreagenser"},"content":{"rendered":"","protected":false},"excerpt":{"rendered":"<p>H&amp;W Biotech \u00e4r engagerat i att g\u00f6ra banbrytande produkter tillg\u00e4ngliga f\u00f6r forskare och s\u00e4kerst\u00e4lla att de har verktyg som kr\u00e4vs f\u00f6r att driva sitt arbete fram\u00e5t.<\/p>\n<p>V\u00e5rt f\u00f6retag fungerar som officiell distribut\u00f6r av Selleck Chemicals i hela Norden.<\/p>\n<p>H&amp;W Biotech erbjuder forskare\u2026<br \/>\n\u2714 Konkurrenskraftiga och prisv\u00e4rda produkter<br \/>\n\u2714 Gratis produktprov f\u00f6r testning av antikroppar<br \/>\n\u2714 Skr\u00e4ddarsydda antikroppar vid st\u00f6rre best\u00e4llningar<br \/>\n\u2714 Kostnadsfria demonstrationer av utrustning<\/p>\n<div>Selleck Chemicals tillhandah\u00e5ller v\u00e4rldsledande, h\u00f6gkvalitativa reagenser och f\u00f6reningar inom life science till forskare \u00f6ver hela v\u00e4rlden.<\/div>\n<div><\/div>\n<ul>\n<li><strong>Bioaktiva f\u00f6reningar<\/strong>, inklusive ett imponerande urval av \u00f6ver <strong>120 000 olika inhibitorer<\/strong>. Dessa f\u00f6reningar \u00e4r kategoriserade efter signalv\u00e4g och produkttyp, vilket g\u00f6r det enkelt f\u00f6r dig som forskare att hitta exakt det du beh\u00f6ver.<\/li>\n<li>Flera bioaktiva substansbibliotek med \u00f6ver 8000 f\u00f6reningar f\u00f6r h\u00f6gkapacitetsscreening. Dessa inkluderar: ett exklusivt substansbibliotek fr\u00e5n Pfizer, ett bibliotek med FDA-godk\u00e4nda l\u00e4kemedel, ett naturproduktbibliotek och ett metabolismf\u00f6reningsbibliotek<\/li>\n<li><strong>1 500 in-vivo och biosimilar antikroppar f\u00f6r<\/strong> WB (Western Blot), IHC (Immunohistokemi), IF (Immunofluorescens) och fl\u00f6descytometri.<\/li>\n<li><strong>Bioreagenser<\/strong>, s\u00e5som qPCR Master Mixes, reagenser f\u00f6r proteintester och proteash\u00e4mmarkocktailer.<\/li>\n<\/ul>\n<div><\/div>\n<div>Den fullst\u00e4ndiga produktkatalogen finns tillg\u00e4nglig p\u00e5: https:\/\/www.selleckchem.com<\/div>","protected":false},"featured_media":824,"template":"","meta":{"_monsterinsights_skip_tracking":false,"_monsterinsights_sitenote_active":false,"_monsterinsights_sitenote_note":"","_monsterinsights_sitenote_category":0},"product_brand":[],"product_cat":[43],"product_tag":[],"class_list":{"0":"post-822","1":"product","2":"type-product","3":"status-publish","4":"has-post-thumbnail","6":"product_cat-products-for-researching-use","8":"first","9":"instock","10":"taxable","11":"shipping-taxable","12":"product-type-simple"},"yoast_head":"<!-- This site is optimized with the Yoast SEO Premium plugin v22.8 (Yoast SEO v27.2) - https:\/\/yoast.com\/product\/yoast-seo-premium-wordpress\/ -->\n<title>Selleck Chemicals - inhibitors, antibodies, bioreagents and compound libraries - H&amp;W Biotech<\/title>\n<meta name=\"robots\" content=\"index, follow, max-snippet:-1, max-image-preview:large, max-video-preview:-1\" \/>\n<link rel=\"canonical\" href=\"https:\/\/healthwing.fi\/sv\/product\/selleck-chemicals-inhibitors-antibodies-bioreagents-and-compound-libraries\/\" \/>\n<meta property=\"og:locale\" content=\"sv_SE\" \/>\n<meta property=\"og:type\" content=\"article\" \/>\n<meta property=\"og:title\" content=\"Selleck Chemicals - inhibitors, antibodies, bioreagents and compound libraries\" \/>\n<meta property=\"og:description\" content=\"H&amp;W Biotech is committed to making state-of-the-art products accessible to researchers, ensuring they have the tools they need to advance their work.  Our company functions as the official distributor of these products not only in Finland, but also in the whole Nordics.  H&amp;W Biotech offers researchers... \u2714 Competitive, affordable prices \u2714 Free samples for antibody testing \u2714 Customized antibodies for larger orders \u2714 Free device demonstrations Selleck Chemicals supplies world-class high-quality life science reagents and compounds for researchers all over the world. Cited in over 110,000 studies, Selleck Chemicals is dedicated to continuously expanding their compound catalogue according to the latest research.    Bioactive compounds, including an impressive selection of over 120,000 different inhibitors. The compounds are categorized according to signaling pathway as well as by product type, making it easy for you as a researcher to find exactly what you are looking for.  Several bioactive compound libraries with over 8000 of compounds for high-throughput screening. These include an exclusive bioactive compound library provided by Pfizer, an FDA-approved drug library, a natural product library and a metabolism compound library.  1500 in-vivo and biosimilar antibodies for WB, IHC, IF and flow cytometry.  Bioreagents, such as qPCR Master Mixes, Protein Assay reagents and Protease Inhibitor Cocktails.   The complete catalogue can be found at https:\/\/www.selleckchem.com\" \/>\n<meta property=\"og:url\" content=\"https:\/\/healthwing.fi\/sv\/product\/selleck-chemicals-inhibitors-antibodies-bioreagents-and-compound-libraries\/\" \/>\n<meta property=\"og:site_name\" content=\"H&amp;W Biotech\" \/>\n<meta property=\"article:publisher\" content=\"https:\/\/www.facebook.com\/HWBiotechOy\" \/>\n<meta property=\"article:modified_time\" content=\"2024-08-22T12:20:59+00:00\" \/>\n<meta property=\"og:image\" content=\"https:\/\/healthwing.fi\/wp-content\/uploads\/2024\/08\/Selleck-Chemicals-1.jpg\" \/>\n\t<meta property=\"og:image:width\" content=\"1198\" \/>\n\t<meta property=\"og:image:height\" content=\"598\" \/>\n\t<meta property=\"og:image:type\" content=\"image\/jpeg\" \/>\n<meta name=\"twitter:card\" content=\"summary_large_image\" \/>\n<meta name=\"twitter:label1\" content=\"Est. reading time\" \/>\n\t<meta name=\"twitter:data1\" content=\"1 minut\" \/>\n<script type=\"application\/ld+json\" class=\"yoast-schema-graph\">{\"@context\":\"https:\/\/schema.org\",\"@graph\":[{\"@type\":\"WebPage\",\"@id\":\"https:\/\/healthwing.fi\/product\/selleck-chemicals-inhibitors-antibodies-bioreagents-and-compound-libraries\/\",\"url\":\"https:\/\/healthwing.fi\/product\/selleck-chemicals-inhibitors-antibodies-bioreagents-and-compound-libraries\/\",\"name\":\"Selleck Chemicals - inhibitors, antibodies, bioreagents and compound libraries - H&amp;W Biotech\",\"isPartOf\":{\"@id\":\"https:\/\/healthwing.fi\/#website\"},\"primaryImageOfPage\":{\"@id\":\"https:\/\/healthwing.fi\/product\/selleck-chemicals-inhibitors-antibodies-bioreagents-and-compound-libraries\/#primaryimage\"},\"image\":{\"@id\":\"https:\/\/healthwing.fi\/product\/selleck-chemicals-inhibitors-antibodies-bioreagents-and-compound-libraries\/#primaryimage\"},\"thumbnailUrl\":\"https:\/\/healthwing.fi\/wp-content\/uploads\/2024\/08\/Selleck-Chemicals-1.jpg\",\"datePublished\":\"2024-08-21T18:58:20+00:00\",\"dateModified\":\"2024-08-22T12:20:59+00:00\",\"breadcrumb\":{\"@id\":\"https:\/\/healthwing.fi\/product\/selleck-chemicals-inhibitors-antibodies-bioreagents-and-compound-libraries\/#breadcrumb\"},\"inLanguage\":\"sv-SE\",\"potentialAction\":[{\"@type\":\"ReadAction\",\"target\":[\"https:\/\/healthwing.fi\/product\/selleck-chemicals-inhibitors-antibodies-bioreagents-and-compound-libraries\/\"]}]},{\"@type\":\"ImageObject\",\"inLanguage\":\"sv-SE\",\"@id\":\"https:\/\/healthwing.fi\/product\/selleck-chemicals-inhibitors-antibodies-bioreagents-and-compound-libraries\/#primaryimage\",\"url\":\"https:\/\/healthwing.fi\/wp-content\/uploads\/2024\/08\/Selleck-Chemicals-1.jpg\",\"contentUrl\":\"https:\/\/healthwing.fi\/wp-content\/uploads\/2024\/08\/Selleck-Chemicals-1.jpg\",\"width\":1198,\"height\":598,\"caption\":\"Screenshot\"},{\"@type\":\"BreadcrumbList\",\"@id\":\"https:\/\/healthwing.fi\/product\/selleck-chemicals-inhibitors-antibodies-bioreagents-and-compound-libraries\/#breadcrumb\",\"itemListElement\":[{\"@type\":\"ListItem\",\"position\":1,\"name\":\"Home\",\"item\":\"https:\/\/healthwing.fi\/\"},{\"@type\":\"ListItem\",\"position\":2,\"name\":\"Products\",\"item\":\"https:\/\/healthwing.fi\/products\/\"},{\"@type\":\"ListItem\",\"position\":3,\"name\":\"Selleck Chemicals &#8211; inhibitors, antibodies, bioreagents and compound libraries\"}]},{\"@type\":\"WebSite\",\"@id\":\"https:\/\/healthwing.fi\/#website\",\"url\":\"https:\/\/healthwing.fi\/\",\"name\":\"H&W Biotech\",\"description\":\"H&amp;W Biotech\",\"publisher\":{\"@id\":\"https:\/\/healthwing.fi\/#organization\"},\"potentialAction\":[{\"@type\":\"SearchAction\",\"target\":{\"@type\":\"EntryPoint\",\"urlTemplate\":\"https:\/\/healthwing.fi\/?s={search_term_string}\"},\"query-input\":{\"@type\":\"PropertyValueSpecification\",\"valueRequired\":true,\"valueName\":\"search_term_string\"}}],\"inLanguage\":\"sv-SE\"},{\"@type\":\"Organization\",\"@id\":\"https:\/\/healthwing.fi\/#organization\",\"name\":\"H&W Biotech\",\"url\":\"https:\/\/healthwing.fi\/\",\"logo\":{\"@type\":\"ImageObject\",\"inLanguage\":\"sv-SE\",\"@id\":\"https:\/\/healthwing.fi\/#\/schema\/logo\/image\/\",\"url\":\"https:\/\/healthwing.fi\/wp-content\/uploads\/2022\/03\/HW-Biotech-logo.png\",\"contentUrl\":\"https:\/\/healthwing.fi\/wp-content\/uploads\/2022\/03\/HW-Biotech-logo.png\",\"width\":275,\"height\":122,\"caption\":\"H&W Biotech\"},\"image\":{\"@id\":\"https:\/\/healthwing.fi\/#\/schema\/logo\/image\/\"},\"sameAs\":[\"https:\/\/www.facebook.com\/HWBiotechOy\",\"https:\/\/www.linkedin.com\/company\/h-w-biotech-oy\"]}]}<\/script>\n<!-- \/ Yoast SEO Premium plugin. -->","yoast_head_json":{"title":"Selleck Chemicals - inhibitors, antibodies, bioreagents and compound libraries - H&amp;W Biotech","robots":{"index":"index","follow":"follow","max-snippet":"max-snippet:-1","max-image-preview":"max-image-preview:large","max-video-preview":"max-video-preview:-1"},"canonical":"https:\/\/healthwing.fi\/sv\/product\/selleck-chemicals-inhibitors-antibodies-bioreagents-and-compound-libraries\/","og_locale":"sv_SE","og_type":"article","og_title":"Selleck Chemicals - inhibitors, antibodies, bioreagents and compound libraries","og_description":"H&amp;W Biotech is committed to making state-of-the-art products accessible to researchers, ensuring they have the tools they need to advance their work.  Our company functions as the official distributor of these products not only in Finland, but also in the whole Nordics.  H&amp;W Biotech offers researchers... \u2714 Competitive, affordable prices \u2714 Free samples for antibody testing \u2714 Customized antibodies for larger orders \u2714 Free device demonstrations Selleck Chemicals supplies world-class high-quality life science reagents and compounds for researchers all over the world. Cited in over 110,000 studies, Selleck Chemicals is dedicated to continuously expanding their compound catalogue according to the latest research.    Bioactive compounds, including an impressive selection of over 120,000 different inhibitors. The compounds are categorized according to signaling pathway as well as by product type, making it easy for you as a researcher to find exactly what you are looking for.  Several bioactive compound libraries with over 8000 of compounds for high-throughput screening. These include an exclusive bioactive compound library provided by Pfizer, an FDA-approved drug library, a natural product library and a metabolism compound library.  1500 in-vivo and biosimilar antibodies for WB, IHC, IF and flow cytometry.  Bioreagents, such as qPCR Master Mixes, Protein Assay reagents and Protease Inhibitor Cocktails.   The complete catalogue can be found at https:\/\/www.selleckchem.com","og_url":"https:\/\/healthwing.fi\/sv\/product\/selleck-chemicals-inhibitors-antibodies-bioreagents-and-compound-libraries\/","og_site_name":"H&amp;W Biotech","article_publisher":"https:\/\/www.facebook.com\/HWBiotechOy","article_modified_time":"2024-08-22T12:20:59+00:00","og_image":[{"width":1198,"height":598,"url":"https:\/\/healthwing.fi\/wp-content\/uploads\/2024\/08\/Selleck-Chemicals-1.jpg","type":"image\/jpeg"}],"twitter_card":"summary_large_image","twitter_misc":{"Est. reading time":"1 minut"},"schema":{"@context":"https:\/\/schema.org","@graph":[{"@type":"WebPage","@id":"https:\/\/healthwing.fi\/product\/selleck-chemicals-inhibitors-antibodies-bioreagents-and-compound-libraries\/","url":"https:\/\/healthwing.fi\/product\/selleck-chemicals-inhibitors-antibodies-bioreagents-and-compound-libraries\/","name":"Selleck Chemicals - inhibitors, antibodies, bioreagents and compound libraries - H&amp;W Biotech","isPartOf":{"@id":"https:\/\/healthwing.fi\/#website"},"primaryImageOfPage":{"@id":"https:\/\/healthwing.fi\/product\/selleck-chemicals-inhibitors-antibodies-bioreagents-and-compound-libraries\/#primaryimage"},"image":{"@id":"https:\/\/healthwing.fi\/product\/selleck-chemicals-inhibitors-antibodies-bioreagents-and-compound-libraries\/#primaryimage"},"thumbnailUrl":"https:\/\/healthwing.fi\/wp-content\/uploads\/2024\/08\/Selleck-Chemicals-1.jpg","datePublished":"2024-08-21T18:58:20+00:00","dateModified":"2024-08-22T12:20:59+00:00","breadcrumb":{"@id":"https:\/\/healthwing.fi\/product\/selleck-chemicals-inhibitors-antibodies-bioreagents-and-compound-libraries\/#breadcrumb"},"inLanguage":"sv-SE","potentialAction":[{"@type":"ReadAction","target":["https:\/\/healthwing.fi\/product\/selleck-chemicals-inhibitors-antibodies-bioreagents-and-compound-libraries\/"]}]},{"@type":"ImageObject","inLanguage":"sv-SE","@id":"https:\/\/healthwing.fi\/product\/selleck-chemicals-inhibitors-antibodies-bioreagents-and-compound-libraries\/#primaryimage","url":"https:\/\/healthwing.fi\/wp-content\/uploads\/2024\/08\/Selleck-Chemicals-1.jpg","contentUrl":"https:\/\/healthwing.fi\/wp-content\/uploads\/2024\/08\/Selleck-Chemicals-1.jpg","width":1198,"height":598,"caption":"Screenshot"},{"@type":"BreadcrumbList","@id":"https:\/\/healthwing.fi\/product\/selleck-chemicals-inhibitors-antibodies-bioreagents-and-compound-libraries\/#breadcrumb","itemListElement":[{"@type":"ListItem","position":1,"name":"Home","item":"https:\/\/healthwing.fi\/"},{"@type":"ListItem","position":2,"name":"Products","item":"https:\/\/healthwing.fi\/products\/"},{"@type":"ListItem","position":3,"name":"Selleck Chemicals &#8211; inhibitors, antibodies, bioreagents and compound libraries"}]},{"@type":"WebSite","@id":"https:\/\/healthwing.fi\/#website","url":"https:\/\/healthwing.fi\/","name":"H&W Biotech","description":"H&amp;W Biotech","publisher":{"@id":"https:\/\/healthwing.fi\/#organization"},"potentialAction":[{"@type":"SearchAction","target":{"@type":"EntryPoint","urlTemplate":"https:\/\/healthwing.fi\/?s={search_term_string}"},"query-input":{"@type":"PropertyValueSpecification","valueRequired":true,"valueName":"search_term_string"}}],"inLanguage":"sv-SE"},{"@type":"Organization","@id":"https:\/\/healthwing.fi\/#organization","name":"H&W Biotech","url":"https:\/\/healthwing.fi\/","logo":{"@type":"ImageObject","inLanguage":"sv-SE","@id":"https:\/\/healthwing.fi\/#\/schema\/logo\/image\/","url":"https:\/\/healthwing.fi\/wp-content\/uploads\/2022\/03\/HW-Biotech-logo.png","contentUrl":"https:\/\/healthwing.fi\/wp-content\/uploads\/2022\/03\/HW-Biotech-logo.png","width":275,"height":122,"caption":"H&W Biotech"},"image":{"@id":"https:\/\/healthwing.fi\/#\/schema\/logo\/image\/"},"sameAs":["https:\/\/www.facebook.com\/HWBiotechOy","https:\/\/www.linkedin.com\/company\/h-w-biotech-oy"]}]}},"_links":{"self":[{"href":"https:\/\/healthwing.fi\/sv\/wp-json\/wp\/v2\/product\/822","targetHints":{"allow":["GET"]}}],"collection":[{"href":"https:\/\/healthwing.fi\/sv\/wp-json\/wp\/v2\/product"}],"about":[{"href":"https:\/\/healthwing.fi\/sv\/wp-json\/wp\/v2\/types\/product"}],"wp:featuredmedia":[{"embeddable":true,"href":"https:\/\/healthwing.fi\/sv\/wp-json\/wp\/v2\/media\/824"}],"wp:attachment":[{"href":"https:\/\/healthwing.fi\/sv\/wp-json\/wp\/v2\/media?parent=822"}],"wp:term":[{"taxonomy":"product_brand","embeddable":true,"href":"https:\/\/healthwing.fi\/sv\/wp-json\/wp\/v2\/product_brand?post=822"},{"taxonomy":"product_cat","embeddable":true,"href":"https:\/\/healthwing.fi\/sv\/wp-json\/wp\/v2\/product_cat?post=822"},{"taxonomy":"product_tag","embeddable":true,"href":"https:\/\/healthwing.fi\/sv\/wp-json\/wp\/v2\/product_tag?post=822"}],"curies":[{"name":"wp","href":"https:\/\/api.w.org\/{rel}","templated":true}]}}