{"id":825,"date":"2024-08-21T21:11:52","date_gmt":"2024-08-21T19:11:52","guid":{"rendered":"https:\/\/healthwing.fi\/?post_type=product&#038;p=825"},"modified":"2024-08-21T21:18:08","modified_gmt":"2024-08-21T19:18:08","slug":"fluorescence-immunoassay-analyzer-finecare-fia-meter-ii-plus-se-fs-114","status":"publish","type":"product","link":"https:\/\/healthwing.fi\/sv\/product\/fluorescence-immunoassay-analyzer-finecare-fia-meter-ii-plus-se-fs-114\/","title":{"rendered":"Finecare FIA Meter II Plus SE (FS\u2011114)"},"content":{"rendered":"","protected":false},"excerpt":{"rendered":"<p>Denna medicintekniska utrustning kan anv\u00e4ndas f\u00f6r \u00f6ver 50 kvantitativa och kvalitativa screeningtester (se tabellen). Screening med Finecare\u2122 FIA Meter II \u00e4r enkel och best\u00e5r av fyra steg:<\/p>\n<ol>\n<li>Samla in en l\u00e4mplig m\u00e4ngd av ditt prov<\/li>\n<li>Blanda provet med testbufferten (beroende p\u00e5 testtyp)<\/li>\n<li>Tills\u00e4tt blandningen i testkassetten<\/li>\n<li>S\u00e4tt in kassetten i Finecare\u2122 FIA Meter II Plus-enheten<\/li>\n<\/ol>\n<p>Enheten ber\u00e4knar d\u00e4refter koncentrationen av analyten genom att m\u00e4ta fluorescensintensiteten. Resultatet \u00e4r klart p\u00e5 s\u00e5 lite som 3 minuter, och aldrig l\u00e4ngre \u00e4n 15 minuter.<\/p>\n<p>Enheten \u00e4r CE-m\u00e4rkt. Den tillverkas av Guangzhou Wondfo Biotech Co., Ltd.<\/p>","protected":false},"featured_media":828,"template":"","meta":{"_monsterinsights_skip_tracking":false,"_monsterinsights_sitenote_active":false,"_monsterinsights_sitenote_note":"","_monsterinsights_sitenote_category":0},"product_brand":[],"product_cat":[43],"product_tag":[],"class_list":{"0":"post-825","1":"product","2":"type-product","3":"status-publish","4":"has-post-thumbnail","6":"product_cat-products-for-researching-use","8":"first","9":"instock","10":"taxable","11":"shipping-taxable","12":"product-type-simple"},"yoast_head":"<!-- This site is optimized with the Yoast SEO Premium plugin v22.8 (Yoast SEO v27.2) - https:\/\/yoast.com\/product\/yoast-seo-premium-wordpress\/ -->\n<title>Fluorescence Immunoassay Analyzer - Finecare FIA Meter II Plus SE (FS-114) - H&amp;W Biotech<\/title>\n<meta name=\"robots\" content=\"index, follow, max-snippet:-1, max-image-preview:large, max-video-preview:-1\" \/>\n<link rel=\"canonical\" href=\"https:\/\/healthwing.fi\/sv\/tuote\/fluorescence-immunoassay-analyzer-finecare-fia-meter-ii-plus-se-fs-114\/\" \/>\n<meta property=\"og:locale\" content=\"sv_SE\" \/>\n<meta property=\"og:type\" content=\"article\" \/>\n<meta property=\"og:title\" content=\"Fluorescence Immunoassay Analyzer - Finecare FIA Meter II Plus SE (FS-114)\" \/>\n<meta property=\"og:description\" content=\"This medical device can be used for over 50 quantitative and qualitative screening tests (see the table). Screening using the FinecareTM FIA Meter II is easy, consisting of four simple steps:   Collect appropriate amount of your sample  Mix the sample with the test buffer (depending on test type)  Add the mixture to the test cassette  Insert the cassette into the FinecareTM FIA Meter II Plus device.  The device then calculates the analyte concentration by measuring the fluorescence intensity. The result will be ready in as little as 3 minutes, but no longer than 15 minutes.  The device is CE-marked. The device is manufactured by Guangzhou Wondfo Biotech Co., Ltd.\" \/>\n<meta property=\"og:url\" content=\"https:\/\/healthwing.fi\/sv\/tuote\/fluorescence-immunoassay-analyzer-finecare-fia-meter-ii-plus-se-fs-114\/\" \/>\n<meta property=\"og:site_name\" content=\"H&amp;W Biotech\" \/>\n<meta property=\"article:publisher\" content=\"https:\/\/www.facebook.com\/HWBiotechOy\" \/>\n<meta property=\"article:modified_time\" content=\"2024-08-21T19:18:08+00:00\" \/>\n<meta property=\"og:image\" content=\"https:\/\/healthwing.fi\/wp-content\/uploads\/2024\/08\/FS-114.jpg\" \/>\n\t<meta property=\"og:image:width\" content=\"1198\" \/>\n\t<meta property=\"og:image:height\" content=\"600\" \/>\n\t<meta property=\"og:image:type\" content=\"image\/jpeg\" \/>\n<meta name=\"twitter:card\" content=\"summary_large_image\" \/>\n<meta name=\"twitter:label1\" content=\"Est. reading time\" \/>\n\t<meta name=\"twitter:data1\" content=\"1 minut\" \/>\n<script type=\"application\/ld+json\" class=\"yoast-schema-graph\">{\"@context\":\"https:\/\/schema.org\",\"@graph\":[{\"@type\":\"WebPage\",\"@id\":\"https:\/\/healthwing.fi\/tuote\/fluorescence-immunoassay-analyzer-finecare-fia-meter-ii-plus-se-fs-114\/\",\"url\":\"https:\/\/healthwing.fi\/tuote\/fluorescence-immunoassay-analyzer-finecare-fia-meter-ii-plus-se-fs-114\/\",\"name\":\"Fluorescence Immunoassay Analyzer - Finecare FIA Meter II Plus SE (FS-114) - H&amp;W Biotech\",\"isPartOf\":{\"@id\":\"https:\/\/healthwing.fi\/#website\"},\"primaryImageOfPage\":{\"@id\":\"https:\/\/healthwing.fi\/tuote\/fluorescence-immunoassay-analyzer-finecare-fia-meter-ii-plus-se-fs-114\/#primaryimage\"},\"image\":{\"@id\":\"https:\/\/healthwing.fi\/tuote\/fluorescence-immunoassay-analyzer-finecare-fia-meter-ii-plus-se-fs-114\/#primaryimage\"},\"thumbnailUrl\":\"https:\/\/healthwing.fi\/wp-content\/uploads\/2024\/08\/FS-114.jpg\",\"datePublished\":\"2024-08-21T19:11:52+00:00\",\"dateModified\":\"2024-08-21T19:18:08+00:00\",\"breadcrumb\":{\"@id\":\"https:\/\/healthwing.fi\/tuote\/fluorescence-immunoassay-analyzer-finecare-fia-meter-ii-plus-se-fs-114\/#breadcrumb\"},\"inLanguage\":\"sv-SE\",\"potentialAction\":[{\"@type\":\"ReadAction\",\"target\":[\"https:\/\/healthwing.fi\/tuote\/fluorescence-immunoassay-analyzer-finecare-fia-meter-ii-plus-se-fs-114\/\"]}]},{\"@type\":\"ImageObject\",\"inLanguage\":\"sv-SE\",\"@id\":\"https:\/\/healthwing.fi\/tuote\/fluorescence-immunoassay-analyzer-finecare-fia-meter-ii-plus-se-fs-114\/#primaryimage\",\"url\":\"https:\/\/healthwing.fi\/wp-content\/uploads\/2024\/08\/FS-114.jpg\",\"contentUrl\":\"https:\/\/healthwing.fi\/wp-content\/uploads\/2024\/08\/FS-114.jpg\",\"width\":1198,\"height\":600,\"caption\":\"Screenshot\"},{\"@type\":\"BreadcrumbList\",\"@id\":\"https:\/\/healthwing.fi\/tuote\/fluorescence-immunoassay-analyzer-finecare-fia-meter-ii-plus-se-fs-114\/#breadcrumb\",\"itemListElement\":[{\"@type\":\"ListItem\",\"position\":1,\"name\":\"Home\",\"item\":\"https:\/\/healthwing.fi\/\"},{\"@type\":\"ListItem\",\"position\":2,\"name\":\"Products\",\"item\":\"https:\/\/healthwing.fi\/products\/\"},{\"@type\":\"ListItem\",\"position\":3,\"name\":\"Fluorescence Immunoassay Analyzer &#8211; Finecare FIA Meter II Plus SE (FS-114)\"}]},{\"@type\":\"WebSite\",\"@id\":\"https:\/\/healthwing.fi\/#website\",\"url\":\"https:\/\/healthwing.fi\/\",\"name\":\"H&W Biotech\",\"description\":\"H&amp;W Biotech\",\"publisher\":{\"@id\":\"https:\/\/healthwing.fi\/#organization\"},\"potentialAction\":[{\"@type\":\"SearchAction\",\"target\":{\"@type\":\"EntryPoint\",\"urlTemplate\":\"https:\/\/healthwing.fi\/?s={search_term_string}\"},\"query-input\":{\"@type\":\"PropertyValueSpecification\",\"valueRequired\":true,\"valueName\":\"search_term_string\"}}],\"inLanguage\":\"sv-SE\"},{\"@type\":\"Organization\",\"@id\":\"https:\/\/healthwing.fi\/#organization\",\"name\":\"H&W Biotech\",\"url\":\"https:\/\/healthwing.fi\/\",\"logo\":{\"@type\":\"ImageObject\",\"inLanguage\":\"sv-SE\",\"@id\":\"https:\/\/healthwing.fi\/#\/schema\/logo\/image\/\",\"url\":\"https:\/\/healthwing.fi\/wp-content\/uploads\/2022\/03\/HW-Biotech-logo.png\",\"contentUrl\":\"https:\/\/healthwing.fi\/wp-content\/uploads\/2022\/03\/HW-Biotech-logo.png\",\"width\":275,\"height\":122,\"caption\":\"H&W Biotech\"},\"image\":{\"@id\":\"https:\/\/healthwing.fi\/#\/schema\/logo\/image\/\"},\"sameAs\":[\"https:\/\/www.facebook.com\/HWBiotechOy\",\"https:\/\/www.linkedin.com\/company\/h-w-biotech-oy\"]}]}<\/script>\n<!-- \/ Yoast SEO Premium plugin. -->","yoast_head_json":{"title":"Fluorescence Immunoassay Analyzer - Finecare FIA Meter II Plus SE (FS-114) - H&amp;W Biotech","robots":{"index":"index","follow":"follow","max-snippet":"max-snippet:-1","max-image-preview":"max-image-preview:large","max-video-preview":"max-video-preview:-1"},"canonical":"https:\/\/healthwing.fi\/sv\/tuote\/fluorescence-immunoassay-analyzer-finecare-fia-meter-ii-plus-se-fs-114\/","og_locale":"sv_SE","og_type":"article","og_title":"Fluorescence Immunoassay Analyzer - Finecare FIA Meter II Plus SE (FS-114)","og_description":"This medical device can be used for over 50 quantitative and qualitative screening tests (see the table). Screening using the FinecareTM FIA Meter II is easy, consisting of four simple steps:   Collect appropriate amount of your sample  Mix the sample with the test buffer (depending on test type)  Add the mixture to the test cassette  Insert the cassette into the FinecareTM FIA Meter II Plus device.  The device then calculates the analyte concentration by measuring the fluorescence intensity. The result will be ready in as little as 3 minutes, but no longer than 15 minutes.  The device is CE-marked. The device is manufactured by Guangzhou Wondfo Biotech Co., Ltd.","og_url":"https:\/\/healthwing.fi\/sv\/tuote\/fluorescence-immunoassay-analyzer-finecare-fia-meter-ii-plus-se-fs-114\/","og_site_name":"H&amp;W Biotech","article_publisher":"https:\/\/www.facebook.com\/HWBiotechOy","article_modified_time":"2024-08-21T19:18:08+00:00","og_image":[{"width":1198,"height":600,"url":"https:\/\/healthwing.fi\/wp-content\/uploads\/2024\/08\/FS-114.jpg","type":"image\/jpeg"}],"twitter_card":"summary_large_image","twitter_misc":{"Est. reading time":"1 minut"},"schema":{"@context":"https:\/\/schema.org","@graph":[{"@type":"WebPage","@id":"https:\/\/healthwing.fi\/tuote\/fluorescence-immunoassay-analyzer-finecare-fia-meter-ii-plus-se-fs-114\/","url":"https:\/\/healthwing.fi\/tuote\/fluorescence-immunoassay-analyzer-finecare-fia-meter-ii-plus-se-fs-114\/","name":"Fluorescence Immunoassay Analyzer - Finecare FIA Meter II Plus SE (FS-114) - H&amp;W Biotech","isPartOf":{"@id":"https:\/\/healthwing.fi\/#website"},"primaryImageOfPage":{"@id":"https:\/\/healthwing.fi\/tuote\/fluorescence-immunoassay-analyzer-finecare-fia-meter-ii-plus-se-fs-114\/#primaryimage"},"image":{"@id":"https:\/\/healthwing.fi\/tuote\/fluorescence-immunoassay-analyzer-finecare-fia-meter-ii-plus-se-fs-114\/#primaryimage"},"thumbnailUrl":"https:\/\/healthwing.fi\/wp-content\/uploads\/2024\/08\/FS-114.jpg","datePublished":"2024-08-21T19:11:52+00:00","dateModified":"2024-08-21T19:18:08+00:00","breadcrumb":{"@id":"https:\/\/healthwing.fi\/tuote\/fluorescence-immunoassay-analyzer-finecare-fia-meter-ii-plus-se-fs-114\/#breadcrumb"},"inLanguage":"sv-SE","potentialAction":[{"@type":"ReadAction","target":["https:\/\/healthwing.fi\/tuote\/fluorescence-immunoassay-analyzer-finecare-fia-meter-ii-plus-se-fs-114\/"]}]},{"@type":"ImageObject","inLanguage":"sv-SE","@id":"https:\/\/healthwing.fi\/tuote\/fluorescence-immunoassay-analyzer-finecare-fia-meter-ii-plus-se-fs-114\/#primaryimage","url":"https:\/\/healthwing.fi\/wp-content\/uploads\/2024\/08\/FS-114.jpg","contentUrl":"https:\/\/healthwing.fi\/wp-content\/uploads\/2024\/08\/FS-114.jpg","width":1198,"height":600,"caption":"Screenshot"},{"@type":"BreadcrumbList","@id":"https:\/\/healthwing.fi\/tuote\/fluorescence-immunoassay-analyzer-finecare-fia-meter-ii-plus-se-fs-114\/#breadcrumb","itemListElement":[{"@type":"ListItem","position":1,"name":"Home","item":"https:\/\/healthwing.fi\/"},{"@type":"ListItem","position":2,"name":"Products","item":"https:\/\/healthwing.fi\/products\/"},{"@type":"ListItem","position":3,"name":"Fluorescence Immunoassay Analyzer &#8211; Finecare FIA Meter II Plus SE (FS-114)"}]},{"@type":"WebSite","@id":"https:\/\/healthwing.fi\/#website","url":"https:\/\/healthwing.fi\/","name":"H&W Biotech","description":"H&amp;W Biotech","publisher":{"@id":"https:\/\/healthwing.fi\/#organization"},"potentialAction":[{"@type":"SearchAction","target":{"@type":"EntryPoint","urlTemplate":"https:\/\/healthwing.fi\/?s={search_term_string}"},"query-input":{"@type":"PropertyValueSpecification","valueRequired":true,"valueName":"search_term_string"}}],"inLanguage":"sv-SE"},{"@type":"Organization","@id":"https:\/\/healthwing.fi\/#organization","name":"H&W Biotech","url":"https:\/\/healthwing.fi\/","logo":{"@type":"ImageObject","inLanguage":"sv-SE","@id":"https:\/\/healthwing.fi\/#\/schema\/logo\/image\/","url":"https:\/\/healthwing.fi\/wp-content\/uploads\/2022\/03\/HW-Biotech-logo.png","contentUrl":"https:\/\/healthwing.fi\/wp-content\/uploads\/2022\/03\/HW-Biotech-logo.png","width":275,"height":122,"caption":"H&W Biotech"},"image":{"@id":"https:\/\/healthwing.fi\/#\/schema\/logo\/image\/"},"sameAs":["https:\/\/www.facebook.com\/HWBiotechOy","https:\/\/www.linkedin.com\/company\/h-w-biotech-oy"]}]}},"_links":{"self":[{"href":"https:\/\/healthwing.fi\/sv\/wp-json\/wp\/v2\/product\/825","targetHints":{"allow":["GET"]}}],"collection":[{"href":"https:\/\/healthwing.fi\/sv\/wp-json\/wp\/v2\/product"}],"about":[{"href":"https:\/\/healthwing.fi\/sv\/wp-json\/wp\/v2\/types\/product"}],"wp:featuredmedia":[{"embeddable":true,"href":"https:\/\/healthwing.fi\/sv\/wp-json\/wp\/v2\/media\/828"}],"wp:attachment":[{"href":"https:\/\/healthwing.fi\/sv\/wp-json\/wp\/v2\/media?parent=825"}],"wp:term":[{"taxonomy":"product_brand","embeddable":true,"href":"https:\/\/healthwing.fi\/sv\/wp-json\/wp\/v2\/product_brand?post=825"},{"taxonomy":"product_cat","embeddable":true,"href":"https:\/\/healthwing.fi\/sv\/wp-json\/wp\/v2\/product_cat?post=825"},{"taxonomy":"product_tag","embeddable":true,"href":"https:\/\/healthwing.fi\/sv\/wp-json\/wp\/v2\/product_tag?post=825"}],"curies":[{"name":"wp","href":"https:\/\/api.w.org\/{rel}","templated":true}]}}